{"id":9321,"date":"2025-05-15T07:40:04","date_gmt":"2025-05-15T07:40:04","guid":{"rendered":"https:\/\/hubertpietka.bialystok.pl\/?page_id=9321"},"modified":"2025-05-15T07:40:04","modified_gmt":"2025-05-15T07:40:04","slug":"modlitwa-i-praca-najbardziej-szatanowi-przeszkadza-i-wszelakim-podlug-szatanskiej-zlosliwosci","status":"publish","type":"page","link":"https:\/\/hubertpietka.bialystok.pl\/?page_id=9321","title":{"rendered":"Modlitwa i praca \/ najbardziej szatanowi przeszkadza i wszelakim \/ pod\u0142ug szata\u0144skiej z\u0142o\u015bliwo\u015bci"},"content":{"rendered":"\n<p>Jak to jest \u017ce mo\u017cna<br>Zaprz\u0119c do walki z nami<br>Z ma\u0142ymi dzie\u0107mi Bo\u017cymi<br>Wszelki i ca\u0142y aparat s\u0142u\u017cbowy<br>Przymusu bezpo\u015bredniego z jednej strony<br>Wszelkie s\u0142u\u017cby pa\u0144stwa przemocowe<br>A z drugiej strony<br>Te same s\u0142u\u017cby przymyka\u0107 oczy<br>Oczywi\u015bcie maj\u0105 na wszelkie przest\u0119pstwa<br>Wobec nas naszego i naszych<br>W zbrodniach zabijania i wszelkich napa\u015bci<br>W ten spos\u00f3b aparat<br>S\u0142u\u017cb pa\u0144stwowych wsp\u00f3\u0142pracuje z przest\u0119pcami<br>A mo\u017ce ma te\u017c<br>Ich chroni\u0107 pod\u0142ug wytycznych bandyckich<br>A na pewno nie utrudnia\u0107<br>R\u00f3\u017cnych zbrodni wobec nas<br>Tak to u\u0142o\u017cyli ci bandyci<br>\u017be z nami mog\u0105 walczy\u0107<br>Chyba wszyscy i nam przeciwko<br>W jakim my \u017cyjemy pa\u0144stwie<br>Skoro bandyctwa maj\u0105 r\u00f3\u017cne s\u0142u\u017cby<br>Czyni\u0107 i zamyka\u0107 te\u017c oczy<br>Jak te bandyctwa nam czyni\u0107<br>Ma zreszt\u0105 ktokolwiek<br>I przyk\u0142ada\u0107 te\u017c r\u0119k\u0119 odpowiednio<br>Do tego co kto\u015b<br>W jakikolwiek spos\u00f3b<br>Chce nam zrobi\u0107 z\u0142ego<br>W jakim my \u017cyjemy pa\u0144stwie<br>Jak\u017ce\u017c to nie jest<br>W istocie skoro tak w\u0142a\u015bnie<br>Pa\u0144stwo totalitarne<\/p>\n\n\n\n<p>Nie wiem jak to<br>Si\u0119 wszystko dzieje<br>Ale tak jest tutaj<br>I ze stron tak\u017ce innych<br>Pa\u0144stwo totalitarne wed\u0142ug czyich\u015b odg\u00f3rnych<br>Totalnych wytycznych<br>Bo jak to si\u0119 niby dzieje<br>\u017be kandydat na prezydenta<br>Kt\u00f3ry podobno ma wygra\u0107 wybory<br>Wcze\u015bniej nie mo\u017ce uzbiera\u0107<br>100 tysi\u0119cy g\u0142os\u00f3w poparcia<br>Potrzebnych do kandydatury rejestracji<br>\u017be do tego mu przychylni<br>Dyrektorzy szk\u00f3\u0142 cho\u0107by musz\u0105 anga\u017cowa\u0107<br>Podrz\u0119dnych pracownik\u00f3w by mu<br>To poparcie wyegzekwowa\u0107 zale\u017cno\u015bci\u0105 s\u0142u\u017cbow\u0105<\/p>\n\n\n\n<p>\u017be ju\u017c nie wspomn\u0119 nawet<br>\u017be w tym pa\u0144stwie<br>Politycy odpowiedni mog\u0105 si\u0119 skompromitowa\u0107<br>Wiele razy w rz\u0105dzie<br>Czy gdziekolwiek a przecie\u017c<br>S\u0105 nietykalni je\u015bli to s\u0142u\u017cy<br>Jakiej\u015b opcji politycznej lewackiej<br>Kto za tym stoi<br>Skoro nad organami tego pa\u0144stwa<br>Nie ma ju\u017c kontroli nar\u00f3d<br>Tylko wszystko ma by\u0107<br>Chyba wobec jakich\u015b zewn\u0119trznych wytycznych<br>Oczywi\u015bcie najlepiej ze szkod\u0105<br>Dla zwyk\u0142ych Polak\u00f3w<br>Oczywi\u015bcie nie tych z obowi\u0105zuj\u0105cego<br>Lewickiego nurtu politycznego<br>Z nim jako\u015b powi\u0105zanego<\/p>\n\n\n\n<p>A teraz o tym bandyctwie<br>Kimkolwiek jest ono<br>Jak to jest \u017ce ono<br>Mo\u017ce sobie dzia\u0142a\u0107 tu swobodnie<br>Podporz\u0105dkowuj\u0105c wszystko i wszystkich<br>Terrorem strachu szanta\u017cy i przekupstwa<br>I \u017ce jest ono<br>W tym wszystkim<br>Coraz bardziej przebieg\u0142e i pod\u0142e<br>\u017be o ob\u0142udzie nie wspomn\u0119<br>Zw\u0142aszcza wobec nas naszego naszych<br>Tak w\u0142a\u015bnie chc\u0105 pope\u0142nia\u0107<br>Wszelkie swe ob\u0142\u0119dne szata\u0144stwa<br>Oni i im podobni zreszt\u0105<br>\u017be mog\u0105 sobie kpi\u0107 szydzi\u0107<br>Chyba ze wszystkiego<br>W d\u0105\u017ceniach niezmierzonych<br>Do wszelkich szata\u0144stw zbrodniczych swoich<\/p>\n\n\n\n<p>A tymczasem B\u00f3g tak sprawi\u0142<br>\u017be za szata\u0144stwa tych bandyt\u00f3w<br>I im podobnych<br>W k\u0142amstwach ob\u0142udnych i zbrodniach<br>Je\u015bli oni je dope\u0142ni\u0105<br>Najpierw wobec \u017cony potem mnie<br>Nas naszego i naszych<br>Ca\u0142y \u015bwiat za to zap\u0142aci<br>Przez ogie\u0144 do ko\u0144ca \u015bwiata<br>Wi\u0119c jak te\u017c powinien post\u0105pi\u0107<br>\u015awiat ca\u0142y ten<br>Przygl\u0105da\u0107 si\u0119 szata\u0144stwom bandyckim biernie<\/p>\n\n\n\n<figure class=\"wp-block-image size-large\"><a href=\"https:\/\/hubertpietka.bialystok.pl\/wp-content\/uploads\/2025\/05\/1000003903.jpg\"><img loading=\"lazy\" decoding=\"async\" width=\"1024\" height=\"771\" src=\"https:\/\/hubertpietka.bialystok.pl\/wp-content\/uploads\/2025\/05\/1000003903-1024x771.jpg\" alt=\"\" class=\"wp-image-9322\" srcset=\"https:\/\/hubertpietka.bialystok.pl\/wp-content\/uploads\/2025\/05\/1000003903-1024x771.jpg 1024w, https:\/\/hubertpietka.bialystok.pl\/wp-content\/uploads\/2025\/05\/1000003903-300x226.jpg 300w, https:\/\/hubertpietka.bialystok.pl\/wp-content\/uploads\/2025\/05\/1000003903-768x578.jpg 768w, https:\/\/hubertpietka.bialystok.pl\/wp-content\/uploads\/2025\/05\/1000003903-1536x1156.jpg 1536w, https:\/\/hubertpietka.bialystok.pl\/wp-content\/uploads\/2025\/05\/1000003903.jpg 1600w\" sizes=\"auto, (max-width: 1024px) 100vw, 1024px\" \/><\/a><\/figure>\n\n\n\n<p class=\"has-text-align-left\"><em>Na zdj. Droga w\u015br\u00f3d las\u00f3w i p\u00f3l<br>Droga w modlitwie przy pracy<br>Szata\u0144stwo uderza zar\u00f3wno<br>W te dwie rzeczywisto\u015bci<br>A jednak m\u00f3dl si\u0119<br>I pracuj B\u00f3g tak powiedzia\u0142<br>Wbrew szata\u0144stwom tego bandyctwa wszelkim<br>I im podobnych w z\u0142u<br>Nie tylko wobec nas naszych i naszego<br>Dzi\u015b \u015bw. Izydora<br>W Bogu praca i modlitwa<br>Jest podniesiona<br>Dlatego szatan i pod\u0142ug niego<br>Ci wszelcy w t\u0105 rzeczywisto\u015b\u0107<br>Uderzaj\u0105 tak ch\u0119tnie<br>Perfidnie podle i ob\u0142udnie<br>Byleby tylko zniszczy\u0107 t\u0105<br>Bo\u017c\u0105 rzeczywisto\u015b\u0107 w kt\u00f3rej uczestniczymy<\/em><\/p>\n\n\n\n<p><strong><em><a href=\"https:\/\/youtu.be\/kfH1hxvAN30\">T.Love &#8211; Jest super <\/a><\/em><\/strong><\/p>\n\n\n\n<p class=\"has-text-align-center\">~<\/p>\n\n\n\n<p class=\"has-text-align-right\"><strong><em><a href=\"https:\/\/youtu.be\/6pZiBUCaj-k\">T.Love &#8211; 1996<\/a><\/em><\/strong><\/p>\n","protected":false},"excerpt":{"rendered":"<p>Jak to jest \u017ce mo\u017cnaZaprz\u0119c do walki z namiZ ma\u0142ymi dzie\u0107mi Bo\u017cymiWszelki i ca\u0142y aparat s\u0142u\u017cbowyPrzymusu bezpo\u015bredniego z jednej stronyWszelkie s\u0142u\u017cby pa\u0144stwa przemocoweA z drugiej&hellip; <\/p>\n","protected":false},"author":1,"featured_media":0,"parent":0,"menu_order":0,"comment_status":"closed","ping_status":"closed","template":"","meta":{"footnotes":""},"class_list":["post-9321","page","type-page","status-publish","hentry"],"_links":{"self":[{"href":"https:\/\/hubertpietka.bialystok.pl\/index.php?rest_route=\/wp\/v2\/pages\/9321","targetHints":{"allow":["GET"]}}],"collection":[{"href":"https:\/\/hubertpietka.bialystok.pl\/index.php?rest_route=\/wp\/v2\/pages"}],"about":[{"href":"https:\/\/hubertpietka.bialystok.pl\/index.php?rest_route=\/wp\/v2\/types\/page"}],"author":[{"embeddable":true,"href":"https:\/\/hubertpietka.bialystok.pl\/index.php?rest_route=\/wp\/v2\/users\/1"}],"replies":[{"embeddable":true,"href":"https:\/\/hubertpietka.bialystok.pl\/index.php?rest_route=%2Fwp%2Fv2%2Fcomments&post=9321"}],"version-history":[{"count":1,"href":"https:\/\/hubertpietka.bialystok.pl\/index.php?rest_route=\/wp\/v2\/pages\/9321\/revisions"}],"predecessor-version":[{"id":9323,"href":"https:\/\/hubertpietka.bialystok.pl\/index.php?rest_route=\/wp\/v2\/pages\/9321\/revisions\/9323"}],"wp:attachment":[{"href":"https:\/\/hubertpietka.bialystok.pl\/index.php?rest_route=%2Fwp%2Fv2%2Fmedia&parent=9321"}],"curies":[{"name":"wp","href":"https:\/\/api.w.org\/{rel}","templated":true}]}}