{"id":9326,"date":"2025-05-18T09:18:32","date_gmt":"2025-05-18T09:18:32","guid":{"rendered":"https:\/\/hubertpietka.bialystok.pl\/?page_id=9326"},"modified":"2025-05-18T09:18:32","modified_gmt":"2025-05-18T09:18:32","slug":"szatanska-sciema-perfidna-ma-zakryc-wszelka-hipokryzje-bandycka-a-nas-naszych-okryc-smiercia","status":"publish","type":"page","link":"https:\/\/hubertpietka.bialystok.pl\/?page_id=9326","title":{"rendered":"Szata\u0144ska \u015bciema perfidna \/ ma zakry\u0107 wszelk\u0105 hipokryzj\u0119 bandyck\u0105 \/ a nas naszych okry\u0107 \u015bmierci\u0105"},"content":{"rendered":"\n<p>W tym bandyckim pa\u0144stwie<br>A chyba i bandyckim \u015bwiecie<br>Skoro si\u0119 zgadza na<br>Wszelkie k\u0142amstwa i zbrodnie bandyckie<br>Wszystko polega na przekr\u0119tach<br>Na przestawieniu amoralnym semantyki<br>Prze\u015bladowc\u00f3w si\u0119 nazywa obro\u0144cami warto\u015bci<br>A tych kt\u00f3rzy si\u0119 broni\u0105<br>Przed ich z\u0142owrog\u0105 nienawistn\u0105 przemoc\u0105<br>Si\u0119 nazywa wyrwanymi spod prawa<\/p>\n\n\n\n<p>A teraz skoro oni<br>Ukrywaj\u0105 przede mn\u0105 stan prawdziwy<br>I wszelkie niby prawa<br>Kt\u00f3re maj\u0105 uderza\u0107 we mnie<br>Bo ja o nich mam nie wiedzie\u0107<br>Ale jednocze\u015bnie je wype\u0142nia\u0107<br>Szata\u0144stwo wybitne<br>A jak je przejrz\u0119<br>Te podst\u0119py z Bo\u017c\u0105 pomoc\u0105<br>To trzeba mnie oskar\u017ca\u0107<br>Nawet tym bardziej<br>Za wobec tego wykraczanie<br>Co nie jest wprost powiedziane<br>Do mnie i to t\u0142umacz\u0105<br>Jeszcze ob\u0142udnie szata\u0144sko ci hipokryci<br>\u017be nieznajomo\u015b\u0107 prawa nie usprawiedliwia<br>Rozumiecie ten nurt my\u015blenia bandyckiego<br>Byle tylko mnie z\u0142apa\u0107<br>Na czym\u015b co oni ukrywaj\u0105<br>A jednocze\u015bnie mam to niby<br>Z ca\u0142\u0105 dok\u0142adno\u015bci\u0105 wype\u0142nia\u0107<br>Przekr\u0119t szata\u0144ski wed\u0142ug pod\u0142o\u015bci podst\u0119pnej<br>Manipulacja fa\u0142szywa wykr\u0119tna<\/p>\n\n\n\n<p>O dalej nie wiem<br>Kim s\u0105 ci kosmici<br>Sk\u0105d pochodz\u0105 oni<br>Bo raczej z nas<br>Z Polak\u00f3w oni nie wyszli<br>Z tych tu mog\u0105 by\u0107<br>Zdrajcy judaszowi i kainowi r\u00f3\u017cni<br>Co te\u017c si\u0119 dzieje<br>Ale to oni ci kosmici<br>Wyra\u017cenie umowne oczywi\u015bcie<br>Ich nak\u0142aniaj\u0105 do tego<br>Wszelkim szanta\u017cem przekupstwem zastraszaniem<br>Taki mam odbi\u00f3r tych rzeczy<br>I oni mnie oskar\u017caj\u0105<br>O szowinizm nacjonalizm<br>A przecie\u017c ja nie jestem<br>Przeciwko narodowi \u017cadnemu<br>Chyba \u017ce co\u015b wynika<br>Z tak zwanej prawdy historycznej<br>I obecnego stanu rzeczy<br>\u017be zbrodnie jednego narodu<br>Wobec innego nie zosta\u0142y sp\u0142acone<br>Jak cho\u0107by teraz na Ukrainie<br>Napa\u015b\u0107 totalitarnego pa\u0144stwa<br>I podobno to samo<br>Planuj\u0105 oni i tutaj<br>I o prawd\u0119 moraln\u0105 chodzi<br>By napastnik\u00f3w nieusprawiedliwionych niczym<br>Odpowiednio wed\u0142ug tego nazywa\u0107<br>A ofiarom status niewinno\u015bci przyzna\u0107<br>I to \u017ce kocham<br>M\u00f3j kraj nar\u00f3d religi\u0119<br>Nie przeszkadza mi wcale<br>Uznawa\u0107 te\u017c innych<br>A ju\u017c na pewno<br>Z tego powodu<br>Nie zamierzam nikogo napada\u0107<br>Podobnie m\u00f3j kraj<br>Jak to czyni cho\u0107by<br>Ten wskazany wy\u017cej wobec Ukrainy<br>I chyba nie tylko<br>A prawda historyczna jej uznanie<br>Wp\u0142ywa w\u0142a\u015bciwie na analogiczne<br>Prawdy wsp\u00f3\u0142czesnej rozeznawanie<br>To \u017ce patriot\u0105 jestem<br>Bynajmniej nie oznacza<br>Ch\u0119ci krzywdy innych narod\u00f3w<br>Jak cho\u0107by jest z tym<br>Wskazanym wy\u017cej pa\u0144stwem chyba totalitarnym<br>Na pewno w swym wyrazie<\/p>\n\n\n\n<p>Ci bandyci kosmici morduj\u0105 napadaj\u0105<br>Nas naszych i nasze<br>I nie wa\u017cne osobi\u015bcie<br>Czy przez swych r\u00f3\u017cnych przydupas\u00f3w<br>A przecie\u017c to si\u0119<br>Do nas tylko nie odnosi<br>A ty masz p\u0142aci\u0107<br>Pod\u0142ug ob\u0142udy chyba najgorszej<br>Za ich wszelkie szata\u0144stwa pod\u0142e<\/p>\n\n\n\n<figure class=\"wp-block-gallery has-nested-images columns-default is-cropped wp-block-gallery-1 is-layout-flex wp-block-gallery-is-layout-flex\">\n<figure class=\"wp-block-image size-large\"><a href=\"https:\/\/hubertpietka.bialystok.pl\/wp-content\/uploads\/2025\/05\/1000004387.jpg\"><img loading=\"lazy\" decoding=\"async\" width=\"1024\" height=\"771\" data-id=\"9327\" src=\"https:\/\/hubertpietka.bialystok.pl\/wp-content\/uploads\/2025\/05\/1000004387-1024x771.jpg\" alt=\"\" class=\"wp-image-9327\" srcset=\"https:\/\/hubertpietka.bialystok.pl\/wp-content\/uploads\/2025\/05\/1000004387-1024x771.jpg 1024w, https:\/\/hubertpietka.bialystok.pl\/wp-content\/uploads\/2025\/05\/1000004387-300x226.jpg 300w, https:\/\/hubertpietka.bialystok.pl\/wp-content\/uploads\/2025\/05\/1000004387-768x578.jpg 768w, https:\/\/hubertpietka.bialystok.pl\/wp-content\/uploads\/2025\/05\/1000004387-1536x1156.jpg 1536w, https:\/\/hubertpietka.bialystok.pl\/wp-content\/uploads\/2025\/05\/1000004387.jpg 1600w\" sizes=\"auto, (max-width: 1024px) 100vw, 1024px\" \/><\/a><\/figure>\n<\/figure>\n\n\n\n<p><em>Na zdj. Koncert Kultu na bia\u0142ostockich Juwenaliach<br>Nie wiem o co chodzi<br>Ale jest tu jaka\u015b<br>Wielka \u015bciema totalna wobec nas<br>Byleby tylko to szata\u0144skie bandyctwo<br>I wszelcy im podobni<br>Mogli spe\u0142nia\u0107 na wszelkie sposoby<br>Swe zbrodnie pod\u0142ug najgorszych k\u0142amstw<br>I chyba nie tylko<br>Wobec nas naszego i naszych<\/em><\/p>\n\n\n\n<p><strong><em><a href=\"https:\/\/youtu.be\/wU2Y1k26YmU\">Kult &#8211; W\u00f3dka <\/a><\/em><\/strong><\/p>\n\n\n\n<p class=\"has-text-align-right\">( <strong><em><a href=\"https:\/\/youtu.be\/L0loGiSQrbI\">Pid\u017cama Porno &#8211; Twoja Generacja ) <\/a><\/em><\/strong><\/p>\n\n\n\n<hr class=\"wp-block-separator has-alpha-channel-opacity\"\/>\n\n\n\n<ul class=\"wp-block-list\">\n<li><strong>Aneks<br>Jako dopisek obrazowy przyk\u0142ad<br>Bandyckiego prawa kt\u00f3re skrywane<br>Ma by\u0107 jednocze\u015bnie<br>Wype\u0142niane najlepiej w ca\u0142ej okaza\u0142o\u015bci<\/strong><\/li>\n<\/ul>\n\n\n\n<p>A jakby\u015bcie nie wiedzieli<br>Kochani to najwi\u0119kszym przest\u0119pstwem<br>Jest nieskoszenie trawy poza \u015bmieciami<br>W tym chorym kraju<br>Mo\u017cna zabija\u0107 gwa\u0142t zadawa\u0107 zniewala\u0107<br>Ale czym\u017ce to jest<br>Wobec <em>\u015bmieci<\/em> niew\u0142a\u015bciwej segregacji<br>Za to te\u017c gro\u017c\u0105 odpowiednio<br><em>\u015amierci\u0105<\/em> zniewoleniem gwa\u0142tem zniszczeniem cho\u0107by<br>Ale czym\u017ce to jest wobec<br>Nieskoszenia trawy zbrodni tak strasznej<br>\u017be nie do pomy\u015blenia nawet<br>Za to mog\u0105 ci i dom zabra\u0107 nawet<br>Ci szata\u0144scy bandyci i ich<br>Po\u015bledni w z\u0142u przydupasy<br>Wszelkiej zreszt\u0105 ma\u015bci<\/p>\n\n\n\n<p>Mimo \u017ce trawa<br>Jak to i trawa<br>Dzi\u015b jest a jutro jej nie ma<br>Oczywi\u015bcie poza podpadni\u0119ciem bandytom<br>I im podobnym<br>Bo to jest zbrodnia najstraszniejsza<br>Nie ma chyba<br>W tym kraju gorszej wi\u0119kszej<br>Wtedy wszystko wszyscy przeciwko tobie<br>Wtedy na ciebie twoich twoje<br>Szata\u0144stwa najgorsze wszelkie<br>Tego bandyctwa i im podobnych<\/p>\n\n\n\n<p>A \u017ce dla tego bandyctwa<br>Najwa\u017cniejsze niby pozory jakiego\u015b porz\u0105dku<br>To wiem to od dawna<br>Oni dzia\u0142aj\u0105 po szata\u0144sku szablonowo<br>Zreszt\u0105 i ze wszystkim<br>Nie tylko z traw\u0105 \u015bmieciami<br>Z nami naszymi i naszym<br>I innymi tak\u017ce<br>A k\u0142amstwa wszelkich zbrodni<br>Najlepiej nakrywa\u0107 r\u00f3\u017cnymi pozorami ob\u0142udnie<br>Niby w s\u0142u\u017cbie dobra innym<\/p>\n\n\n\n<p>Trawa niedzielne samochody no tak<br>M\u00f3wi\u0142em przecie\u017c i \u015bmieci<br>Kt\u00f3re zreszt\u0105 mog\u0105 by\u0107<br>Te\u017c wsz\u0119dzie indziej<br>Tacy to ku\u017awa znale\u017ali si\u0119<br>Esteci tych niby porz\u0105dk\u00f3w bandyckich<br>A w sercach przecie\u017c<br>Mo\u017ce by\u0107 syf szata\u0144ski<br>Ku zbrodniom i k\u0142amstwom wszelakim<\/p>\n","protected":false},"excerpt":{"rendered":"<p>W tym bandyckim pa\u0144stwieA chyba i bandyckim \u015bwiecieSkoro si\u0119 zgadza naWszelkie k\u0142amstwa i zbrodnie bandyckieWszystko polega na przekr\u0119tachNa przestawieniu amoralnym semantykiPrze\u015bladowc\u00f3w si\u0119 nazywa obro\u0144cami warto\u015bciA&hellip; <\/p>\n","protected":false},"author":1,"featured_media":0,"parent":0,"menu_order":0,"comment_status":"closed","ping_status":"closed","template":"","meta":{"footnotes":""},"class_list":["post-9326","page","type-page","status-publish","hentry"],"_links":{"self":[{"href":"https:\/\/hubertpietka.bialystok.pl\/index.php?rest_route=\/wp\/v2\/pages\/9326","targetHints":{"allow":["GET"]}}],"collection":[{"href":"https:\/\/hubertpietka.bialystok.pl\/index.php?rest_route=\/wp\/v2\/pages"}],"about":[{"href":"https:\/\/hubertpietka.bialystok.pl\/index.php?rest_route=\/wp\/v2\/types\/page"}],"author":[{"embeddable":true,"href":"https:\/\/hubertpietka.bialystok.pl\/index.php?rest_route=\/wp\/v2\/users\/1"}],"replies":[{"embeddable":true,"href":"https:\/\/hubertpietka.bialystok.pl\/index.php?rest_route=%2Fwp%2Fv2%2Fcomments&post=9326"}],"version-history":[{"count":1,"href":"https:\/\/hubertpietka.bialystok.pl\/index.php?rest_route=\/wp\/v2\/pages\/9326\/revisions"}],"predecessor-version":[{"id":9328,"href":"https:\/\/hubertpietka.bialystok.pl\/index.php?rest_route=\/wp\/v2\/pages\/9326\/revisions\/9328"}],"wp:attachment":[{"href":"https:\/\/hubertpietka.bialystok.pl\/index.php?rest_route=%2Fwp%2Fv2%2Fmedia&parent=9326"}],"curies":[{"name":"wp","href":"https:\/\/api.w.org\/{rel}","templated":true}]}}