{"id":9334,"date":"2025-05-24T20:43:02","date_gmt":"2025-05-24T20:43:02","guid":{"rendered":"https:\/\/hubertpietka.bialystok.pl\/?page_id=9334"},"modified":"2025-05-24T20:43:02","modified_gmt":"2025-05-24T20:43:02","slug":"cme-zrobic-z-motyla-probuja-nieustannie-ci-bandyci-i-wszelcy-podlug-nich","status":"publish","type":"page","link":"https:\/\/hubertpietka.bialystok.pl\/?page_id=9334","title":{"rendered":"\u0106m\u0119 zrobi\u0107 z motyla \/ pr\u00f3buj\u0105 nieustannie ci bandyci \/ i wszelcy pod\u0142ug nich"},"content":{"rendered":"\n<p>Tak si\u0119 ustawili bandyci<br><em>Stricte<\/em> po szata\u0144sku<br>\u017be wszyscy wsz\u0119dzie uderza\u0107 maj\u0105<br>W nas naszych i nasze<br>Jakkolwiek byle tylko<br>To w\u0142a\u015bnie jest dobrze widziane<br>Przez bandyt\u00f3w i chyba te\u017c wszelkich<br>Pod\u0142ug nich w z\u0142u szata\u0144skim<br>Kt\u00f3rzy si\u0119 zaprzedali by s\u0142u\u017cy\u0107<br>Cho\u0107by z\u0142u bandyckiemu<\/p>\n\n\n\n<p>A \u0142atwo jest si\u0119<br>W tym spodli\u0107 zeszmaci\u0107<br>Kiedy za\u015bwieci w oczy<br>Mamona bandycka czy inne korzy\u015bci<br>Albo za gwarancj\u0119 a raczej<br>Pozory te\u017c bandyckiego pozornego spokoju<br>Bo jak si\u0119 \u015bwiat sko\u0144czy<br>To co im po tym<br>I straszna to rzecz<br>Tak naprawd\u0119 jest<br>Zapewnia\u0107 sobie niby spok\u00f3j<br>Czyim\u015b kosztem cho\u0107by uderzaj\u0105c<br>W nas naszych i nasze<br>Z\u0142em si\u0119 sobie niestety<br>Nie zapewni spokoju<br>Na tak zwan\u0105 d\u0142u\u017csz\u0105 met\u0119<\/p>\n\n\n\n<p>I teraz nawet osiedlowi g\u00f3wniarze<br>S\u0105 w tym sposobieni<br>Od lat chyba najm\u0142odszych<br>Pod\u0142ug nieprawo\u015bci rodzicielskiej<br>Bo to si\u0119 nie bierze<br>Z kosmosu przecie\u017c<br>Wiedz\u0105 ju\u017c przecie\u017c dobrze<br>\u017be mi si\u0119 nie m\u00f3wi<br><em>Dzie\u0144 dobry<\/em><br>\u017be kiedy sk\u0105d\u015b wracam<br>To trzeba zaj\u0105\u0107 \u0142awk\u0119<br>Albo \u017ce jak wychodz\u0119<br>Sobie z psami lub \u017cona<br>To trzeba na przeciw wychodzi\u0107<br>A mo\u017ce ten pies wreszcie<br>Zareaguje niew\u0142a\u015bciwie<br>Poskar\u017c\u0105 rodzicom i chryja murowana<br>Ta wed\u0142ug po\u017c\u0105da\u0144 bandyckich wszelkich<br>A przecie\u017c wiadomo<br>\u017be ten pies ju\u017c<br>Bardzo przeszkadza w bandyctwach r\u00f3\u017cnych<br>Cho\u0107by tej podwiji<br>\u017be sobie on nie mo\u017ce<br>Napa\u015b\u0107 spokojnie<\/p>\n\n\n\n<p>A teraz id\u0105c jego<br>Dedukcj\u0105 przewrotn\u0105 i pokr\u0119tn\u0105<br>To teraz ja mo\u017ce<br>Powinienem ubi\u0107 te dzieci<br>Skoro mi nie m\u00f3wi\u0119<br><em>Dzie\u0144 dobry<\/em> one<br>Albo innych na osiedlu podobnie<br>Kt\u00f3rzy te\u017c jako\u015b po bandycku<br>Nie chc\u0105 mi si\u0119 k\u0142ania\u0107<br>I bynajmniej nie oczekuj\u0119<br>Jak ta podwija<br>\u017be w pas to b\u0119d\u0105 robi\u0107 oni<br>Ale nie dzieci przecie\u017c<br>Nie wolno bi\u0107<br>Ale ta podwija z tego samego niby powodu<br>Napada\u0107 sobie mo\u017ce spokojnie<br>Jak ma poparcie bandyckie<\/p>\n\n\n\n<p>A mo\u017ce ja powinienem<br>Go cho\u0107by uprzedzi\u0107<br>I do niego si\u0119 wwali\u0107<br>Ciekawe czy te\u017c bym tak<br>Jak on ma by\u0107<br>\u0141askawie zosta\u0142 potraktowany<\/p>\n\n\n\n<p>Zreszt\u0105 napa\u015bci na nas<br>S\u0105 przecie\u017c mile widziane bandycko<br>Tam to ta\u0142atajstwo chach\u0142ackie<br>Napada\u0107 ma prostacko<br>Tam znowu s\u0105siedzi obro\u0144cy<br>Niby uciemi\u0119\u017conego cz\u0142owieka alkoholem zniewolonego<br>To znowu w zwi\u0105zku<br>Z poprawczakiem tutaj inni *<strong>wyst\u0119pni<\/strong>*<br>*<strong>Wyst\u0119py<\/strong>* bandyckie r\u00f3\u017cne napastliwe<br>S\u0105 dobrze widziane przez bandyt\u00f3w<br>A skutkiem tego wszystkiego<br>Ma by\u0107 oczywi\u015bcie mnie zniewolenie<br>Czy uczynienie nam szkody innej<\/p>\n\n\n\n<p>Na tej samej zasadzie niestety<br>Dzia\u0142aj\u0105 bandyckie misie<br>I wszelcy bandyccy s\u0142u\u017calcy publiczni<br>Bo w imi\u0119 k\u0142amstw bandyckich<br>Kt\u00f3rym niestety s\u0142u\u017c\u0105<br>Te\u017c maj\u0105 spe\u0142nia\u0107 wobec mnie<br>Czy nas to samo<br>Te\u017c dla nich przecie\u017c<br>Wyszukuje si\u0119 byle poz\u00f3r<br>Na bandyckie czynno\u015bci prowokacji wszelkich<br>Kt\u00f3rych efekt ma by\u0107 jeden<\/p>\n\n\n\n<p>Tak si\u0119 ustawili ci bandyci<br>I oczywi\u015bcie najlepiej te\u017c<br>Odci\u0105\u0107 nas od wszelkich kontakt\u00f3w<br>Cho\u0107by rodzinnych czy przyjacielskich<br>Za z\u0142o dla nas si\u0119 odpowiednio nagradza<br>Cho\u0107by tak zwanym \u015bwi\u0119tym spokojem<br>A dla nas za dobro<br>Czyni si\u0119 przecie\u017c z\u0142o szata\u0144skie<br>Bo za dobro si\u0119 z\u0142em bandyckim p\u0142aci<br>Odwrotno\u015b\u0107 podst\u0119pna przewrotna<br>Bo tym jednocze\u015bnie si\u0119 szanta\u017cuje<br>By czyni\u0107 nam z\u0142o<br>A ogranicza\u0107 dobra wszelkie<br>Przewrotno\u015b\u0107 w pe\u0142ni diabelska<\/p>\n\n\n\n<p>A dzisiaj sobota samochody umyte<br>Nie ma si\u0119 co przyczepi\u0107<br>To mo\u017ce pod os\u0142on\u0105 nocy<br>Po bandycku uda si\u0119<br>Co\u015b innego zrobi\u0107 z nimi z nami<br>Tak im przeszkadza szata\u0144sko cho\u0107by <br>Nasza niezale\u017cno\u015b\u0107 w si\u0119 poruszaniu<\/p>\n\n\n\n<p><strong>Dzi\u015b Maryi Wspomo\u017cycielki Wiernych<br>Wspieraj<br>W tej walce z tym<br>Wszelkim szata\u0144stwem<br>O \u017cycie wolno\u015b\u0107 zdrowie<br>I inne nasze dobra<br>Bo oni za obron\u0119 \u017cycia<br>Cho\u0107by mojej \u017cony chc\u0105<br>Mi analogicznie jak napisa\u0142em wcze\u015bniej<br>P\u0142aci\u0107 zniewoleniem<br>I nie oszukujcie si\u0119<br>Tak\u017ce \u015bmierci\u0105 pr\u00f3bowali tego<br>Wiele razy przecie\u017c cho\u0107 skrycie<br>A obrona \u017cycia najpierw<br>Mojej \u017cony nas naszego naszych<br>Jest fundamentem kt\u00f3ry nakaza\u0142<br>Mi B\u00f3g wobec ca\u0142ej tej<br>Bandyckiej cywilizacji \u015bmierci<\/strong><\/p>\n\n\n\n<figure class=\"wp-block-image size-large\"><a href=\"https:\/\/hubertpietka.bialystok.pl\/wp-content\/uploads\/2025\/05\/1000005503-scaled.jpg\"><img loading=\"lazy\" decoding=\"async\" width=\"771\" height=\"1024\" src=\"https:\/\/hubertpietka.bialystok.pl\/wp-content\/uploads\/2025\/05\/1000005503-771x1024.jpg\" alt=\"\" class=\"wp-image-9335\" srcset=\"https:\/\/hubertpietka.bialystok.pl\/wp-content\/uploads\/2025\/05\/1000005503-771x1024.jpg 771w, https:\/\/hubertpietka.bialystok.pl\/wp-content\/uploads\/2025\/05\/1000005503-226x300.jpg 226w, https:\/\/hubertpietka.bialystok.pl\/wp-content\/uploads\/2025\/05\/1000005503-768x1020.jpg 768w, https:\/\/hubertpietka.bialystok.pl\/wp-content\/uploads\/2025\/05\/1000005503-1157x1536.jpg 1157w, https:\/\/hubertpietka.bialystok.pl\/wp-content\/uploads\/2025\/05\/1000005503-1542x2048.jpg 1542w, https:\/\/hubertpietka.bialystok.pl\/wp-content\/uploads\/2025\/05\/1000005503-scaled.jpg 1928w\" sizes=\"auto, (max-width: 771px) 100vw, 771px\" \/><\/a><\/figure>\n\n\n\n<p><em>Na zdj. Motylek zielony pomi\u0119dzy kratkami<br>A oni ze mnie chc\u0105<br>Zrobi\u0107 \u0107m\u0119 kt\u00f3ra nie powinna<br>Przecie\u017c si\u0119 broni\u0107 mnie zaciemni\u0107 <br>Ju\u017c dawna by mnie nas<br>Ju\u017c tu nie by\u0142o<br>I was podobnie<br>Jakbym bro\u0144 s\u0142owa z\u0142o\u017cy\u0142<\/em><\/p>\n\n\n\n<p><strong><em><a href=\"https:\/\/youtu.be\/VciyUzLRW3c\">Lady Pank &#8211; Ma\u0142a wojna<\/a><\/em><\/strong><\/p>\n\n\n\n<p class=\"has-text-align-center\"><strong><em><a href=\"https:\/\/youtu.be\/y5vI5NWxrxA\">Lukasyno ft. Witek Muzyk Ulicy &#8211; \u0106ma <\/a><\/em><\/strong><\/p>\n\n\n\n<p class=\"has-text-align-center\"><strong><em><a href=\"https:\/\/youtu.be\/9kafW8Cj2gU\">Lukasyno ft. Witek Muzyk Ulicy &#8211; Druh czy wr\u00f3g <\/a><\/em><\/strong><\/p>\n\n\n\n<p class=\"has-text-align-right\"><strong><em><a href=\"https:\/\/youtu.be\/joOjYLy38Os\">Lukasyno &#8211; Lew <\/a><\/em><\/strong><\/p>\n","protected":false},"excerpt":{"rendered":"<p>Tak si\u0119 ustawili bandyciStricte po szata\u0144sku\u017be wszyscy wsz\u0119dzie uderza\u0107 maj\u0105W nas naszych i naszeJakkolwiek byle tylkoTo w\u0142a\u015bnie jest dobrze widzianePrzez bandyt\u00f3w i chyba te\u017c wszelkichPod\u0142ug&hellip; <\/p>\n","protected":false},"author":1,"featured_media":0,"parent":0,"menu_order":0,"comment_status":"closed","ping_status":"closed","template":"","meta":{"footnotes":""},"class_list":["post-9334","page","type-page","status-publish","hentry"],"_links":{"self":[{"href":"https:\/\/hubertpietka.bialystok.pl\/index.php?rest_route=\/wp\/v2\/pages\/9334","targetHints":{"allow":["GET"]}}],"collection":[{"href":"https:\/\/hubertpietka.bialystok.pl\/index.php?rest_route=\/wp\/v2\/pages"}],"about":[{"href":"https:\/\/hubertpietka.bialystok.pl\/index.php?rest_route=\/wp\/v2\/types\/page"}],"author":[{"embeddable":true,"href":"https:\/\/hubertpietka.bialystok.pl\/index.php?rest_route=\/wp\/v2\/users\/1"}],"replies":[{"embeddable":true,"href":"https:\/\/hubertpietka.bialystok.pl\/index.php?rest_route=%2Fwp%2Fv2%2Fcomments&post=9334"}],"version-history":[{"count":1,"href":"https:\/\/hubertpietka.bialystok.pl\/index.php?rest_route=\/wp\/v2\/pages\/9334\/revisions"}],"predecessor-version":[{"id":9336,"href":"https:\/\/hubertpietka.bialystok.pl\/index.php?rest_route=\/wp\/v2\/pages\/9334\/revisions\/9336"}],"wp:attachment":[{"href":"https:\/\/hubertpietka.bialystok.pl\/index.php?rest_route=%2Fwp%2Fv2%2Fmedia&parent=9334"}],"curies":[{"name":"wp","href":"https:\/\/api.w.org\/{rel}","templated":true}]}}