{"id":9342,"date":"2025-05-27T22:08:16","date_gmt":"2025-05-27T22:08:16","guid":{"rendered":"https:\/\/hubertpietka.bialystok.pl\/?page_id=9342"},"modified":"2025-05-27T22:08:16","modified_gmt":"2025-05-27T22:08:16","slug":"zezwierzecone-nieludzka-przemoca-bydlaczki-w-sluzbie-antywartosciom-szatanskim","status":"publish","type":"page","link":"https:\/\/hubertpietka.bialystok.pl\/?page_id=9342","title":{"rendered":"Zezwierz\u0119cone nieludzk\u0105 przemoc\u0105 bydla(cz)ki \/ w s\u0142u\u017cbie antywarto\u015bciom szata\u0144skim"},"content":{"rendered":"\n<p>Najpierw na pozytywie<br>Nie jest mi trudno<br>Spe\u0142nia\u0107 wol\u0119 Bo\u017c\u0105 odno\u015bnie mi\u0142o\u015bci<br>Do mojej \u017cony<br>Bo j\u0105 kocham po prostu<br>A \u017ce ta mi\u0142o\u015b\u0107<br>Przybiera tak\u0105 form\u0119<br>To te\u017c Bogu dzi\u0119ki<br>Bo dzi\u0119ki temu moja \u017cona<br>Mo\u017ce si\u0119 upewni\u0107 cho\u0107by<br>W mojej wierno\u015bci<br>Ja wzrastam i ona te\u017c<br>Si\u0119 w tym umacnia<br>A B\u00f3g tak to wymy\u015bli\u0142<br>By w ten spos\u00f3b<br>Zosta\u0142a prze\u0142amana szata\u0144ska cywilizacja \u015bmierci<br>Dlatego tak wierzgaj\u0105 ci bandyci<br>I wszelcy pod\u0142ug nich<br>W zbrodniach i k\u0142amstwach szata\u0144skich<br>Zbie\u017cni i sp\u00f3jni<br>Bo w my\u015bl Bo\u017cego S\u0142owa<br>&#8222;Szatan nie b\u0119dzie walczy\u0142<br>Ze sob\u0105 i z tymi<br>Kt\u00f3rzy mu s\u0142u\u017c\u0105&#8221;<br>Obiektem jego nienawi\u015bci<br>S\u0105 w\u0142a\u015bnie wierne dzieci Bo\u017ce<br>I tych pod\u0142ug z\u0142a jego<br>Wszelkich spod skrzyde\u0142 gwiazdy ciemnej<\/p>\n\n\n\n<p><strong><em><a href=\"https:\/\/youtu.be\/UpM8lZgnRCs\">Limboski &#8211; W trawie <\/a><\/em><\/strong><\/p>\n\n\n\n<p>A mo\u017cna si\u0119 zaprzeda\u0107<br>Czynieniu z\u0142u na zaparte<br>Tak zwane na zab\u00f3j<br>Oczywi\u015bcie nie sw\u00f3j<br>Jak z dobrem Bo\u017cym<br>W tym powy\u017cszym przypadku<br>Lecz by realizowa\u0107 zbrodnie k\u0142amstw<br>Wszelkich szata\u0144skich pod\u0142ug tych bandyt\u00f3w<br>Tak ta podwija<br>Tak jest mocny silny<br>Ten bydlaczek jak ma<br>Pewne bandyckie plecy<br>On i jego braciszek<br>Jego gwiazda i wszelcy<br>W zbrodniach mu ulegli<br>Tak jest mocny w napa\u015bciach<br>Na mnie i na \u017con\u0119<br>Taki poroniony damski bokser<br>Nie wa\u017cne bezpo\u015brednio czy wybiegiem<br>Jakim\u015b z domu wywabianiem<br>Tak si\u0119 mo\u017cna spodli\u0107 zeszmaci\u0107<br>W z\u0142u szata\u0144skim bandyckim<br>Szczeg\u00f3lnie gdy si\u0119 trwa<br>Wiele lat w nim<br>Tak si\u0119 mo\u017cna z\u0142ajdaczy\u0107<br>\u017be a\u017c zbydl\u0119ci\u0107 nawet<br>Oczywi\u015bcie z ca\u0142ym te\u017c szacunkiem<br>Dla tych po\u017cytecznych zwierz\u0105t<br>Mo\u017cna by\u0107 takim jednak<br>Po bandycku czerwonym bydlaczkiem<br>Bo we wszelkich antywarto\u015bciach<br>Wg po\u017c\u0105da\u0144 bandyckich w napa\u015bciach<\/p>\n\n\n\n<p>Tak mo\u017cna zosta\u0107 w\u0142a\u015bnie<br>Judaszowym czy kainowyn raczej antybohaterem<br>A takich jest wiele<br>Gdzie by\u015bmy nie byli zreszt\u0105<br>Pisa\u0142em ju\u017c o tym<br>A tu na rod\u00f3wce<br>Te\u017c si\u0119 znajd\u0105 odpowiedni wykolejeni<br>Po bandycku szata\u0144skim z\u0142em<br>Czy cho\u0107by po prostu<br>Szumowiny szemrane ujadaniem po bandycku<br>Na przyk\u0142ad na ps\u00f3w szczekanie<br>\u017be o misiach bandyckich<br>I innych cypiskach s\u0142u\u017cbowych bandycko<br>Ju\u017c i nawet nie wspomn\u0119<br>Zszatani\u0107 si\u0119 przecie\u017c mog\u0105 wszyscy<br>Judaszowo Kainowo sprzedawczykowo po bandycku<br>Zw\u0142aszcza w z\u0142u jakimkolwiek<br>Dla nas naszego i naszych<br>I wszelkich przeciwnik\u00f3w lewactwa bandyt\u00f3w<br>Czy tych kt\u00f3rzy podpadli<br>Po prostu temu z\u0142a systemowi<\/p>\n\n\n\n<figure class=\"wp-block-image size-large\"><a href=\"https:\/\/hubertpietka.bialystok.pl\/wp-content\/uploads\/2025\/05\/1000006017.jpg\"><img loading=\"lazy\" decoding=\"async\" width=\"771\" height=\"1024\" src=\"https:\/\/hubertpietka.bialystok.pl\/wp-content\/uploads\/2025\/05\/1000006017-771x1024.jpg\" alt=\"\" class=\"wp-image-9343\" srcset=\"https:\/\/hubertpietka.bialystok.pl\/wp-content\/uploads\/2025\/05\/1000006017-771x1024.jpg 771w, https:\/\/hubertpietka.bialystok.pl\/wp-content\/uploads\/2025\/05\/1000006017-226x300.jpg 226w, https:\/\/hubertpietka.bialystok.pl\/wp-content\/uploads\/2025\/05\/1000006017-768x1020.jpg 768w, https:\/\/hubertpietka.bialystok.pl\/wp-content\/uploads\/2025\/05\/1000006017-1157x1536.jpg 1157w, https:\/\/hubertpietka.bialystok.pl\/wp-content\/uploads\/2025\/05\/1000006017.jpg 1204w\" sizes=\"auto, (max-width: 771px) 100vw, 771px\" \/><\/a><\/figure>\n\n\n\n<p><em>Na zdj. Byczek bydlaczek po\u017cyteczny zwierzaczek<br>Lecz ci kt\u00f3rzy reaguj\u0105<br>Tak jak on na czerwone<br>Alergicznie na ka\u017cde Bo\u017ce dobro<br>Te\u017c tak mo\u017cna nazwa\u0107 raczej<br>Jako lewacki bydlaczek<br>Bo tak si\u0119 dzieje zawsze<br>W opozycji do Bo\u017cych warto\u015bci<br>Gdzie przemoc nieludzka zezwierz\u0119cona takich<br>Ma s\u0142u\u017cy\u0107 wszelkim celom napastliwym<br>Zar\u00f3wno szatana jak tych bandyt\u00f3w<\/em><\/p>\n\n\n\n<p class=\"has-text-align-right\">( <strong><em><a href=\"https:\/\/youtu.be\/8OFlEkQHD50\">Czerwone Gitary &#8211; Byczek Fernando ) <\/a><\/em><\/strong><\/p>\n","protected":false},"excerpt":{"rendered":"<p>Najpierw na pozytywieNie jest mi trudnoSpe\u0142nia\u0107 wol\u0119 Bo\u017c\u0105 odno\u015bnie mi\u0142o\u015bciDo mojej \u017conyBo j\u0105 kocham po prostuA \u017ce ta mi\u0142o\u015b\u0107Przybiera tak\u0105 form\u0119To te\u017c Bogu dzi\u0119kiBo dzi\u0119ki&hellip; <\/p>\n","protected":false},"author":1,"featured_media":0,"parent":0,"menu_order":0,"comment_status":"closed","ping_status":"closed","template":"","meta":{"footnotes":""},"class_list":["post-9342","page","type-page","status-publish","hentry"],"_links":{"self":[{"href":"https:\/\/hubertpietka.bialystok.pl\/index.php?rest_route=\/wp\/v2\/pages\/9342","targetHints":{"allow":["GET"]}}],"collection":[{"href":"https:\/\/hubertpietka.bialystok.pl\/index.php?rest_route=\/wp\/v2\/pages"}],"about":[{"href":"https:\/\/hubertpietka.bialystok.pl\/index.php?rest_route=\/wp\/v2\/types\/page"}],"author":[{"embeddable":true,"href":"https:\/\/hubertpietka.bialystok.pl\/index.php?rest_route=\/wp\/v2\/users\/1"}],"replies":[{"embeddable":true,"href":"https:\/\/hubertpietka.bialystok.pl\/index.php?rest_route=%2Fwp%2Fv2%2Fcomments&post=9342"}],"version-history":[{"count":1,"href":"https:\/\/hubertpietka.bialystok.pl\/index.php?rest_route=\/wp\/v2\/pages\/9342\/revisions"}],"predecessor-version":[{"id":9344,"href":"https:\/\/hubertpietka.bialystok.pl\/index.php?rest_route=\/wp\/v2\/pages\/9342\/revisions\/9344"}],"wp:attachment":[{"href":"https:\/\/hubertpietka.bialystok.pl\/index.php?rest_route=%2Fwp%2Fv2%2Fmedia&parent=9342"}],"curies":[{"name":"wp","href":"https:\/\/api.w.org\/{rel}","templated":true}]}}