{"id":9346,"date":"2025-05-30T19:55:37","date_gmt":"2025-05-30T19:55:37","guid":{"rendered":"https:\/\/hubertpietka.bialystok.pl\/?page_id=9346"},"modified":"2025-05-30T19:55:37","modified_gmt":"2025-05-30T19:55:37","slug":"szatanskie-lajdactwa-tego-bandyctwa-i-wszelkich-podlug-nich-w-zbrodniach-i-klamstwach-iscie-diabelskich","status":"publish","type":"page","link":"https:\/\/hubertpietka.bialystok.pl\/?page_id=9346","title":{"rendered":"Szata\u0144skie \u0142ajdactwa tego bandyctwa \/ i wszelkich pod\u0142ug nich &#8211; w zbrodniach i k\u0142amstwach i\u015bcie diabelskich"},"content":{"rendered":"\n<p>Bandyckie \u0142ajdactwa czytaj inaczej szata\u0144stwa<br>Ur\u0105gaj\u0105 ju\u017c chyba nie tylko<br>Rozumowi ale i zdrowym zmys\u0142om<br>Tak jest szata\u0144skie totalnie<br>To bandyctwo i wszelcy pod\u0142ug nich<br>W k\u0142amstwach i zbrodniach pod\u0142ych<\/p>\n\n\n\n<p>Mianowicie te bandyckie misie<br>I inni bandyccy s\u0142u\u017calcy<br>Zniewolenia szata\u0144skiego mnie nas<br>Pod\u0142ug po\u017c\u0105da\u0144 bandyckich bestialskich<br>Oni w\u0142a\u015bnie broni\u0105 bandyckich zbrodni<br>Bo chc\u0105 mnie zniewoli\u0107 zbrodniczo<br>Bo k\u0142amliwie bo ob\u0142udnie nieczysto<br>Niewinn\u0105 osob\u0119 po to<br>By ci bandyci mogli spokojnie<br>Spe\u0142nia\u0107 wszelkie zbrodnie zabijania swoje<br>Pocz\u0105wszy od mojej \u017cony<br>Poprzez bliskich i innych<br>Tak\u017ce s\u0142u\u017cby publiczne kt\u00f3re niby<br>Maj\u0105 s\u0142u\u017cy\u0107 niewinnym<br>I porz\u0105dkowi spo\u0142ecznemu s\u0142u\u017c\u0105 bandytom<br>By ci mogli spe\u0142nia\u0107<br>Swoje po\u017c\u0105dania szata\u0144skie ob\u0142\u0119dne<br>P\u0119d ku zbrodniom wszelkim<br>I jednocze\u015bnie te bandyckie misie<br>I inni bandyccy s\u0142u\u017calcy<br>Nie do\u015b\u0107 \u017ce s\u0142u\u017c\u0105 bandytom<br>To z przest\u0119pcami graj\u0105<br>Do tak zwanej jednej bramki<br>Pi\u0119knie wsp\u00f3\u0142pracuj\u0105 przecie\u017c z tymi<br>Kt\u00f3rzy maj\u0105 spe\u0142nia\u0107 napa\u015bci zbrodnicze<br>Cho\u0107by z t\u0105 podwij\u0105<br>A tutaj na rod\u00f3wce<br>Z wyst\u0119pnymi r\u00f3\u017cnymi patrz\u0105c<br>Na okoliczno\u015b\u0107 poprawczaka s\u0105siedztwa<br>Na te zbrodnie maj\u0105 oni<br>Przymkn\u0105\u0107 oczy a zareagowa\u0107 odpowiednio<br>Jak co\u015b p\u00f3jdzie po my\u015bli<br>Tych przekr\u0119tnie pod\u0142ych z\u0142oczy\u0144c\u00f3w<br>A i szumowiny r\u00f3\u017cne szemrane<br>Kt\u00f3re ujadaj\u0105 zjadliwie cho\u0107by<br>Na ps\u00f3w szczekanie maj\u0105 oczywi\u015bcie<br>Przeciwko nam otrzyma\u0107 wsparcie<br>R\u00f3\u017cnych s\u0142u\u017cb bandyckich zniewolenia nieprawego<br>Tak\u017ce tego bandyckie s\u0142u\u017cby<br>S\u0142u\u017c\u0105c bandyctwu szata\u0144skiemu<br>Tak naprawd\u0119 w obronie<br>Zbrodni przeciwko niewinnym maj\u0105 pope\u0142nia\u0107<br>Swoje zbrodnie w zgodzie<br>Z r\u00f3\u017cnymi przest\u0119pcami napastliwymi<\/p>\n\n\n\n<p>A dzisiaj taka sytuacja<br>Widz\u0105c \u017ce mo\u017cemy pos\u0142ugiwa\u0107 si\u0119<br>Kartami naszymi w ma\u0142\u017ce\u0144stwie wzajemnie<br>Nasy\u0142aj\u0105 szata\u0144sko smarkat\u0105 farmaceutk\u0119<br>Z pobliskiej apteki wtedy w\u0142a\u015bnie<br>Kiedy si\u0119 p\u0142aci<br>By bandyckie misie mia\u0142y<br>Zadanie u\u0142atwione w realizacji tej<br>Zniewolenia zbrodni<br>Takie szata\u0144stwa bandyckie<br>I im podobnym wszelkim zreszt\u0105<br>Kt\u00f3re my przecie\u017c mamy<br>Na tak zwane p\u0119czki<br>Bo mo\u017cna przeciwko nam wszystko<br>Przeciwko naszym zwierz\u0119tom miejscom samochodom<br>I r\u00f3\u017cnym bliskim czy \u017cyczliwym zwyczajnie<br>Na nich bynajmniej nie sko\u0144czywszy<br>Tak szata\u0144skie totalnie<br>Jest to paskudne bandyctwo<br>I wszelcy im podobni<\/p>\n\n\n\n<p>A chocia\u017cby te bandyckie pacyny<br>Kt\u00f3re rozsiewaj\u0105 jad szata\u0144ski<br>W r\u00f3\u017cnych ko\u015bcio\u0142ach<br>Tak\u017ce na arenie krajowej<br>Oni przecie\u017c szata\u0144sko maj\u0105 powodowa\u0107<br>Przyklask bandyckich zbrodni wszelkich<br>Tak ob\u0142udnie to dzia\u0142a<br>Ci czyni\u0105 wszelkie zbrodnie<br>A te pacyny jadem \u017cmijowym<br>Tego w\u0142a\u015bnie broni\u0105<br>I maj\u0105 zwodzi\u0107 lud Bo\u017cy<br>Bandyckimi k\u0142amstwami \u017ce niby<br>Zbrodnie s\u0105 ok i s\u0105<br>Wskazane przez tzw. konieczno\u015b\u0107 wy\u017csz\u0105<br>A tak\u0105 chyba tylko<br>\u017be to bandyctwo si\u0119<br>Nie potrafi powstrzyma\u0107<br>By zbrodni nie czyni\u0107<br>I k\u0142ama\u0107 szata\u0144sko<br>Na potwierdzenie swego bestialstwa<br>Tak jest w\u0142a\u015bnie<\/p>\n\n\n\n<p>Dzi\u015b wspominana \u015bw. *<strong>Jo-anna d&#8217;Arc<\/strong>*<br>*<strong>Ja Anny ark\u0105<\/strong>* jestem<br>I ufam \u017ce wbrew<br>Ich szata\u0144stwom wszelkim<br>B\u00f3g sprawi nasze ocalenie<br>Bo bezczelno\u015b\u0107 tego szata\u0144stwa<br>Ju\u017c przekracza chyba wszelkie granice<br>I te\u017c perfidia zbrodnicza<br>Wszelkich zdrajc\u00f3w pod\u0142ug nich<br>A \u015bwiat zap\u0142aci za wszelkie<br>Zbrodnie bandyckie je\u015bli go nich<br>I dojdzie tak w\u0142a\u015bnie szata\u0144sko<br>Bo bynajmniej nie inaczej<br>Skoro tak jest w\u0142a\u015bnie<\/p>\n\n\n\n<figure class=\"wp-block-image size-large\"><a href=\"https:\/\/hubertpietka.bialystok.pl\/wp-content\/uploads\/2025\/05\/1000006445.jpg\"><img loading=\"lazy\" decoding=\"async\" width=\"771\" height=\"1024\" src=\"https:\/\/hubertpietka.bialystok.pl\/wp-content\/uploads\/2025\/05\/1000006445-771x1024.jpg\" alt=\"\" class=\"wp-image-9347\" srcset=\"https:\/\/hubertpietka.bialystok.pl\/wp-content\/uploads\/2025\/05\/1000006445-771x1024.jpg 771w, https:\/\/hubertpietka.bialystok.pl\/wp-content\/uploads\/2025\/05\/1000006445-226x300.jpg 226w, https:\/\/hubertpietka.bialystok.pl\/wp-content\/uploads\/2025\/05\/1000006445-768x1021.jpg 768w, https:\/\/hubertpietka.bialystok.pl\/wp-content\/uploads\/2025\/05\/1000006445-1156x1536.jpg 1156w, https:\/\/hubertpietka.bialystok.pl\/wp-content\/uploads\/2025\/05\/1000006445.jpg 1204w\" sizes=\"auto, (max-width: 771px) 100vw, 771px\" \/><\/a><\/figure>\n\n\n\n<p><em>Na zdj. \u015aw. Hubert w Jednoro\u017ccu<br>Wspieraj nas Panie<br>W tej walce ze wszelkim<br>Ob\u0142udnym i pod\u0142ym szata\u0144stwem<br>Z k\u0142amstwami podpieraj\u0105cymi zbrodnie perfidne<br>Ty sam spraw nasze ocalenie<br>Bo szata\u0144stwa ich wszystkich<br>Chc\u0105 zdeformowa\u0107 \u015bwiat ten<br>Przeformatowa\u0107 go trupio<br>W cywilizacj\u0119 \u015bmierci tak zwan\u0105<br>Do tego oni zmierzaj\u0105<br>Wed\u0142ug zamys\u0142\u00f3w diabelskich<br>Kt\u00f3rym oni s\u0142u\u017c\u0105 w praktyce<br>I nie wa\u017cne<br>Czy o tym wiedz\u0105 czy te\u017c nie<br>To tak dzia\u0142aj\u0105 w\u0142a\u015bnie<br>Istotowo po szata\u0144sku<br>Bo s\u0142u\u017c\u0105 zbrodniom<br>Pod\u0142ug k\u0142amstw najgorszych pod\u0142ych<br>A \u015bwiat kt\u00f3ry si\u0119 temu<br>Bezwolnie przygl\u0105da te\u017c zap\u0142aci<br>Sw\u0105 cen\u0119 tym razem ostateczn\u0105<br>Bo ob\u0142\u0119d zbrodni bandyckich<br>I ich k\u0142amstw ob\u0142udnych wszelkich<br>Ju\u017c chyba dawna wszelkiej przyzwoito\u015bci wszelkie<br>Granice przekroczy\u0142 bez pardonu perfidnie<br>Jezu ufam Tobie<br>Wbrew tym szata\u0144stwom wszelkim pod\u0142ym<\/em><\/p>\n","protected":false},"excerpt":{"rendered":"<p>Bandyckie \u0142ajdactwa czytaj inaczej szata\u0144stwaUr\u0105gaj\u0105 ju\u017c chyba nie tylkoRozumowi ale i zdrowym zmys\u0142omTak jest szata\u0144skie totalnieTo bandyctwo i wszelcy pod\u0142ug nichW k\u0142amstwach i zbrodniach pod\u0142ych&hellip; <\/p>\n","protected":false},"author":1,"featured_media":0,"parent":0,"menu_order":0,"comment_status":"closed","ping_status":"closed","template":"","meta":{"footnotes":""},"class_list":["post-9346","page","type-page","status-publish","hentry"],"_links":{"self":[{"href":"https:\/\/hubertpietka.bialystok.pl\/index.php?rest_route=\/wp\/v2\/pages\/9346","targetHints":{"allow":["GET"]}}],"collection":[{"href":"https:\/\/hubertpietka.bialystok.pl\/index.php?rest_route=\/wp\/v2\/pages"}],"about":[{"href":"https:\/\/hubertpietka.bialystok.pl\/index.php?rest_route=\/wp\/v2\/types\/page"}],"author":[{"embeddable":true,"href":"https:\/\/hubertpietka.bialystok.pl\/index.php?rest_route=\/wp\/v2\/users\/1"}],"replies":[{"embeddable":true,"href":"https:\/\/hubertpietka.bialystok.pl\/index.php?rest_route=%2Fwp%2Fv2%2Fcomments&post=9346"}],"version-history":[{"count":1,"href":"https:\/\/hubertpietka.bialystok.pl\/index.php?rest_route=\/wp\/v2\/pages\/9346\/revisions"}],"predecessor-version":[{"id":9348,"href":"https:\/\/hubertpietka.bialystok.pl\/index.php?rest_route=\/wp\/v2\/pages\/9346\/revisions\/9348"}],"wp:attachment":[{"href":"https:\/\/hubertpietka.bialystok.pl\/index.php?rest_route=%2Fwp%2Fv2%2Fmedia&parent=9346"}],"curies":[{"name":"wp","href":"https:\/\/api.w.org\/{rel}","templated":true}]}}