{"id":9351,"date":"2025-05-31T10:08:03","date_gmt":"2025-05-31T10:08:03","guid":{"rendered":"https:\/\/hubertpietka.bialystok.pl\/?page_id=9351"},"modified":"2025-05-31T10:08:03","modified_gmt":"2025-05-31T10:08:03","slug":"na-kolana-i-do-pracy-a-pieklo-niech-skowyczy","status":"publish","type":"page","link":"https:\/\/hubertpietka.bialystok.pl\/?page_id=9351","title":{"rendered":"Na kolana i do pracy \/ a piek\u0142o niech skowyczy"},"content":{"rendered":"\n<p><em>Na kolana chamie<\/em><br>Gdy ca\u0142e piek\u0142o przeciw nam<br>Powstaje i wszelcy s\u0142udzy diabelscy<br><em>Na kolana chamie<\/em><br>M\u00f3wi\u0119 sobie<br>Bo bez modlitwy<br>Dnia nie mogliby\u015bmy prze\u017cy\u0107<br>W tym nat\u0119\u017ceniu piek\u0142a perfidii<br><em>Na kolana chamie<\/em><br>By obroni\u0107 nas nasze naszych<br>I \u015bwiat przed piekielnymi<br>K\u0142amstwami zbrodniami wszelkimi<br><em>Na kolana chamie<\/em><br>By wytrwa\u0107 w wierno\u015bci Bo\u017cej<br>Na kolana nawet je\u015bli<br>Chodzi tu o postaw\u0119 serca<br>Nie tylko akty fizyczne<\/p>\n\n\n\n<p><em>Dzi\u015b Nawiedzenie \u015bw. *<strong>El-\u017cbie-ty<\/strong>*<br>*<strong>Ej \u017ce ty<\/strong>* i *<strong>ej \u017ce ta<\/strong>*<br>Ta i tylko ta<br>Wbrew piek\u0142u i wszelkim \u015bwiatowym<br>Nieuporz\u0105dkowanym poj\u0119ciom r\u00f3\u017cnym<br>Tylko ta i \u017cadna inna<\/em><\/p>\n\n\n\n<p><strong><em><a href=\"https:\/\/youtu.be\/3qcIa7eMNnU\">Golec uOrkiestra &amp; Gromee &#8211; Tylko ty<\/a><\/em><\/strong><\/p>\n\n\n\n<p class=\"has-text-align-right\"><strong><em><a href=\"https:\/\/youtu.be\/-J3D1ev5BJg\">Jacek Stachursky &#8211; Zosta\u0144my razem<\/a><\/em><\/strong><\/p>\n\n\n\n<figure class=\"wp-block-gallery has-nested-images columns-default is-cropped wp-block-gallery-1 is-layout-flex wp-block-gallery-is-layout-flex\">\n<figure class=\"wp-block-image size-large\"><a href=\"https:\/\/hubertpietka.bialystok.pl\/wp-content\/uploads\/2025\/05\/1000006477.jpg\"><img loading=\"lazy\" decoding=\"async\" width=\"771\" height=\"1024\" data-id=\"9352\" src=\"https:\/\/hubertpietka.bialystok.pl\/wp-content\/uploads\/2025\/05\/1000006477-771x1024.jpg\" alt=\"\" class=\"wp-image-9352\" srcset=\"https:\/\/hubertpietka.bialystok.pl\/wp-content\/uploads\/2025\/05\/1000006477-771x1024.jpg 771w, https:\/\/hubertpietka.bialystok.pl\/wp-content\/uploads\/2025\/05\/1000006477-226x300.jpg 226w, https:\/\/hubertpietka.bialystok.pl\/wp-content\/uploads\/2025\/05\/1000006477-768x1021.jpg 768w, https:\/\/hubertpietka.bialystok.pl\/wp-content\/uploads\/2025\/05\/1000006477-1156x1536.jpg 1156w, https:\/\/hubertpietka.bialystok.pl\/wp-content\/uploads\/2025\/05\/1000006477.jpg 1204w\" sizes=\"auto, (max-width: 771px) 100vw, 771px\" \/><\/a><\/figure>\n<\/figure>\n\n\n\n<p><strong>Na zdj. \u015aw. Izydor<br>Na kolana i do pracy<br>I jedno i drugie bardzo<br>Przeszkadza przecie\u017c piek\u0142u<br>I wszelkim jego s\u0142ugom<br>A jednak kiedy trzeba<br>Nale\u017cy si\u0119 ca\u0142emu piek\u0142u przeciwstawi\u0107<br>Pod\u0142ug przynale\u017cno\u015bci Bo\u017cej dzieci Pa\u0144skich<\/strong><\/p>\n","protected":false},"excerpt":{"rendered":"<p>Na kolana chamieGdy ca\u0142e piek\u0142o przeciw namPowstaje i wszelcy s\u0142udzy diabelscyNa kolana chamieM\u00f3wi\u0119 sobieBo bez modlitwyDnia nie mogliby\u015bmy prze\u017cy\u0107W tym nat\u0119\u017ceniu piek\u0142a perfidiiNa kolana chamieBy&hellip; <\/p>\n","protected":false},"author":1,"featured_media":0,"parent":0,"menu_order":0,"comment_status":"closed","ping_status":"closed","template":"","meta":{"footnotes":""},"class_list":["post-9351","page","type-page","status-publish","hentry"],"_links":{"self":[{"href":"https:\/\/hubertpietka.bialystok.pl\/index.php?rest_route=\/wp\/v2\/pages\/9351","targetHints":{"allow":["GET"]}}],"collection":[{"href":"https:\/\/hubertpietka.bialystok.pl\/index.php?rest_route=\/wp\/v2\/pages"}],"about":[{"href":"https:\/\/hubertpietka.bialystok.pl\/index.php?rest_route=\/wp\/v2\/types\/page"}],"author":[{"embeddable":true,"href":"https:\/\/hubertpietka.bialystok.pl\/index.php?rest_route=\/wp\/v2\/users\/1"}],"replies":[{"embeddable":true,"href":"https:\/\/hubertpietka.bialystok.pl\/index.php?rest_route=%2Fwp%2Fv2%2Fcomments&post=9351"}],"version-history":[{"count":1,"href":"https:\/\/hubertpietka.bialystok.pl\/index.php?rest_route=\/wp\/v2\/pages\/9351\/revisions"}],"predecessor-version":[{"id":9353,"href":"https:\/\/hubertpietka.bialystok.pl\/index.php?rest_route=\/wp\/v2\/pages\/9351\/revisions\/9353"}],"wp:attachment":[{"href":"https:\/\/hubertpietka.bialystok.pl\/index.php?rest_route=%2Fwp%2Fv2%2Fmedia&parent=9351"}],"curies":[{"name":"wp","href":"https:\/\/api.w.org\/{rel}","templated":true}]}}