{"id":9361,"date":"2025-06-06T08:28:14","date_gmt":"2025-06-06T08:28:14","guid":{"rendered":"https:\/\/hubertpietka.bialystok.pl\/?page_id=9361"},"modified":"2025-06-06T08:28:14","modified_gmt":"2025-06-06T08:28:14","slug":"obluda-bandytow-i-ich-przydupasow-nieustannie-przeciwko-nim-swiadczy","status":"publish","type":"page","link":"https:\/\/hubertpietka.bialystok.pl\/?page_id=9361","title":{"rendered":"Ob\u0142uda bandyt\u00f3w i ich przydupas\u00f3w \/ nieustannie przeciwko nim \u015bwiadczy"},"content":{"rendered":"\n<p>Skoro oni nas inwigiluj\u0105 nieustannie<br>I przez telefony<br>I te pluskwy pods\u0142uchowe<br>To wiedz\u0105 o nas wszystko<br>I t\u0105 wiedz\u0119 wykorzystuj\u0105<br>Przeciwko nam wsz\u0119dzie<br>Udaj\u0105c zawsze \u017ce niby przypadkiem<br>Wszystko pod siebie ustawiaj\u0105<br>Byleby tylko z\u0142o szata\u0144skie uczyni\u0107<br>Nam naszemu i naszym<br>Od \u015bmierci po zniewolenie<br>I jakiekolwiek uderzenia<br>We wszelkie nasze dobra<br>Wiedz\u0105 wszystko i to wykorzystuj\u0105<br>A udaj\u0105 \u017ce nie<br>I \u017ce niby przypadkowo<br>Mo\u017ce nas spotyka\u0107 wszelkie z\u0142o<\/p>\n\n\n\n<p>I tak udaj\u0105 wszyscy<br>Kt\u00f3rzy s\u0105 na pos\u0142ugach bandyckich<br>Od tych bandyckich misi\u00f3w<br>Po wszelkie inne s\u0142u\u017cby<br>I po wszelkich psychopat\u00f3w<br>Tych kt\u00f3rzy byleby tylko napa\u015b\u0107<br>Od tej podwiji po wykoleje\u0144c\u00f3w<br>I szemranych szumowin tutaj wszelkich<br>Szata\u0144stwo totalne bo wiedz\u0105 wszystko<br>A udaj\u0105 \u017ce nie<br>Byleby tylko z\u0142o uczyni\u0107<br>Nam naszemu i naszym odpowiednie<br>I to wsz\u0119dzie gdziekolwiek jeste\u015bmy<br>Szata\u0144stwo perfidne bo ob\u0142udnie k\u0142amliwe<br>Byleby tylko z\u0142o dla nas<\/p>\n\n\n\n<p><em>Dzi\u015b \u015bw. *<strong>Nor-berta*<\/strong><br>Schowa\u0142by si\u0119 do jakiej\u015b *<strong>nory Bert<\/strong>* ten<br>Ale i tam mnie znajd\u0105<br>I w norach pods\u0142uchy<br>Zainstalowa\u0107 mo\u017cna poza aparatur\u0105 gazow\u0105<br>Nie ma ucieczki przed t\u0105<br>Bandyck\u0105 ob\u0142ud\u0105<br>Bo oni wiedz\u0105<br>O nas wszystko przecie\u017c<br>I t\u0105 wiedz\u0119 wykorzystuj\u0105<br>U r\u00f3\u017cnych przydupas\u00f3w bandyckich<br>Prywatnych zawodowych i s\u0142u\u017cbowych<br>By w nas uderza\u0107<br>Perfidnie ob\u0142\u0119dnie bo udaj\u0105<br>\u017be nie \u017ce niby przypadkowo<br>Dla nas naszego i naszych<br>Wszelkie szata\u0144skie z\u0142o<br>Od napa\u015bci \u017c\u0105dzy \u015bmierci<br>Po zniszczenia wszelkie<\/em><\/p>\n\n\n\n<p>I tak \u015bwiatu wmawiaj\u0105<br>A \u015bwiat wierzy w te<br>Ob\u0142udne ob\u0142\u0119dnie k\u0142amstwa bandyckie<br>I si\u0119 przygl\u0105da spokojnie<br>Temu wszelkiemu bandyckiemu szata\u0144stwu<br>I wszelkich pod\u0142ug nich<br>Czymkolwiek zreszt\u0105 motywowane<br>Jest to ich bestialstwo<br>Szanta\u017cem przekupstwem czy czym tam<\/p>\n\n\n\n<p>Dlatego trzeba postawi\u0107 tam\u0119<br>Temu z\u0142u bandyckiemu tej ob\u0142udzie<br>Dlatego te\u017c nie odst\u0105pi\u0119 \u017cony<br>A za ich szata\u0144stwa<br>Ca\u0142y ten \u015bwiat zap\u0142aci<br>Skoro nie potrafi<br>Na z\u0142o szata\u0144skie zareagowa\u0107 adekwatnie<br>A \u017ce kocham \u017con\u0119<br>Mi\u0142o\u015bci\u0105 w Bogu<br>To nie jest to trudne<br>Dla mnie bynajmniej<br>I z nami naszymi i naszym<br>U niech spadaj\u0105 wszelcy<br>S\u0142udzy tej bandyckiej ob\u0142udy<br>Bo ich czyny \u015bwiadcz\u0105<br>Ku z\u0142u dla nas<br>O tym ca\u0142ym szata\u0144skim fa\u0142szu<\/p>\n\n\n\n<p class=\"has-text-align-right\"><strong><em><a href=\"https:\/\/youtu.be\/Xw7dHi-JWSs\">Piotr Rubik &#8211; To ca\u0142a prawda <\/a><\/em><\/strong><\/p>\n\n\n\n<p><em>Dzi\u015b te\u017c podobno \u015bw. Falco<br>Jest wspominany<br>Tak ma na imi\u0119 piesek<br>Naszego znajomego z osiedla Darka<br>Z kt\u00f3rym nasz S\u0142awik<br>Si\u0119 bawi\u0142 pi\u0119knie swojego czasu<br>A m\u00f3wi\u0119 o tym<br>Bo wszyscy kt\u00f3rzy nam wyrz\u0105dzili<br>Jakie\u015b dobro w przeciwie\u0144stwie<br>Do tych bandyt\u00f3w i ich<br>S\u0142ugas\u00f3w wszelakich<br>S\u0105 dla nas wa\u017cni<br>Nie ominie ich te\u017c nagroda<br>U Boga i my kiedy\u015b<br>W miar\u0119 mo\u017cliwo\u015bci da B\u00f3g<br>Na to odpowiemy<\/em><\/p>\n\n\n\n<figure class=\"wp-block-gallery has-nested-images columns-default is-cropped wp-block-gallery-1 is-layout-flex wp-block-gallery-is-layout-flex\">\n<figure class=\"wp-block-image size-large\"><a href=\"https:\/\/hubertpietka.bialystok.pl\/wp-content\/uploads\/2025\/06\/1000007218-scaled.jpg\"><img loading=\"lazy\" decoding=\"async\" width=\"771\" height=\"1024\" data-id=\"9362\" src=\"https:\/\/hubertpietka.bialystok.pl\/wp-content\/uploads\/2025\/06\/1000007218-771x1024.jpg\" alt=\"\" class=\"wp-image-9362\" srcset=\"https:\/\/hubertpietka.bialystok.pl\/wp-content\/uploads\/2025\/06\/1000007218-771x1024.jpg 771w, https:\/\/hubertpietka.bialystok.pl\/wp-content\/uploads\/2025\/06\/1000007218-226x300.jpg 226w, https:\/\/hubertpietka.bialystok.pl\/wp-content\/uploads\/2025\/06\/1000007218-768x1020.jpg 768w, https:\/\/hubertpietka.bialystok.pl\/wp-content\/uploads\/2025\/06\/1000007218-1157x1536.jpg 1157w, https:\/\/hubertpietka.bialystok.pl\/wp-content\/uploads\/2025\/06\/1000007218-1542x2048.jpg 1542w, https:\/\/hubertpietka.bialystok.pl\/wp-content\/uploads\/2025\/06\/1000007218-scaled.jpg 1928w\" sizes=\"auto, (max-width: 771px) 100vw, 771px\" \/><\/a><\/figure>\n<\/figure>\n\n\n\n<p><strong>Na zdj. Kwiaty ostu<br>Wszelki grzech wszelka ob\u0142uda<br>Mo\u017ce mie\u0107 swoje kwiaty<br>Kt\u00f3re niby wygl\u0105daj\u0105 \u0142adnie<br>A s\u0105 u\u0142ud\u0105 szata\u0144sk\u0105<br>Bo grzech ob\u0142uda k\u0142amliwa<br>I wszelkie zbrodnie z\u0142e czyny<br>Ziej\u0105 tak naprawd\u0119 piek\u0142em szata\u0144skim<br>Nie \u0142ud\u017acie si\u0119 B\u00f3g odpowie<br>Na t\u0105 wszelk\u0105 ob\u0142ud\u0119 bandyck\u0105<br>\u017be oni niby nic<br>\u017be niby przypadkiem<br>Byle ku z\u0142u<br>Dla nas naszego i naszych<br>Udaj\u0105 cho\u0107 wszystko przecie\u017c<br>O nas wiedz\u0105<br>Ci k\u0142amcy zbrodniczy wszelacy<br>W z\u0142u bandyckim s\u0142ugasy<br>Jezu ufam Tobie<br>Wbrew tej wszelkiej ob\u0142udzie pod\u0142ej<br>I ho\u0142dowania szata\u0144skim zbrodniom<\/strong><\/p>\n","protected":false},"excerpt":{"rendered":"<p>Skoro oni nas inwigiluj\u0105 nieustannieI przez telefonyI te pluskwy pods\u0142uchoweTo wiedz\u0105 o nas wszystkoI t\u0105 wiedz\u0119 wykorzystuj\u0105Przeciwko nam wsz\u0119dzieUdaj\u0105c zawsze \u017ce niby przypadkiemWszystko pod siebie&hellip; <\/p>\n","protected":false},"author":1,"featured_media":0,"parent":0,"menu_order":0,"comment_status":"closed","ping_status":"closed","template":"","meta":{"footnotes":""},"class_list":["post-9361","page","type-page","status-publish","hentry"],"_links":{"self":[{"href":"https:\/\/hubertpietka.bialystok.pl\/index.php?rest_route=\/wp\/v2\/pages\/9361","targetHints":{"allow":["GET"]}}],"collection":[{"href":"https:\/\/hubertpietka.bialystok.pl\/index.php?rest_route=\/wp\/v2\/pages"}],"about":[{"href":"https:\/\/hubertpietka.bialystok.pl\/index.php?rest_route=\/wp\/v2\/types\/page"}],"author":[{"embeddable":true,"href":"https:\/\/hubertpietka.bialystok.pl\/index.php?rest_route=\/wp\/v2\/users\/1"}],"replies":[{"embeddable":true,"href":"https:\/\/hubertpietka.bialystok.pl\/index.php?rest_route=%2Fwp%2Fv2%2Fcomments&post=9361"}],"version-history":[{"count":1,"href":"https:\/\/hubertpietka.bialystok.pl\/index.php?rest_route=\/wp\/v2\/pages\/9361\/revisions"}],"predecessor-version":[{"id":9363,"href":"https:\/\/hubertpietka.bialystok.pl\/index.php?rest_route=\/wp\/v2\/pages\/9361\/revisions\/9363"}],"wp:attachment":[{"href":"https:\/\/hubertpietka.bialystok.pl\/index.php?rest_route=%2Fwp%2Fv2%2Fmedia&parent=9361"}],"curies":[{"name":"wp","href":"https:\/\/api.w.org\/{rel}","templated":true}]}}