{"id":9370,"date":"2025-06-12T09:02:09","date_gmt":"2025-06-12T09:02:09","guid":{"rendered":"https:\/\/hubertpietka.bialystok.pl\/?page_id=9370"},"modified":"2025-06-12T09:02:09","modified_gmt":"2025-06-12T09:02:09","slug":"woda-laski-ducha-swietego-plynaca-z-przybytku-bozego","status":"publish","type":"page","link":"https:\/\/hubertpietka.bialystok.pl\/?page_id=9370","title":{"rendered":"Woda \u0142aski Ducha \u015awi\u0119tego \/ p\u0142yn\u0105ca z przybytku Bo\u017cego"},"content":{"rendered":"\n<p>&#8222;Woda si\u0119ga\u0142a a\u017c do kolan&#8221;<br>Dlatego nie pojmujecie tego<br>\u017be trzeba postawi\u0107 tam\u0119<br>Temu z\u0142u szata\u0144skiemu cywilizacji \u015bmierci<br>Bo ci\u0105gle my\u015blicie na spos\u00f3b<br>Zbyt \u015bwiatowy<br>Kt\u00f3ry \u0142aska Bo\u017ca musi przemienia\u0107<br>Przez otwarcie si\u0119<br>Na Bo\u017cego Ducha \u015awi\u0119tego<br>&#8222;A Duch wieje k\u0119dy chce&#8221;<\/p>\n\n\n\n<p>&#8222;Woda si\u0119ga\u0142a a\u017c po pas&#8221;<br>Nie rozumiecie \u017ce ja<br>Nie mog\u0119 odpu\u015bci\u0107 mojej \u017cony<br>Wyda\u0107 j\u0105 na ofiar\u0119 szatanowi<br>Podobnie nas naszego i naszych<br>I innych tak\u017ce<br>Bo wtedy woda wszelkiego z\u0142a<br>Zaleje wszystkich was<\/p>\n\n\n\n<p>&#8222;Woda si\u0119ga\u0142a a\u017c po szyje<br>By\u0142 tam potok kt\u00f3rego<br>Ju\u017c nie mo\u017cna by\u0142o przej\u015b\u0107&#8221;<br>I musz\u0119 tak czyni\u0107<br>Z polecenia Bo\u017cego<br>Nawet je\u015bli inna woda z\u0142a <br>Mnie jako\u015b zaleje<\/p>\n\n\n\n<p>&#8222;Wody tej rzeki<br>Uzdrawia\u0142y wszystko&#8221;<\/p>\n\n\n\n<figure class=\"wp-block-image size-large\"><a href=\"https:\/\/hubertpietka.bialystok.pl\/wp-content\/uploads\/2025\/06\/1000008318-scaled.jpg\"><img loading=\"lazy\" decoding=\"async\" width=\"771\" height=\"1024\" src=\"https:\/\/hubertpietka.bialystok.pl\/wp-content\/uploads\/2025\/06\/1000008318-771x1024.jpg\" alt=\"\" class=\"wp-image-9371\" srcset=\"https:\/\/hubertpietka.bialystok.pl\/wp-content\/uploads\/2025\/06\/1000008318-771x1024.jpg 771w, https:\/\/hubertpietka.bialystok.pl\/wp-content\/uploads\/2025\/06\/1000008318-226x300.jpg 226w, https:\/\/hubertpietka.bialystok.pl\/wp-content\/uploads\/2025\/06\/1000008318-768x1020.jpg 768w, https:\/\/hubertpietka.bialystok.pl\/wp-content\/uploads\/2025\/06\/1000008318-1157x1536.jpg 1157w, https:\/\/hubertpietka.bialystok.pl\/wp-content\/uploads\/2025\/06\/1000008318-1542x2048.jpg 1542w, https:\/\/hubertpietka.bialystok.pl\/wp-content\/uploads\/2025\/06\/1000008318-scaled.jpg 1928w\" sizes=\"auto, (max-width: 771px) 100vw, 771px\" \/><\/a><\/figure>\n\n\n\n<p><em>Na zdj. Woda \u015bwi\u0119cona<br>Moc przeciwko wszelkiemu z\u0142emu duchowi<br>P\u0142yn\u0105ca z \u0142aski Ko\u015bcio\u0142a \u015awi\u0119tego<br>Trwania w nim<br>&#8222;A nad wodami unosi\u0142 si\u0119<br>Duch Bo\u017cy ten&#8221;<\/em><\/p>\n\n\n\n<p><strong>Dzi\u015b Chrystusa Wiecznego Kap\u0142ana<br>Doceni\u0107 \u0142ask\u0119 Ko\u015bcio\u0142a \u015awi\u0119tego<br>Trwania w nim Ducha Bo\u017cego<br>Poprzez kap\u0142an\u00f3w najpe\u0142niej<br>Trwaj\u0105cych w prawdzie Bo\u017cej nieugi\u0119cie<\/strong><\/p>\n\n\n\n<p><strong><em><a href=\"https:\/\/youtu.be\/yhPu17eLQRI\">Oddzia\u0142 Zamkni\u0119ty &#8211; Rzeka<\/a><\/em><\/strong><\/p>\n\n\n\n<p class=\"has-text-align-center\"><strong><em><a href=\"https:\/\/youtu.be\/myppBXyjknw\">Brathanki &#8211; Za wielkim morzem ty<\/a><\/em><\/strong><\/p>\n\n\n\n<p class=\"has-text-align-center\"><strong><em><a href=\"https:\/\/youtu.be\/OSuY-N9L4jo\">AJIM &#8211; Ze\u015blij deszcz Veni Sancte Spiritus <\/a><\/em><\/strong><\/p>\n\n\n\n<p class=\"has-text-align-center\"><strong><em><a href=\"https:\/\/youtu.be\/vo5yTOZPC0o\">Oceany &#8211; Exodus 15<\/a><\/em><\/strong><\/p>\n\n\n\n<p class=\"has-text-align-right\"><strong><em><a href=\"https:\/\/youtu.be\/LILXgORnHdI\">Polscy Arty\u015bci &#8211; Pokonamy fal\u0119 <\/a><\/em><\/strong><\/p>\n","protected":false},"excerpt":{"rendered":"<p>&#8222;Woda si\u0119ga\u0142a a\u017c do kolan&#8221;Dlatego nie pojmujecie tego\u017be trzeba postawi\u0107 tam\u0119Temu z\u0142u szata\u0144skiemu cywilizacji \u015bmierciBo ci\u0105gle my\u015blicie na spos\u00f3bZbyt \u015bwiatowyKt\u00f3ry \u0142aska Bo\u017ca musi przemienia\u0107Przez otwarcie&hellip; <\/p>\n","protected":false},"author":1,"featured_media":0,"parent":0,"menu_order":0,"comment_status":"closed","ping_status":"closed","template":"","meta":{"footnotes":""},"class_list":["post-9370","page","type-page","status-publish","hentry"],"_links":{"self":[{"href":"https:\/\/hubertpietka.bialystok.pl\/index.php?rest_route=\/wp\/v2\/pages\/9370","targetHints":{"allow":["GET"]}}],"collection":[{"href":"https:\/\/hubertpietka.bialystok.pl\/index.php?rest_route=\/wp\/v2\/pages"}],"about":[{"href":"https:\/\/hubertpietka.bialystok.pl\/index.php?rest_route=\/wp\/v2\/types\/page"}],"author":[{"embeddable":true,"href":"https:\/\/hubertpietka.bialystok.pl\/index.php?rest_route=\/wp\/v2\/users\/1"}],"replies":[{"embeddable":true,"href":"https:\/\/hubertpietka.bialystok.pl\/index.php?rest_route=%2Fwp%2Fv2%2Fcomments&post=9370"}],"version-history":[{"count":1,"href":"https:\/\/hubertpietka.bialystok.pl\/index.php?rest_route=\/wp\/v2\/pages\/9370\/revisions"}],"predecessor-version":[{"id":9372,"href":"https:\/\/hubertpietka.bialystok.pl\/index.php?rest_route=\/wp\/v2\/pages\/9370\/revisions\/9372"}],"wp:attachment":[{"href":"https:\/\/hubertpietka.bialystok.pl\/index.php?rest_route=%2Fwp%2Fv2%2Fmedia&parent=9370"}],"curies":[{"name":"wp","href":"https:\/\/api.w.org\/{rel}","templated":true}]}}