{"id":9375,"date":"2025-06-13T09:20:03","date_gmt":"2025-06-13T09:20:03","guid":{"rendered":"https:\/\/hubertpietka.bialystok.pl\/?page_id=9375"},"modified":"2025-06-13T09:20:03","modified_gmt":"2025-06-13T09:20:03","slug":"tendencyjni-lawiranci-klamliwa-diabelska-narracja","status":"publish","type":"page","link":"https:\/\/hubertpietka.bialystok.pl\/?page_id=9375","title":{"rendered":"Tendencyjni lawiranci \/ k\u0142amliw\u0105 diabelsk\u0105 narracj\u0105"},"content":{"rendered":"\n<p>Czyli przemoc bandycka<br>Jest usprawiedliwiona jedynie s\u0142usznie zawsze<br>I to zale\u017cy pewnie<br>Czy wobec mnie czy \u017cony<br>I tak dalej tak\u017ce<br>Bo mo\u017ce by\u0107 oczywi\u015bcie<br>Tak jak najbardziej lubi\u0105 bandyci<br>Niby przypadkowa byleby odpowiednio<br>Dla nas z jak\u0105\u015b szkod\u0105<br>Najlepiej zniewoleniem \u015bmierci\u0105 czy innym<br>Powa\u017cnym jakim\u015b uderzeniem<\/p>\n\n\n\n<p>A ta podwija bydlak<br>Ma bydlaczy\u0107 niby jak<br>Przypadkowo oj nie<br>Urojenia bandyckie zawsze usprawiedliwione przecie\u017c<br>Podobnie zreszt\u0105 inni bydlacy bydlaczki<br>Oni zapewne usprawiedliwienie bandyckie<br>Maj\u0105 zawsze odpowiednie<br>A mo\u017ce on oni nic<br>No jasne dop\u00f3ki nie dopadn\u0105<br>Wtedy si\u0119 znowu narracj\u0119 zmieni<br>Podobnie zreszt\u0105 misie bandyckie<br>Czy tam jacy bandyccy s\u0142u\u017calcy<br>Grunt to odpowiednio operowa\u0107<br>Tak zwan\u0105 bandyck\u0105 narracj\u0105<br>Byleby tylko by\u0142o<br>Po ich my\u015bli<br>I przeciwko nam oczywi\u015bcie<\/p>\n\n\n\n<p>A poza tym bezczelny jestem<br>No przecie\u017c kto mi pozwoli\u0142<br>Si\u0119 broni\u0107 swego i swoich<br>Przed przemoc\u0105 bandyck\u0105<br>Kt\u00f3ra przecie\u017c po szata\u0144sku<br>Jest jedynie s\u0142uszna<br>Tak jako\u015b B\u00f3g mi drog\u0119<br>T\u0105 wskaza\u0142 wskazuje zawsze<br>Mimo moich s\u0142abo\u015bci<br>Co mam czy mog\u0119 uczyni\u0107<br>Wi\u0119c pretensje do Boga<br>W zgodzie zreszt\u0105<br>Z wszelkim szata\u0144stwem waszym bandyci<br>I wszelcy rozp\u0142ywaj\u0105cy si\u0119<br>W tym z\u0142u bandyckim wszelakim<\/p>\n\n\n\n<p><strong>I ani mi Ani<br>Z naszymi naszym<br>Za wszelkie szata\u0144stwa bandyckie<br>Ten \u015bwiat zap\u0142aci<br>Czy mu si\u0119 to podoba<br>Czy nie mo\u017ce<br>A pewnie \u0142atwiej \u0142yka\u0107<br>Ka\u017cd\u0105 k\u0142amliw\u0105 bandyck\u0105 papk\u0119<br>Ni\u017c si\u0119 przeciwstawia\u0107 terroryzmowi szata\u0144skiemu<br>Tych bandyt\u00f3w i wszelkich<br>W bestialstwie zwyrodnia\u0142ym pod\u0142ug nich<br>Tak trzeba nazwa\u0107<br>Po imieniu bandyckie rzeczy<br>Wed\u0142ug przynale\u017cno\u015bci ich zbrodniom wszelkim<\/strong><\/p>\n\n\n\n<figure class=\"wp-block-image size-large\"><a href=\"https:\/\/hubertpietka.bialystok.pl\/wp-content\/uploads\/2025\/06\/1000008648.jpg\"><img loading=\"lazy\" decoding=\"async\" width=\"771\" height=\"1024\" src=\"https:\/\/hubertpietka.bialystok.pl\/wp-content\/uploads\/2025\/06\/1000008648-771x1024.jpg\" alt=\"\" class=\"wp-image-9376\" srcset=\"https:\/\/hubertpietka.bialystok.pl\/wp-content\/uploads\/2025\/06\/1000008648-771x1024.jpg 771w, https:\/\/hubertpietka.bialystok.pl\/wp-content\/uploads\/2025\/06\/1000008648-226x300.jpg 226w, https:\/\/hubertpietka.bialystok.pl\/wp-content\/uploads\/2025\/06\/1000008648-768x1020.jpg 768w, https:\/\/hubertpietka.bialystok.pl\/wp-content\/uploads\/2025\/06\/1000008648-1157x1536.jpg 1157w, https:\/\/hubertpietka.bialystok.pl\/wp-content\/uploads\/2025\/06\/1000008648.jpg 1204w\" sizes=\"auto, (max-width: 771px) 100vw, 771px\" \/><\/a><\/figure>\n\n\n\n<p><em>Na zdj. Victoria musi by\u0107 Boga<br>I b\u0119dzie tak czy inaczej<br>To nie kryptoreklama<br>Ani znaku fabrycznego kradzie\u017c<br>Jedynie ilustracja spraw Bo\u017cych<br>Bo dzi\u015b Matki Bo\u017cej Fatimskiej<br>Te\u017c jako\u015b<br>Szatan i jego dzieci<br>Walcz\u0105 przeciwko tej rodzinie<br>Tym dzieciom Bo\u017cym i innym<br>I rodzinom Bo\u017cym wszelkim<br>My te\u017c tu jeste\u015bmy<br>Tylko pewn\u0105 ilustracj\u0105<br>B\u00f3g nas tu ustawi\u0142<br>W taki spos\u00f3b w\u0142a\u015bnie<br>By obna\u017cy\u0107 wszelkie dzia\u0142ania szata\u0144skie<br>D\u0105\u017cenia do zbrodni bandyckie<br>Na tej rodzinie<br>I wszelkie ob\u0142udne k\u0142amstwa<br>Kt\u00f3re maj\u0105 potwierdza\u0107 dominacj\u0119<br>Przemocy szata\u0144skiej bandyt\u00f3w<br>I im podobnych<br>A oni tak lawiruj\u0105<br>I w narracjach wszelakich<br>Czytaj pod\u0142ych k\u0142amstwach<br>Jak to ma s\u0142u\u017cy\u0107 szatanowi<br>Tendencyjnie i akuratnie<br>I wszelkim zbrodniom<br>Na nas naszych i naszym<br>Ale nie tylko<br>Mo\u017cna przecie\u017c wersje i opcje<br>Zmienia\u0107 tysi\u0105c razy je\u015bli to<br>Pasuje odpowiednio szata\u0144stwu<br>A mo\u017cna by\u0107 te\u017c<br>Zabetonowanym ca\u0142kowicie we wszelkim k\u0142amstwie<br>Je\u015bli to te\u017c s\u0142u\u017cy<br>Odpowiednio temu bandyctwu szata\u0144skiemu<br>Ave Maria kr\u00f3luj zwyci\u0119\u017caj<br>Przez dzieci Bo\u017ce wszelkie<\/em><\/p>\n","protected":false},"excerpt":{"rendered":"<p>Czyli przemoc bandyckaJest usprawiedliwiona jedynie s\u0142usznie zawszeI to zale\u017cy pewnieCzy wobec mnie czy \u017conyI tak dalej tak\u017ceBo mo\u017ce by\u0107 oczywi\u015bcieTak jak najbardziej lubi\u0105 bandyciNiby przypadkowa&hellip; <\/p>\n","protected":false},"author":1,"featured_media":0,"parent":0,"menu_order":0,"comment_status":"closed","ping_status":"closed","template":"","meta":{"footnotes":""},"class_list":["post-9375","page","type-page","status-publish","hentry"],"_links":{"self":[{"href":"https:\/\/hubertpietka.bialystok.pl\/index.php?rest_route=\/wp\/v2\/pages\/9375","targetHints":{"allow":["GET"]}}],"collection":[{"href":"https:\/\/hubertpietka.bialystok.pl\/index.php?rest_route=\/wp\/v2\/pages"}],"about":[{"href":"https:\/\/hubertpietka.bialystok.pl\/index.php?rest_route=\/wp\/v2\/types\/page"}],"author":[{"embeddable":true,"href":"https:\/\/hubertpietka.bialystok.pl\/index.php?rest_route=\/wp\/v2\/users\/1"}],"replies":[{"embeddable":true,"href":"https:\/\/hubertpietka.bialystok.pl\/index.php?rest_route=%2Fwp%2Fv2%2Fcomments&post=9375"}],"version-history":[{"count":1,"href":"https:\/\/hubertpietka.bialystok.pl\/index.php?rest_route=\/wp\/v2\/pages\/9375\/revisions"}],"predecessor-version":[{"id":9377,"href":"https:\/\/hubertpietka.bialystok.pl\/index.php?rest_route=\/wp\/v2\/pages\/9375\/revisions\/9377"}],"wp:attachment":[{"href":"https:\/\/hubertpietka.bialystok.pl\/index.php?rest_route=%2Fwp%2Fv2%2Fmedia&parent=9375"}],"curies":[{"name":"wp","href":"https:\/\/api.w.org\/{rel}","templated":true}]}}