{"id":9380,"date":"2025-06-14T08:48:05","date_gmt":"2025-06-14T08:48:05","guid":{"rendered":"https:\/\/hubertpietka.bialystok.pl\/?page_id=9380"},"modified":"2025-06-14T08:48:05","modified_gmt":"2025-06-14T08:48:05","slug":"szczujnia-bandycka-zaszczuc-nas-we-wszelkich-srodowiskach","status":"publish","type":"page","link":"https:\/\/hubertpietka.bialystok.pl\/?page_id=9380","title":{"rendered":"Szczujnia bandycka \/ zaszczu\u0107 nas we wszelkich \u015brodowiskach"},"content":{"rendered":"\n<p>Polega na czym bandycka szczujnia<br>By zaszczu\u0107 nas<br>W r\u00f3\u017cnych \u015brodowiskach wszelkich<br>Przecie\u017c wszystkiego si\u0119 tu<br>Wypowiedzie\u0107 i nie da<br>A ci szata\u0144scy bandyci<br>Doskonale wykorzystuj\u0105 wszelkie niedopowiedzenia<br>Przeciwko nam perfidnie ob\u0142udnie cynicznie<\/p>\n\n\n\n<p>Tak\u017ce droga m\u0142odzie\u017cy<br>Czy my chcemy wam<br>Co\u015b zabra\u0107 na si\u0142\u0119 was<br>Cho\u0107by nawraca\u0107 nie wcale<br>Chcecie to p\u0142y\u0144cie<br>Z nurtem \u015bwiatowym z\u0142a<br>I topcie si\u0119 w nim<br>Nic na si\u0142\u0119<br>Tylko dlaczego chcecie nas napada\u0107<br>Jak cho\u0107by tej nocy<br>W zgodzie z fa\u0142szywymi oskar\u017ceniami<br>Manipulacjami tego bandyctwa ob\u0142\u0119dnymi<\/p>\n\n\n\n<p>A wy drodzy bandyccy misie<br>I inni s\u0142u\u017calcy bandyccy<br>Czy ja wam odmawiam cz\u0142owiecze\u0144stwa<br>Przecie\u017c nazywam was jednak pieszczotliwie<br>Z przydomkiem bandyckim szata\u0144skim<br>Tylko dlatego \u017ce chcecie spe\u0142nia\u0107<br>Ich po\u017c\u0105dania nienawistne z\u0142owrogie<br>Przeciwko nam i przeciwko ochronie<br>W niewinno\u015bci dzieci Bo\u017cych<\/p>\n\n\n\n<p>I wy wszyscy<br>Czy to my jeste\u015bmy odpowiedzialni<br>Za z\u0142o szata\u0144skie tych bandyt\u00f3w<br>I wszelkich pod\u0142ug nich<br>Czy to my je czynimy<br>Czy si\u0119 tylko jednak te\u017c<br>Tylko przed nim bronimy<br>Czy my tu chcemy czyni\u0107<br>Hekatomby zbrodnicze czy jednak oni<br>Wbrew temu o co nas<br>Oskar\u017caj\u0105 nieustannie oni i szatan<br>Bo ci s\u0105 zawsze \u0142\u0105cznie<br>Przeciwko dzieciom Bo\u017cym w prawdzie<br>Czy my chcemy co\u015b wam<br>Komukolwiek zreszt\u0105 co\u015b zabra\u0107<br>Czy my chcemy zabija\u0107 kogokolwiek<br>Ob\u0142\u0119dna dialektyka bandycka przekr\u0119ca wszystko<br>Byleby tylko szczu\u0107 na nas<\/p>\n\n\n\n<figure class=\"wp-block-gallery has-nested-images columns-default is-cropped wp-block-gallery-1 is-layout-flex wp-block-gallery-is-layout-flex\">\n<figure class=\"wp-block-image size-large\"><a href=\"https:\/\/hubertpietka.bialystok.pl\/wp-content\/uploads\/2025\/06\/1000008818.jpg\"><img loading=\"lazy\" decoding=\"async\" width=\"1024\" height=\"771\" data-id=\"9381\" src=\"https:\/\/hubertpietka.bialystok.pl\/wp-content\/uploads\/2025\/06\/1000008818-1024x771.jpg\" alt=\"\" class=\"wp-image-9381\" srcset=\"https:\/\/hubertpietka.bialystok.pl\/wp-content\/uploads\/2025\/06\/1000008818-1024x771.jpg 1024w, https:\/\/hubertpietka.bialystok.pl\/wp-content\/uploads\/2025\/06\/1000008818-300x226.jpg 300w, https:\/\/hubertpietka.bialystok.pl\/wp-content\/uploads\/2025\/06\/1000008818-768x578.jpg 768w, https:\/\/hubertpietka.bialystok.pl\/wp-content\/uploads\/2025\/06\/1000008818-1536x1157.jpg 1536w, https:\/\/hubertpietka.bialystok.pl\/wp-content\/uploads\/2025\/06\/1000008818.jpg 1599w\" sizes=\"auto, (max-width: 1024px) 100vw, 1024px\" \/><\/a><\/figure>\n<\/figure>\n\n\n\n<p><em>Na zdj. Jeste\u015bmy jak ta ma\u0142a owieczka<br>Wobec barbarzy\u0144cy olbrzyma<br>Wiking jest tu tylko wizualizacj\u0105<br>Tych wszelkich bandyckich nienawistnych trend\u00f3w<br>A oni nie do\u015b\u0107 \u017ce<br>Przemoc\u0105 silni szczuj\u0105 na nas<br>Chyba i wszystkich<br>Przecie\u017c z ich punktu widzenia<br>Najlepiej by zawsze tzw. swoi<br>Linczowali zabijali zniewalali niszczyli<br>Nas naszych i nasze<br>Ale chyba nie tylko<br>A oni b\u0119d\u0105 &#8222;umywa\u0107 r\u0119ce&#8221;<br>I tylko szczu\u0107 na nas<br>Zawsze u wszystkich i wsz\u0119dzie<\/em><\/p>\n","protected":false},"excerpt":{"rendered":"<p>Polega na czym bandycka szczujniaBy zaszczu\u0107 nasW r\u00f3\u017cnych \u015brodowiskach wszelkichPrzecie\u017c wszystkiego si\u0119 tuWypowiedzie\u0107 i nie daA ci szata\u0144scy bandyciDoskonale wykorzystuj\u0105 wszelkie niedopowiedzeniaPrzeciwko nam perfidnie ob\u0142udnie&hellip; <\/p>\n","protected":false},"author":1,"featured_media":0,"parent":0,"menu_order":0,"comment_status":"closed","ping_status":"closed","template":"","meta":{"footnotes":""},"class_list":["post-9380","page","type-page","status-publish","hentry"],"_links":{"self":[{"href":"https:\/\/hubertpietka.bialystok.pl\/index.php?rest_route=\/wp\/v2\/pages\/9380","targetHints":{"allow":["GET"]}}],"collection":[{"href":"https:\/\/hubertpietka.bialystok.pl\/index.php?rest_route=\/wp\/v2\/pages"}],"about":[{"href":"https:\/\/hubertpietka.bialystok.pl\/index.php?rest_route=\/wp\/v2\/types\/page"}],"author":[{"embeddable":true,"href":"https:\/\/hubertpietka.bialystok.pl\/index.php?rest_route=\/wp\/v2\/users\/1"}],"replies":[{"embeddable":true,"href":"https:\/\/hubertpietka.bialystok.pl\/index.php?rest_route=%2Fwp%2Fv2%2Fcomments&post=9380"}],"version-history":[{"count":1,"href":"https:\/\/hubertpietka.bialystok.pl\/index.php?rest_route=\/wp\/v2\/pages\/9380\/revisions"}],"predecessor-version":[{"id":9382,"href":"https:\/\/hubertpietka.bialystok.pl\/index.php?rest_route=\/wp\/v2\/pages\/9380\/revisions\/9382"}],"wp:attachment":[{"href":"https:\/\/hubertpietka.bialystok.pl\/index.php?rest_route=%2Fwp%2Fv2%2Fmedia&parent=9380"}],"curies":[{"name":"wp","href":"https:\/\/api.w.org\/{rel}","templated":true}]}}