{"id":9384,"date":"2025-06-14T15:54:16","date_gmt":"2025-06-14T15:54:16","guid":{"rendered":"https:\/\/hubertpietka.bialystok.pl\/?page_id=9384"},"modified":"2025-06-14T15:54:16","modified_gmt":"2025-06-14T15:54:16","slug":"permanentna-inwigilacja-to-malo-totalne-zewszad-bandyckie-sciganie","status":"publish","type":"page","link":"https:\/\/hubertpietka.bialystok.pl\/?page_id=9384","title":{"rendered":"Permanentna inwigilacja to ma\u0142o \/ totalne zewsz\u0105d bandyckie \u015bciganie"},"content":{"rendered":"\n<p>Dzisiaj wyszed\u0142em nawet<br>Z gestem pojednawczym<br>Niejako do bandyckich mi\u015bk\u00f3w<br>I innych bandyckich s\u0142u\u017calc\u00f3w<br>Ale jak wida\u0107<br>Nie by\u0142o warto zwyk\u0142a naiwno\u015b\u0107<br>To przecie\u017c by\u0142a<br>Skoro ca\u0142\u0105 drog\u0119 na zlecenie<br>Z Bia\u0142ego do Bia\u0142ej P.<br>Oni \u015bcigali mnie<br>Zreszt\u0105 nie pierwszy raz<br>Taka sytuacja przecie\u017c<br>A raczej jest to totalnie<br>Permanentne dzia\u0142anie<\/p>\n\n\n\n<p>Misie i inni s\u0142u\u017calcy bandyccy<br>Przecie\u017c \u015bciga\u0107 mog\u0105<br>Na tak zwane wszelkie sposoby<br>Elegancko jak motyle w mundurkach<br>Przy u\u017cyciu tak zwanych<br>Bardziej lub mniej typowych suk<br>Jak tajniacy takie poczwarki motyle<br>U\u017cywaj\u0105c tej przeno\u015bni tu tu\u017c<br>Bo si\u0119 kryj\u0105 jako nieoznakowani<br>A mog\u0105 te\u017c jak kokony<br>Z kt\u00f3rych wybuchn\u0105\u0107 ma z\u0142o<br>Dla nas dla mnie incognito<br>\u017be niby przypadkiem prywatni<br>Ale przecie\u017c \u015bwiadkowie dla bandyt\u00f3w<br>To mog\u0105 by\u0107 udatni<\/p>\n\n\n\n<p>Tak\u017ce o Panie permanentne prze\u015bladowanie<br>Na wszelkie sposoby wy\u017cej wskazane<br>A no i nagrywania<br>Te\u017c bardzo u\u017cyteczne dla bandyt\u00f3w<br>Szczeg\u00f3lnie gdy to si\u0119 robi<br>Z premedytacj\u0105 i perfidnie<br>Kt\u00f3\u017c nie robi b\u0142\u0119d\u00f3w przecie\u017c<\/p>\n\n\n\n<p>W ten spos\u00f3b misie bandyckie<br>Podobnie jak i inni s\u0142u\u017calcy<br>Zas\u0142u\u017cyli na tytu\u0142 bestialskich bydlak\u00f3w<br>Skoro non stop przecie\u017c prze\u015bladuj\u0105<br>Podobnie jak ta podwija<br>Czy tam jacy wykoleje\u0144cy szemra\u0144cy<br>Kt\u00f3rzy podobnie dybi\u0105 na nas<br>Na ka\u017cdym chyba kroku<\/p>\n\n\n\n<p>Gratuluj\u0119 bandyckim misiom<br>I innym bandyckim s\u0142u\u017calcom<br>Doskona\u0142ej wsp\u00f3\u0142pracy z tym<br>Wszelkim bandyckim szata\u0144stwem<br>Mog\u0105 by\u0107 z siebie dumni<br>Z tego ca\u0142ego przecie\u017c<br>\u015acigania zasadzania si\u0119 na niewinnych<br>Tak naprawd\u0119 bandyckiej z\u0142o\u015bci nienawistnej<br>Mog\u0105 zreszt\u0105 by\u0107 z siebie<br>Dumni odpowiednio wszyscy kt\u00f3rzy<br>Nas prze\u015bladuj\u0105 na wszelkie sposoby<br>Bandyci na pewno doceni\u0105<br>Ten ich trud do zaprowadzenia<br>Na ziemi wszelkiego szata\u0144stwa<br>W zbrodniach napa\u015bciach zniewoleniach gwa\u0142tach<br>I wszelkich zniszczeniach<br>Na pewno te\u017c szatan<br>Zadowolony b\u0119dzie z takiego obrotu<br>Wszelkich spraw i rzeczy<br>Nam przeciwko tym ma\u0142ym niewinnym<\/p>\n\n\n\n<figure class=\"wp-block-gallery has-nested-images columns-default is-cropped wp-block-gallery-1 is-layout-flex wp-block-gallery-is-layout-flex\">\n<figure class=\"wp-block-image size-large\"><a href=\"https:\/\/hubertpietka.bialystok.pl\/wp-content\/uploads\/2025\/06\/1000008895-scaled.jpg\"><img loading=\"lazy\" decoding=\"async\" width=\"1024\" height=\"771\" data-id=\"9385\" src=\"https:\/\/hubertpietka.bialystok.pl\/wp-content\/uploads\/2025\/06\/1000008895-1024x771.jpg\" alt=\"\" class=\"wp-image-9385\" srcset=\"https:\/\/hubertpietka.bialystok.pl\/wp-content\/uploads\/2025\/06\/1000008895-1024x771.jpg 1024w, https:\/\/hubertpietka.bialystok.pl\/wp-content\/uploads\/2025\/06\/1000008895-300x226.jpg 300w, https:\/\/hubertpietka.bialystok.pl\/wp-content\/uploads\/2025\/06\/1000008895-768x578.jpg 768w, https:\/\/hubertpietka.bialystok.pl\/wp-content\/uploads\/2025\/06\/1000008895-1536x1157.jpg 1536w, https:\/\/hubertpietka.bialystok.pl\/wp-content\/uploads\/2025\/06\/1000008895-2048x1542.jpg 2048w\" sizes=\"auto, (max-width: 1024px) 100vw, 1024px\" \/><\/a><\/figure>\n<\/figure>\n\n\n\n<p class=\"has-text-align-left\"><em>Na zdj. Jak wida\u0107 bandyckie szata\u0144stwa<br>Mog\u0105 nie mie\u0107 ko\u0144ca<br>W produkowaniu r\u00f3\u017cnych potwor\u00f3w<br>Zas\u0105dzaj\u0105cych si\u0119 na tych ma\u0142ych<br>Czy motyl poczwarka czy kokon<br>To przecie\u017c ta sama istota<br>Byleby tylko nam naszemu naszym<br>Z\u0142o szata\u0144skie uczyni\u0107<br>Gratuluj\u0119 te\u017c bandytom<br>\u017be k\u0142amstwem szata\u0144skim ca\u0142y \u015bwiat<br>Omotali i chyba wszystkich tutaj<br>W tym ob\u0142\u0119dzie ob\u0142udnym<br>Zasadzania si\u0119 gn\u0119bienia ma\u0142ych niewinnych<\/em><\/p>\n","protected":false},"excerpt":{"rendered":"<p>Dzisiaj wyszed\u0142em nawetZ gestem pojednawczymNiejako do bandyckich mi\u015bk\u00f3wI innych bandyckich s\u0142u\u017calc\u00f3wAle jak wida\u0107Nie by\u0142o warto zwyk\u0142a naiwno\u015b\u0107To przecie\u017c by\u0142aSkoro ca\u0142\u0105 drog\u0119 na zlecenieZ Bia\u0142ego do&hellip; <\/p>\n","protected":false},"author":1,"featured_media":0,"parent":0,"menu_order":0,"comment_status":"closed","ping_status":"closed","template":"","meta":{"footnotes":""},"class_list":["post-9384","page","type-page","status-publish","hentry"],"_links":{"self":[{"href":"https:\/\/hubertpietka.bialystok.pl\/index.php?rest_route=\/wp\/v2\/pages\/9384","targetHints":{"allow":["GET"]}}],"collection":[{"href":"https:\/\/hubertpietka.bialystok.pl\/index.php?rest_route=\/wp\/v2\/pages"}],"about":[{"href":"https:\/\/hubertpietka.bialystok.pl\/index.php?rest_route=\/wp\/v2\/types\/page"}],"author":[{"embeddable":true,"href":"https:\/\/hubertpietka.bialystok.pl\/index.php?rest_route=\/wp\/v2\/users\/1"}],"replies":[{"embeddable":true,"href":"https:\/\/hubertpietka.bialystok.pl\/index.php?rest_route=%2Fwp%2Fv2%2Fcomments&post=9384"}],"version-history":[{"count":1,"href":"https:\/\/hubertpietka.bialystok.pl\/index.php?rest_route=\/wp\/v2\/pages\/9384\/revisions"}],"predecessor-version":[{"id":9386,"href":"https:\/\/hubertpietka.bialystok.pl\/index.php?rest_route=\/wp\/v2\/pages\/9384\/revisions\/9386"}],"wp:attachment":[{"href":"https:\/\/hubertpietka.bialystok.pl\/index.php?rest_route=%2Fwp%2Fv2%2Fmedia&parent=9384"}],"curies":[{"name":"wp","href":"https:\/\/api.w.org\/{rel}","templated":true}]}}