{"id":9388,"date":"2025-06-15T06:30:21","date_gmt":"2025-06-15T06:30:21","guid":{"rendered":"https:\/\/hubertpietka.bialystok.pl\/?page_id=9388"},"modified":"2025-06-15T06:30:21","modified_gmt":"2025-06-15T06:30:21","slug":"kawa-czy-herbata-co-nam-dasz-boze-a-co-swiatu","status":"publish","type":"page","link":"https:\/\/hubertpietka.bialystok.pl\/?page_id=9388","title":{"rendered":"Kawa czy herbata \/ co nam dasz Bo\u017ce &#8211; a co \u015bwiatu"},"content":{"rendered":"\n<p>Lubicie *<strong>kawk\u0119<\/strong>* rano<br>I chocia\u017c jest w defensywie<br>Dobra literatura<br>W\u0142a\u015bnie *<strong>Kafka<\/strong>* opisa\u0142<br>Walk\u0119 ca\u0142ego z\u0142owrogiego systemu<br>Ze zwyk\u0142ym cz\u0142owiekiem<\/p>\n\n\n\n<p>Jeszcze 25 lat temu<br>Chyba bym nie uwierzy\u0142<br>Jak by mi kto\u015b powiedzia\u0142<br>\u017be po do\u015bwiadczeniach XX wieku<br>Nieludzkich system\u00f3w totalitarnych<br>Kt\u00f3re poch\u0142on\u0119\u0142y miliony istnie\u0144 ludzkich<br>\u017be taka bestia si\u0119 odrodzi<\/p>\n\n\n\n<p>Bo za sprawiedliw\u0105 obron\u0119<br>Siebie swojego i swoich<br>Ca\u0142y system mo\u017ce walczy\u0107<br>W\u0142a\u015bnie z tob\u0105<br>Pocz\u0105wszy od r\u00f3\u017cnych s\u0142u\u017cb publicznych<br>Po wszelkich innych<br>I \u017ce dzieje si\u0119 to<br>Na tak zwanych oczach \u015bwiata<br>Chyba bym nie uwierzy\u0142<br>Jeszcze 25 lat temu<\/p>\n\n\n\n<p>No c\u00f3\u017c Bo\u017ce m\u00f3j<br>Skoro mnie nas wpakowa\u0142e\u015b<br>W t\u0105 bandyck\u0105 kaba\u0142\u0119<br>Walki system\u00f3w wszelkich z\u0142a szata\u0144skiego<br>Z biednymi nami<br>To ufam te\u017c \u017ce nas<br>Z tego wyprowadzisz<br>Bo my naprawd\u0119 Bogu ducha<br>Jeste\u015bmy winni jak to si\u0119<br>M\u00f3wi odpowiednio<br>\u017be ci bandyci i wszelcy<br>Nienawistni pod\u0142ug nich<br>\u015acigaj\u0105 nas nieustannie wsz\u0119dzie zawsze<\/p>\n\n\n\n<figure class=\"wp-block-image size-large\"><a href=\"https:\/\/hubertpietka.bialystok.pl\/wp-content\/uploads\/2025\/06\/1000009021.jpg\"><img loading=\"lazy\" decoding=\"async\" width=\"771\" height=\"1024\" src=\"https:\/\/hubertpietka.bialystok.pl\/wp-content\/uploads\/2025\/06\/1000009021-771x1024.jpg\" alt=\"\" class=\"wp-image-9389\" srcset=\"https:\/\/hubertpietka.bialystok.pl\/wp-content\/uploads\/2025\/06\/1000009021-771x1024.jpg 771w, https:\/\/hubertpietka.bialystok.pl\/wp-content\/uploads\/2025\/06\/1000009021-226x300.jpg 226w, https:\/\/hubertpietka.bialystok.pl\/wp-content\/uploads\/2025\/06\/1000009021-768x1021.jpg 768w, https:\/\/hubertpietka.bialystok.pl\/wp-content\/uploads\/2025\/06\/1000009021-1156x1536.jpg 1156w, https:\/\/hubertpietka.bialystok.pl\/wp-content\/uploads\/2025\/06\/1000009021.jpg 1204w\" sizes=\"auto, (max-width: 771px) 100vw, 771px\" \/><\/a><\/figure>\n\n\n\n<p><em>Na zdj. A cz\u0142owiek chcia\u0142by tylko<br>\u017by\u0107 tak zwanie spokojnie normalnie<br>A musi wyt\u0119\u017ca\u0107 wszelkie si\u0142y<br>By to z\u0142o szata\u0144skie bandyckie<br>Nas i \u015bwiata nie zatopi\u0142o<br>A tu krzy\u017c krucyfiks<br>W ko\u015bciele w Zab\u0142udowie<br>Bardzo dla mnie wymowny<br>Bo mi przypomina cz\u0142owieka zm\u0119czonego<br>Przez systemy z\u0142a<br>I nawet lody tam przecie\u017c<br>Dla wszystkich mog\u0105 by\u0107 dobre<br>A dla nas maj\u0105 by\u0107<br>Tak zatrute<br>I tak jest ze wszystkim<br>Co nas dotyczy<br>U tych szata\u0144skich totalnie bandyt\u00f3w<\/em><\/p>\n\n\n\n<p>(Mo\u017ce recept\u0105 by tu by\u0142a<br>Zielona *<strong>her-bata<\/strong>* chi\u0144ska<br>Cho\u0107by te\u017c z *<strong>im-birem<\/strong>*<br>By zapomnie\u0107 o tym<br>Systemie totalnego z\u0142a<br>Kt\u00f3ry nieustannie zasadza si\u0119<br>Na nas naszych i nasze<br>*<strong>Her<\/strong>* Maryi jej *<strong>bat<\/strong>*<br>Na ten z\u0142owrogi nienawistny \u015bwiat<br>Niepopularne stwierdzenie ale w sensie<br>Tak zwanych eschatologicznych porusze\u0144<br>Tak to trzeba czyta\u0107<br>Bo\u017ca nadzieja przeciwko *<strong>im zbirom<\/strong>*)<\/p>\n","protected":false},"excerpt":{"rendered":"<p>Lubicie *kawk\u0119* ranoI chocia\u017c jest w defensywieDobra literaturaW\u0142a\u015bnie *Kafka* opisa\u0142Walk\u0119 ca\u0142ego z\u0142owrogiego systemuZe zwyk\u0142ym cz\u0142owiekiem Jeszcze 25 lat temuChyba bym nie uwierzy\u0142Jak by mi kto\u015b&hellip; <\/p>\n","protected":false},"author":1,"featured_media":0,"parent":0,"menu_order":0,"comment_status":"closed","ping_status":"closed","template":"","meta":{"footnotes":""},"class_list":["post-9388","page","type-page","status-publish","hentry"],"_links":{"self":[{"href":"https:\/\/hubertpietka.bialystok.pl\/index.php?rest_route=\/wp\/v2\/pages\/9388","targetHints":{"allow":["GET"]}}],"collection":[{"href":"https:\/\/hubertpietka.bialystok.pl\/index.php?rest_route=\/wp\/v2\/pages"}],"about":[{"href":"https:\/\/hubertpietka.bialystok.pl\/index.php?rest_route=\/wp\/v2\/types\/page"}],"author":[{"embeddable":true,"href":"https:\/\/hubertpietka.bialystok.pl\/index.php?rest_route=\/wp\/v2\/users\/1"}],"replies":[{"embeddable":true,"href":"https:\/\/hubertpietka.bialystok.pl\/index.php?rest_route=%2Fwp%2Fv2%2Fcomments&post=9388"}],"version-history":[{"count":1,"href":"https:\/\/hubertpietka.bialystok.pl\/index.php?rest_route=\/wp\/v2\/pages\/9388\/revisions"}],"predecessor-version":[{"id":9390,"href":"https:\/\/hubertpietka.bialystok.pl\/index.php?rest_route=\/wp\/v2\/pages\/9388\/revisions\/9390"}],"wp:attachment":[{"href":"https:\/\/hubertpietka.bialystok.pl\/index.php?rest_route=%2Fwp%2Fv2%2Fmedia&parent=9388"}],"curies":[{"name":"wp","href":"https:\/\/api.w.org\/{rel}","templated":true}]}}