{"id":9392,"date":"2025-06-16T16:53:37","date_gmt":"2025-06-16T16:53:37","guid":{"rendered":"https:\/\/hubertpietka.bialystok.pl\/?page_id=9392"},"modified":"2025-06-16T16:53:37","modified_gmt":"2025-06-16T16:53:37","slug":"ona-i-tylko-ona-definitywnie-w-bogu","status":"publish","type":"page","link":"https:\/\/hubertpietka.bialystok.pl\/?page_id=9392","title":{"rendered":"Ona i tylko ona \/ definitywnie w Bogu"},"content":{"rendered":"\n<p>To ona odnalaz\u0142a mnie<br>Gdy by\u0142em prawie na dnie<br>Bez \u015brodk\u00f3w do \u017cycia prawie<br>I bez \u017cadnych perspektyw<br>Gdy opu\u015bcili mnie chyba wszyscy<br>Dlatego nawet je\u015bli<br>Mi\u0119dzy nami bywaj\u0105 jakie\u015b nieporozumienia<br>Czy jakie\u015b b\u0142\u0119dy<br>To to jest bez znaczenia<br>Bo ona bardzo umi\u0142owa\u0142a<br>A mi\u0142o\u015b\u0107 zakrywa wszelkie s\u0142abo\u015bci<br>A ponad to nad nami<br>Bo\u017ca piecz\u0119\u0107 sakramentu ma\u0142\u017ce\u0144stwa<br>Dlatego nigdy jej nie odpuszcz\u0119<br>A za szata\u0144stwa bandyckie<br>Zap\u0142ac\u0105 wszyscy \u015bwiat ten ca\u0142y<br>I za zgod\u0119 na ich<br>K\u0142amstwa i przemoc zbrodni zar\u00f3wno<\/p>\n\n\n\n<p>A wy gwiazdy r\u00f3\u017cne<br>Jakie\u017c mo\u017cecie mie\u0107 wobec mnie<br>I zas\u0142ugi wszelkie<br>\u017be chcecie spija\u0107 nektar<br>Wszelkich \u015bmiertelnych trud\u00f3w naszych<br>\u017be nam co\u015b po\u017cyczy\u0142y\u015bcie<br>Jak ta klocia ca\u0142a<br>B\u00f3g m\u00f3wi po\u017cyczajcie<br>Skoro jest niby chrze\u015bcijank\u0105<br>To czemu spodziewa si\u0119<br>Jakich\u015b u mnie urojonych chyba<br>Za to zas\u0142ug r\u00f3\u017cnych<br>B\u00f3g jej zap\u0142aci<br>A my te\u017c zwraca\u0107 si\u0119<br>Staramy zawsze nasze d\u0142ugi<br>Nie maj\u0105 u mnie<br>\u017badne gwiazdy zas\u0142ug \u017cadnych<br>&#8222;Nie widz\u0119 ich w swych<br>Marzeniach&#8221; jak klasyk \u015bpiewa\u0142<\/p>\n\n\n\n<p>( <strong><em><a href=\"https:\/\/youtu.be\/02-5AnJXSHQ\">Marek Piekarczyk &#8211; Nie widz\u0119 ciebie w swych marzeniach \/ \u0179r\u00f3d\u0142o<\/a><\/em><\/strong> )<\/p>\n\n\n\n<p>I \u017ce ja jestem niby<br>Pedziem ukrytym albo nieu\u015bwiadomionym<br>To chyba was poje(ch)a\u0142o<br>\u017be ja nie wiem<br>Kim jestem i jakie te\u017c<br>Mam preferencje<br>Albo \u017ce nim b\u0119d\u0119<br>Pr\u0119dzej umr\u0119 ni\u017c si\u0119 dopuszcz\u0119<br>Czego\u015b tak dla mnie obrzydliwego<br>Podobnie z pedofili\u0105 zreszt\u0105<br>Szatan najch\u0119tniej k\u0142amstwem uderza<br>W czysto\u015b\u0107 i wszelacy<br>Pod\u0142ug jego nieczysto\u015bci tak\u017ce<\/p>\n\n\n\n<p>Wiem \u017ce tym samym<br>Wystawiam si\u0119 na razy<br>R\u00f3\u017cnych bydlak\u00f3w jak cho\u0107by tam<br>Ta podwija czy tu<br>Wykolejeni r\u00f3\u017cni czy szemrz\u0105cy zajadle<br>I na prze\u015bladowania tych<br>Bandyckich misi\u00f3w i innych s\u0142u\u017calc\u00f3w<br>Bandyckiego systemu totalno\u015bci z\u0142a<br>No trudno ufam<br>\u017be z Bo\u017c\u0105 pomoc\u0105<br>Przetrzymamy wszelkie szata\u0144stwa kogokolwiek<\/p>\n\n\n\n<figure class=\"wp-block-gallery has-nested-images columns-default is-cropped wp-block-gallery-1 is-layout-flex wp-block-gallery-is-layout-flex\">\n<figure class=\"wp-block-image size-large\"><a href=\"https:\/\/hubertpietka.bialystok.pl\/wp-content\/uploads\/2025\/06\/1000009184.jpg\"><img loading=\"lazy\" decoding=\"async\" width=\"771\" height=\"1024\" data-id=\"9393\" src=\"https:\/\/hubertpietka.bialystok.pl\/wp-content\/uploads\/2025\/06\/1000009184-771x1024.jpg\" alt=\"\" class=\"wp-image-9393\" srcset=\"https:\/\/hubertpietka.bialystok.pl\/wp-content\/uploads\/2025\/06\/1000009184-771x1024.jpg 771w, https:\/\/hubertpietka.bialystok.pl\/wp-content\/uploads\/2025\/06\/1000009184-226x300.jpg 226w, https:\/\/hubertpietka.bialystok.pl\/wp-content\/uploads\/2025\/06\/1000009184-768x1021.jpg 768w, https:\/\/hubertpietka.bialystok.pl\/wp-content\/uploads\/2025\/06\/1000009184-1156x1536.jpg 1156w, https:\/\/hubertpietka.bialystok.pl\/wp-content\/uploads\/2025\/06\/1000009184.jpg 1204w\" sizes=\"auto, (max-width: 771px) 100vw, 771px\" \/><\/a><\/figure>\n<\/figure>\n\n\n\n<p>Na zdj. Grafika kogo\u015b z warszawskiej ASP<br>Na wystawie student\u00f3w i absolwent\u00f3w<br>Kogo przepraszam nie wiem<br>Ale wymowna wystarczaj\u0105ca<br>W obliczu szata\u0144stw tego bandyctwa<br>I im podobnych wszelkich<\/p>\n\n\n\n<p><em>Nieustannie d\u0105\u017c\u0105 do zbrodni<br>Szata\u0144scy bandyci i pod\u0142ug nich<br>Do zbrodni na niewinnych<br>Jak w przypadku \u017cony<br>Bo jedyn\u0105 jej win\u0105 jest<br>\u017be mnie umi\u0142owa\u0142a<br>I trwa w mi\u0142o\u015bci Bo\u017cej<br>A \u017ce maj\u0105 wszelkie \u015brodki<br>Szata\u0144skiej przemocy w swej<br>Nieczystej \u0142apie bandyckiej<br>Co do \u015bmierci zniewolenia zniszczenia<br>Zar\u00f3wno jej jak i mnie<br>Nas naszego i naszych<br>To i c\u00f3\u017c<br>Nasz\u0105 pomoc\u0105 jest B\u00f3g<br>Wspom\u00f3\u017c zawsze wspomagaj Panie<\/em><\/p>\n\n\n\n<p class=\"has-text-align-right\"><strong><em><a href=\"https:\/\/youtu.be\/qCLMVxTNr5M\">Oddzia\u0142 Zamkni\u0119ty &#8211; Gdyby nie Ty<\/a><\/em><\/strong><\/p>\n","protected":false},"excerpt":{"rendered":"<p>To ona odnalaz\u0142a mnieGdy by\u0142em prawie na dnieBez \u015brodk\u00f3w do \u017cycia prawieI bez \u017cadnych perspektywGdy opu\u015bcili mnie chyba wszyscyDlatego nawet je\u015bliMi\u0119dzy nami bywaj\u0105 jakie\u015b nieporozumieniaCzy&hellip; <\/p>\n","protected":false},"author":1,"featured_media":0,"parent":0,"menu_order":0,"comment_status":"closed","ping_status":"closed","template":"","meta":{"footnotes":""},"class_list":["post-9392","page","type-page","status-publish","hentry"],"_links":{"self":[{"href":"https:\/\/hubertpietka.bialystok.pl\/index.php?rest_route=\/wp\/v2\/pages\/9392","targetHints":{"allow":["GET"]}}],"collection":[{"href":"https:\/\/hubertpietka.bialystok.pl\/index.php?rest_route=\/wp\/v2\/pages"}],"about":[{"href":"https:\/\/hubertpietka.bialystok.pl\/index.php?rest_route=\/wp\/v2\/types\/page"}],"author":[{"embeddable":true,"href":"https:\/\/hubertpietka.bialystok.pl\/index.php?rest_route=\/wp\/v2\/users\/1"}],"replies":[{"embeddable":true,"href":"https:\/\/hubertpietka.bialystok.pl\/index.php?rest_route=%2Fwp%2Fv2%2Fcomments&post=9392"}],"version-history":[{"count":1,"href":"https:\/\/hubertpietka.bialystok.pl\/index.php?rest_route=\/wp\/v2\/pages\/9392\/revisions"}],"predecessor-version":[{"id":9394,"href":"https:\/\/hubertpietka.bialystok.pl\/index.php?rest_route=\/wp\/v2\/pages\/9392\/revisions\/9394"}],"wp:attachment":[{"href":"https:\/\/hubertpietka.bialystok.pl\/index.php?rest_route=%2Fwp%2Fv2%2Fmedia&parent=9392"}],"curies":[{"name":"wp","href":"https:\/\/api.w.org\/{rel}","templated":true}]}}