{"id":9396,"date":"2025-06-17T10:01:06","date_gmt":"2025-06-17T10:01:06","guid":{"rendered":"https:\/\/hubertpietka.bialystok.pl\/?page_id=9396"},"modified":"2025-06-17T10:04:01","modified_gmt":"2025-06-17T10:04:01","slug":"anety-im-ie-niny-wbrew-im-jej-mieni-sie-imie","status":"publish","type":"page","link":"https:\/\/hubertpietka.bialystok.pl\/?page_id=9396","title":{"rendered":"Anety *im-ie-niny* \/wbrew\u00a0 *im jej mieni* si\u0119 imi\u0119 &#8211; srebrzy\u015bcie"},"content":{"rendered":"\n<p>Dzi\u015b imieniny Anety<br>\u017bony mojej prawdziwej polskiej kobiety<br>Kt\u00f3ra w wierno\u015bci czystej<br>Przeciwstawia si\u0119 ca\u0142emu z\u0142u \u015bwiata<br>I jego ob\u0142udzie<\/p>\n\n\n\n<p>Niech za ni\u0105 Zdrowa\u015b *<strong>zm\u00f3wi\u0105<\/strong>*<br>Ci kt\u00f3rzy nie uczestnicz\u0105<br>W tej ca\u0142ej *<strong>zmowie<\/strong>* bandyckiej<br>Przeciwko nam i przeciwko niej<br>Ci kt\u00f3rzy maj\u0105 intencje czyste<br>A nie szemrane naszym kosztem<br>Cen\u0105 jej \u015bmierci zniewolenia mego<br>Dobr\u0105 wol\u0119 weryfikuje si\u0119<br>Na pewno nie kosztem<br>Z\u0142a dla kogo\u015b<br>By potem czerpa\u0107 z tego<br>R\u00f3\u017cne bezwzgl\u0119dne korzy\u015bci<\/p>\n\n\n\n<p>Jak\u017ce wys\u0142awi\u0119 jej imi\u0119<br>Bliskie jak imi\u0119 Maryi<br>Bo w naszym wsp\u00f3lnym trudzie<br>W po\u015bwi\u0119ceniach troskach i znoju codziennym<br>Wbrew nienawistnej z\u0142owrogiej woli wszelkiej<br>Realizuje si\u0119 w Bogu trwanie<br>Pod\u0142ug naj\u015bwi\u0119tszych wytycznych sakramentu ma\u0142\u017ce\u0144stwa<br>I dzieje si\u0119 tak wbrew<br>Tej ca\u0142ej z\u0142o\u015bci szata\u0144skiej<br>Mimo wszystko a mo\u017ce<br>I w\u0142a\u015bnie dlatego<\/p>\n\n\n\n<p class=\"has-text-align-right\"><strong><em><a href=\"https:\/\/youtu.be\/-EPLnwmhlyM?si=_pI6i_OaP6fTTteU\">List je\u0144ca \/ ko\u0142ysanka &#8211; WAPP<\/a><\/em><\/strong><\/p>\n\n\n\n<p>&#8222;W tyglu wytapia si\u0119 z\u0142oto&#8221;<br>I moja \u017cona to potwierdza<br>Zarysowuje si\u0119 jej posta\u0107<br>Coraz pi\u0119kniej w\u0142a\u015bnie w obliczu<br>Tych wszystkich zbrodniczych k\u0142amliwych nacisk\u00f3w<br>Bandyt\u00f3w i im podobnych<br>W z\u0142ych dla nas d\u0105\u017ceniach<br>Pod pozorem niby dobra wi\u0119kszego<\/p>\n\n\n\n<figure class=\"wp-block-image size-large\"><a href=\"https:\/\/hubertpietka.bialystok.pl\/wp-content\/uploads\/2025\/06\/1000009215.jpg\"><img loading=\"lazy\" decoding=\"async\" width=\"771\" height=\"1024\" src=\"https:\/\/hubertpietka.bialystok.pl\/wp-content\/uploads\/2025\/06\/1000009215-771x1024.jpg\" alt=\"\" class=\"wp-image-9397\" srcset=\"https:\/\/hubertpietka.bialystok.pl\/wp-content\/uploads\/2025\/06\/1000009215-771x1024.jpg 771w, https:\/\/hubertpietka.bialystok.pl\/wp-content\/uploads\/2025\/06\/1000009215-226x300.jpg 226w, https:\/\/hubertpietka.bialystok.pl\/wp-content\/uploads\/2025\/06\/1000009215-768x1021.jpg 768w, https:\/\/hubertpietka.bialystok.pl\/wp-content\/uploads\/2025\/06\/1000009215-1156x1536.jpg 1156w, https:\/\/hubertpietka.bialystok.pl\/wp-content\/uploads\/2025\/06\/1000009215.jpg 1204w\" sizes=\"auto, (max-width: 771px) 100vw, 771px\" \/><\/a><\/figure>\n\n\n\n<p>Na zdj. Z obraz\u00f3w student\u00f3w\/absolwent\u00f3w warszawskiej ASP<\/p>\n\n\n\n<p><em>Pozdrawiam wszystkich kt\u00f3rzy nam<br>Dobrze \u017cycz\u0119 na prawd\u0119<br>Nie kosztem z\u0142a dla nas<br>Jakiegokolwiek zreszt\u0105<br>A my funkcjonujemy ju\u017c razem<br>Nie rozdzielnie przez Bo\u017cy sakrament<br>Realizowany w czysto\u015bci i prawdzie<\/em><\/p>\n","protected":false},"excerpt":{"rendered":"<p>Dzi\u015b imieniny Anety\u017bony mojej prawdziwej polskiej kobietyKt\u00f3ra w wierno\u015bci czystejPrzeciwstawia si\u0119 ca\u0142emu z\u0142u \u015bwiataI jego ob\u0142udzie Niech za ni\u0105 Zdrowa\u015b *zm\u00f3wi\u0105*Ci kt\u00f3rzy nie uczestnicz\u0105W tej&hellip; <\/p>\n","protected":false},"author":1,"featured_media":0,"parent":0,"menu_order":0,"comment_status":"closed","ping_status":"closed","template":"","meta":{"footnotes":""},"class_list":["post-9396","page","type-page","status-publish","hentry"],"_links":{"self":[{"href":"https:\/\/hubertpietka.bialystok.pl\/index.php?rest_route=\/wp\/v2\/pages\/9396","targetHints":{"allow":["GET"]}}],"collection":[{"href":"https:\/\/hubertpietka.bialystok.pl\/index.php?rest_route=\/wp\/v2\/pages"}],"about":[{"href":"https:\/\/hubertpietka.bialystok.pl\/index.php?rest_route=\/wp\/v2\/types\/page"}],"author":[{"embeddable":true,"href":"https:\/\/hubertpietka.bialystok.pl\/index.php?rest_route=\/wp\/v2\/users\/1"}],"replies":[{"embeddable":true,"href":"https:\/\/hubertpietka.bialystok.pl\/index.php?rest_route=%2Fwp%2Fv2%2Fcomments&post=9396"}],"version-history":[{"count":3,"href":"https:\/\/hubertpietka.bialystok.pl\/index.php?rest_route=\/wp\/v2\/pages\/9396\/revisions"}],"predecessor-version":[{"id":9401,"href":"https:\/\/hubertpietka.bialystok.pl\/index.php?rest_route=\/wp\/v2\/pages\/9396\/revisions\/9401"}],"wp:attachment":[{"href":"https:\/\/hubertpietka.bialystok.pl\/index.php?rest_route=%2Fwp%2Fv2%2Fmedia&parent=9396"}],"curies":[{"name":"wp","href":"https:\/\/api.w.org\/{rel}","templated":true}]}}