{"id":9402,"date":"2025-06-20T07:00:14","date_gmt":"2025-06-20T07:00:14","guid":{"rendered":"https:\/\/hubertpietka.bialystok.pl\/?page_id=9402"},"modified":"2025-06-20T07:00:14","modified_gmt":"2025-06-20T07:00:14","slug":"obnazanie-sie-bandytow-szatanskiego-zla-wskazuje-niezbicie-na-wazkosc-nas","status":"publish","type":"page","link":"https:\/\/hubertpietka.bialystok.pl\/?page_id=9402","title":{"rendered":"Obna\u017canie si\u0119 bandyt\u00f3w szata\u0144skiego z\u0142a \/ wskazuje niezbicie na wa\u017cko\u015b\u0107 nas"},"content":{"rendered":"\n<p>Dzi\u015b \u015bw. Jana z *<strong>Mat-era<\/strong>*<br>A wi\u0119c *<strong>mat teraz<\/strong>*<\/p>\n\n\n\n<p>Je\u015bli wiem \u017ce jakie\u015b<br>Wok\u00f3\u0142 mnie zamieszanie jest<br>Czymkolwiek zreszt\u0105 spowodowane<br>I nie tylko lokalne<br>To paradoksalnie po tych wszystkich<br>Dzia\u0142aniach bandyckich i wszelakich pod\u0142ug nich<br>Bo takie nat\u0119\u017cenie z\u0142a<br>Kt\u00f3re oni pr\u00f3buj\u0105 czyni\u0107 nieustannie<br>Nam naszemu i naszym<br>Z tysi\u0105c chyba razy<br>I to ka\u017cdego dnia<br>W\u0142a\u015bnie ich kompromituje<br>\u017be jest co\u015b na rzeczy<br>I B\u00f3g to potwierdza tak\u017ce<br>Jakikolwiek zreszt\u0105 jest pow\u00f3d<br>Tego ca\u0142ego zamieszania<br>Ale na pewno nie jest<br>To rzecz ma\u0142a<br>Bo nie by\u0142oby takiego<br>Wobec nas nasilenia z\u0142a szata\u0144skiego<\/p>\n\n\n\n<p>Wi\u0119c je\u015bli w oczach szata\u0144skich<br>Dobro kompromituje ludzi wobec nas<br>To co z t\u0105 drug\u0105<br>Stron\u0105 medalu z\u0142a bandyckiego wszelkiego<br>Oni sami si\u0119 skompromitowali<br>I kompromituj\u0105 dnia ka\u017cdego<br>I je\u015bli za dobro<br>Ma \u015bmier\u0107 grozi\u0107<br>To co ze z\u0142em<br>Kt\u00f3re kompromituje si\u0119 jeszcze bardziej<\/p>\n\n\n\n<p>I inna strona kompromitacji bandyckiej<br>I tego ca\u0142ego z\u0142a szata\u0144skiego<br>To te niewinne ofiary<br>Barbarzy\u0144stwa wsp\u00f3\u0142czesnego pewnie bandyckiego<br>Bo to raczej nie jest<br>I przypadkowe \u017ce nasilenie<br>Tych \u015bmierci m\u0119cze\u0144skich wsp\u00f3\u0142czesnych<br>Jest r\u00f3wnolegle do z\u0142a bandyckiego<br>Kt\u00f3re eskalowa\u0107 si\u0119 chce<br>Wobec nas naszego i naszych<br>To przebiega pararelnie w czasie<br>Wida\u0107 to cho\u0107by na cmentarzach<\/p>\n\n\n\n<p>Tak\u017ce szata\u0144stwo z\u0142a bandyckiego<br>Kompromituje si\u0119 samo<br>I ich przy okazji<br>Bo dzi\u0119ki temu wiem<br>\u017be z\u0142o kt\u00f3re chc\u0105 czyni\u0107<br>Wobec nas naszego naszych<br>I to w spos\u00f3b ci\u0105g\u0142y<br>Od do\u015b\u0107 dawna nieustannie<br>Nie jest przypadkowe<br>Dzi\u0119ki temu wiem<br>\u017be oni s\u0105 kimkolwiek zreszt\u0105<br>By nie byli i \u017ce<br>Co\u015b jest du\u017cego na rzeczy<br>Wobec nas<br>Bo nie by\u0142oby tego ca\u0142ego<br>Bandyckiego i im podobnych z\u0142a<br>A B\u00f3g te\u017c to potwierdza<br>Wi\u0119c oni tym z\u0142em<br>Nieustannie kompromituj\u0105 samych siebie<br>I przy okazji chyba te\u017c<br>\u015awiat ten kt\u00f3ry<br>O tym wszystkim wie<\/p>\n\n\n\n<p>I je\u015bli ja jestem<br>Pod\u0142ug ich k\u0142amstw szata\u0144skich<br>Tak nie\u015bwiadomy<br>To sk\u0105d wiem<br>O tym wszystkim niby<br>I nie\u015bwiadomo\u015b\u0107 moja polega niby<br>Na obronie cho\u0107by \u017cony<br>Przed ich z\u0142em szata\u0144skim nieustannym<br>Cho\u0107 przez to siebie nara\u017cam<br>A tak naprawd\u0119 pasuje<br>To im by z\u0142o czyni\u0107<br>Niejako nam r\u00f3wnolegle<br>&#8222;Na jednym ogniu upiec te dwie pieczenie&#8221;<br>Ale dzi\u0119ki temu wiem<br>Jak kompromituje si\u0119 z\u0142o szata\u0144skie<br>Ka\u017cdego dnia chyba<br>Pr\u00f3buj\u0105 przecie\u017c ci bandyci<br>I wszelcy w z\u0142o\u015bci nienawistnej<br>Nam naszemu i naszym<br>Z\u0142o r\u00f3\u017cne czyni\u0107<br>A czy kto\u015b nie\u015bwiadomy<br>Nara\u017ca\u0142by si\u0119 cho\u0107by zdecydowanie<br>I to dnia ka\u017cdego chyba<br>Na r\u00f3\u017cne z\u0142a razy niepotrzebnie<br>Sami kompromituj\u0105 siebie ci bandyci<br>Przez z\u0142o kt\u00f3re perfidnie ob\u0142udnie<br>I z premedytacj\u0105 chc\u0105 czyni\u0107<br>Przez wszelkie zbrodnie i k\u0142amstwa<br>Kompromituj\u0105 siebie i szatana<br>Te\u017c przez przekraczanie granic przyzwoito\u015bci<br>W d\u0105\u017ceniach ku z\u0142u szata\u0144skiemu<\/p>\n\n\n\n<p>Wi\u0119c co oni powinni teraz<br>Z sob\u0105 zrobi\u0107 skoro niby<br>Ods\u0142oni\u0119cie si\u0119 wobec mnie<br>I cel\u00f3w \u015bwiatowych tego bandyctwa<br>Ma na kar\u0119 \u015bmierci zas\u0142ugiwa\u0107<br>Skoro oni i im podobni<br>Kompromituj\u0105 si\u0119 wobec mnie<br>I w Bogu i to<br>Wielokrotnie dnia ka\u017cdego<br>Mo\u017ce harakiri jakie\u015b bandyckie<br>Powinno by\u0107 ale oni przecie\u017c<br>Po \u0142ajdacku nie maj\u0105 honoru<br>Ten przepis im pasuje<br>Jak dzia\u0142a w jedn\u0105 stron\u0119<br>Przeciwko dobru i naszemu naszym<br>A w drug\u0105 stron\u0119<br>To ju\u017c nie przecie\u017c<br>Po bandycku szata\u0144sku ob\u0142udnie ob\u0142\u0119dnie<\/p>\n\n\n\n<figure class=\"wp-block-gallery has-nested-images columns-default is-cropped wp-block-gallery-1 is-layout-flex wp-block-gallery-is-layout-flex\">\n<figure class=\"wp-block-image size-large\"><a href=\"https:\/\/hubertpietka.bialystok.pl\/wp-content\/uploads\/2025\/06\/1000009687.jpg\"><img loading=\"lazy\" decoding=\"async\" width=\"1024\" height=\"771\" data-id=\"9403\" src=\"https:\/\/hubertpietka.bialystok.pl\/wp-content\/uploads\/2025\/06\/1000009687-1024x771.jpg\" alt=\"\" class=\"wp-image-9403\" srcset=\"https:\/\/hubertpietka.bialystok.pl\/wp-content\/uploads\/2025\/06\/1000009687-1024x771.jpg 1024w, https:\/\/hubertpietka.bialystok.pl\/wp-content\/uploads\/2025\/06\/1000009687-300x226.jpg 300w, https:\/\/hubertpietka.bialystok.pl\/wp-content\/uploads\/2025\/06\/1000009687-768x578.jpg 768w, https:\/\/hubertpietka.bialystok.pl\/wp-content\/uploads\/2025\/06\/1000009687-1536x1156.jpg 1536w, https:\/\/hubertpietka.bialystok.pl\/wp-content\/uploads\/2025\/06\/1000009687.jpg 1600w\" sizes=\"auto, (max-width: 1024px) 100vw, 1024px\" \/><\/a><\/figure>\n<\/figure>\n\n\n\n<p>Na zdj. Dyptyk na wystawie warszawskiego ASP<\/p>\n\n\n\n<p><em>\u015aw. Jerzy walcz\u0105cy ze smokiem <br>To bandyctwu i im podobni<br>To smok wielog\u0142owy kt\u00f3ry pr\u00f3buje<br>Uderza\u0107 w nas naszych nasze<br>Wielokrotnie nieustannie i na wszelkie mo\u017cliwe sposoby<br>A skoro niby ma si\u0119<br>Kompromitowa\u0107 dobro i dobrzy<br>Pod kar\u0105 \u015bmierci bandyck\u0105<br>To w drug\u0105 stron\u0119<br>To ju\u017c nie dzia\u0142a<br>Ze z\u0142a kompromitacj\u0105<br>I tych kt\u00f3rzy je czyni\u0105<br>Bo tak pasuje to bandytom<br>By dzia\u0142a\u0142o wszystko przeciwko nam<br>Cho\u0107 na podstawie<br>Tego samego przepisy przecie\u017c<br>Oni kompromituj\u0105 si\u0119 nieustannie ca\u0142kowicie<br>Oni i im podobni wszelacy<br>Ale przecie\u017c z\u0142o mo\u017cna<br>Czyni\u0107 nam naszemu i naszym<br>A za dobro najlepiej p\u0142aci\u0107<br>Bandyck\u0105 \u015bmierci\u0105<br>Tak totalnie ob\u0142udni szata\u0144sko<br>S\u0105 ci bandycie i pod\u0142ug<br>Nich zreszt\u0105 wszelacy wszyscy<br>A to nie dzi\u0119ki<br>Dobru i dobrym wiem<br>\u017be co\u015b jest na rzeczy<br>Ze mn\u0105 w tym \u015bwiecie<br>Lecz w\u0142a\u015bnie paradoksalnie dzi\u0119ki<br>Temu z\u0142u szata\u0144skiemu bandyckiemu<br>Kt\u00f3re obna\u017ca si\u0119 wobec nas<br>Ka\u017cdego dnia w d\u0105\u017ceniach<br>Ku \u015bmierci zniewoleniu gwa\u0142tom zniszczeniu<br>Na nas naszych i naszym<br>Ale przecie\u017c nie tylko<br>I te\u017c zapewne bardzo<br>Nie\u015bwiadomy jestem skoro to wiem<br>A raczej ta niby<br>Moja nie\u015bwiadomo\u015b\u0107 rzekoma ma s\u0142u\u017cy\u0107<br>Oczywi\u015bcie dalszej eskalacji z\u0142a szata\u0144skiego<br>Tych bandyt\u00f3w i wszelkich<br>Wsp\u00f3\u0142pracuj\u0105cych z nimi<br>Zobacz jaki szata\u0144ski bandycki paradoks<br>Z\u0142o mo\u017cna nam czyni\u0107<br>Cho\u0107 to ich wszystkich obna\u017ca bezwzgl\u0119dnie<br>Ale dobra ju\u017c nie<br>Tak szata\u0144skie totalnie<br>To bandyctwo ca\u0142e<br>I wszelcy im podobni<br>W ka\u017cdym z\u0142u szata\u0144skim pod\u0142ym<\/em><\/p>\n\n\n\n<p><strong>Dobro jest naturalne dla dobrych<br>A z\u0142o kompromituje samo siebie<br>I tych kt\u00f3rzy je<br>Chc\u0105 czyni\u0107 nieustannie<br>I przy okazji obna\u017ca<br>To zamieszanie ca\u0142e wobec mnie<br>\u017be co\u015b du\u017cego<br>Jest na rzeczy w tym<br>B\u00f3g te\u017c to potwierdza zreszt\u0105<\/strong><\/p>\n","protected":false},"excerpt":{"rendered":"<p>Dzi\u015b \u015bw. Jana z *Mat-era*A wi\u0119c *mat teraz* Je\u015bli wiem \u017ce jakie\u015bWok\u00f3\u0142 mnie zamieszanie jestCzymkolwiek zreszt\u0105 spowodowaneI nie tylko lokalneTo paradoksalnie po tych wszystkichDzia\u0142aniach bandyckich&hellip; <\/p>\n","protected":false},"author":1,"featured_media":0,"parent":0,"menu_order":0,"comment_status":"closed","ping_status":"closed","template":"","meta":{"footnotes":""},"class_list":["post-9402","page","type-page","status-publish","hentry"],"_links":{"self":[{"href":"https:\/\/hubertpietka.bialystok.pl\/index.php?rest_route=\/wp\/v2\/pages\/9402","targetHints":{"allow":["GET"]}}],"collection":[{"href":"https:\/\/hubertpietka.bialystok.pl\/index.php?rest_route=\/wp\/v2\/pages"}],"about":[{"href":"https:\/\/hubertpietka.bialystok.pl\/index.php?rest_route=\/wp\/v2\/types\/page"}],"author":[{"embeddable":true,"href":"https:\/\/hubertpietka.bialystok.pl\/index.php?rest_route=\/wp\/v2\/users\/1"}],"replies":[{"embeddable":true,"href":"https:\/\/hubertpietka.bialystok.pl\/index.php?rest_route=%2Fwp%2Fv2%2Fcomments&post=9402"}],"version-history":[{"count":1,"href":"https:\/\/hubertpietka.bialystok.pl\/index.php?rest_route=\/wp\/v2\/pages\/9402\/revisions"}],"predecessor-version":[{"id":9404,"href":"https:\/\/hubertpietka.bialystok.pl\/index.php?rest_route=\/wp\/v2\/pages\/9402\/revisions\/9404"}],"wp:attachment":[{"href":"https:\/\/hubertpietka.bialystok.pl\/index.php?rest_route=%2Fwp%2Fv2%2Fmedia&parent=9402"}],"curies":[{"name":"wp","href":"https:\/\/api.w.org\/{rel}","templated":true}]}}