{"id":9406,"date":"2025-06-24T07:55:17","date_gmt":"2025-06-24T07:55:17","guid":{"rendered":"https:\/\/hubertpietka.bialystok.pl\/?page_id=9406"},"modified":"2025-06-24T07:55:17","modified_gmt":"2025-06-24T07:55:17","slug":"hieny-i-szakale-nieoczywiste-ale-tak-w-praktyce","status":"publish","type":"page","link":"https:\/\/hubertpietka.bialystok.pl\/?page_id=9406","title":{"rendered":"Hieny i szakale nieoczywiste \/ ale tak w praktyce"},"content":{"rendered":"\n<p>Bandyci jak to bandyci<br>Zawsze chc\u0105 nam z\u0142o czyni\u0107<br>Podobnie zadeklarowani pod\u0142ug nich<br>W z\u0142u szata\u0144skim dla nas<br>Ale s\u0105 tak\u017ce sytuacje nieoczywiste<br>Wszelkie zreszt\u0105 w kt\u00f3rych tak\u017ce<br>Bezpo\u015brednio lub rykoszetem<br>Chce nam si\u0119 czyni\u0107 zbrodnie<br>W r\u00f3\u017cnych miejscach przez r\u00f3\u017cnych<br>I na wszelkie sposoby<br>Tak\u017ce w sytuacjach nieoczywistych<br>Cho\u0107by socjalnych medycznych<br>Nam przecie\u017c pod\u0142ug bandyctwa<br>Nale\u017cy si\u0119 zawsze z\u0142o szata\u0144skie<\/p>\n\n\n\n<p>Ale tutaj chcia\u0142bym si\u0119 skupi\u0107<br>Na tak zwanych fa\u0142szywych chrze\u015bcijanach<br>W r\u00f3\u017cnych \u017cyciowych sytuacjach<br>Cho\u0107by ta gwiazda<br>Od kt\u00f3rej si\u0119 zacz\u0119\u0142a ch\u0119\u0107<br>Na grobie mojej \u017cony ta\u0144czenia<br>Nie dostrzega tego<br>\u017be to jest schizofrenia<br>By by\u0107 niby chrze\u015bcijaninem praktykuj\u0105cym<br>A jednocze\u015bnie czeka\u0107<br>Na \u015bmier\u0107 ma\u0142\u017conka by przej\u0105\u0107<br>Po nim sched\u0119<br>Wej\u015b\u0107 w jego miejsce<br>Nie widzi tego jako\u015b<br>\u017be zachowuje si\u0119 jak szakal<br>Czyhaj\u0105cy na \u015bmier\u0107 ofiary<br>I podpiera to jeszcze<br>Tym niby praktykuj\u0105cym chrze\u015bcija\u0144stwem ca\u0142ym<br>Podczas gdy to ca\u0142kowicie<br>Jest pod\u0142ug szatana i bandyt\u00f3w<br>Bo to woda jest oczywi\u015bcie<br>Na ich k\u0142amliwy m\u0142yn zbrodniczy<\/p>\n\n\n\n<p>Zreszt\u0105 mam gdzie\u015b wasze wszelkie<br>Castingi i rankingi<br>Dybi\u0105ce na mojej \u017cony miejsce<br>Nie b\u0119dzie nic z tego<\/p>\n\n\n\n<p>Ad. fa\u0142szywym chrze\u015bcijanom ci\u0105g dalszy<br>Nale\u017cy si\u0119 tu tak\u017ce<br>Ci kt\u00f3rzy niby pobo\u017cnie<br>Uczestnicz\u0105 w praktykach ko\u015bcio\u0142a<br>A jednocze\u015bnie dybi\u0105 na niewinnych<br>W zbrodniach morderstw<br>Nie ma chyba wi\u0119kszego szata\u0144stwa<br>Ni\u017c czyni\u0107 to w ko\u015bcio\u0142ach<br>Czy cho\u0107by komunikuj\u0105 oni<br>A jednocze\u015bnie chc\u0105 napada\u0107 niewinnych<br>Z przyczyn urojonych pod\u0142ug bandyctwa<br>Czy chc\u0105 ich wkr\u0119ca\u0107<br>W jakie\u015b kradzie\u017ce i k\u0142amstwa<br>Straszne to szata\u0144stwa<br>Bo niby przez wierz\u0105cych chrze\u015bcijan<br>Oni dok\u0142adaj\u0105 cegie\u0142ki nieprawo\u015bci zbrodniczej<br>Do nazywania ko\u015bcio\u0142\u00f3w &#8222;jaskiniami zb\u00f3jc\u00f3w&#8221;<br>Podobnie te pacyny<br>Kt\u00f3re z ambony g\u0142osz\u0105 r\u00f3\u017cne<br>Pokr\u0119tne \u017cmijowe mowy<br>Nie po to bynajmniej<br>By si\u0119 wstawia\u0107 za niewinnymi<br>Lecz by potwierdza\u0107 k\u0142amstwa bandyckie<br>I przyklaskiwa\u0107 ich wszelkim zbrodniom<br>\u017be o czczej pustocie<br>I perfidii parodii sakrament\u00f3w Bo\u017cych<br>Ju\u017c tu nawet nie wspomn\u0119<br>To wszystko jest szata\u0144stwo<br>Bardzo ob\u0142udne ob\u0142\u0119dne i pod\u0142e<br>Bo przekr\u0119caj\u0105ce istot\u0119 spraw Bo\u017cych<\/p>\n\n\n\n<p>Prosz\u0119 Ci\u0119 Panie o si\u0142y<br>Najpierw dla mojej \u017cony<br>Bo to wszystko uderza<br>Te\u017c w ni\u0105 bardzo mocno<br>A ma\u0142o mamy przyjaci\u00f3\u0142 prawdziwych<br>Zreszt\u0105 gdziekolwiek<br>Wspieraj j\u0105 w jej trudzie ka\u017cdym<br>Bo szata\u0144stwa wszelkie<br>Chyba na kroku ka\u017cdym<br>I to gdzie by\u015bmy<br>I nie byli<br>Tam zawsze pod\u0142ug tych bandyt\u00f3w<br>Ma si\u0119 nam z\u0142o szata\u0144skie<br>R\u00f3\u017cne czyni\u0107<br>Wspieraj Panie by\u015bmy przetrwali<br>Ten nawa\u0142 wszelkiego szata\u0144stwa<br>Tak\u017ce w miejscach i sytuacjach<br>Nieoczywistych tak zwanych<br>Cho\u0107by od fa\u0142szywych chrze\u015bcijan<br>I w r\u00f3\u017cnych plac\u00f3wkach<br>Kt\u00f3re przecie\u017c zdrowiu i \u017cyciu<br>Powinny s\u0142u\u017cy\u0107 a nie<br>Zbrodniom i k\u0142amstwom bandyctwa tego<\/p>\n\n\n\n<figure class=\"wp-block-gallery has-nested-images columns-default is-cropped wp-block-gallery-1 is-layout-flex wp-block-gallery-is-layout-flex\">\n<figure class=\"wp-block-image size-large\"><a href=\"https:\/\/hubertpietka.bialystok.pl\/wp-content\/uploads\/2025\/06\/1000009949.jpg\"><img loading=\"lazy\" decoding=\"async\" width=\"771\" height=\"1024\" data-id=\"9407\" src=\"https:\/\/hubertpietka.bialystok.pl\/wp-content\/uploads\/2025\/06\/1000009949-771x1024.jpg\" alt=\"\" class=\"wp-image-9407\" srcset=\"https:\/\/hubertpietka.bialystok.pl\/wp-content\/uploads\/2025\/06\/1000009949-771x1024.jpg 771w, https:\/\/hubertpietka.bialystok.pl\/wp-content\/uploads\/2025\/06\/1000009949-226x300.jpg 226w, https:\/\/hubertpietka.bialystok.pl\/wp-content\/uploads\/2025\/06\/1000009949-768x1021.jpg 768w, https:\/\/hubertpietka.bialystok.pl\/wp-content\/uploads\/2025\/06\/1000009949-1156x1536.jpg 1156w, https:\/\/hubertpietka.bialystok.pl\/wp-content\/uploads\/2025\/06\/1000009949.jpg 1204w\" sizes=\"auto, (max-width: 771px) 100vw, 771px\" \/><\/a><\/figure>\n<\/figure>\n\n\n\n<p><em>Na zdj. Przestrze\u0144 miejska z szatanami niejako<br>Tak mo\u017cna odczyta\u0107 ten obraz<br>Z wystawy na warszawskiej ASP<br>Tak oni pr\u00f3buj\u0105 robi\u0107 wszystko<br>Ci bandyci i im podobni<br>By wsz\u0119dzie dotyka\u0142o nas szata\u0144stwo<br>Bandyckich zbrodni i k\u0142amstw<br>A im podlejsze ob\u0142udniejsze<br>Tym wydaje si\u0119 lepiej<br>Pod\u0142ug tego totalnie szata\u0144skiego bandyctwa<br>I wszelakich nieumiarkowanych w z\u0142u<br>Dla nas naszych i naszego<br>Bo niekt\u00f3rzy to si\u0119<br>Tak zachowuj\u0105 jakby chu\u0107<br>D\u0105\u017cenia do zbrodni pod\u0142ug k\u0142amstw<br>By\u0142a najwa\u017cniejsza dla nich<br>Ca\u0142kowicie pod\u0142ug szatana<br>Mistrza perfidii zbrodni i k\u0142amstw<br>Z premedytacj\u0105 bestialsk\u0105<\/em><\/p>\n","protected":false},"excerpt":{"rendered":"<p>Bandyci jak to bandyciZawsze chc\u0105 nam z\u0142o czyni\u0107Podobnie zadeklarowani pod\u0142ug nichW z\u0142u szata\u0144skim dla nasAle s\u0105 tak\u017ce sytuacje nieoczywisteWszelkie zreszt\u0105 w kt\u00f3rych tak\u017ceBezpo\u015brednio lub rykoszetemChce&hellip; <\/p>\n","protected":false},"author":1,"featured_media":0,"parent":0,"menu_order":0,"comment_status":"closed","ping_status":"closed","template":"","meta":{"footnotes":""},"class_list":["post-9406","page","type-page","status-publish","hentry"],"_links":{"self":[{"href":"https:\/\/hubertpietka.bialystok.pl\/index.php?rest_route=\/wp\/v2\/pages\/9406","targetHints":{"allow":["GET"]}}],"collection":[{"href":"https:\/\/hubertpietka.bialystok.pl\/index.php?rest_route=\/wp\/v2\/pages"}],"about":[{"href":"https:\/\/hubertpietka.bialystok.pl\/index.php?rest_route=\/wp\/v2\/types\/page"}],"author":[{"embeddable":true,"href":"https:\/\/hubertpietka.bialystok.pl\/index.php?rest_route=\/wp\/v2\/users\/1"}],"replies":[{"embeddable":true,"href":"https:\/\/hubertpietka.bialystok.pl\/index.php?rest_route=%2Fwp%2Fv2%2Fcomments&post=9406"}],"version-history":[{"count":1,"href":"https:\/\/hubertpietka.bialystok.pl\/index.php?rest_route=\/wp\/v2\/pages\/9406\/revisions"}],"predecessor-version":[{"id":9408,"href":"https:\/\/hubertpietka.bialystok.pl\/index.php?rest_route=\/wp\/v2\/pages\/9406\/revisions\/9408"}],"wp:attachment":[{"href":"https:\/\/hubertpietka.bialystok.pl\/index.php?rest_route=%2Fwp%2Fv2%2Fmedia&parent=9406"}],"curies":[{"name":"wp","href":"https:\/\/api.w.org\/{rel}","templated":true}]}}