{"id":9410,"date":"2025-06-26T07:09:40","date_gmt":"2025-06-26T07:09:40","guid":{"rendered":"https:\/\/hubertpietka.bialystok.pl\/?page_id=9410"},"modified":"2025-06-26T07:09:40","modified_gmt":"2025-06-26T07:09:40","slug":"system-zla-totalnego-walczy-zawsze-z-niewinnymi-nienawisci-bozymi-dziecmi","status":"publish","type":"page","link":"https:\/\/hubertpietka.bialystok.pl\/?page_id=9410","title":{"rendered":"System z\u0142a totalnego walczy zawsze \/ z niewinnymi nienawi\u015bci Bo\u017cymi dzie\u0107mi"},"content":{"rendered":"\n<p>Jest taka miejscowo\u015b\u0107 *<strong>Mszczo-n\u00f3w<\/strong>*<br>Znam j\u0105 z pieszych pielgrzymek<br>Na Jasn\u0105 G\u00f3r\u0119<br>A z tym bandyctwem<br>To *<strong>mszcz\u0105 na nowo<\/strong>* ci\u0105gle<br>\u017bonie przeciwko m\u0119\u017cowi za pomoc<br>I na odwr\u00f3t<br>Mszcz\u0105 si\u0119 zreszt\u0105 chyba wsz\u0119dzie<br>Za wszystko takie to plemi\u0119<br>Jest *<strong>m-szcz\u0105ce<\/strong>* si\u0119 za wszystko<\/p>\n\n\n\n<p>A wczoraj chyba w sklepie<br>Mia\u0142em okazj\u0119 zobaczy\u0107 jednego<br>Z tych bandyt\u00f3w takiego typa<br>Kt\u00f3ry spojrza\u0142 z\u0142owrogo na sprzedawc\u0119<br>Nie wiem za co<br>Kiedy wchodzi\u0142 do sklepu<br>Warto tu przytoczy\u0107 k\u0142amstwo bandyckie<br>To najwi\u0119ksze \u017ce udaj\u0105<br>\u017be ich nie ma<br>Wobec mnie a za plecami<br>Mszcz\u0105 wsz\u0119dzie i z\u0142owrogo dzia\u0142aj\u0105<br>We wszystkim przeciw nam mnie<br>Udaj\u0105 \u017ce ich nie ma<br>A wsz\u0119dzie nam podkopuj\u0105<br>Grunt pod nogami<br>&#8222;Sami do do\u0142u tego wpadn\u0105&#8221;<br>Jak S\u0142owo Bo\u017ce m\u00f3wi<\/p>\n\n\n\n<p>A poza tym ca\u0142y<br>Bandycki system totalitarny przeciwko<br>Temu cz\u0142owiekowi i tym ludziom<br>Wszelkie s\u0142u\u017cby publiczne maj\u0105 judzi\u0107<br>Przeciwko tym niewinnym<br>Byleby si\u0119 sta\u0142o tylko<br>Pod\u0142ug po\u017c\u0105da\u0144 bandyckich<br>By zniewoli\u0107 tego m\u0119\u017ca<br>I prywatnych r\u00f3\u017cnych byleby uderza\u0107<br>Przewrotnie te\u017c w ten spos\u00f3b<br>Totalizm z\u0142a najlepiej przecie\u017c<br>Jak uderza wsz\u0119dzie<br>Szatanizm perfidny bandyctwa w pe\u0142ni<br>Przez wszystkich i wsz\u0119dzie<\/p>\n\n\n\n<p>Ale w sumie ju\u017c jest<br>Zwyci\u0119zc\u0105 ten cz\u0142owiek<br>Bo ca\u0142y system z\u0142a<br>Walczy przeciwko niemu<br>Temu ma\u0142emu przeciwko nim niewinnym<br>Ca\u0142y system z\u0142a sprzysi\u0105g\u0142 si\u0119<br>Przeciwko nam<br>Chocia\u017c my nic z\u0142ego<br>Nie zrobili\u015bmy ale Boga \u015bwiadkami<br>Przeciwko nim si\u0119 stali\u015bmy<br>W\u0142a\u015bnie z tego powodu<br>\u017be wszelkie z\u0142o zewsz\u0105d<br>Ma nas dopada\u0107 za nic<br>Za to tylko \u017ce<br>Si\u0119 bronimy \u017ce bronimy \u017cycia<br>Walczy z nami ta ca\u0142a<br>Bandycka cywilizacja zniewolenia i \u015bmierci<\/p>\n\n\n\n<figure class=\"wp-block-gallery has-nested-images columns-default is-cropped wp-block-gallery-1 is-layout-flex wp-block-gallery-is-layout-flex\">\n<figure class=\"wp-block-image size-large\"><a href=\"https:\/\/hubertpietka.bialystok.pl\/wp-content\/uploads\/2025\/06\/1000010361.jpg\"><img loading=\"lazy\" decoding=\"async\" width=\"1024\" height=\"771\" data-id=\"9411\" src=\"https:\/\/hubertpietka.bialystok.pl\/wp-content\/uploads\/2025\/06\/1000010361-1024x771.jpg\" alt=\"\" class=\"wp-image-9411\" srcset=\"https:\/\/hubertpietka.bialystok.pl\/wp-content\/uploads\/2025\/06\/1000010361-1024x771.jpg 1024w, https:\/\/hubertpietka.bialystok.pl\/wp-content\/uploads\/2025\/06\/1000010361-300x226.jpg 300w, https:\/\/hubertpietka.bialystok.pl\/wp-content\/uploads\/2025\/06\/1000010361-768x578.jpg 768w, https:\/\/hubertpietka.bialystok.pl\/wp-content\/uploads\/2025\/06\/1000010361.jpg 1130w\" sizes=\"auto, (max-width: 1024px) 100vw, 1024px\" \/><\/a><\/figure>\n<\/figure>\n\n\n\n<p><em>Na zdj. I tak B\u00f3g zwyci\u0119\u017cy a<br>Nawet ju\u017c zwyci\u0119\u017cy\u0142<br>Cokolwiek b\u0119dzie z nami<br>Czy ze mn\u0105<br>Bo ca\u0142y ten system z\u0142a<br>Z nami walczy<br>Na \u015bwiadectwo przeciwko nim<br>I dla was wszystkich<br>Walczy z dzie\u0107mi Bo\u017cymi niewinnymi<br>Tej szata\u0144skiej pod\u0142ej ob\u0142udnej nienawi\u015bci<br>B\u00f3g i tak zwyci\u0119\u017cy<br>Je\u015bli nie przez nasze \u017cycie<br>To przez \u015bmier\u0107 i ogie\u0144<br>Dla \u015bwiata tego<br>Bo nie chcia\u0142 przyj\u0105\u0107 \u015bwiadectwa<br>Niewinnych dzieci Bo\u017cych w walce<br>Z szata\u0144skim system z\u0142a<br>Eskalacji z\u0142owrogiej totalnej<\/em><\/p>\n\n\n\n<p class=\"has-text-align-right\"><strong><em><a href=\"https:\/\/youtu.be\/w5826_ID8ws\">Bajm &#8211; Modlitwa o z\u0142oty deszcz <\/a><\/em><\/strong><\/p>\n","protected":false},"excerpt":{"rendered":"<p>Jest taka miejscowo\u015b\u0107 *Mszczo-n\u00f3w*Znam j\u0105 z pieszych pielgrzymekNa Jasn\u0105 G\u00f3r\u0119A z tym bandyctwemTo *mszcz\u0105 na nowo* ci\u0105gle\u017bonie przeciwko m\u0119\u017cowi za pomocI na odwr\u00f3tMszcz\u0105 si\u0119 zreszt\u0105&hellip; <\/p>\n","protected":false},"author":1,"featured_media":0,"parent":0,"menu_order":0,"comment_status":"closed","ping_status":"closed","template":"","meta":{"footnotes":""},"class_list":["post-9410","page","type-page","status-publish","hentry"],"_links":{"self":[{"href":"https:\/\/hubertpietka.bialystok.pl\/index.php?rest_route=\/wp\/v2\/pages\/9410","targetHints":{"allow":["GET"]}}],"collection":[{"href":"https:\/\/hubertpietka.bialystok.pl\/index.php?rest_route=\/wp\/v2\/pages"}],"about":[{"href":"https:\/\/hubertpietka.bialystok.pl\/index.php?rest_route=\/wp\/v2\/types\/page"}],"author":[{"embeddable":true,"href":"https:\/\/hubertpietka.bialystok.pl\/index.php?rest_route=\/wp\/v2\/users\/1"}],"replies":[{"embeddable":true,"href":"https:\/\/hubertpietka.bialystok.pl\/index.php?rest_route=%2Fwp%2Fv2%2Fcomments&post=9410"}],"version-history":[{"count":1,"href":"https:\/\/hubertpietka.bialystok.pl\/index.php?rest_route=\/wp\/v2\/pages\/9410\/revisions"}],"predecessor-version":[{"id":9412,"href":"https:\/\/hubertpietka.bialystok.pl\/index.php?rest_route=\/wp\/v2\/pages\/9410\/revisions\/9412"}],"wp:attachment":[{"href":"https:\/\/hubertpietka.bialystok.pl\/index.php?rest_route=%2Fwp%2Fv2%2Fmedia&parent=9410"}],"curies":[{"name":"wp","href":"https:\/\/api.w.org\/{rel}","templated":true}]}}