{"id":9414,"date":"2025-06-27T14:10:45","date_gmt":"2025-06-27T14:10:45","guid":{"rendered":"https:\/\/hubertpietka.bialystok.pl\/?page_id=9414"},"modified":"2025-06-27T14:10:45","modified_gmt":"2025-06-27T14:10:45","slug":"66-kult-klamstwa-bozka-a-prawa-boze","status":"publish","type":"page","link":"https:\/\/hubertpietka.bialystok.pl\/?page_id=9414","title":{"rendered":"66 &#8211; kult k\u0142amstwa bo\u017cka \/ a prawa Bo\u017ce"},"content":{"rendered":"\n<p>&#8222;6&#8221; jak\u0105 g\u0142osz\u0105<br>I ka\u017c\u0105 jej oddawa\u0107<br>Cze\u015b\u0107 niby nale\u017cn\u0105 ci bandyci<br>Jest symbolem k\u0142amstw<br>A &#8222;66&#8221; to k\u0142amstwa<br>Do kwadratu s\u0105 przecie\u017c<br>W kt\u00f3re ka\u017c\u0105 wierzy\u0107<br>Podpieraj\u0105c podkre\u015blaj\u0105c to przemoc\u0105 wszelk\u0105<br>Totalitarnego \u015bwiata i totalno\u015bci z\u0142a<\/p>\n\n\n\n<p>&#8222;6&#8221; to w\u0105\u017c zakr\u0119cony k\u0142amstw<br>Kt\u00f3re oni uczynili podstaw\u0105 bytu<br>Parodia serca wyko\u015blawianie serca<br>Pokornego i czystego pych\u0105 nad\u0119t\u0105<br>I zadufaniem w sobie<br>I w \u017ar\u00f3d\u0142a przemocy wszelkiej<br>Kt\u00f3r\u0105 dysponuj\u0105 oni<br>I wszelcy im podobni<\/p>\n\n\n\n<p><strong>Parodia zw\u0142aszcza Naj\u015bwi\u0119tszego Serca Jezusowego<br>Wspominanego dzisiaj szczeg\u00f3lnie<br>Parodia szata\u0144ska jak wszystkie zreszt\u0105<br>Parodie prawdy czyli k\u0142amstwa partykularnie<br>Najlepiej ob\u0142\u0119dne ob\u0142udne i pod\u0142e<br>W kt\u00f3re ka\u017c\u0105 wierzy\u0107 przemoc\u0105<br>Im si\u0119 podporz\u0105dkowywa\u0107 tym k\u0142amstwom<\/strong><\/p>\n\n\n\n<p>Czy\u017c nie tak w\u0142a\u015bnie<br>Z tym wsp\u00f3\u0142czesnym m\u0119cze\u0144stwem barbarzy\u0144c\u00f3w<br>Tylu niewinnych istnie\u0144 ludzkich<br>Czuj\u0119 g\u0142\u0119boko \u017ce to jest<br>Oparte ta przemoc cywilizacji \u015bmierci<br>Bandyckiej na jakim\u015b k\u0142amstwie szata\u0144skim<br>I na pysze<br>Bo to idzie w parze<br>\u017be jedne istnienia ludzkie<br>S\u0105 lepsze od innych<br>I \u017ce mog\u0105 decydowa\u0107<br>O \u017cyciu kogo\u015b oni<br>Podobnie zreszt\u0105 z innymi aspektami<br>Cywilizacja \u015bmierci aborcj\u0105 eutanazj\u0105 itp<\/p>\n\n\n\n<p>Podobnie zreszt\u0105 z tym ma\u0142\u017ce\u0144stwem<br>Zabi\u0107 \u017con\u0119 a inna b\u0119dzie<br>Nie b\u0119dzie wbrew k\u0142amstwom bandyckim<br>Cho\u0107by po to w\u0142a\u015bnie<br>By da\u0107 tam\u0119 tej<br>Cywilizacji \u015bmierci szata\u0144skiej<br>Nawet je\u015bli to zako\u0144czy tzw. \u017cycie \u015bwiata<br>Nie mo\u017cna przekracza\u0107 pewnych granic<\/p>\n\n\n\n<p>Podobnie zreszt\u0105 z tym ca\u0142ym<br>Atakiem systemowym na formacj\u0119 rodzinn\u0105<br>Z t\u0105 ca\u0142\u0105 ideologi\u0105<br>Pustki i seksu kt\u00f3ra ma<br>Rozatomizowywa\u0107 tradycyjne poj\u0119cie rodziny<br>Poprzez kult bo\u017cka seksu przyjemno\u015bci<br>Kt\u00f3ry ustanowili po to w\u0142a\u015bnie<br>By m\u00f3c zniewala\u0107 ludzi<br>By zniszczy\u0107 w nich my\u015blenie<br>Wed\u0142ug warto\u015bci by \u0142atwo by\u0142o<br>Takimi lud\u017ami sterowa\u0107<br>Tak\u017ce ich antagonizowa\u0107 wobec tych<br>Kt\u00f3rzy strukturalnie my\u015bl\u0105 i \u017cyj\u0105<br>&#8222;6&#8221; czyli k\u0142amstwo<br>\u017be r\u00f3\u017cne zwi\u0105zki nieuporz\u0105dkowane moralnie<br>S\u0105 r\u00f3wne ma\u0142\u017ce\u0144stwu i rodzinie<br>Gender i tak dalej<br>\u017be ci s\u0105 lepsi<br>Od tych kt\u00f3rzy pojmuj\u0105 normalnie<br>&#8222;66&#8221; k\u0142amstwo pych\u0105 nad\u0119te<br>Kt\u00f3remu maj\u0105 s\u0142u\u017cy\u0107 przemocowe te\u017c<br>Przepisy prawne w formie cho\u0107by<br>S\u0142awetnej mowy nienawi\u015bci<br>W imi\u0119 kt\u00f3rej mo\u017cna<br>Nienawidzi\u0107 i z\u0142o czyni\u0107 tym<br>Kt\u00f3rzy nie zgadzaj\u0105 si\u0119<br>Z ideologicznym podporz\u0105dkowaniem \u015bwiata<br>K\u0142amstwu i przemocy<\/p>\n\n\n\n<p>I wszyscy maj\u0105 oddawa\u0107<br>Ho\u0142d tym bo\u017ckom k\u0142amstw<br>Bo inaczej spotka\u0107 ich mo\u017ce<br>Przemoc we wszelkich aspektach \u017cycia<br>Bo\u017cek cywilizacji \u015bmierci<br>Mo\u017ce przecie\u017c chcie\u0107 \u015bmierci\u0105 dotkn\u0105\u0107<br>Tych kt\u00f3rzy sprzeciwiaj\u0105 si\u0119<br>Jego k\u0142amstwom i pysze nad\u0119tej<br>Wed\u0142ug niego post\u0119puj\u0105cych<br>Podobnie zreszt\u0105 bo\u017cek seksu gender<br>Ma niszczy\u0107 wszystko<br>Co mu si\u0119 sprzeciwia<br>I tak system szata\u0144ski<br>Klamstw i przemocy si\u0119 zamyka<\/p>\n\n\n\n<figure class=\"wp-block-image size-large\"><a href=\"https:\/\/hubertpietka.bialystok.pl\/wp-content\/uploads\/2025\/06\/1000010490.jpg\"><img loading=\"lazy\" decoding=\"async\" width=\"771\" height=\"1024\" src=\"https:\/\/hubertpietka.bialystok.pl\/wp-content\/uploads\/2025\/06\/1000010490-771x1024.jpg\" alt=\"\" class=\"wp-image-9415\" srcset=\"https:\/\/hubertpietka.bialystok.pl\/wp-content\/uploads\/2025\/06\/1000010490-771x1024.jpg 771w, https:\/\/hubertpietka.bialystok.pl\/wp-content\/uploads\/2025\/06\/1000010490-226x300.jpg 226w, https:\/\/hubertpietka.bialystok.pl\/wp-content\/uploads\/2025\/06\/1000010490-768x1021.jpg 768w, https:\/\/hubertpietka.bialystok.pl\/wp-content\/uploads\/2025\/06\/1000010490-1156x1536.jpg 1156w, https:\/\/hubertpietka.bialystok.pl\/wp-content\/uploads\/2025\/06\/1000010490.jpg 1204w\" sizes=\"auto, (max-width: 771px) 100vw, 771px\" \/><\/a><\/figure>\n\n\n\n<p><strong>Na zdj. Obrazy wymowne na warszawskiej ASP<br>Trzeba je tylko odpowiednio czyta\u0107<br>W kluczy polemiki warto\u015bci Bo\u017cych<br>Z cywilizacj\u0105 k\u0142amstw \u015bmierci przemocy<\/strong><\/p>\n\n\n\n<p><em>A jednak ci kt\u00f3rzy poznali<br>I uwierzyli Bogu<br>Maj\u0105 platform\u0119 wewn\u0119trzn\u0105 kt\u00f3ra mo\u017ce<br>I powinna si\u0119 temu opiera\u0107<br>Cywilizacja \u015bmierci hedonizmu kultowi pieni\u0105dza<br>I w\u0142adzy co idzie te\u017c przecie\u017c za tym<br>Mog\u0105 to robi\u0107 i powinni<br>Bo tylko B\u00f3g daje w\u0142a\u015bciwy<br>Ogl\u0105d tych spraw i wywa\u017cenie<br>W ocenie antywarto\u015bci szata\u0144skich wszelkich<br>I trzeba si\u0119 temu oprze\u0107<br>Wbrew gro\u017c\u0105cej zewsz\u0105d przemocy<br>Jak cho\u0107by w stosunku<br>Tu do mnie zagro\u017cenia zniewoleniem<br>Ze strony chyba ka\u017cdej<br>I wszelk\u0105 przemoc\u0105 bandyck\u0105 szata\u0144sk\u0105<br>Wobec nas naszych i naszego<br>Bo tego wymaga kwintesencja zawierzenia<br>Spraw \u015bwiata prawom Boga<br>A nie bezprawiu szatana<br>I jego przemocy tudzie\u017c wszelkich<br>Post\u0119puj\u0105cych w jego znieprawionym duchu<\/em><\/p>\n","protected":false},"excerpt":{"rendered":"<p>&#8222;6&#8221; jak\u0105 g\u0142osz\u0105I ka\u017c\u0105 jej oddawa\u0107Cze\u015b\u0107 niby nale\u017cn\u0105 ci bandyciJest symbolem k\u0142amstwA &#8222;66&#8221; to k\u0142amstwaDo kwadratu s\u0105 przecie\u017cW kt\u00f3re ka\u017c\u0105 wierzy\u0107Podpieraj\u0105c podkre\u015blaj\u0105c to przemoc\u0105 wszelk\u0105Totalitarnego&hellip; <\/p>\n","protected":false},"author":1,"featured_media":0,"parent":0,"menu_order":0,"comment_status":"closed","ping_status":"closed","template":"","meta":{"footnotes":""},"class_list":["post-9414","page","type-page","status-publish","hentry"],"_links":{"self":[{"href":"https:\/\/hubertpietka.bialystok.pl\/index.php?rest_route=\/wp\/v2\/pages\/9414","targetHints":{"allow":["GET"]}}],"collection":[{"href":"https:\/\/hubertpietka.bialystok.pl\/index.php?rest_route=\/wp\/v2\/pages"}],"about":[{"href":"https:\/\/hubertpietka.bialystok.pl\/index.php?rest_route=\/wp\/v2\/types\/page"}],"author":[{"embeddable":true,"href":"https:\/\/hubertpietka.bialystok.pl\/index.php?rest_route=\/wp\/v2\/users\/1"}],"replies":[{"embeddable":true,"href":"https:\/\/hubertpietka.bialystok.pl\/index.php?rest_route=%2Fwp%2Fv2%2Fcomments&post=9414"}],"version-history":[{"count":1,"href":"https:\/\/hubertpietka.bialystok.pl\/index.php?rest_route=\/wp\/v2\/pages\/9414\/revisions"}],"predecessor-version":[{"id":9416,"href":"https:\/\/hubertpietka.bialystok.pl\/index.php?rest_route=\/wp\/v2\/pages\/9414\/revisions\/9416"}],"wp:attachment":[{"href":"https:\/\/hubertpietka.bialystok.pl\/index.php?rest_route=%2Fwp%2Fv2%2Fmedia&parent=9414"}],"curies":[{"name":"wp","href":"https:\/\/api.w.org\/{rel}","templated":true}]}}