{"id":9419,"date":"2025-06-30T15:40:21","date_gmt":"2025-06-30T15:40:21","guid":{"rendered":"https:\/\/hubertpietka.bialystok.pl\/?page_id=9419"},"modified":"2025-06-30T15:40:21","modified_gmt":"2025-06-30T15:40:21","slug":"systemowe-klamstwa-zawsze-na-uslugach-totalizmu-zla","status":"publish","type":"page","link":"https:\/\/hubertpietka.bialystok.pl\/?page_id=9419","title":{"rendered":"Systemowe k\u0142amstwa \/ zawsze na us\u0142ugach &#8211; totalizmu z\u0142a"},"content":{"rendered":"\n<p>1.<br>A przecie\u017c tak szata\u0144skie totalnie<br>Jest to bandyctwo ca\u0142e<br>I im podobni wszelcy<br>W z\u0142u zbrodni \u015bmierci zniewoleniu<br>\u017be oni nawet<br>Z plac\u00f3wek medycznych i spo\u0142ecznych<br>Uczynili miejsca zagra\u017caj\u0105ce niewinnym ludziom<br>Jak nie mog\u0105 \u015bmierci\u0105 uk\u0142u\u0107<br>To chocia\u017c zniewoli\u0107<br>Przez takich czy innych uwik\u0142anych<br>W z\u0142o bandyckie<br>Szanta\u017cem czy jakimi\u015b partykularnymi korzy\u015bciami<\/p>\n\n\n\n<p>Nie do\u015b\u0107 im tym bandytom<br>\u017be z wszelkich naszych miejsc<br>Uczynili miejsca napa\u015bci prowokacji<br>I wszelkich zbrodni<br>Wobec nas naszego i naszych<br>\u017be z ko\u015bcio\u0142\u00f3w uczynili<br>Jaskini\u0119 zbrodni wszelkich zb\u00f3jc\u00f3w<br>Nie tylko tych pacynkowych<br>\u017be z przestrzeni miejskiej d\u017cungl\u0119<br>Gdzie mo\u017cna wszystko<br>Na prawach zb\u00f3jeckich i bandyckich<br>Podobnie na drogach dziki zach\u00f3d<br>Na bandyckich bezprawiach<br>Wykorzystuj\u0105c do tego s\u0142u\u017cby wszelkie<br>Tak podobnie w miejscach publicznych<br>Kt\u00f3re powinny ludziom niewinnym s\u0142u\u017cy\u0107<br>Tak szata\u0144skie totalnie bandyctwo ca\u0142e<\/p>\n\n\n\n<p>2.<br>A poza tym te\u017c<br>Uk\u0142u\u0107 mo\u017cna zawsze k\u0142amstwem wszelkim<br>A nawet trzeba pod\u0142ug<br>Dialektyki diabelskiej grunt przygotowuj\u0105cej odpowiednio<br>Dla zbrodni bandyckich<br>Wszelkich ich k\u0142amstw nie zlicz\u0119<br>Ale najbardziej te\u017c lubi\u0105 antagonizowa\u0107<br>Nas wobec ludzi r\u00f3\u017cnych grup<br>To cho\u0107by \u017ce ja<br>Nie lubi\u0119 dzieci je\u015bli<br>Ich mie\u0107 nie chc\u0119<br>Albo nie lubi\u0119 m\u0142odzie\u017cy<br>Je\u015bli tak to dlaczego<br>Si\u0119 za nich modl\u0119 nieustannie<br>Bardziej nie lubi\u0119 tego \u015bwiata<br>Kt\u00f3ry na gruncie antypedagogiki<br>Czyni z nich &#8222;Piotrusi\u00f3w pan\u00f3w&#8221;<br>Kt\u00f3rym nale\u017cy si\u0119 wszystko<br>A wiem te\u017c w\u0142asnym do\u015bwiadczeniem<br>Dobrze pami\u0119tam swoj\u0105 m\u0142odo\u015b\u0107 przecie\u017c<br>Jak trudno jest wyj\u015b\u0107<br>Z tej urojonej ba\u0144ki mydlanej<br>Tego \u015bwiata w kt\u00f3rej<br>Ten \u015bwiat chce zamyka\u0107 ludzi<br>W u\u0142udzie jedynego sensu<br>W przyjemno\u015bciach w\u0142adzy pieni\u0105dzach powodzeniu<br>Podczas gdy istota rzeczy istnienia<br>Jest gdzie indziej zupe\u0142nie<br>Wiem to bo przecierpia\u0142em d\u0142ug\u0105 drog\u0119<br>By wyj\u015b\u0107 z tej \u015bwiatowej<br>Rzeczywisto\u015bci ob\u0142\u0119dnej i u\u0142udnej<br>Tak by si\u0119ga\u0107 prawdy rzeczy<br>Bardziej to wsp\u00f3\u0142czuj\u0119 tym m\u0142odym<br>Bo \u015bwiat ten czyni<br>Z nich ofiary tego systemu<br>Kt\u00f3rym odnale\u017a\u0107 si\u0119 potem trudno<br>No chyba \u017ce<br>Na tych prawach bandyckich<br>To i owszem<br>Ale to jest dora\u017ane bardzo<br>I niestety przekre\u015blaj\u0105ce moralne widzenie<br>I tak zwane eschatologiczne nadzieje<br>Bo to jest prosta droga<br>Do piek\u0142a autostrada<br>A trzeba mie\u0107 du\u017co zaci\u0119cia<br>By z tej ba\u0144ki iluzji<br>Tego \u015bwiata chcie\u0107 si\u0119 wydosta\u0107<br>Wiem to bo sam by\u0142em<br>Si\u0119 sta\u0142em tego ofiar\u0105<br>Dop\u00f3ki nie przejrza\u0142em<br>Ale najpierw dobrze si\u0119 musia\u0142em<br>Pocharata\u0107 i poparzy\u0107 tym \u015bwiatem<\/p>\n\n\n\n<p>3.<br>Orwell napisa\u0142 \u017ce &#8222;najwi\u0119kszym wrogiem<br>System\u00f3w totalitarnych jest mi\u0142o\u015b\u0107&#8221;<br>Dlatego tak walczy z nami<br>To bandyctwo na sposoby wszelkie<br>Bo wiedz\u0105 \u017ce my jeste\u015bmy<br>Jak kolumny \u0142uku podtrzymuj\u0105cego strop<br>Tego domu i \u017ce je\u015bli<br>Zawal\u0105 jedn\u0105 kolumn\u0119 upadnie druga<br>I ca\u0142y ten dom<br>Legnie w gruzach<br>Wiedz\u0105 to tak zwan\u0105<br>Intuicj\u0105 szata\u0144sk\u0105 bo dom ten<br>To przecie\u017c \u015bwiat ca\u0142y jest<br>Kt\u00f3ry szatan chce zniszczy\u0107<br>Finalnie i definitywnie<br>Tak\u017ce poprzez dzia\u0142ania tego bandyctwa<br>I wszelkich pod\u0142ug nich<br>Kt\u00f3rzy nie wiedz\u0105 \u017ce przecie\u017c<br>Chc\u0105 zawali\u0107 dom<br>W kt\u00f3rym aktualnie s\u0105<\/p>\n\n\n\n<figure class=\"wp-block-gallery has-nested-images columns-default is-cropped wp-block-gallery-1 is-layout-flex wp-block-gallery-is-layout-flex\">\n<figure class=\"wp-block-image size-large\"><a href=\"https:\/\/hubertpietka.bialystok.pl\/wp-content\/uploads\/2025\/06\/1000010900.jpg\"><img loading=\"lazy\" decoding=\"async\" width=\"771\" height=\"1024\" data-id=\"9420\" src=\"https:\/\/hubertpietka.bialystok.pl\/wp-content\/uploads\/2025\/06\/1000010900-771x1024.jpg\" alt=\"\" class=\"wp-image-9420\" srcset=\"https:\/\/hubertpietka.bialystok.pl\/wp-content\/uploads\/2025\/06\/1000010900-771x1024.jpg 771w, https:\/\/hubertpietka.bialystok.pl\/wp-content\/uploads\/2025\/06\/1000010900-226x300.jpg 226w, https:\/\/hubertpietka.bialystok.pl\/wp-content\/uploads\/2025\/06\/1000010900-768x1021.jpg 768w, https:\/\/hubertpietka.bialystok.pl\/wp-content\/uploads\/2025\/06\/1000010900-1156x1536.jpg 1156w, https:\/\/hubertpietka.bialystok.pl\/wp-content\/uploads\/2025\/06\/1000010900.jpg 1204w\" sizes=\"auto, (max-width: 771px) 100vw, 771px\" \/><\/a><\/figure>\n<\/figure>\n\n\n\n<p><em>Na zdj. Jak Chrystusa pr\u00f3buj\u0105 nas ukrzy\u017cowa\u0107<br>Na wszelkie sposoby<br>A jednocze\u015bnie nas nabi\u0107<br>Na wszelkie pod\u0142e ob\u0142udne k\u0142amstwa<br>Kt\u00f3re maj\u0105 do nas antagonizowa\u0107<br>R\u00f3\u017cnych ludzi<br>Ma\u0142o im zabi\u0107 przecie\u017c zniewoli\u0107<br>Trzeba nas w oczach \u015bwiata<br>I r\u00f3\u017cnych ludzi te\u017c zohydzi\u0107<br>Wtedy jest \u0142atwiej du\u017co<br>Pope\u0142nia\u0107 swe zbrodnie r\u00f3\u017cne<br>A naj\u0142atwiej to robi\u0107 k\u0142amstwem<br>Bo my nie jeste\u015bmy<br>Przeciwko komukolwiek a tylko z\u0142u<br>W \u015bwiecie tym przeciwko <br>I tylko bronimy prawd Bo\u017cych<br>I wolno\u015bci mi\u0142o\u015bci i \u017cycia<\/em><\/p>\n\n\n\n<p class=\"has-text-align-right\"><strong><em><a href=\"https:\/\/youtu.be\/JYmCgGzw-Ug\">Jacek Dew\u00f3dzki &amp; Rewolucja &#8211; Krzyk<\/a><\/em><\/strong><\/p>\n","protected":false},"excerpt":{"rendered":"<p>1.A przecie\u017c tak szata\u0144skie totalnieJest to bandyctwo ca\u0142eI im podobni wszelcyW z\u0142u zbrodni \u015bmierci zniewoleniu\u017be oni nawetZ plac\u00f3wek medycznych i spo\u0142ecznychUczynili miejsca zagra\u017caj\u0105ce niewinnym ludziomJak&hellip; <\/p>\n","protected":false},"author":1,"featured_media":0,"parent":0,"menu_order":0,"comment_status":"closed","ping_status":"closed","template":"","meta":{"footnotes":""},"class_list":["post-9419","page","type-page","status-publish","hentry"],"_links":{"self":[{"href":"https:\/\/hubertpietka.bialystok.pl\/index.php?rest_route=\/wp\/v2\/pages\/9419","targetHints":{"allow":["GET"]}}],"collection":[{"href":"https:\/\/hubertpietka.bialystok.pl\/index.php?rest_route=\/wp\/v2\/pages"}],"about":[{"href":"https:\/\/hubertpietka.bialystok.pl\/index.php?rest_route=\/wp\/v2\/types\/page"}],"author":[{"embeddable":true,"href":"https:\/\/hubertpietka.bialystok.pl\/index.php?rest_route=\/wp\/v2\/users\/1"}],"replies":[{"embeddable":true,"href":"https:\/\/hubertpietka.bialystok.pl\/index.php?rest_route=%2Fwp%2Fv2%2Fcomments&post=9419"}],"version-history":[{"count":1,"href":"https:\/\/hubertpietka.bialystok.pl\/index.php?rest_route=\/wp\/v2\/pages\/9419\/revisions"}],"predecessor-version":[{"id":9421,"href":"https:\/\/hubertpietka.bialystok.pl\/index.php?rest_route=\/wp\/v2\/pages\/9419\/revisions\/9421"}],"wp:attachment":[{"href":"https:\/\/hubertpietka.bialystok.pl\/index.php?rest_route=%2Fwp%2Fv2%2Fmedia&parent=9419"}],"curies":[{"name":"wp","href":"https:\/\/api.w.org\/{rel}","templated":true}]}}