{"id":9423,"date":"2025-07-03T10:48:33","date_gmt":"2025-07-03T10:48:33","guid":{"rendered":"https:\/\/hubertpietka.bialystok.pl\/?page_id=9423"},"modified":"2025-07-03T10:48:33","modified_gmt":"2025-07-03T10:48:33","slug":"lajdactwa-dzieci-diabla-a-szczera-prostota-dzieci-bozych","status":"publish","type":"page","link":"https:\/\/hubertpietka.bialystok.pl\/?page_id=9423","title":{"rendered":"\u0141ajdactwa dzieci diab\u0142a \/ a szczera prostota &#8211; dzieci Bo\u017cych"},"content":{"rendered":"\n<p>To jakie szata\u0144stwa bandyckie<br>Jakie \u0142ajdactwa bydlackie<br>Wobec mnie \u017cony<br>Jakie bestialstwa wobec<br>Nas naszego i naszych<br>Pod\u0142ug pogl\u0105d\u00f3w szata\u0144skich tych bandyt\u00f3w<br>I tych kt\u00f3rzy si\u0119<br>Im podporz\u0105dkowali w niecnym<br>Na \u015bwiat patrzeniu<\/p>\n\n\n\n<p>Misie bandyckie nie \u0142ajdackie nie<br>Przecie\u017c wiedz\u0105 dobrze<br>\u017be skrzypi ten samoch\u00f3d<br>Dlatego cho\u0107by si\u0119 tak<br>Na niego zarzucaj\u0105 po bandycku<br>A tu czemu maj\u0105 przyj\u015b\u0107<br>Niby przest\u0119pstw naszych dowody<br>Bandyckie nagrania jakie\u015b odpowiednio wyselekcjonowane<br>A inni bandyccy s\u0142u\u017calcy<br>Ulubione przez bandyt\u00f3w skarbeczki cho\u0107by<br>Czy maj\u0105cy co\u015b niestety<br>Za uchem pograniczuchy<br>A prawda przecie\u017c zostali\u015bmy wtr\u0105ceni<br>W proceder nielegalnego tytoniu<br>To co tam maj\u0105 nam<br>Podrzuci\u0107 odpowiednio oni \u017ceby wygl\u0105da\u0142o<br>\u017be jest powt\u00f3rzenie procederu nielegalnego<br>I podobnie jak mi\u015bki<br>Tak te\u017c krokodylki<br>Jak\u017ce to nie po \u0142ajdacku<br>Skoro niby prawa maj\u0105 s\u0142u\u017cy\u0107<br>S\u0142u\u017cbistom bandyckim w rozprawie nierz\u0105dnej<br>Na niewinnych<\/p>\n\n\n\n<p>A ten tutaj czy\u017c<br>Nie dlatego tak si\u0119 zawzi\u0105\u0142<br>W tych swoich napa\u015bciach<br>Niby nie do podwa\u017cenia<br>Z powodami niech b\u0119dzie<br>\u017be niby racjonalnymi bo emocjonalne<br>Czy\u017c nie dlatego \u017ce wiem<br>\u017be on tu szabruje<br>\u017be on tu do\u0142ki r\u00f3\u017cne<br>Podkopuje pod nami<br>Wraz z t\u0105 sw\u0105 gwiazd\u0105<br>Czy tam zreszt\u0105 i jakimi<br>Dlatego tak zawzi\u0105\u0142 si\u0119<br>Bo wie \u017ce ja to w\u0142a\u015bnie wiem<br>Wi\u0119c mu pasuje by wszystko<br>Po bandycku bo inaczej przecie\u017c<br>Mog\u0105 go spotka\u0107 r\u00f3\u017cne konsekwencje<br>Bezprawnego chodzenia po czyim\u015b mieniu<br>I szkodzenia z premedytacj\u0105 komu\u015b<\/p>\n\n\n\n<p><strong>B\u00f3g powiedzia\u0142 do mnie dzisiaj<br>&#8222;Tak im masz powiedzie\u0107<br>Nawet je\u015bli tego nie rozumiesz<br>\u017be jak Jezus po zmartwychwstaniu<br>Ty jeste\u015b przecie\u017c<br>Wk\u0142adaj\u0105 palce w tw\u00f3j bok<br>By nieustannie sprawdza\u0107<br>A przecie\u017c b\u0142ogos\u0142awieni kt\u00f3rzy uwierzyli<br>Tak im powiedz<br>Nawet je\u015bli tego nie rozumiesz&#8221;<br>Tak te\u017c tu czyni\u0119<\/strong><\/p>\n\n\n\n<figure class=\"wp-block-image size-large\"><a href=\"https:\/\/hubertpietka.bialystok.pl\/wp-content\/uploads\/2025\/07\/1000011541-scaled.jpg\"><img loading=\"lazy\" decoding=\"async\" width=\"1024\" height=\"771\" src=\"https:\/\/hubertpietka.bialystok.pl\/wp-content\/uploads\/2025\/07\/1000011541-1024x771.jpg\" alt=\"\" class=\"wp-image-9424\" srcset=\"https:\/\/hubertpietka.bialystok.pl\/wp-content\/uploads\/2025\/07\/1000011541-1024x771.jpg 1024w, https:\/\/hubertpietka.bialystok.pl\/wp-content\/uploads\/2025\/07\/1000011541-300x226.jpg 300w, https:\/\/hubertpietka.bialystok.pl\/wp-content\/uploads\/2025\/07\/1000011541-768x578.jpg 768w, https:\/\/hubertpietka.bialystok.pl\/wp-content\/uploads\/2025\/07\/1000011541-1536x1157.jpg 1536w, https:\/\/hubertpietka.bialystok.pl\/wp-content\/uploads\/2025\/07\/1000011541-2048x1542.jpg 2048w\" sizes=\"auto, (max-width: 1024px) 100vw, 1024px\" \/><\/a><\/figure>\n\n\n\n<p><em>Na zdj. Dwa jelonki ja i \u017conka<br>I gwiazdy trzy wok\u00f3\u0142 nas<br>Zwierz\u0105tka nasze kochane<br>I pola nadziei kolor zielony<br>Dla bliskich wszelkich w Bogu<br>Mimo szata\u0144stw mimo \u0142ajdactw bandyctw<br>Tych r\u00f3\u017cnych wszelakich<br>Tu wymienionych i innych<br>Trwamy w Panu<br>By pi\u0107 wod\u0119 \u017cycia<br>Pod\u0142ug mi\u0142o\u015bci wierno\u015bci i prawdy<br>Na przek\u00f3r wszelkim k\u0142amstwom szata\u0144skim<br>I ob\u0142udzie pod\u0142o\u015bci i perfidii<br>W d\u0105\u017ceniach do wszelkich zbrodni<br>Na nas naszym i naszych<br>Wszelkich s\u0142ug partykularnych z\u0142a<br>Czyli te\u017c szatana<br>Opozycja dzieci Bo\u017ce diab\u0142a dzieci<br>Jest odwieczna przecie\u017c<br>I to si\u0119 przejawia<br>Wobec nas w tym \u015bwiecie<\/em><\/p>\n\n\n\n<p class=\"has-text-align-center\"><strong><em><a href=\"https:\/\/youtu.be\/nxLI1DwSjJ0\">Schola Dobry Pasterz &#8211; Pan m\u00f3j i B\u00f3g m\u00f3j<\/a><\/em><\/strong> <\/p>\n","protected":false},"excerpt":{"rendered":"<p>To jakie szata\u0144stwa bandyckieJakie \u0142ajdactwa bydlackieWobec mnie \u017conyJakie bestialstwa wobecNas naszego i naszychPod\u0142ug pogl\u0105d\u00f3w szata\u0144skich tych bandyt\u00f3wI tych kt\u00f3rzy si\u0119Im podporz\u0105dkowali w niecnymNa \u015bwiat patrzeniu&hellip; <\/p>\n","protected":false},"author":1,"featured_media":0,"parent":0,"menu_order":0,"comment_status":"closed","ping_status":"closed","template":"","meta":{"footnotes":""},"class_list":["post-9423","page","type-page","status-publish","hentry"],"_links":{"self":[{"href":"https:\/\/hubertpietka.bialystok.pl\/index.php?rest_route=\/wp\/v2\/pages\/9423","targetHints":{"allow":["GET"]}}],"collection":[{"href":"https:\/\/hubertpietka.bialystok.pl\/index.php?rest_route=\/wp\/v2\/pages"}],"about":[{"href":"https:\/\/hubertpietka.bialystok.pl\/index.php?rest_route=\/wp\/v2\/types\/page"}],"author":[{"embeddable":true,"href":"https:\/\/hubertpietka.bialystok.pl\/index.php?rest_route=\/wp\/v2\/users\/1"}],"replies":[{"embeddable":true,"href":"https:\/\/hubertpietka.bialystok.pl\/index.php?rest_route=%2Fwp%2Fv2%2Fcomments&post=9423"}],"version-history":[{"count":1,"href":"https:\/\/hubertpietka.bialystok.pl\/index.php?rest_route=\/wp\/v2\/pages\/9423\/revisions"}],"predecessor-version":[{"id":9425,"href":"https:\/\/hubertpietka.bialystok.pl\/index.php?rest_route=\/wp\/v2\/pages\/9423\/revisions\/9425"}],"wp:attachment":[{"href":"https:\/\/hubertpietka.bialystok.pl\/index.php?rest_route=%2Fwp%2Fv2%2Fmedia&parent=9423"}],"curies":[{"name":"wp","href":"https:\/\/api.w.org\/{rel}","templated":true}]}}