{"id":9431,"date":"2025-07-06T07:53:48","date_gmt":"2025-07-06T07:53:48","guid":{"rendered":"https:\/\/hubertpietka.bialystok.pl\/?page_id=9431"},"modified":"2025-07-06T07:53:48","modified_gmt":"2025-07-06T07:53:48","slug":"niewymowne-lajdactwa-bydlackie-swiadcza-o-bandyctwo-tego-szatanstwie","status":"publish","type":"page","link":"https:\/\/hubertpietka.bialystok.pl\/?page_id=9431","title":{"rendered":"Niewymowne \u0142ajdactwa bydlackie \/ \u015bwiadcz\u0105 o bandyctwo tego szata\u0144stwie"},"content":{"rendered":"\n<p>Tak jak z cz\u0119\u015bci wnioskuje si\u0119<br>O ca\u0142o\u015bci w sprawach Bo\u017cych<br>Tak te\u017c na przeciwnej zasadzie<br>O wszelkich sprawach diab\u0142a<\/p>\n\n\n\n<p>Cho\u0107by tu ta podwija<br>Bydlak nad bydlaki kt\u00f3ry ma<br>Tu nieustannie \u0142ajdaczy\u0107 pod\u0142ug po\u017c\u0105da\u0144<br>Wszelkich bandyckich jak cho\u0107by dzisiaj<br>Sz\u00f3stego o sz\u00f3stej przypadek<br>Nie wydaje mi si\u0119 raczej<br>Bo kot przecie\u017c reaguje zawsze<br>Jak ma przeprowadza\u0107 on<br>Swe akcje napa\u015bci bydlackiej<\/p>\n\n\n\n<p>I na podstawie bydlactwa podwiji<br>Wcze\u015bniej zniewolenia wielkiego cz\u0142owieka<br>Czy tego tam ta\u0142atajstwa prostackiego<br>Zreszt\u0105 wsz\u0119dzie jacy\u015b odpowiedni przecie\u017c<br>Mo\u017cna wnioskowa\u0107 o bydlactwie bandyckim<br>To ich dookre\u015bla bardzo dobrze<br>Cho\u0107 ich nie znam<br>Przecie\u017c oni tylko spe\u0142niaj\u0105<br>Wszelkie bandyckie po\u017c\u0105dania te przydupasy<br>Bo wszystko pod\u0142ug nich jest<br>Tak naprawd\u0119 w nas uderzaj\u0105c <br>Odzwierciedlaj\u0105 niejako tych bandyt\u00f3w<br>A id\u0105c dalej te\u017c szatana<\/p>\n\n\n\n<p>Wszelkie te napa\u015bci \u0142ajdackie<br>Tudzie\u017c perfidia w d\u0105\u017ceniu<br>Ku \u015bmierci dla innych<br>Cho\u0107by tej \u017cony mojej<br>Ale i mnie nie oszukujmy tu si\u0119<br>Tych zwierz\u0105t i bliskich<br>Czy jakichkolwiek niewinnych m\u0119czennik\u00f3w wsp\u00f3\u0142czesnych<br>Dookre\u015blaj\u0105 ca\u0142kowicie zakorzenienie tego bandyctwa<br>W szata\u0144stwie wszelkim<br>Poprzez d\u0105\u017cenia nieustanne ku zbrodniom<br>Dla nas naszego i naszych<br>Ale przecie\u017c nie tylko<br>W ten spos\u00f3b chc\u0105 ci\u0105gle<br>Oddawa\u0107 ho\u0142d szatanowi przez zbrodnie<br>Na niewinnych<\/p>\n\n\n\n<p>I szatan ich broni k\u0142amstwami<br>A jednocze\u015bnie ci\u0105gle niewinnych oskar\u017ca<br>Tak samo zreszt\u0105 post\u0119puj\u0105 ci<br>Kt\u00f3rzy bandyctwu i szatanowi s\u0142u\u017c\u0105<br>Ujadaj\u0105 nieustannie ob\u0142udnymi pod\u0142ymi k\u0142amstwami<br>Byleby tylko oskar\u017ca\u0107 niewinnych<br>R\u00f3wnie dobrze by mogli<br>&#8222;G\u00f3wnem posmarowa\u0107 swe mordy&#8221;<br>Bo tak samo moralnie<br>\u015amierdzi ka\u017cde k\u0142amstwo kt\u00f3re<br>Ma by\u0107 anty przeciwko niewinnym<br>Pod\u0142ug tych po\u017c\u0105da\u0144 wszelkich diabelskich<br>W d\u0105\u017ceniach ku zbrodniom<br>Wobec nas ale nie tylko<br>Na wszelkie mo\u017cliwe zreszt\u0105 sposoby<br>Jak nie tak to inaczej<\/p>\n\n\n\n<p>Tak z tych cz\u0119\u015bci operacji<br>Bydlactw cho\u0107by tej podwiji<br>Czy te\u017c innych<br>Podst\u0119p\u00f3w prowokacyjnych r\u00f3\u017cnych s\u0142u\u017cb<br>Niby porz\u0105dku publicznego skoro<br>S\u0142u\u017c\u0105 oni nie ludziom niewinnym<br>A k\u0142amstwom bandyckim<br>Tak z tego wnioskuje si\u0119<br>W\u0142a\u015bnie o bandyctwa tego szata\u0144stwie<br>Kazde z\u0142o kt\u00f3re czyni\u0105<br>I do kt\u00f3rego d\u0105\u017c\u0105<br>Z premedytacj\u0105 diabelsk\u0105 i\u015bcie<br>O tym \u015bwiadczy<br>A zbrodnie i k\u0142amstwa<br>To w\u0142a\u015bnie te\u017c potwierdzaj\u0105<br>W parze z fa\u0142szywymi oskar\u017ceniami<br>Bo wynikaj\u0105cymi z manipulacyjnego spojrzenia<br>Byleby tylko oskar\u017ca\u0107 niewinnych<br>Byleby tylko spe\u0142nia\u0107 na nich<br>Wszelk\u0105 przemoc<br>To wszystko \u015bwiadczy niezbicie<br>O totalnym zakorzenieniu tego bandyctwa<br>W szata\u0144stwie z\u0142a<br>Skoro wszystko oni w\u0142a\u015bnie<br>Pod\u0142ug szatana i to nawet<br>Je\u015bli powo\u0142uj\u0105 si\u0119 na inne<br>Jakie\u015b swych dzia\u0142a\u0144 motywy <\/p>\n\n\n\n<p>Podobnie zreszt\u0105 ci wszyscy<br>Kt\u00f3rzy jak ta podwija cho\u0107by<br>Zaprzedali swe dusz\u0119 bandyckiemu z\u0142u<br>Kt\u00f3rzy z\u0142o czyni\u0105<br>Wszystko jedno jak w sumie<br>Byleby tylko uderza\u0107<br>W nas naszych i nasze<br>I niewinnych innych<br>Oni tak\u017ce s\u0105 szata\u0144scy<br>Wed\u0142ug z\u0142a istoty kt\u00f3r\u0105 si\u0119<br>Pos\u0142uguj\u0105 tak w\u0142a\u015bnie<br>I zreszt\u0105 wszystko jedno<br>Czy po\u015brednio czy bezpo\u015brednio<br>Czy wprost czy ukrycie<br>Czy byleby tylko uderza\u0107 rykoszetem<br>Wed\u0142ug po\u017c\u0105da\u0144 bandyckich<br>To przecie\u017c oni spe\u0142niaj\u0105<br>Te w\u0142a\u015bnie w z\u0142u zbrodni<br>Po\u017c\u0105dania bandyckie i jednocze\u015bnie szata\u0144skie<br>Bo to idzie w parze<br>Z\u0142o nie jest nigdy bezosobowe<br>Wskazuje zawsze na szatana<br>Podobnie jak dobro prawdziwe<br>Kt\u00f3re pochodzi od Boga<\/p>\n\n\n\n<figure class=\"wp-block-gallery has-nested-images columns-default is-cropped wp-block-gallery-1 is-layout-flex wp-block-gallery-is-layout-flex\">\n<figure class=\"wp-block-image size-large\"><a href=\"https:\/\/hubertpietka.bialystok.pl\/wp-content\/uploads\/2025\/07\/1000012074.jpg\"><img loading=\"lazy\" decoding=\"async\" width=\"771\" height=\"1024\" data-id=\"9432\" src=\"https:\/\/hubertpietka.bialystok.pl\/wp-content\/uploads\/2025\/07\/1000012074-771x1024.jpg\" alt=\"\" class=\"wp-image-9432\" srcset=\"https:\/\/hubertpietka.bialystok.pl\/wp-content\/uploads\/2025\/07\/1000012074-771x1024.jpg 771w, https:\/\/hubertpietka.bialystok.pl\/wp-content\/uploads\/2025\/07\/1000012074-226x300.jpg 226w, https:\/\/hubertpietka.bialystok.pl\/wp-content\/uploads\/2025\/07\/1000012074-768x1021.jpg 768w, https:\/\/hubertpietka.bialystok.pl\/wp-content\/uploads\/2025\/07\/1000012074-1156x1536.jpg 1156w, https:\/\/hubertpietka.bialystok.pl\/wp-content\/uploads\/2025\/07\/1000012074.jpg 1204w\" sizes=\"auto, (max-width: 771px) 100vw, 771px\" \/><\/a><\/figure>\n<\/figure>\n\n\n\n<p><em>Na zdj. Jezus patrzy na to wszystko<br>Na bezwzgl\u0119dn\u0105 d\u0105\u017cno\u015b\u0107 do zbrodni<br>\u015amierci zniewolenia zniszczenia<br>Tego bandyctwa i tych kt\u00f3rzy<br>Im s\u0142u\u017c\u0105 spe\u0142niaj\u0105c ich oczekiwania<br>Jezus widzi ka\u017cde oskar\u017cenie fa\u0142szywe<br>I k\u0142amstwa kt\u00f3re maj\u0105<br>To potwierdza\u0107 wobec niewinnych ludzi<br>Jezus widzi ho\u0142d bandyckich zbrodni<br>Wreszcie wobec szatana atencj\u0119 z\u0142owrog\u0105 <br>W aspekcie powi\u0119kszania grona<br>Niewinnych wsp\u00f3\u0142czesnych m\u0119czennik\u00f3w<br>Jezus to widzi<br>I patrzy jak \u015bwiat odpowie<br>Bo wed\u0142ug tego te\u017c przecie\u017c<br>Z tym \u015bwiatem si\u0119 stanie<\/em><\/p>\n\n\n\n<p class=\"has-text-align-right\"><strong><em><a href=\"https:\/\/youtu.be\/OMJREChN8nY\">Metallica &#8211; The Unforgiven III<\/a><\/em><\/strong><\/p>\n","protected":false},"excerpt":{"rendered":"<p>Tak jak z cz\u0119\u015bci wnioskuje si\u0119O ca\u0142o\u015bci w sprawach Bo\u017cychTak te\u017c na przeciwnej zasadzieO wszelkich sprawach diab\u0142a Cho\u0107by tu ta podwijaBydlak nad bydlaki kt\u00f3ry maTu&hellip; <\/p>\n","protected":false},"author":1,"featured_media":0,"parent":0,"menu_order":0,"comment_status":"closed","ping_status":"closed","template":"","meta":{"footnotes":""},"class_list":["post-9431","page","type-page","status-publish","hentry"],"_links":{"self":[{"href":"https:\/\/hubertpietka.bialystok.pl\/index.php?rest_route=\/wp\/v2\/pages\/9431","targetHints":{"allow":["GET"]}}],"collection":[{"href":"https:\/\/hubertpietka.bialystok.pl\/index.php?rest_route=\/wp\/v2\/pages"}],"about":[{"href":"https:\/\/hubertpietka.bialystok.pl\/index.php?rest_route=\/wp\/v2\/types\/page"}],"author":[{"embeddable":true,"href":"https:\/\/hubertpietka.bialystok.pl\/index.php?rest_route=\/wp\/v2\/users\/1"}],"replies":[{"embeddable":true,"href":"https:\/\/hubertpietka.bialystok.pl\/index.php?rest_route=%2Fwp%2Fv2%2Fcomments&post=9431"}],"version-history":[{"count":1,"href":"https:\/\/hubertpietka.bialystok.pl\/index.php?rest_route=\/wp\/v2\/pages\/9431\/revisions"}],"predecessor-version":[{"id":9433,"href":"https:\/\/hubertpietka.bialystok.pl\/index.php?rest_route=\/wp\/v2\/pages\/9431\/revisions\/9433"}],"wp:attachment":[{"href":"https:\/\/hubertpietka.bialystok.pl\/index.php?rest_route=%2Fwp%2Fv2%2Fmedia&parent=9431"}],"curies":[{"name":"wp","href":"https:\/\/api.w.org\/{rel}","templated":true}]}}