{"id":9435,"date":"2025-07-08T07:31:03","date_gmt":"2025-07-08T07:31:03","guid":{"rendered":"https:\/\/hubertpietka.bialystok.pl\/?page_id=9435"},"modified":"2025-07-08T07:31:03","modified_gmt":"2025-07-08T07:31:03","slug":"malenka-milosc-boza-wobec-tyrani-szatanskiej-bandyckiej-przemocy","status":"publish","type":"page","link":"https:\/\/hubertpietka.bialystok.pl\/?page_id=9435","title":{"rendered":"Male\u0144ka mi\u0142o\u015b\u0107 Bo\u017ca \/ wobec tyrani szata\u0144skiej bandyckiej przemocy"},"content":{"rendered":"\n<p>Co oni robi\u0105 ci szatani<br>Czyli biblijnie przeciwnicy<br>Zreszt\u0105 post\u0119puj\u0105cy wed\u0142ug szatana \u015bci\u015ble<br>Oni ci bandyci<br>I im podobni wszelacy<br>Tak\u017ce r\u00f3\u017cni w wierze nieugruntowani<br>Niby prawdziwi chrze\u015bcijanie<br>A przyklaskuj\u0105cy zbrodniom bandyckim k\u0142amstwom<br>I je tak naprawd\u0119 aprobuj\u0105cy<\/p>\n\n\n\n<p>Z\u0142o tak dzia\u0142 zawsze<br>\u017be ka\u017cde dobro pomniejsza uniewa\u017cnia<br>Pr\u00f3buje lekcewa\u017cy\u0107<br>Zdaje si\u0119 nie dostrzega\u0107<br>Codziennych ofiar heroicznych tej mi\u0142o\u015bci<br>A wyolbrzymia ka\u017cd\u0105 s\u0142abo\u015b\u0107 niedoskona\u0142o\u015b\u0107<br>Wynikaj\u0105c\u0105 zreszt\u0105 tak\u017ce z perfidnego<br>Dzia\u0142ania wszelkiego z\u0142a<br>Z\u0142o zawsze wyko\u015blawia ka\u017cd\u0105 mi\u0142o\u015b\u0107<br>Kt\u00f3r\u0105 chce zniszczy\u0107<br>A robi to po to<br>By niby mie\u0107 przykrywk\u0119<br>Do swych wszelkich zbrodni<br>Na tej mi\u0142o\u015bci<br>Tak te\u017c kracz\u0105 wszelcy<br>Kt\u00f3rym jest na r\u0119k\u0119<br>Zniszczenie tej ma\u0142ej Bo\u017cej mi\u0142o\u015bci<br>Kt\u00f3r\u0105 jest zreszt\u0105<br>Znakiem dla tego \u015bwiata<br>Bezbronno\u015bci mi\u0142o\u015bci wobec szata\u0144skiej przemocy<br>Tak jak Dzieci\u0105tko Jezus<br>By\u0142o te\u017c bezbronne<\/p>\n\n\n\n<p>A ja powiem wam tak\u017ce<br><em>Stricte<\/em> wed\u0142ug Boga zreszt\u0105<br>Nie k\u0142amstw szata\u0144skich ob\u0142udnych pod\u0142ych<br>Bandyctwa tego i im podobnych<br>\u017be je\u015bli zniszczycie t\u0105 mi\u0142o\u015b\u0107<br>Zabijecie j\u0105<br>To sami zginiecie<br>I \u015bwiat ten zostanie zniszczony<br>Nie ja tak m\u00f3wi\u0119 B\u00f3g powiedzia\u0142<br>Bo skupiacie si\u0119 na pozorach<br>By ci mogli pope\u0142nia\u0107 zbrodnie<br>A nie dostrzegacie jako\u015b g\u0142\u0119bi<br>Czysto\u015bci pokornej i wiernej<br>Dajecie pos\u0142uch diabelskiemu szemraniu wszelkiemu<br>Po to by ci mogli<br>Niby spokojnie realizowa\u0107 swe zbrodnie<\/p>\n\n\n\n<p>A dzieci po co wam niby dzieci<br>Czy Jezus mia\u0142 dzieci<br>Nie widzicie tego co trzeba<br>A skupiacie si\u0119 tylko<br>Na kwestiach ludzkich nie dostrzegaj\u0105c<br>Wszelkich Bo\u017cych prawd i rozwi\u0105za\u0144<br>Zreszt\u0105 wszystko tu jak<br>Z Jezusem jest przecie\u017c<\/p>\n\n\n\n<p>Ci ci\u0105gle szata\u0144sko faryzejsko<br>Szukaj\u0105 r\u00f3\u017cnych podstaw<br>By go oskar\u017ca\u0107 fa\u0142szywie<br>A to \u017ce wywrotowy antyspo\u0142eczny<br>O to samo oskar\u017cali Jezusa<br>Kt\u00f3ry przecie\u017c przyni\u00f3s\u0142 prawo Bo\u017ce<br>A to \u017ce nie kocha swych bliskich<br>Podczas gdy On mi\u0142o\u015b\u0107 objawi\u0142<br>Pod\u0142ug Boga wszystkim<br>A to \u017ce by\u0142 antypa\u0144stwowy<br>Podczas gdy on wszelkie obowi\u0105zki<br>Swe wype\u0142nia\u0142 pod\u0142ug prawdy Bo\u017cej<br>Tak oni w\u0142a\u015bnie<br>K\u0142amliwie po szata\u0144sku wszystko<br>Byleby tylko spe\u0142nia\u0107 swe zbrodnie<br>Wszystko jak z Jezusem podobnie<br>Nie widzicie tego<br>Bo dostrzec nie chcecie<br>Bo tak wam wygodniej<br>By nie sprzeciwia\u0107 si\u0119<br>K\u0142amstwom i bandyckim zbrodniom<br>By nie obna\u017ca\u0107 tej ob\u0142udy<br>Pod\u0142ej ca\u0142ej tych bandyt\u00f3w<br>I tego \u015bwiata poniek\u0105d<\/p>\n\n\n\n<figure class=\"wp-block-image size-large\"><a href=\"https:\/\/hubertpietka.bialystok.pl\/wp-content\/uploads\/2025\/07\/1000012217.jpg\"><img loading=\"lazy\" decoding=\"async\" width=\"771\" height=\"1024\" src=\"https:\/\/hubertpietka.bialystok.pl\/wp-content\/uploads\/2025\/07\/1000012217-771x1024.jpg\" alt=\"\" class=\"wp-image-9436\" srcset=\"https:\/\/hubertpietka.bialystok.pl\/wp-content\/uploads\/2025\/07\/1000012217-771x1024.jpg 771w, https:\/\/hubertpietka.bialystok.pl\/wp-content\/uploads\/2025\/07\/1000012217-226x300.jpg 226w, https:\/\/hubertpietka.bialystok.pl\/wp-content\/uploads\/2025\/07\/1000012217-768x1020.jpg 768w, https:\/\/hubertpietka.bialystok.pl\/wp-content\/uploads\/2025\/07\/1000012217-1157x1536.jpg 1157w, https:\/\/hubertpietka.bialystok.pl\/wp-content\/uploads\/2025\/07\/1000012217.jpg 1204w\" sizes=\"auto, (max-width: 771px) 100vw, 771px\" \/><\/a><\/figure>\n\n\n\n<p><strong>Na zdj. Zielone serce w sercu czerwonym<br>Nadzieja nieustannie zagro\u017cona tej mi\u0142o\u015bci<br>I tego \u015bwiata<br>Symbol pewny w miejscowo\u015bci Sadki<br>Gdzie wspania\u0142y cz\u0142owiek<br>Uczyni\u0142 nam wielkie dobro<br>Dlatego on nie wy bandyci<br>I im podobni b\u0119dzie usprawiedliwiony<br>Cho\u0107 wy pozornie ci lepsi<br>Pod\u0142ug dobra w prawdzie on<br>Nie jak wy ob\u0142udnie perfidnie<br>Niby w porz\u0105dku tacy<br>We wszystkim a jad serca<br>Wylewa si\u0119 na zewn\u0105trz nieustannie<br>W z\u0142u kt\u00f3re si\u0119 czyni<br>I w tym kt\u00f3re<br>Si\u0119 te\u017c aprobuje<br>Bo tak wygodnie i przyjemnie<br>I nie trzeba ryzykowa\u0107 niczego<br>Cho\u0107 wy wszyscy tak naprawd\u0119<br>Ryzykujecie \u017cycie \u015bwiata<br>Ale jako\u015b tego nie dostrzegacie<br>Bo \u0142atwiej wierzy\u0107 we wszelkie<br>K\u0142amstwa szata\u0144skie ni\u017c wyznawa\u0107<br>Bo\u017c\u0105 prawd\u0119 bo to<br>Si\u0119 wi\u0105\u017ce z postawami odpowiednimi<br>I na pewno nie<br>Ze z\u0142a akceptacj\u0105<br>By i\u015b\u0107 za tym<br>Co ono k\u0142amliwie podpowiada<br>Nie ma drogi tego \u015bwiata<br>Bez oparcia si\u0119<br>Na prawdzie mi\u0142o\u015bci<br>Nie k\u0142amstwie szata\u0144skich zbrodni<br>K\u0142amliwe zbrodnie nie maj\u0105 przysz\u0142o\u015bci<\/strong><\/p>\n\n\n\n<p class=\"has-text-align-center\"><strong><em><a href=\"https:\/\/youtu.be\/kwE0BhCHNdg\">Micha\u0142 Bajor &amp; Alicja Majewska &#8211; Moj\u0105 mi\u0142o\u015b\u0107 najwi\u0119ksza \/ 61. KFPP w Opolu 2025<\/a><\/em><\/strong><\/p>\n\n\n\n<p class=\"has-text-align-right\"><strong><em><a href=\"https:\/\/youtu.be\/zt1W6jE_JYU\">Micha\u0142 Bajor &#8211; Taka mi\u0142o\u015b\u0107 w sam raz<\/a><\/em><\/strong><\/p>\n","protected":false},"excerpt":{"rendered":"<p>Co oni robi\u0105 ci szataniCzyli biblijnie przeciwnicyZreszt\u0105 post\u0119puj\u0105cy wed\u0142ug szatana \u015bci\u015bleOni ci bandyciI im podobni wszelacyTak\u017ce r\u00f3\u017cni w wierze nieugruntowaniNiby prawdziwi chrze\u015bcijanieA przyklaskuj\u0105cy zbrodniom bandyckim&hellip; <\/p>\n","protected":false},"author":1,"featured_media":0,"parent":0,"menu_order":0,"comment_status":"closed","ping_status":"closed","template":"","meta":{"footnotes":""},"class_list":["post-9435","page","type-page","status-publish","hentry"],"_links":{"self":[{"href":"https:\/\/hubertpietka.bialystok.pl\/index.php?rest_route=\/wp\/v2\/pages\/9435","targetHints":{"allow":["GET"]}}],"collection":[{"href":"https:\/\/hubertpietka.bialystok.pl\/index.php?rest_route=\/wp\/v2\/pages"}],"about":[{"href":"https:\/\/hubertpietka.bialystok.pl\/index.php?rest_route=\/wp\/v2\/types\/page"}],"author":[{"embeddable":true,"href":"https:\/\/hubertpietka.bialystok.pl\/index.php?rest_route=\/wp\/v2\/users\/1"}],"replies":[{"embeddable":true,"href":"https:\/\/hubertpietka.bialystok.pl\/index.php?rest_route=%2Fwp%2Fv2%2Fcomments&post=9435"}],"version-history":[{"count":1,"href":"https:\/\/hubertpietka.bialystok.pl\/index.php?rest_route=\/wp\/v2\/pages\/9435\/revisions"}],"predecessor-version":[{"id":9437,"href":"https:\/\/hubertpietka.bialystok.pl\/index.php?rest_route=\/wp\/v2\/pages\/9435\/revisions\/9437"}],"wp:attachment":[{"href":"https:\/\/hubertpietka.bialystok.pl\/index.php?rest_route=%2Fwp%2Fv2%2Fmedia&parent=9435"}],"curies":[{"name":"wp","href":"https:\/\/api.w.org\/{rel}","templated":true}]}}