{"id":9441,"date":"2025-07-10T08:43:05","date_gmt":"2025-07-10T08:43:05","guid":{"rendered":"https:\/\/hubertpietka.bialystok.pl\/?page_id=9441"},"modified":"2025-07-10T08:43:05","modified_gmt":"2025-07-10T08:43:05","slug":"pomysl-czasem-w-sumieniu-swoim-zanim-przylaczysz-sie-do-tak-zwanego-linczu-publicznego","status":"publish","type":"page","link":"https:\/\/hubertpietka.bialystok.pl\/?page_id=9441","title":{"rendered":"Pomy\u015bl czasem w sumieniu swoim \/ zanim przy\u0142\u0105czysz si\u0119 do tak zwanego linczu publicznego"},"content":{"rendered":"\n<p>1.<br>*<strong>Wiesz ba<\/strong>*<br>Chcia\u0142bym ci co\u015b tu powiedzie\u0107<br>Pod prost\u0105 rozwag\u0119<br>Dzi\u015b pogrzeb ksi\u0119dza Andrzeja<br>Znaj\u0105c dzia\u0142ania pod\u0142e i perfidne<br>Tego bandyctwa zastanawiam si\u0119<br>Czy aby na pewno<br>Tak by\u0142o jak podano<br>W tak zwanej wersji oficjalnej<br>Przecie\u017c w tym pa\u0144stwie<br>Podaje si\u0119 to co chce<br>To co pasuje wersji bandyckiej<br>Sk\u0105d przypuszczenia moje takie<br>Bo dnia tego kiedy<br>Zgin\u0105\u0142 ksi\u0105dz Andrzej<br>W tej miejscowo\u015bci Z\u0105bki podwarszawskiej<br>Wybuch\u0142 te\u017c po\u017car ogromny<br>A wiem te\u017c sk\u0105din\u0105d<br>\u017be ci bandyci upatruj\u0105 sobie<br>R\u00f3\u017cne miejscowo\u015bci by w nie<br>Uderza\u0107 w spos\u00f3b tzw. zmasowany<br>A mo\u017ce ksi\u0105dz Andrzej<br>Podpad\u0142 szata\u0144stwu bandyckiemu<br>Podobnie jak ta miejscowo\u015b\u0107<br>Dlatego w\u0142a\u015bnie zgin\u0105\u0142<br>To tylko moje przypuszczenie<br>Ale wpisuje si\u0119 ono niestety<br>W to spektrum totalnych dzia\u0142a\u0144<br>Tego bandyctwa szata\u0144skiego<\/p>\n\n\n\n<p>I jeszcze w tym temacie<br>Ty kt\u00f3ry ju\u017c zlinczowa\u0142e\u015b<br>Ksi\u0119dza Andrzeja za jego post\u0119pek<br>Czy aby na pewno<br>Jeste\u015b a\u017c tak krystalicznie czysty<br>W tej kwestii seksualno\u015bci<br>A czy\u017c ten \u015bwiat<br>Nie produkuje w\u0142a\u015bnie takich postaw<br>Atakuj\u0105c mentalnie ze strony ka\u017cdej<br>Wszelk\u0105 seksualno\u015bci\u0105 nieuporz\u0105dkowan\u0105<br>Naprawd\u0119 m\u00f3g\u0142by\u015b \u015bwieci\u0107 na \u015bwieczniku<br>Ze sw\u0105 postaw\u0105 krystalicznie czyst\u0105<br>W tej kwestii seksualno\u015bci czystej<br>Zw\u0142aszcza gdy nikt nie widzi<br>Jak to si\u0119 m\u00f3wi<br>Je\u015bli by\u015b patrzy\u0142 pokornie<br>W sumienie swoje<br>Nie pot\u0119pia\u0142by\u015b tych kt\u00f3rzy<br>Stali si\u0119 ofiarami postaw zreszt\u0105<br>W tym \u015bwiecie lansowanych<br>Nawet je\u015bli nie wprost<br>A ksi\u0105dz Andrzej tym krzywd\u0119<br>Zrobi\u0142 raczej tylko sobie<\/p>\n\n\n\n<p>A pozna\u0142em go<br>Ju\u017c po tym wypadku<br>I by\u0142em bardzo mile zaskoczony<br>Jego kap\u0142a\u0144sk\u0105 pokor\u0105<br>Bardzo go te\u017c polubi\u0142em<br>A mo\u017ce on po prostu<br>I tylko podpad\u0142 szata\u0144stwu bandyctwa<\/p>\n\n\n\n<p>2.<br>*<strong>Wiesz ba<\/strong>*<br>Musz\u0119 powiedzie\u0107 co\u015b tu jeszcze<br>O perfidii ob\u0142udnej bandyctwa tego<br>Nawet je\u015bli pozwolono mi si\u0119<br>Gdzie\u015b przespa\u0107 z psem<br>W czasie wyjazdu<br>C\u00f3\u017c to zreszt\u0105 za wspania\u0142omy\u015blno\u015b\u0107<br>Jakby to si\u0119 po prostu<br>Ka\u017cdemu nie nale\u017ca\u0142o<br>To oczywi\u015bcie wiedz\u0105c \u017ce piesek<br>Si\u0119 boi a\u017curowych niewype\u0142nionych schod\u00f3w<br>Dano mi a jak\u017ce<br>Pok\u00f3j na pi\u0119trze dzi\u0119ki czemu<br>Ci bandyci mogli rubasznie<br>Zado\u015b\u0107uczyni\u0107 swojemu sadyzmowi pod\u0142emu<br>Bo przecie\u017c trzy godziny<br>Nie mog\u0142em sprowadzi\u0107 po schodach<br>Tego pieska<br>A oni przecie\u017c lubi\u0105<br>Takie rzeczy kiedy si\u0119 ob\u0142udnie<br>Komu\u015b komu trzeba oczywi\u015bcie szkodzi<\/p>\n\n\n\n<p>Zabi\u0107 zniszczy\u0107 zniewoli\u0107<br>Zgwa\u0142ci\u0107 podpali\u0107<br>Nawet \u015bwiat ca\u0142y<br>To przecie\u017c jest bandycka igraszka<br>Oni jak zombie r\u00f3\u017cne<br>Musz\u0105 si\u0119 chyba z\u0142em karmi\u0107<br>Nieustannie i ci\u0105gle<br>Wobec nas naszego i naszych<br>Upodobali sobie te r\u00f3\u017cne cele<br>Ale wida\u0107 \u017ce nie tylko<br>Bo w Z\u0105bkach to ja<br>Chyba nawet ostatnio nie by\u0142em<br>A mo\u017ce tak szata\u0144sko antyewangelicznie<br>Ta miejscowo\u015b\u0107 mia\u0142a ponie\u015b\u0107<br>Szata\u0144sk\u0105 kar\u0119 bo przyj\u0119\u0142a cho\u0107by<br>Tego wykl\u0119tego przez \u015bwiat ksi\u0119dza<\/p>\n\n\n\n<figure class=\"wp-block-gallery has-nested-images columns-default is-cropped wp-block-gallery-1 is-layout-flex wp-block-gallery-is-layout-flex\">\n<figure class=\"wp-block-image size-large\"><a href=\"https:\/\/hubertpietka.bialystok.pl\/wp-content\/uploads\/2025\/07\/1000012501.jpg\"><img loading=\"lazy\" decoding=\"async\" width=\"1024\" height=\"771\" data-id=\"9442\" src=\"https:\/\/hubertpietka.bialystok.pl\/wp-content\/uploads\/2025\/07\/1000012501-1024x771.jpg\" alt=\"\" class=\"wp-image-9442\" srcset=\"https:\/\/hubertpietka.bialystok.pl\/wp-content\/uploads\/2025\/07\/1000012501-1024x771.jpg 1024w, https:\/\/hubertpietka.bialystok.pl\/wp-content\/uploads\/2025\/07\/1000012501-300x226.jpg 300w, https:\/\/hubertpietka.bialystok.pl\/wp-content\/uploads\/2025\/07\/1000012501-768x578.jpg 768w, https:\/\/hubertpietka.bialystok.pl\/wp-content\/uploads\/2025\/07\/1000012501-1536x1156.jpg 1536w, https:\/\/hubertpietka.bialystok.pl\/wp-content\/uploads\/2025\/07\/1000012501.jpg 1600w\" sizes=\"auto, (max-width: 1024px) 100vw, 1024px\" \/><\/a><\/figure>\n<\/figure>\n\n\n\n<p><em>Na zdj. *<strong>Wierzba<\/strong>*<br>Takie refleksje o szata\u0144stwie bandyckim<br>I nawet je\u015bli s\u0105 to<br>Tylko tak zwane przypuszczenia<br>To nie odbiegaj\u0105 chyba<br>One jednak od rzeczywisto\u015bci<br>Kt\u00f3r\u0105 tworz\u0105 ob\u0142\u0119dnie ci bandyci<br>I w pe\u0142ni po szata\u0144sku<br>Skoro dla nich zabi\u0107 itd.<br>To jest zwyk\u0142a igraszka<br>I powiem jeszcze biedni<br>Ci kt\u00f3rzy wsp\u00f3\u0142pracuj\u0105 z tym<br>Szata\u0144stwem bandyckim bo niestety sami<br>Powoli si\u0119 staj\u0105 takimi zombie<br>Kimkolwiek by nie byli zreszt\u0105<br>Kt\u00f3rzy musz\u0105 karmi\u0107 cho\u0107by<br>To bandyctwo tymi samymi zbrodniami<br>Pod\u0142ug k\u0142amstw ohydnych najgorszych<br>Tak wobec nas<br>Ale i innych ofiar<br>Totalnego szata\u0144skiego bandyckiego systemu z\u0142a<\/em><\/p>\n\n\n\n<p><strong>Ani mi ani<br>Z nami naszymi i naszym<br>I niech spadaj\u0105 zombie bandyckie<br>Jakiekolwiek zreszt\u0105 si\u0119 od nas<br>Odczepi\u0105 odpieprz\u0105<\/strong><\/p>\n\n\n\n<p><strong><em><a href=\"https:\/\/youtu.be\/QkF3oxziUI4\">Led Zeppelin &#8211; Stairway to heaven <\/a><\/em><\/strong><\/p>\n","protected":false},"excerpt":{"rendered":"<p>1.*Wiesz ba*Chcia\u0142bym ci co\u015b tu powiedzie\u0107Pod prost\u0105 rozwag\u0119Dzi\u015b pogrzeb ksi\u0119dza AndrzejaZnaj\u0105c dzia\u0142ania pod\u0142e i perfidneTego bandyctwa zastanawiam si\u0119Czy aby na pewnoTak by\u0142o jak podanoW tak&hellip; <\/p>\n","protected":false},"author":1,"featured_media":0,"parent":0,"menu_order":0,"comment_status":"closed","ping_status":"closed","template":"","meta":{"footnotes":""},"class_list":["post-9441","page","type-page","status-publish","hentry"],"_links":{"self":[{"href":"https:\/\/hubertpietka.bialystok.pl\/index.php?rest_route=\/wp\/v2\/pages\/9441","targetHints":{"allow":["GET"]}}],"collection":[{"href":"https:\/\/hubertpietka.bialystok.pl\/index.php?rest_route=\/wp\/v2\/pages"}],"about":[{"href":"https:\/\/hubertpietka.bialystok.pl\/index.php?rest_route=\/wp\/v2\/types\/page"}],"author":[{"embeddable":true,"href":"https:\/\/hubertpietka.bialystok.pl\/index.php?rest_route=\/wp\/v2\/users\/1"}],"replies":[{"embeddable":true,"href":"https:\/\/hubertpietka.bialystok.pl\/index.php?rest_route=%2Fwp%2Fv2%2Fcomments&post=9441"}],"version-history":[{"count":1,"href":"https:\/\/hubertpietka.bialystok.pl\/index.php?rest_route=\/wp\/v2\/pages\/9441\/revisions"}],"predecessor-version":[{"id":9443,"href":"https:\/\/hubertpietka.bialystok.pl\/index.php?rest_route=\/wp\/v2\/pages\/9441\/revisions\/9443"}],"wp:attachment":[{"href":"https:\/\/hubertpietka.bialystok.pl\/index.php?rest_route=%2Fwp%2Fv2%2Fmedia&parent=9441"}],"curies":[{"name":"wp","href":"https:\/\/api.w.org\/{rel}","templated":true}]}}