{"id":9445,"date":"2025-07-11T08:22:56","date_gmt":"2025-07-11T08:22:56","guid":{"rendered":"https:\/\/hubertpietka.bialystok.pl\/?page_id=9445"},"modified":"2025-07-11T08:22:56","modified_gmt":"2025-07-11T08:22:56","slug":"wspaniali-bandyci-ci-lepsi-wieksi-chca-tylko-usunac-wszelkie-marne-zakaly-ludzkosci","status":"publish","type":"page","link":"https:\/\/hubertpietka.bialystok.pl\/?page_id=9445","title":{"rendered":"Wspaniali bandyci ci lepsi wi\u0119ksi \/ chc\u0105 tylko usun\u0105\u0107 wszelkie marne &#8211; zaka\u0142y ludzko\u015bci"},"content":{"rendered":"\n<p>1.<br>Z nimi to jest tak<br>Maj\u0105 najpierw r\u00f3\u017cne k\u0142amliwe tezy<br>Kt\u00f3re na si\u0142\u0119 chc\u0105 realizowa\u0107<br>I najlepiej \u017ceby wygl\u0105da\u0142o<br>\u017be co\u015b jest win\u0105 nasz\u0105<br>\u017be to my jeste\u015bmy winni<br>\u017be kto\u015b chce nas<br>Napada\u0107 zabija\u0107 prowokowa\u0107 szkodzi\u0107 nam<br>Tak oni realizuj\u0105 wszystko<br>Pod\u0142ug swej z\u0142owrogo\u015bci nienawistnej<br>Tak z t\u0105 podwij\u0105<br>Bandyckimi misjami i innymi s\u0142u\u017calcami<br>Tak z tym ta\u0142atajstwem by\u0142o<br>I tak z wielkim cz\u0142owiekiem<br>Zreszt\u0105 zawsze i wsz\u0119dzie<br>Se znajd\u0105 odpowiednich kt\u00f3rzy b\u0119d\u0105<br>Realizowa\u0107 ich fa\u0142szywe ob\u0142udne tezy<br>Byleby tylko osi\u0105gn\u0105\u0107 sw\u00f3j efekt<br>Nas zniewolenia zabicia nam zaszkodzenia<br>Wobec nas naszych naszego mienia<br>Z t\u0105 podwij\u0105 se wymy\u015blili<br>\u017be ja nie w porz\u0105dku jako\u015b jestem<br>Bo si\u0119 w pas nie k\u0142aniam uni\u017cenie<br>Z misiami inne niby zbrodnie<br>R\u00f3\u017cne nasze najlepiej udokumentowane<br>Bandyckimi nagraniami odpowiednio spreparowanymi<br>Z innymi s\u0142u\u017cbami te\u017c co\u015b i przecie\u017c<br>Jak nie niby zaleg\u0142o\u015b\u0107 skarbowa<br>To tyto\u0144 nielegalny<br>To w lesie parkowanie<br>Zawsze sobie co\u015b odpowiednio znajd\u0105<br>Byleby tylko potwierdzi\u0107<br>Swe r\u00f3\u017cne tezy ob\u0142udne<br>\u017be co\u015b jest nasz\u0105 win\u0105<br>I post\u0105pi\u0107 z nami niewolniczo<br>A i inne si\u0119 znajd\u0105<br>Pod\u0142ug bandyctwa przecie\u017c \u015brodki prowokacji<br>Jak nie ps\u00f3w szczekanie<br>To przecie\u017c im nie na r\u0119k\u0119 te\u017c zawsze<br>Nasza obrona przed bandyck\u0105 przemoc\u0105<br>I tymi kt\u00f3rych<br>Do tego perfidnie wykorzystuj\u0105<br>Tak najlepiej \u017ceby nasz\u0105 win\u0119<br>Zawsze dookre\u015bli\u0107 wed\u0142ug k\u0142amliwych<br>Bandyckich tez i tych<br>W zmowie pod\u0142ej pod\u0142ug nich<br>A i lubi\u0105 te\u017c bandyci<br>\u017be co\u015b niby przypadkiem \u0142ajdackim<br>Zawsze si\u0119 mo\u017cna tego wyprze\u0107<br>Byleby tylko z\u0142o nam uczyni\u0107<br>I oskar\u017cy\u0107 mnie fa\u0142szywie<br>Cho\u0107by o nadwra\u017cliwo\u015b\u0107<br>A oni przecie\u017c od lat<br>Ju\u017c wielu pr\u00f3buj\u0105 tak w\u0142a\u015bnie<br>Spe\u0142nia\u0107 swe r\u00f3\u017cne prze\u015bladowania<br>Na nas naszych i naszym<br>Ale najwa\u017cniejsze by fa\u0142szywe oskar\u017cenia<br>Pokrywa\u0142y si\u0119 te\u017c odpowiednio<br>Z k\u0142amliwymi bandyckimi tezami<br>Byleby tylko oni<br>Mogli zrealizowa\u0107 swe d\u0105\u017cenia przemocowe<br>Na nas naszym i naszych wreszcie<br>Bo ju\u017c si\u0119 niecierpliwi\u0105 troszeczk\u0119<br>\u017be ich d\u0105\u017cenia zbrodnicze<br>Nie przynios\u0142y jeszcze po\u017c\u0105danego efektu<br>Takie to w skr\u00f3cie<br>Wszelkie szata\u0144stwa bandyckie<br>Oskar\u017ca\u0107 fa\u0142szywie i k\u0142amliwie realizowa\u0107<br>Swe diabelskie d\u0105\u017cenia<br>Do zbrodni wszelakich niby przypadkowo<br>Czy jakkolwiek zreszt\u0105<br>Byleby tylko w nas<br>Naszych i nasze uderza\u0107 odpowiednio<\/p>\n\n\n\n<p>2.<br>A przepraszam to przecie\u017c<br>Ludzko\u015bci dobrodzieje ci lepsi<br>Kt\u00f3rzy chc\u0105 \u015bwiat uwolni\u0107<br>Od tej zaka\u0142y cz\u0142owiecze\u0144stwa<br>Powinienem sobie zapewne poczytywa\u0107<br>Za zaszczyt te bandyckie prze\u015bladowania<br>\u017be oni se musz\u0105 r\u0119ce tak brudzi\u0107<br>W rozprawie z takim barach\u0142em<br>Jak my nasze nasi ja<br>Biedni a oni chc\u0105 tylko<br>\u015awiat posprz\u0105ta\u0107 pod\u0142ug szatana<br>Oddaj\u0105c mu ho\u0142d wszelkimi zbrodniami<br>A tu si\u0119 sprzeciwia taki<br>I powo\u0142uje si\u0119 jeszcze bezczelnie<br>Na Boga kt\u00f3ry jest<br>Ich jedyn\u0105 obron\u0105<br>A oni tylko chc\u0105 przecie\u017c<br>Ci lepsi usun\u0105\u0107 t\u0105 mizern\u0105<br>Zaka\u0142\u0119 ludzko\u015bci<br>I jemu r\u00f3\u017cnych podobnych<br>Kt\u00f3rzy nie chc\u0105 chwali\u0107<br>Bandyckich k\u0142amstw i zbrodni<br>Usprawiedliwionych przecie\u017c zawsze<br>Pod\u0142ug szatana<br>Zapewne powinienem przeprosi\u0107 to bandyctwo<br>\u017be \u017cyjemy jeszcze<br>I prosi\u0107 o wybaczenie<br>Tych wszystkich lepszych kt\u00f3rzy<br>Maj\u0105 prawo przecie\u017c jak B\u00f3g<br>Albo raczej jak szatan decydowa\u0107<br>Jedynie s\u0142usznie o czyim\u015b \u017cyciu<br>I jego warto\u015bci<br>Zw\u0142aszcza gdy to si\u0119 sprzeciwia<br>Wszelkim zap\u0119dom ideologicznym i totalnym<br>Tego bandyctwa i im podobnych<br>Przepraszam zatem i o\u015bwiadczam<br>\u017be jednak \u017cy\u0107 b\u0119dziemy<br>W Bogu zawsze<br>Tak si\u0119 stara\u0107<br>Wbrew cudownym zreszt\u0105 k\u0142amstwom bandyckim<br>I ob\u0142udzie wspania\u0142ej a jak\u017ce<br>Zar\u00f3wno ich i szatana<\/p>\n\n\n\n<figure class=\"wp-block-gallery has-nested-images columns-default is-cropped wp-block-gallery-1 is-layout-flex wp-block-gallery-is-layout-flex\">\n<figure class=\"wp-block-image size-large\"><a href=\"https:\/\/hubertpietka.bialystok.pl\/wp-content\/uploads\/2025\/07\/1000012571.jpg\"><img loading=\"lazy\" decoding=\"async\" width=\"1024\" height=\"771\" data-id=\"9446\" src=\"https:\/\/hubertpietka.bialystok.pl\/wp-content\/uploads\/2025\/07\/1000012571-1024x771.jpg\" alt=\"\" class=\"wp-image-9446\" srcset=\"https:\/\/hubertpietka.bialystok.pl\/wp-content\/uploads\/2025\/07\/1000012571-1024x771.jpg 1024w, https:\/\/hubertpietka.bialystok.pl\/wp-content\/uploads\/2025\/07\/1000012571-300x226.jpg 300w, https:\/\/hubertpietka.bialystok.pl\/wp-content\/uploads\/2025\/07\/1000012571-768x578.jpg 768w, https:\/\/hubertpietka.bialystok.pl\/wp-content\/uploads\/2025\/07\/1000012571-1536x1156.jpg 1536w, https:\/\/hubertpietka.bialystok.pl\/wp-content\/uploads\/2025\/07\/1000012571.jpg 1600w\" sizes=\"auto, (max-width: 1024px) 100vw, 1024px\" \/><\/a><\/figure>\n<\/figure>\n\n\n\n<p><em>Na zdj. Na warszawskiej ASP obraz<br>Kt\u00f3ry mo\u017ce by\u0107 do\u015b\u0107 wymowny<br>Nie znam niestety autora<br>Jako ilustracja dzia\u0142a\u0144 bandyckich faryzyjskich<br>Tu przywo\u0142any oczywi\u015bcie niechc\u0105cy<\/em> przypadkowo <\/p>\n\n\n\n<p><em>Mo\u017cna do z\u0142a przymusza\u0107<br>W spos\u00f3b zawsze jedynie s\u0142uszny<br>Mamon\u0105 jako zap\u0142ata za krew<br>Znany przecie\u017c judaszowy przypadek ten<br>Czy cho\u0107by te\u017c i szanta\u017cem<br>Kt\u00f3rego zreszt\u0105 u\u017cywa\u0107 si\u0119<br>Nie wahaj\u0105 a tak\u017ce<br>I\u015b\u0107 za zbrodniami zastraszaniem<br>Byleby tylko spe\u0142nia\u0107 bandyckie po\u017c\u0105dania<br>Czy judaszowe czy kainowe<br>Mo\u017cna te\u017c zastrasza\u0107 szanta\u017cowa\u0107<br>I \u015bwiat ca\u0142y<br>Byleby tylko spe\u0142nia\u0107 po\u017c\u0105dania nienawistne<br>Tego szata\u0144skiego bandyctwa<br>A przepraszam tych lepszych<br>Kt\u00f3rzy przecie\u017c mog\u0105 u\u017cywa\u0107 wszelkich<br>K\u0142amstw ob\u0142udnych i zbrodni<br>Jak im si\u0119 podoba<br>Bo oni przecie\u017c s\u0105<br>W\u0142a\u015bnie ci lepsi<br>To nic \u017ce w szata\u0144stwie<br>To nic \u017ce w przemocy<br>Najwa\u017cniejsze \u017ce przecie\u017c<br>A tacy mog\u0105 robi\u0107<br>Co chc\u0105 z tym barach\u0142em<br>I z tym \u015bwiatem<br>A na dodatek stoi<br>Za nimi szatan<br>Kt\u00f3ry jest przecie\u017c panem \u015bwiata<br>Pod\u0142ug zbrodni k\u0142amstw i przemocy<br>Jedynie s\u0142usznej te\u017c ideologicznie bandycko<\/em><\/p>\n\n\n\n<p><strong><em><a href=\"https:\/\/youtu.be\/_ewr2o0PEzc\">Lady Pank &#8211; Mniej ni\u017c zero <\/a><\/em><\/strong><\/p>\n\n\n\n<p class=\"has-text-align-center\">\/<\/p>\n\n\n\n<p class=\"has-text-align-right\"><strong><em><a href=\"https:\/\/youtu.be\/8unEo4tdVVQ\">Lady Pank &#8211; Marchewkowe pole<\/a><\/em><\/strong><\/p>\n","protected":false},"excerpt":{"rendered":"<p>1.Z nimi to jest takMaj\u0105 najpierw r\u00f3\u017cne k\u0142amliwe tezyKt\u00f3re na si\u0142\u0119 chc\u0105 realizowa\u0107I najlepiej \u017ceby wygl\u0105da\u0142o\u017be co\u015b jest win\u0105 nasz\u0105\u017be to my jeste\u015bmy winni\u017be kto\u015b&hellip; <\/p>\n","protected":false},"author":1,"featured_media":0,"parent":0,"menu_order":0,"comment_status":"closed","ping_status":"closed","template":"","meta":{"footnotes":""},"class_list":["post-9445","page","type-page","status-publish","hentry"],"_links":{"self":[{"href":"https:\/\/hubertpietka.bialystok.pl\/index.php?rest_route=\/wp\/v2\/pages\/9445","targetHints":{"allow":["GET"]}}],"collection":[{"href":"https:\/\/hubertpietka.bialystok.pl\/index.php?rest_route=\/wp\/v2\/pages"}],"about":[{"href":"https:\/\/hubertpietka.bialystok.pl\/index.php?rest_route=\/wp\/v2\/types\/page"}],"author":[{"embeddable":true,"href":"https:\/\/hubertpietka.bialystok.pl\/index.php?rest_route=\/wp\/v2\/users\/1"}],"replies":[{"embeddable":true,"href":"https:\/\/hubertpietka.bialystok.pl\/index.php?rest_route=%2Fwp%2Fv2%2Fcomments&post=9445"}],"version-history":[{"count":1,"href":"https:\/\/hubertpietka.bialystok.pl\/index.php?rest_route=\/wp\/v2\/pages\/9445\/revisions"}],"predecessor-version":[{"id":9447,"href":"https:\/\/hubertpietka.bialystok.pl\/index.php?rest_route=\/wp\/v2\/pages\/9445\/revisions\/9447"}],"wp:attachment":[{"href":"https:\/\/hubertpietka.bialystok.pl\/index.php?rest_route=%2Fwp%2Fv2%2Fmedia&parent=9445"}],"curies":[{"name":"wp","href":"https:\/\/api.w.org\/{rel}","templated":true}]}}