{"id":9452,"date":"2025-07-12T20:40:54","date_gmt":"2025-07-12T20:40:54","guid":{"rendered":"https:\/\/hubertpietka.bialystok.pl\/?page_id=9452"},"modified":"2025-07-12T20:40:54","modified_gmt":"2025-07-12T20:40:54","slug":"wiedza-lepiej-bandyccy-eksperci-esteci-jakie-z-was-marne-smieci","status":"publish","type":"page","link":"https:\/\/hubertpietka.bialystok.pl\/?page_id=9452","title":{"rendered":"Wiedz\u0105 lepiej bandyccy eksperci esteci \/ jakie z was marne \u015bmieci"},"content":{"rendered":"\n<p>Zapewne ju\u017c wiecie<br>\u017be ci bandyci i im<br>Podobni r\u00f3\u017cni w ob\u0142udzie perfidnej<br>To esteci s\u0105 wybitni<br>Niedziela jutro wi\u0119c \u0142askawcy przewidzieli<br>Nam miejsce na parkingu<br>Pomi\u0119dzy samochodami jasnymi czystymi<br>\u017beby odpowiednio wygl\u0105da\u0142o<br>Jacy to my nieuporz\u0105dkowani<br>I przy okazji wlepi\u0107 nam<br>Bandycki mandat albo najlepiej dwa<br>Przecie\u017c do tego d\u0105\u017c\u0105<br>Niemal i ci\u0105gle<br>I nie wa\u017cne nic wcale<br>Przepis jest przepis<br>Na dodatek estetyzmu faryzejskiego bandyckiego<br>To nic \u017ce ukryty<br>Mia\u0142 by\u0107 przede mn\u0105<br>Konsekwencje za to dotyczy\u0107<br>Mnie nas maj\u0105 bardzo<\/p>\n\n\n\n<p>Tacy esteci cudni<br>\u017be wybielaj\u0105 te\u017c bydlak\u00f3w r\u00f3\u017cnych<br>Jak cho\u0107by ta podwija<br>Bo jego bandyctwa im pasuj\u0105<br>Przecie\u017c bardzo i innych podobnych<br>Tacy esteci faryzejscy<br>Bo nas naszych i nasze<br>Oczernia\u0107 te\u017c mo\u017cna trzeba zawsze<br>To jest dobrze widziane<br>Przez to bandyctwo szata\u0144skie<br>A tych kt\u00f3rzy maj\u0105<br>Nam z\u0142o czyni\u0107 r\u00f3\u017cne<br>Trzeba oczyszcza\u0107 ob\u0142udnie<br>By ci mogli spe\u0142nia\u0107 bandyckie<br>Po\u017c\u0105dania pod\u0142e<br>Najlepiej w kupie \u0142ajdackiej zapewne<br>To s\u0142u\u017cy bandytom w\u0142a\u015bnie<br>A nie im w prawdzie<br>Z\u0142a r\u00f3\u017cnego przypisywanie<br>Nie wa\u017cne przecie\u017c dobro prawda<br>Wa\u017cne by ci bydlacy r\u00f3\u017cni<br>Realizowali szata\u0144skie bandyckie po\u017c\u0105dania<br>Nam przeciwko wsz\u0119dzie zawsze odpowiednio<\/p>\n\n\n\n<p>Tacy esteci \u017ce b\u0119d\u0105<br>Przecedza\u0107 jak komara ka\u017cdy \u015bmie\u0107<br>Kt\u00f3ry pochodzi od nas<br>\u017be b\u0119d\u0105 mierzy\u0107 miark\u0105<br>To i tamto r\u00f3\u017cni<br>Inspektorzy \u015bmieciowi bandyccy<br>Patrze\u0107 przez lup\u0119<br>Czy czasem nie przekroczyli\u015bmy<br>\u015amieciowych przepis\u00f3w bandyckich<br>Co im te\u017c nie przeszkadza<br>Zabiera\u0107 z osiedla r\u00f3\u017cne \u015bmietniki<br>Przepisy bandyckie s\u0105 restrykcyjne przecie\u017c<br>Wobec tych kt\u00f3rych maj\u0105 dotyczy\u0107<br>A \u015bmieci\u0107 mo\u017cna poza tym<br>Wsz\u0119dzie indziej odpowiednio<br>Byle tylko to nie my<br>Nam przecie\u017c nie mo\u017cna peta<br>Wyrzuci\u0107 swobodnie tacy esteci bandyccy<br>W nas \u015bciganiu perfidni<br>A maj\u0105 i do tego<br>Przecie\u017c r\u00f3\u017cnych odpowiednich szpieg\u00f3w<\/p>\n\n\n\n<p>A poza tym ta podwija<br>I inni bydlacy bandyccy<br>S\u0142u\u017cbowi prywatni zawodowi<br>Wszystko jedno w sumie<br>Zale\u017cy przecie\u017c co i gdzie<br>Wpisuj\u0105 si\u0119 doskonale w ten<br>Estetyzm bandycki faryzyjski i niema\u0142o<br>W tym sensie<br>\u017be oni przecie\u017c w zgodzie<br>Z ob\u0142ud\u0105 i perfidi\u0105 bandyck\u0105<br>Maj\u0105 \u015bwiat oczy\u015bci\u0107 z tych<br>R\u00f3\u017cnych \u015bmieci hubalowych<br>Przecie\u017c oni s\u0105 lepsi wi\u0119ksi<br>I bandyci te\u017c wiedz\u0105<br>\u017be \u015bwiat trzeba oczy\u015bci\u0107<br>Z tych \u015bmieci<br>Ka\u017cda zbrodnia jest tu usprawiedliwiona<br>Bo estetyzm bandycki<br>Jest tylko w jedn\u0105 stron\u0119<br>T\u0105 jedynie s\u0142uszn\u0105 przecie\u017c<br>I k\u0142amstwa bandyckie te\u017c przyjd\u0105<br>W sukurs odpowiednio<br>\u017be ko\u0144ca \u015bwiata nie b\u0119dzie<br>I r\u00f3\u017cne inne brednie<br>Ale przecie\u017c wed\u0142ug paradygmatu przemocy<br>Bandyci i im podobni<br>Maj\u0105 zawsze racje<br>Ale to si\u0119 dopiero oka\u017ce<br>Tak w ka\u017cdym razie<br>Jest wygodnie tym bandytom<br>Spe\u0142nia\u0107 wszelkie swe zbrodnie<br>\u015awiat oczyszcza\u0107 jak Stalin Hitler<br>Oni wiedz\u0105 przecie\u017c komu \u015bmier\u0107<br>Komu zniewolenie komu zniszczenie<br>Jedynie s\u0142uszn\u0105 ka\u017cd\u0105 racj\u0105 szata\u0144sk\u0105<\/p>\n\n\n\n<figure class=\"wp-block-gallery has-nested-images columns-default is-cropped wp-block-gallery-1 is-layout-flex wp-block-gallery-is-layout-flex\">\n<figure class=\"wp-block-image size-large\"><a href=\"https:\/\/hubertpietka.bialystok.pl\/wp-content\/uploads\/2025\/07\/1000012905-1.jpg\"><img loading=\"lazy\" decoding=\"async\" width=\"1024\" height=\"771\" data-id=\"9453\" src=\"https:\/\/hubertpietka.bialystok.pl\/wp-content\/uploads\/2025\/07\/1000012905-1-1024x771.jpg\" alt=\"\" class=\"wp-image-9453\" srcset=\"https:\/\/hubertpietka.bialystok.pl\/wp-content\/uploads\/2025\/07\/1000012905-1-1024x771.jpg 1024w, https:\/\/hubertpietka.bialystok.pl\/wp-content\/uploads\/2025\/07\/1000012905-1-300x226.jpg 300w, https:\/\/hubertpietka.bialystok.pl\/wp-content\/uploads\/2025\/07\/1000012905-1-768x578.jpg 768w, https:\/\/hubertpietka.bialystok.pl\/wp-content\/uploads\/2025\/07\/1000012905-1-1536x1156.jpg 1536w, https:\/\/hubertpietka.bialystok.pl\/wp-content\/uploads\/2025\/07\/1000012905-1.jpg 1600w\" sizes=\"auto, (max-width: 1024px) 100vw, 1024px\" \/><\/a><\/figure>\n<\/figure>\n\n\n\n<p><em>Na zdj. Tacy esteci bandyccy<br>I pod\u0142ug nich wszelacy<br>W tym co s\u0142u\u017cy<br>Bandyckim k\u0142amstwom i przemocy<br>Puszczam do was wodne oczko<br>Bo ten estetyzm bandycki<br>Jest oczywi\u015bcie ob\u0142udny pod\u0142y perfidny<br>W zmierzaniu do wszelkich zbrodni<br>Z premedytacj\u0105 i ma<br>Oczyszcza\u0107 wybiela\u0107 bandyt\u00f3w i ich<br>Wszelakich w z\u0142u szata\u0144skim sprzymierze\u0144c\u00f3w<br>A ma oskar\u017ca\u0107 zawsze oczernia\u0107<br>Tych kt\u00f3rzy si\u0119 sprzeciwiaj\u0105<br>R\u00f3\u017cnym zbrodniom bandyckim i k\u0142amstwom<br>Taki estetyzm faryzejski<br>R\u00f3\u017cnych hipokryt\u00f3w raczej bez liku<br>Kt\u00f3ry ma uderza\u0107 odpowiednio<br>We wszelkie dzieci Bo\u017ce<br>Pocz\u0105wszy od nas naszego naszych<br>Po innych kt\u00f3rzy jako\u015b<br>Nie pasuj\u0105 bandyckiemu i szata\u0144skiemu<br>Waloryzowaniu czyjej\u015b wolno\u015bci i \u017cycia<br>I oczywi\u015bcie pod\u0142ug szata\u0144skiej przemocy<br>I ideologii bandyckiej s\u0142usznej jedynie<br>Jest to uprawomocnione wszystko odpowiednio<br>Ci lepsi i wi\u0119ksi<br>Wiedz\u0105 przecie\u017c zawsze wszystko lepiej<br>Ni\u017c ten plebs pospolity<br>Kt\u00f3remu \u015bmier\u0107 albo miska kas(z)y<br>Dla tych kt\u00f3rzy b\u0119d\u0105<br>Ze zbrodniami bandyckimi wsp\u00f3\u0142pracowa\u0107<br>Pod\u0142ug k\u0142amstw szata\u0144skich wszystkich ob\u0142\u0119dnych<\/em><\/p>\n\n\n\n<p><em>Poza tym niewa\u017cne wn\u0119trze serce<br>Byleby si\u0119 zgadza\u0142a bandycka kasa<br>I ich wszelkie szata\u0144skie cele<br>&#8222;Wn\u0119trze mo\u017ce by\u0107 przecie\u017c<br>Niegodziwo\u015bci i wszelkiego plugastwa pe\u0142ne&#8221;<br>Byleby tylko wszystko wygl\u0105da\u0142o odpowiednio<br>Tak jak to pasuje<br>Tym bandytom i im podobnym<br>Byleby tylko zgadza\u0142y si\u0119<br>Wszelkie bandyckie pozory<br>Kogo trzeba si\u0119 oczy\u015bci wybieli<br>A kogo trzeba si\u0119<br>Ods\u0105dzi od wszelkiej czci<br>Mimo \u017ce nic z\u0142ego on<br>Tak naprawd\u0119 nie robi<br>Ale podpad\u0142 szata\u0144skiemu bandyctwu<br>Sta\u0142 si\u0119 zawad\u0105 ich nienawi\u015bci<br>I zasad\u0105 ich pod\u0142ych czyn\u00f3w<\/em><\/p>\n\n\n\n<hr class=\"wp-block-separator has-alpha-channel-opacity\"\/>\n\n\n\n<p>A tak poza tym<br>*<strong>Ej ty &#8211; etytety<\/strong>*<br>To przecie\u017c wielkie *<strong>estety<\/strong>*<br>Wed\u0142ug bandyckiej szata\u0144skiej ob\u0142udnej *<strong>etykiety<\/strong>*<\/p>\n\n\n\n<p>A c\u00f3\u017c tam jaka\u015b tam dziwna *<strong>etyka<\/strong>*<\/p>\n","protected":false},"excerpt":{"rendered":"<p>Zapewne ju\u017c wiecie\u017be ci bandyci i imPodobni r\u00f3\u017cni w ob\u0142udzie perfidnejTo esteci s\u0105 wybitniNiedziela jutro wi\u0119c \u0142askawcy przewidzieliNam miejsce na parkinguPomi\u0119dzy samochodami jasnymi czystymi\u017beby odpowiednio&hellip; <\/p>\n","protected":false},"author":1,"featured_media":0,"parent":0,"menu_order":0,"comment_status":"closed","ping_status":"closed","template":"","meta":{"footnotes":""},"class_list":["post-9452","page","type-page","status-publish","hentry"],"_links":{"self":[{"href":"https:\/\/hubertpietka.bialystok.pl\/index.php?rest_route=\/wp\/v2\/pages\/9452","targetHints":{"allow":["GET"]}}],"collection":[{"href":"https:\/\/hubertpietka.bialystok.pl\/index.php?rest_route=\/wp\/v2\/pages"}],"about":[{"href":"https:\/\/hubertpietka.bialystok.pl\/index.php?rest_route=\/wp\/v2\/types\/page"}],"author":[{"embeddable":true,"href":"https:\/\/hubertpietka.bialystok.pl\/index.php?rest_route=\/wp\/v2\/users\/1"}],"replies":[{"embeddable":true,"href":"https:\/\/hubertpietka.bialystok.pl\/index.php?rest_route=%2Fwp%2Fv2%2Fcomments&post=9452"}],"version-history":[{"count":1,"href":"https:\/\/hubertpietka.bialystok.pl\/index.php?rest_route=\/wp\/v2\/pages\/9452\/revisions"}],"predecessor-version":[{"id":9454,"href":"https:\/\/hubertpietka.bialystok.pl\/index.php?rest_route=\/wp\/v2\/pages\/9452\/revisions\/9454"}],"wp:attachment":[{"href":"https:\/\/hubertpietka.bialystok.pl\/index.php?rest_route=%2Fwp%2Fv2%2Fmedia&parent=9452"}],"curies":[{"name":"wp","href":"https:\/\/api.w.org\/{rel}","templated":true}]}}