{"id":9456,"date":"2025-07-13T10:43:11","date_gmt":"2025-07-13T10:43:11","guid":{"rendered":"https:\/\/hubertpietka.bialystok.pl\/?page_id=9456"},"modified":"2025-07-13T10:43:11","modified_gmt":"2025-07-13T10:43:11","slug":"sutenerzy-bandyccy-oczekuja-okreslonych-lajdactw-przeciez-od-swych-prostytutek-uzaleznionych-w-zlu-wobec-scisle-okreslonych-tez-zreszta-bestialstw-bydlackich-ofiar","status":"publish","type":"page","link":"https:\/\/hubertpietka.bialystok.pl\/?page_id=9456","title":{"rendered":"Sutenerzy bandyccy \/ oczekuj\u0105 okre\u015blonych \u0142ajdactw przecie\u017c &#8211; od swych prostytutek uzale\u017cnionych w z\u0142u \/ wobec \u015bci\u015ble okre\u015blonych te\u017c zreszt\u0105 bestialstw bydlackich ofiar"},"content":{"rendered":"\n<p>Mo\u017cna gazem jak nazi\u015bci<br>W ka\u017cdej klatce przebywania<br>Tym bardziej \u017ce to<br>Doskonale imituje r\u00f3\u017cne objawy chorobowe<br>Wyzwala takie kt\u00f3re mog\u0105 wskazywa\u0107<br>Na pozory cho\u0107by \u015bmierci<br>Z innego powodu<br>A mo\u017cna w klatce mieszkania<br>Tylko zwi\u0119kszy\u0107 odpowiednie pr\u0105du napi\u0119cie<br>Sam si\u0119 przecie\u017c przekona\u0142em<br>\u017be drzwi czy prysznic wod\u0119<br>Mamy pod pr\u0105dem<br>A poza tym po c\u00f3\u017c<br>Trud sobie zadawali manipulacjami pr\u0105dem<br>R\u00f3\u017cni tacy<br>W naszym i obok mieszkania<br>Nie tylko zreszt\u0105 tego<br>A wiadomo przecie\u017c \u017ce pr\u0105dem<br>Mo\u017cna raz na \u015bmier\u0107 dobrze<\/p>\n\n\n\n<p>Na zewn\u0105trz poza tym<br>Mo\u017cna wypuszcza\u0107 osy z r\u0119kawa<br>Czy tam z czego<br>By efekt by\u0142 podobny<br>Jak ten gazowy<br>Wszyscy przecie\u017c maj\u0105 jakie\u015b choroby<br>Wystarczy tylko spowodowa\u0107 odpowiednie skutki<br>Poza tym wypadek wybuch po\u017car<br>Ile\u017c wspania\u0142ych metod szata\u0144stwa bandyckiego<br>I co za r\u00f3\u017cnica<br>Dla tych bandyt\u00f3w<br>Kiedy zbrodnie czyni\u0107<br>W dzie\u0144 czy w nocy<br>Zawsze przecie\u017c mo\u017cna oddawa\u0107 szatanowi<br>Odpowiedni\u0105 cze\u015b\u0107<br>Przez takich czy innych zreszt\u0105<\/p>\n\n\n\n<p>A jak nie \u015bmier\u0107 zniszczenie<br>To chocia\u017c napa\u015bci jakie\u015b zniewolenie<br>Maj\u0105 oni r\u00f3\u017cne prostytutki bandyckie<br>M\u00f3wi\u0105c przeno\u015bnie kt\u00f3re zawsze spe\u0142niaj\u0105<br>Szata\u0144skie po\u017c\u0105dania bandyckie po \u0142ajdacku<br>W tym wzgl\u0119dzie ale i nie tylko<br>Tak cho\u0107by ta podwija<br>Kt\u00f3r\u0105 znowu m\u00f3wi\u0105c metaforycznie<br>Nieustannie dymi\u0105 ci bandyci<br>Ku bydlactwu dla nas<br>A sk\u0105d niby wiadomo<br>Kiedy on ma napada\u0107<br>Ach bandyci prorocy podwija prorok<br>Tak ale chyba szatana<br>Maj\u0105 i inne przecie\u017c<br>Prostytutki odpowiednie polskie czy zagraniczne<br>Zawodowe prywatne czy s\u0142u\u017cbowe<br>Jak cho\u0107by bandyckie misie<br>Czy inni bandyccy s\u0142u\u017calcy<br>Gotowi przecie\u017c na ich bestialstwa<br>R\u00f3\u017cne opcje wszelkich imitacji prowokacji<br>Trzeba tylko zawsze odpowiednio okre\u015bli\u0107<br>Ich procedery prostytuckie pod\u0142ug bandyt\u00f3w<br>Z odpowiednimi pozorami i rekwizytami<br>Szata\u0144stwo bandyckie jest przecie\u017c ob\u0142\u0119dne<br>Podobnie prostytutctwo bandyckie<br>Jako odpowiednia gra pozor\u00f3w<br>W kt\u00f3rych oczywi\u015bcie to my<br>Mamy by\u0107 winni \u0142ajdactw bandyckich<\/p>\n\n\n\n<p>Tak\u017ce tego<br>Ale przecie\u017c jest bardzo weso\u0142o<br>By\u0107 mo\u017ce si\u0119 dobrze bawi\u0105<br>Ci bandyci i ich prostytutki<br>W pope\u0142nianiu szyderczym szata\u0144stw r\u00f3\u017cnych<br>Rubaszno\u015b\u0107 bandycka jest jedynie s\u0142uszna<br>I ma dotyka\u0107 \u015bmierci\u0105 zniewoleniem<br>Gwa\u0142tem i zniszczeniem niby przypadkowo<br>Tak a jak\u017ce najlepiej<br>Tych kt\u00f3rych ma ca\u0142owa\u0107 z\u0142em<br>Najwa\u017cniejsze by przecie\u017c<br>Dobrze si\u0119 bawili te\u017c mo\u017ce<br>Przy tym ci bandyci<br>I wszelkie prostytutki ich<br>Podczas bandyckich akcji<br>Racji wszelkiej sobie uzurpacji<br>Przecie\u017c przy okazji<br>Lub potem korzystaj\u0105c z gratyfikacji<br>Odpowiedniej nagrody bandyckiej<br>Za sprzeda\u017c cz\u0142owiecze\u0144stwa czyli<br>Ni mniej ni wi\u0119cej<br>Za prostytucje takie czy inne<br>\u0141ajdak\u00f3w wszelakich<\/p>\n\n\n\n<p><strong><em><a href=\"https:\/\/youtu.be\/1_XsuuQNT9E\">Perfect &#8211; Ale w ko\u0142o jest weso\u0142o <\/a><\/em><\/strong><\/p>\n\n\n\n<p>Jezu ufam Tobie wbrew tej<br>Bandyckiej przemocy i ich wszelakich<br>Prostytutek znieprawionych uczestnictwem<br>W bandyckim procederze sprzedawania cz\u0142owieka<br>Niewinnych wydawania z\u0142u szata\u0144skiemu<br>Tego bandyctwa ca\u0142ego<br>I im podobnych wszelakich<br>W d\u0105\u017ceniu do zbrodni \u0142ajdackich<br>Pod\u0142ug paradygmatu pod\u0142ych k\u0142amstw bandyckich<\/p>\n\n\n\n<figure class=\"wp-block-gallery has-nested-images columns-default is-cropped wp-block-gallery-1 is-layout-flex wp-block-gallery-is-layout-flex\">\n<figure class=\"wp-block-image size-large\"><a href=\"https:\/\/hubertpietka.bialystok.pl\/wp-content\/uploads\/2025\/07\/1000012961-scaled.jpg\"><img loading=\"lazy\" decoding=\"async\" width=\"1024\" height=\"771\" data-id=\"9457\" src=\"https:\/\/hubertpietka.bialystok.pl\/wp-content\/uploads\/2025\/07\/1000012961-1024x771.jpg\" alt=\"\" class=\"wp-image-9457\" srcset=\"https:\/\/hubertpietka.bialystok.pl\/wp-content\/uploads\/2025\/07\/1000012961-1024x771.jpg 1024w, https:\/\/hubertpietka.bialystok.pl\/wp-content\/uploads\/2025\/07\/1000012961-300x226.jpg 300w, https:\/\/hubertpietka.bialystok.pl\/wp-content\/uploads\/2025\/07\/1000012961-768x578.jpg 768w, https:\/\/hubertpietka.bialystok.pl\/wp-content\/uploads\/2025\/07\/1000012961-1536x1157.jpg 1536w, https:\/\/hubertpietka.bialystok.pl\/wp-content\/uploads\/2025\/07\/1000012961-2048x1542.jpg 2048w\" sizes=\"auto, (max-width: 1024px) 100vw, 1024px\" \/><\/a><\/figure>\n<\/figure>\n\n\n\n<p><em>Na zdj. Nie powiedz\u0105 przecie\u017c tacy \u0142ajdacy<br>R\u00f3\u017cne prostytutki bandycki<br>&#8222;Witaj dobry cz\u0142owieku&#8221; w Bogu<br>A ci sutenerzy bandyccy<br>U\u017cywaj\u0105c tej metafory dalej<br>Dok\u0142adnie wiedz\u0105 jak prostytutctwo prostackie<br>Wykorzystywa\u0107 w \u0142ajdactwach<br>Przeciwko nam i wszelkim zreszt\u0105<br>Bo\u017cym dzieciom<br>Przecie\u017c \u0142ajdactwa bandyckie s\u0105<br>Okre\u015blone \u015bci\u015ble w z\u0142u<br>Kt\u00f3re pope\u0142nia\u0107 maj\u0105 zreszt\u0105 wszelkie<br>W prostytucji bandyckiej wsp\u00f3\u0142uczestnicy<br>\u015awiat si\u0119 zdobywa przecie\u017c<br>Niepraw\u0105 bandyck\u0105 mamon\u0105 zastraszaniem l\u0119kiem<br>I \u0142ajdactwami prostytutek r\u00f3\u017cnych<br>Pope\u0142nianymi \u015bci\u015ble<br>Wed\u0142ug zamys\u0142\u00f3w po\u017c\u0105dliwo\u015bci z\u0142a bandyckiej<br>Dla tych dla kt\u00f3rych<br>To jest po bandycku zdefiniowane<br>I zgodnie te\u017c z szatanem<\/em><\/p>\n\n\n\n<p><strong><em><a href=\"https:\/\/youtu.be\/DbbnzKEkJxo\">Perfect &#8211; Obracam w palcach z\u0142oty pieni\u0105dz <\/a><\/em><\/strong><\/p>\n","protected":false},"excerpt":{"rendered":"<p>Mo\u017cna gazem jak nazi\u015bciW ka\u017cdej klatce przebywaniaTym bardziej \u017ce toDoskonale imituje r\u00f3\u017cne objawy choroboweWyzwala takie kt\u00f3re mog\u0105 wskazywa\u0107Na pozory cho\u0107by \u015bmierciZ innego powoduA mo\u017cna w&hellip; <\/p>\n","protected":false},"author":1,"featured_media":0,"parent":0,"menu_order":0,"comment_status":"closed","ping_status":"closed","template":"","meta":{"footnotes":""},"class_list":["post-9456","page","type-page","status-publish","hentry"],"_links":{"self":[{"href":"https:\/\/hubertpietka.bialystok.pl\/index.php?rest_route=\/wp\/v2\/pages\/9456","targetHints":{"allow":["GET"]}}],"collection":[{"href":"https:\/\/hubertpietka.bialystok.pl\/index.php?rest_route=\/wp\/v2\/pages"}],"about":[{"href":"https:\/\/hubertpietka.bialystok.pl\/index.php?rest_route=\/wp\/v2\/types\/page"}],"author":[{"embeddable":true,"href":"https:\/\/hubertpietka.bialystok.pl\/index.php?rest_route=\/wp\/v2\/users\/1"}],"replies":[{"embeddable":true,"href":"https:\/\/hubertpietka.bialystok.pl\/index.php?rest_route=%2Fwp%2Fv2%2Fcomments&post=9456"}],"version-history":[{"count":1,"href":"https:\/\/hubertpietka.bialystok.pl\/index.php?rest_route=\/wp\/v2\/pages\/9456\/revisions"}],"predecessor-version":[{"id":9458,"href":"https:\/\/hubertpietka.bialystok.pl\/index.php?rest_route=\/wp\/v2\/pages\/9456\/revisions\/9458"}],"wp:attachment":[{"href":"https:\/\/hubertpietka.bialystok.pl\/index.php?rest_route=%2Fwp%2Fv2%2Fmedia&parent=9456"}],"curies":[{"name":"wp","href":"https:\/\/api.w.org\/{rel}","templated":true}]}}