{"id":9460,"date":"2025-07-14T08:12:21","date_gmt":"2025-07-14T08:12:21","guid":{"rendered":"https:\/\/hubertpietka.bialystok.pl\/?page_id=9460"},"modified":"2025-07-14T08:12:21","modified_gmt":"2025-07-14T08:12:21","slug":"plastikowe-substytuty-pokus-klamliwych-zideologizowanych-a-milosc-wierna-z-pana","status":"publish","type":"page","link":"https:\/\/hubertpietka.bialystok.pl\/?page_id=9460","title":{"rendered":"Plastikowe substytuty &#8211; pokus k\u0142amliwych zideologizowanych \/ a mi\u0142o\u015b\u0107 wierna z Pana"},"content":{"rendered":"\n<p>Moja \u017cona okaza\u0142a si\u0119 wierna<br>W ca\u0142ym domu swego serca<br>Ryzykuj\u0105c ca\u0142\u0105 sob\u0105<br>Stawiaj\u0105c na szali \u017cycie swoje<br>Przeciwko nienawistnym zbrodniczym tendencjom<br>Tego bandyctwa i im podobnych<br>A nawet je\u015bli by<br>I tak nie by\u0142o<br>To tylko na niej<br>Jest Bo\u017ca piecz\u0119\u0107 sakramentu ma\u0142\u017ce\u0144stwa<br>Kt\u00f3ra mnie zobowi\u0105zuje do walki<br>O ni\u0105 i o nas<br>Przed obliczem Boga przeciwko szata\u0144stwu<br>Kt\u00f3re mocno uderza<br>W tych czasach ostatecznych<br>W rodzin\u0119 i w ma\u0142\u017ce\u0144stwo<br>Nie tylko zbrodniczo chce bezpo\u015brednio<br>Ale i ideologiami r\u00f3\u017cnymi k\u0142amliwymi<br>Kt\u00f3re niby maj\u0105 nie\u015b\u0107<br>Wolno\u015b\u0107 ludziom a ich zniewalaj\u0105<br>W grzechu nieuporz\u0105dkowania najpierw seksualnego<\/p>\n\n\n\n<p>A teraz s\u0142owo<br>Do gwiazd tych wszelkich aspiruj\u0105cych<br>Czy ja m\u00f3g\u0142bym zast\u0105pi\u0107 mi\u0142o\u015b\u0107<br>Jej jakim\u015b substytutem<br>Wygl\u0105daj\u0105cym nawet \u0142adnie ale<br>Nie maj\u0105cym tre\u015bci Bo\u017cej woli<br>Zgodnej z odwiecznym zamierzeniem<br>Realizowanym tylko w sakramencie ma\u0142\u017ce\u0144stwa<br>Czy\u017c mo\u017cna zast\u0105pi\u0107 straw\u0119 pe\u0142n\u0105<br>I od\u017cywcz\u0105 jakim\u015b plastikowym substytutem<br>Kt\u00f3ry dla mnie<br>Nie ma tre\u015bci pe\u0142nej<br>Wobec tego co jest Bo\u017cym po\u017cywieniem<br>\u017bycia i codzienno\u015bci mojej<br>A nawet pomijaj\u0105c i to<br>&#8222;Tyle wiemy o sobie<br>Ile nas sprawdzono&#8221;<br>Jak powiedzia\u0142 klasyk<br>Troch\u0119 w innym temacie<br>Czy ja m\u00f3g\u0142bym zast\u0105pi\u0107<br>Wierno\u015b\u0107 mi\u0142o\u015bci jak\u0105\u015b czcz\u0105 obietnic\u0105<br>Na dodatek bez pokrycia<br>Jedynej piecz\u0119ci sakramentu Bo\u017cego ma\u0142\u017ce\u0144stwa<br>Tego zreszt\u0105 kt\u00f3ry mamy<br>A kt\u00f3ry ca\u0142kowicie wype\u0142nia<br>Zamiary Bo\u017ce wobec nas<br>I tego \u015bwiata<\/p>\n\n\n\n<p><strong><em><a href=\"https:\/\/youtu.be\/Agkr89o1XrU\">Happysad &#8211; Zanim p\u00f3jd\u0119 <\/a><\/em><\/strong><\/p>\n\n\n\n<p>Bo wy tak troch\u0119 proponujecie<br>Sexy doll r\u00f3\u017cne jakby tylko<br>Seks mia\u0142 wype\u0142nia\u0107<br>Sens \u017cycia ludzkiego a nie<br>Czysto\u015b\u0107 i wierno\u015b\u0107<br>Jakby tylko powierzchowno\u015b\u0107 by\u0142a wa\u017cna<br>Nie \u017cycia duchowego pe\u0142na tre\u015b\u0107<br>Szybko by mnie nas zniszczy\u0142o<br>To szata\u0144stwo bandyckie i szatan<br>Jakby tak si\u0119 opacznie sta\u0142o<br>Wymy\u015blacie r\u00f3\u017cne nieczysto\u015bci pod\u0142e kombinacje<br>Jakby seks by\u0142 jedynym<br>\u017bycia pe\u0142nym sensem<br>Jak nie gwiazdy r\u00f3\u017cne<br>To mo\u017ce jakie\u015b pedzie<br>Podczas gdy sensem naszego \u017cycia<br>Jest \u015bwiadczy\u0107 o czystej mi\u0142o\u015bci<br>Wbrew ideologizacji i seksualizacji \u015bwiata<br>Kt\u00f3ry pcha go w nieczysto\u015b\u0107<br>Tak\u017ce w zwi\u0105zku z tymi<br>Wszystkimi niemoralnymi propozycjami waszymi<br>I \u017ce maj\u0105 by\u0107 dzieci<br>Nie b\u0119dzie takich<br>A tych duchowych nam B\u00f3g<br>Wiele daje<br>Bo nie dzieci wype\u0142niaj\u0105 sens<br>Sakramentu ma\u0142\u017ce\u0144stwa lecz mi\u0142o\u015b\u0107<br>Czysta i wierna<br>Dzieci s\u0105 tylko dope\u0142nieniem<br>Kt\u00f3re mo\u017ce by\u0107 i kt\u00f3re<br>Mo\u017ce i nie by\u0107<br>A my w\u0142a\u015bnie w tej<br>Czystej jasnej postaci<br>Jeste\u015bmy \u015bwiadectwem wobec \u015bwiata tego<br>Znieprawionego amoralnym my\u015bleniem k\u0142amliwymi tendencjami<br>W Bo\u017cej mi\u0142o\u015bci trwanie<br>Mimo wszystko i w\u0142a\u015bnie dlatego<br>A jakby\u015bmy si\u0119 zacz\u0119li<br>Rozbija\u0107 pod\u0142ug propozycji szata\u0144skich r\u00f3\u017cnych<br>\u015awiata tego to by ju\u017c<br>Nas nie by\u0142o<br>I nic by nie by\u0142o<br>Bo to ma\u0142\u017ce\u0144stwo ma przetrwa\u0107<br>Wbrew szata\u0144stwu tego bandyctwa<br>I wszelkich zdegenerowanych w nieczystym patrzeniu<br>Jak Bo\u017ca piecz\u0119\u0107 dla \u015bwiata<br>Odwiecznych postanowie\u0144 Bo\u017cych<br>Je\u015bli zniszczycie nas t\u0105 mi\u0142o\u015b\u0107<br>B\u00f3g \u015bwiat ten zniszczy<br>Nawet je\u015bli ta mi\u0142o\u015b\u0107 Bo\u017ca<br>Wydaje si\u0119 dla was<br>Czym\u015b ma\u0142ym niewa\u017cnym<br>I je\u015bli gardzicie na\u015bmiewacie si\u0119<br>Sobie kpicie z takiego<br>Pojmowania mi\u0142o\u015bci kt\u00f3ra jest jednak<br>Tym nie pod\u0142ug nas nawet<br>Ale wed\u0142ug odwiecznych postanowie\u0144 Bo\u017cych<br>Jako \u015bwiadectwo dla amoralno\u015bci k\u0142amliwej<\/p>\n\n\n\n<p class=\"has-text-align-right\">( <strong><em><a href=\"https:\/\/youtu.be\/g890WV9bouY\">Republika  &#8211; Sexy Doll<\/a><\/em><\/strong> )<\/p>\n\n\n\n<figure class=\"wp-block-image size-large\"><a href=\"https:\/\/hubertpietka.bialystok.pl\/wp-content\/uploads\/2025\/07\/1000013073.jpg\"><img loading=\"lazy\" decoding=\"async\" width=\"771\" height=\"1024\" src=\"https:\/\/hubertpietka.bialystok.pl\/wp-content\/uploads\/2025\/07\/1000013073-771x1024.jpg\" alt=\"\" class=\"wp-image-9461\" srcset=\"https:\/\/hubertpietka.bialystok.pl\/wp-content\/uploads\/2025\/07\/1000013073-771x1024.jpg 771w, https:\/\/hubertpietka.bialystok.pl\/wp-content\/uploads\/2025\/07\/1000013073-226x300.jpg 226w, https:\/\/hubertpietka.bialystok.pl\/wp-content\/uploads\/2025\/07\/1000013073-768x1020.jpg 768w, https:\/\/hubertpietka.bialystok.pl\/wp-content\/uploads\/2025\/07\/1000013073-1157x1536.jpg 1157w, https:\/\/hubertpietka.bialystok.pl\/wp-content\/uploads\/2025\/07\/1000013073.jpg 1536w\" sizes=\"auto, (max-width: 771px) 100vw, 771px\" \/><\/a><\/figure>\n\n\n\n<p><em>Na zdj. Duch \u015awi\u0119ty dzia\u0142a<br>W tym ma\u0142\u017ce\u0144stwie<br>A poprzez nie \u015bwiadczy<br>Wobec tego \u015bwiata<br>Zobaczcie \u017ce na tym witra\u017cu<br>Jakby dwie obr\u0105czki \u015blubne<br>S\u0105 podstaw\u0105 tego symbolu<br>Ducha \u015awi\u0119tego jakby poprzez nie<br>Wype\u0142nia\u0142a si\u0119 dzia\u0142ania Jego pe\u0142nia<br>Mo\u017cna otwiera\u0107 si\u0119 na Ducha \u015awi\u0119tego<br>A mo\u017cna Mu zaprzecza\u0107<br>Zgodnie z wszelkimi przek\u0142amanymi tendencjami<br>\u015awiata tego ale kto przeczy<br>Duchowi \u015awi\u0119temu z szatanem wsp\u00f3\u0142dzia\u0142a<br>Niestety czy o tym wie<br>Czy nie wie<br>Bo buduje si\u0119 na prawdzie<br>Nie na k\u0142amstwie<br>Nawet wygl\u0105daj\u0105cym jak naj\u0142adniej<br>Tylko dom zbudowany na Bogu<br>W wierno\u015bci i czysto\u015bci<br>Mo\u017ce si\u0119 osta\u0107 wobec wszelkich<br>Zakus\u00f3w z\u0142ego jego podszept\u00f3w kusze\u0144<br>I wszelkich post\u0119puj\u0105cych wed\u0142ug niego<br>Nie tylko w zbrodniach prostackich<br>Ale i k\u0142amstwach kt\u00f3re niby<br>Id\u0105c na kompromis ze z\u0142em<br>Maj\u0105 by\u0107 rozwi\u0105zaniem Bo\u017cych dramat\u00f3w<br>Tego \u015bwiata i ludzi poddanych<br>Amoralnym postawom zideologizowanym wewn\u0119trznie nieuporz\u0105dkowanym<br>Dlatego je\u015bli zburzony zostanie<br>Ten dom Bo\u017cej mi\u0142o\u015bci wiernej<br>Dom \u015bwiata nietrwa\u0142y zawali si\u0119<br>Tak\u017ce pod\u0142ug tego w\u0142a\u015bnie<br>\u017be trzeba bardziej s\u0142ucha\u0107 Boga<br>Ni\u017c ludzi a ju\u017c<br>Na pewno szatana nie s\u0142ucha\u0107<br>A ze z\u0142em kolaboracja<br>Nigdy nie jest w\u0142a\u015bciw\u0105 postaw\u0105<br>Do wznoszenia jakiegokolwiek domu<br>Budowa na k\u0142amstwie<br>Si\u0119 nie ostoi wobec niezmiennych<br>Wyzwa\u0144 Bo\u017cych pod\u0142ug cz\u0142owieka<br>Do trwania w mi\u0142o\u015bci czystej<br>I w prawdzie<\/em><\/p>\n","protected":false},"excerpt":{"rendered":"<p>Moja \u017cona okaza\u0142a si\u0119 wiernaW ca\u0142ym domu swego sercaRyzykuj\u0105c ca\u0142\u0105 sob\u0105Stawiaj\u0105c na szali \u017cycie swojePrzeciwko nienawistnym zbrodniczym tendencjomTego bandyctwa i im podobnychA nawet je\u015bli byI&hellip; <\/p>\n","protected":false},"author":1,"featured_media":0,"parent":0,"menu_order":0,"comment_status":"closed","ping_status":"closed","template":"","meta":{"footnotes":""},"class_list":["post-9460","page","type-page","status-publish","hentry"],"_links":{"self":[{"href":"https:\/\/hubertpietka.bialystok.pl\/index.php?rest_route=\/wp\/v2\/pages\/9460","targetHints":{"allow":["GET"]}}],"collection":[{"href":"https:\/\/hubertpietka.bialystok.pl\/index.php?rest_route=\/wp\/v2\/pages"}],"about":[{"href":"https:\/\/hubertpietka.bialystok.pl\/index.php?rest_route=\/wp\/v2\/types\/page"}],"author":[{"embeddable":true,"href":"https:\/\/hubertpietka.bialystok.pl\/index.php?rest_route=\/wp\/v2\/users\/1"}],"replies":[{"embeddable":true,"href":"https:\/\/hubertpietka.bialystok.pl\/index.php?rest_route=%2Fwp%2Fv2%2Fcomments&post=9460"}],"version-history":[{"count":1,"href":"https:\/\/hubertpietka.bialystok.pl\/index.php?rest_route=\/wp\/v2\/pages\/9460\/revisions"}],"predecessor-version":[{"id":9462,"href":"https:\/\/hubertpietka.bialystok.pl\/index.php?rest_route=\/wp\/v2\/pages\/9460\/revisions\/9462"}],"wp:attachment":[{"href":"https:\/\/hubertpietka.bialystok.pl\/index.php?rest_route=%2Fwp%2Fv2%2Fmedia&parent=9460"}],"curies":[{"name":"wp","href":"https:\/\/api.w.org\/{rel}","templated":true}]}}