{"id":9468,"date":"2025-07-15T07:19:57","date_gmt":"2025-07-15T07:19:57","guid":{"rendered":"https:\/\/hubertpietka.bialystok.pl\/?page_id=9468"},"modified":"2025-07-15T07:19:57","modified_gmt":"2025-07-15T07:19:57","slug":"miekkosc-golebia-a-orla-natura-i-prawa","status":"publish","type":"page","link":"https:\/\/hubertpietka.bialystok.pl\/?page_id=9468","title":{"rendered":"Mi\u0119kko\u015b\u0107 go\u0142\u0119bia \/ a or\u0142a &#8211; natura i prawa"},"content":{"rendered":"\n<p>Za s\u0142abo\u015b\u0107 sobie poczytuj\u0105 bandyci<br>Zwyk\u0142e ludzkie uczucia<br>Pogardzaj\u0105 wyznaniami i uni\u017ceniem si\u0119<br>Przed Panem na drodze pokory<br>Wiadomo oni przecie\u017c wszystko<br>Pod\u0142ug szatana wi\u0119c i to<br>Te\u017c w\u0142a\u015bnie pod\u0142ug pychy<br>I w sobie zadufania<br>Oni i im podobni zreszt\u0105<\/p>\n\n\n\n<p>Tymczasem ja zawsze b\u0119d\u0119 si\u0119<br>Uni\u017ca\u0142 przed Panem bo On<br>Jest Bogiem a nie szatan uzurpator<br>Kt\u00f3remu s\u0142u\u017c\u0105 ci bandyci<br>Swymi zbrodniami i k\u0142amstwami<br>W pe\u0142ni i ca\u0142kowicie<br>Nawet je\u015bli b\u0119d\u0105 kpi\u0107 szydzi\u0107<br>Mnie wy\u015bmiej\u0105 ja zawsze<br>B\u0119d\u0119 si\u0119 uni\u017ca\u0142 przed Panem<br>Jak Dawid nawet je\u015bli mn\u0105<br>Tu wzgardz\u0105<\/p>\n\n\n\n<p>A teraz czy moje s\u0142owa<br>S\u0105 raz za twarde<br>A raz za mi\u0119kkie<br>Szatan i jego s\u0142udzy<br>Zawsze znajd\u0105 pretekst<br>By uderza\u0107 w Bo\u017ce dzieci<br>B\u0119d\u0105 zawsze wszystko traktowa\u0107 opacznie<br>&#8222;Przygrywali\u015bmy zawodzili&#8221; pocieszali wsp\u00f3\u0142czuli walczyli<br>A dla nich zawsze<br>To przewrotnie pow\u00f3d<br>Do uderze\u0144 cho\u0107by k\u0142amliw\u0105 ob\u0142udn\u0105<br>Szata\u0144sk\u0105 mow\u0105 byleby tylko spe\u0142nia\u0107<br>Swe po\u017c\u0105dania zbrodni r\u00f3\u017cne<\/p>\n\n\n\n<p>I nawet je\u015bli moja mowa<br>Bywa czasem pod\u0142ug waszej nomenklatury<br>Mi\u0119kka troch\u0119 to wiedzcie<br>\u017be to nie dla was<br>Ale dla zwyk\u0142ych prostych ludzi<br>I wiedzcie te\u017c \u017ce czyny<br>Moje tak\u017ce jak gdzie indziej<br>S\u0142owa wobec was potrafi\u0105 by\u0107<br>Bardzo twarde w mocy Bo\u017cej<br>A szatan i jego s\u0142udzy<br>Wszystko traktuj\u0105 z pod\u0142\u0105 zawzi\u0119to\u015bci\u0105<br>Ku ob\u0142udnej przewrotno\u015bci byleby tylko<br>Uderza\u0107 w Bo\u017ce dzieci<br>Byleby tylko spe\u0142nia\u0107 po\u017c\u0105dania<br>Wszelkich zbrodni szatana<\/p>\n\n\n\n<p>A mi a\u017c tak<br>Nie zale\u017cy na tym \u017cyciu<br>Wola\u0142bym by\u0107 ju\u017c chyba<br>W domu Ojca<br>Ale nie uciekam te\u017c jednak<br>Od trud\u00f3w tego \u017cycia<br>I walk kt\u00f3re mam toczy\u0107<br>Z Bo\u017c\u0105 pomoc\u0105 przeciwko<br>Temu bandyctwu i wszelkim znieprawionym<br>W my\u015bleniu i dzia\u0142aniu amoralnym<br>Dlatego z tym szata\u0144skim bandyctwem<br>I im podobnymi b\u0119d\u0119 walczy\u0142<br>Do ko\u0144ca albo ich<br>Albo mojego i \u015bwiata tego<br>A B\u00f3g i tak zwyci\u0119\u017cy<br>Szatan ju\u017c na krzy\u017cu Chrystusa<br>Przegra\u0142 definitywnie i to te\u017c<br>Si\u0119 dope\u0142ni pod\u0142ug Bo\u017cych wyrok\u00f3w<br>W taki czy inny spos\u00f3b<\/p>\n\n\n\n<figure class=\"wp-block-gallery has-nested-images columns-default is-cropped wp-block-gallery-1 is-layout-flex wp-block-gallery-is-layout-flex\">\n<figure class=\"wp-block-image size-large\"><a href=\"https:\/\/hubertpietka.bialystok.pl\/wp-content\/uploads\/2025\/07\/1000013181.jpg\"><img loading=\"lazy\" decoding=\"async\" width=\"798\" height=\"601\" data-id=\"9469\" src=\"https:\/\/hubertpietka.bialystok.pl\/wp-content\/uploads\/2025\/07\/1000013181.jpg\" alt=\"\" class=\"wp-image-9469\" srcset=\"https:\/\/hubertpietka.bialystok.pl\/wp-content\/uploads\/2025\/07\/1000013181.jpg 798w, https:\/\/hubertpietka.bialystok.pl\/wp-content\/uploads\/2025\/07\/1000013181-300x226.jpg 300w, https:\/\/hubertpietka.bialystok.pl\/wp-content\/uploads\/2025\/07\/1000013181-768x578.jpg 768w\" sizes=\"auto, (max-width: 798px) 100vw, 798px\" \/><\/a><\/figure>\n<\/figure>\n\n\n\n<p><em>Na zdj. Pr\u00f3bowano mi wmawia\u0107 \u017ce jestem<br>Brzydkim kacz\u0119ciem albo kur\u0105 nielotem<br>Pr\u00f3bowa\u0142 mnie ten \u015bwiat omami\u0107<br>Patrzeniem swym przewrotnym<br>A jednak doros\u0142em dojrza\u0142em<br>I B\u00f3g mnie uczyni\u0142<br>Tym czym jestem<br>W miejscu gdzie jestem<br>Dzi\u0119ki Bo\u017cej pomocy<br>Bia\u0142ym czystym \u0142ab\u0119dziem mam by\u0107<br>\u0141a-b\u0105d\u017a B\u00f3g m\u00f3wi \u0142a\u0142 b\u0105d\u017a<br>B\u0105d\u017acie i o mnie \u015bwiadczcie<br>Waszym \u017cyciem w ma\u0142\u017ce\u0144stwie<br>Na przek\u00f3r wszelkiej z\u0142o\u015bci piekielnej<br>A \u017ce \u0142ab\u0105d\u017a mo\u017ce pok\u0105sa\u0107<br>To si\u0119 chyba ju\u017c mog\u0142o<br>Przekona\u0107 to bandyctwo<br>I im podobni w z\u0142u<br>Wszelcy przydupasy i aprobanci<br>Nieprawych bandyckich dzia\u0142a\u0144<br>Tudzie\u017c amatorzy wsp\u00f3\u0142uczestnictwa wszelacy<br>W zbrodniach bandyckich i k\u0142amstwach<br>Do przodu ca\u0142a Bo\u017ca bra\u0107<br>Dzie\u0142a Bo\u017ce trzeba spe\u0142nia\u0107<\/em><\/p>\n\n\n\n<p><strong>I ani mi Ani<br>Z nami naszymi i naszym<br>I niech spadaj\u0105 bandyccy przydupasy<br>Bo pok\u0105sam tak<br>\u017be nie b\u0119dzie co zbiera\u0107<\/strong><\/p>\n\n\n\n<p>( <strong><em><a href=\"https:\/\/youtu.be\/-MdKUvVjC7k\">Ma\u0142gorzata Ostrowska &amp; Organek &#8211; Go\u0142\u0119bi puch \/ M\u0119skie Granie Orkiestra <\/a><\/em><\/strong> )<\/p>\n\n\n\n<p class=\"has-text-align-right\"><strong><em><a href=\"https:\/\/youtu.be\/BYhP2ax0OQE\">Proletaryat &#8211; Jak ptak<\/a><\/em><\/strong><\/p>\n","protected":false},"excerpt":{"rendered":"<p>Za s\u0142abo\u015b\u0107 sobie poczytuj\u0105 bandyciZwyk\u0142e ludzkie uczuciaPogardzaj\u0105 wyznaniami i uni\u017ceniem si\u0119Przed Panem na drodze pokoryWiadomo oni przecie\u017c wszystkoPod\u0142ug szatana wi\u0119c i toTe\u017c w\u0142a\u015bnie pod\u0142ug pychyI&hellip; <\/p>\n","protected":false},"author":1,"featured_media":0,"parent":0,"menu_order":0,"comment_status":"closed","ping_status":"closed","template":"","meta":{"footnotes":""},"class_list":["post-9468","page","type-page","status-publish","hentry"],"_links":{"self":[{"href":"https:\/\/hubertpietka.bialystok.pl\/index.php?rest_route=\/wp\/v2\/pages\/9468","targetHints":{"allow":["GET"]}}],"collection":[{"href":"https:\/\/hubertpietka.bialystok.pl\/index.php?rest_route=\/wp\/v2\/pages"}],"about":[{"href":"https:\/\/hubertpietka.bialystok.pl\/index.php?rest_route=\/wp\/v2\/types\/page"}],"author":[{"embeddable":true,"href":"https:\/\/hubertpietka.bialystok.pl\/index.php?rest_route=\/wp\/v2\/users\/1"}],"replies":[{"embeddable":true,"href":"https:\/\/hubertpietka.bialystok.pl\/index.php?rest_route=%2Fwp%2Fv2%2Fcomments&post=9468"}],"version-history":[{"count":1,"href":"https:\/\/hubertpietka.bialystok.pl\/index.php?rest_route=\/wp\/v2\/pages\/9468\/revisions"}],"predecessor-version":[{"id":9470,"href":"https:\/\/hubertpietka.bialystok.pl\/index.php?rest_route=\/wp\/v2\/pages\/9468\/revisions\/9470"}],"wp:attachment":[{"href":"https:\/\/hubertpietka.bialystok.pl\/index.php?rest_route=%2Fwp%2Fv2%2Fmedia&parent=9468"}],"curies":[{"name":"wp","href":"https:\/\/api.w.org\/{rel}","templated":true}]}}