{"id":9472,"date":"2025-07-17T09:10:07","date_gmt":"2025-07-17T09:10:07","guid":{"rendered":"https:\/\/hubertpietka.bialystok.pl\/?page_id=9472"},"modified":"2025-07-17T09:10:07","modified_gmt":"2025-07-17T09:10:07","slug":"prawa-pana-a-prawa-szatana","status":"publish","type":"page","link":"https:\/\/hubertpietka.bialystok.pl\/?page_id=9472","title":{"rendered":"Prawa Pana \/ a prawa szatana"},"content":{"rendered":"\n<p>Z g\u0142\u0119bokim smutkiem przyj\u0105\u0142em wiadomo\u015b\u0107<br>O \u015bmierci pani Joasi Ko\u0142aczkowskiej<br>Szybko si\u0119 uwin\u0119li trzeba przyzna\u0107<br>Z tym procederem szata\u0144sko bandyckim<br>Od og\u0142oszenia jej choroby niby<br>Nie potrafi\u0119 tego wyt\u0142umaczy\u0107<br>Ale czuj\u0119 g\u0142\u0119boko \u017ce<br>Jest to \u015bmier\u0107 za warto\u015bci<br>Jak wiele innych niewinnych istnie\u0144<br>W tym wsp\u00f3\u0142czesnym straszliwym barbarzy\u0144stwie<br>W propagowaniu kultu oddawanego szatanowi<br>Przez \u015bmier\u0107 k\u0142amstwa wszelkie zbrodnie<br>I nie potrafi\u0119 tego wyt\u0142umaczy\u0107<br>Ale czu\u0142em paradoksalnie korespondencj\u0119 serc<br>Z pani\u0105 Joasi\u0105 pewnie wynikaj\u0105c\u0105<br>Z wierno\u015bci warto\u015bciom<br>Kt\u00f3re nie zawsze trzeba dookre\u015bla\u0107<br>Jako Bo\u017ce cho\u0107 takimi s\u0105<br>One w istocie<br>Pod\u0142ug cho\u0107by szczero\u015bci scenicznej<br>Tej pani niewinnej szata\u0144stw ofiary<br>Kt\u00f3r\u0105 widz\u0119 \u017ce w nomenklaturze k\u0142amliwej<br>Zwykli rakiem albo innymi chorobami<br>Nazywa\u0107 i t\u0142umaczy\u0107<br>Jako przykrywka zbrodni szata\u0144skich bandyckich<\/p>\n\n\n\n<p>A czy\u017c nie podobnie<br>Ma by\u0107 z moj\u0105 \u017con\u0105<br>I pewnie i wielu innymi<br>Czy\u017c nie za wierno\u015b\u0107 warto\u015bciom<br>Ma ona w szata\u0144skim mniemaniu<br>Tego bandyctwa i im podobnym<br>Ponie\u015b\u0107 kar\u0119 \u015bmierci cho\u0107by<br>Za m\u0119\u017cowi wierno\u015b\u0107<br>Za korespondencj\u0119 z warto\u015bciami Bo\u017cymi<br>Cho\u0107 nie zawsze trzeba to<br>Tak bezpo\u015brednio nazywa\u0107<br>Czy\u017c nie za to<br>I ona i tylu innych<br>Ma by\u0107 z\u0142o\u017cona w ofierze<br>Szatanowi i k\u0142amstwom bandyckim wszelkim<\/p>\n\n\n\n<p>Bo ten \u015bwiat w\u0142adzy bandyckiej<br>I tych kt\u00f3rzy dali si\u0119<br>Omami\u0107 jej k\u0142amstwami i po\u017c\u0105daniami<br>Cho\u0107by wszelkich zbrodni \u015bmierci zniszczenia<br>\u015awiat antywarto\u015bci szata\u0144skich<br>Nazywa tak w\u0142a\u015bnie ca\u0142kowicie przeciwnie<br>I opatrznie prawami cz\u0142owieka<br>Od aborcji po eutanazj\u0119 itp.<br>Ten wszelki proceder<br>\u015amierci niewinnych ludzkich istnie\u0144<br>Kt\u00f3re si\u0119 nie wpisuj\u0105<br>W szata\u0144stwo w\u0142adzy bandyckiej<br>I antywarto\u015bci w kulcie szatanowi<br>Tak antywarto\u015bci zbrodnicze nazywaj\u0105 oni<br>Prawami cz\u0142owieka oczywi\u015bcie dla tych<br>Lepszych w mniemany bandyckim<br>Wszelkich wsp\u00f3\u0142wyznawc\u00f3w w kulcie \u015bmierci<br>A inni niech gin\u0105<br>Kt\u00f3rzy nie podzielaj\u0105 szata\u0144skich wszelkich<br>K\u0142amstw i akceptacji zbrodni wszelakich<\/p>\n\n\n\n<p>Za to te\u017c inaczej maj\u0105<br>Ja cho\u0107by mam by\u0107 odosobniony<br>Niby w mojej obronie<br>Czyli samego siebie<br>A tak naprawd\u0119 by m\u00f3c<br>Spe\u0142nia\u0107 te szata\u0144stwa wszelkie spokojnie<br>Bym nie przeszkadza\u0142<br>W k\u0142amstwach wszelkich i zbrodniach<br>Temu te\u017c s\u0142u\u017c\u0105 pa\u0144stwo w\u0142adza<br>Wszelkiego rodzaju s\u0142u\u017cby w dyspozycji<br>Przemocy \u0142ajdackiej bandyckiej<br>Bandycka w\u0142adza ma przecie\u017c okre\u015blone<br>Paradygmaty swych priorytet\u00f3w skierowane przeciwko<br>Wszelkim wyznawcom Bo\u017cych warto\u015bci<br>No to naturalnie si\u0119 k\u0142\u00f3ci cho\u0107by<br>Z tymi antywarto\u015bci szata\u0144skimi<br>Propagowanymi przez te samozwa\u0144cze elity<br>Jako\u015b ci wszyscy<br>Kt\u00f3rzy s\u0142u\u017c\u0105 w szata\u0144stwach bandyckich<br>S\u0105 ca\u0142kowicie nietykalni<br>Byleby tylko mogli spe\u0142nia\u0107<br>Ich wszelkie szata\u0144stwa<br>Od zbrodni \u015bmierci po k\u0142amstwa<br>Niby usprawiedliwionego zniewalania tych<br>Kt\u00f3rzy nie wsp\u00f3\u0142pracuj\u0105 z tym<br>Ca\u0142kowitym i totalnym bandyckim szata\u0144stwem<\/p>\n\n\n\n<figure class=\"wp-block-image size-large\"><a href=\"https:\/\/hubertpietka.bialystok.pl\/wp-content\/uploads\/2025\/07\/1000013487.jpg\"><img loading=\"lazy\" decoding=\"async\" width=\"1024\" height=\"771\" src=\"https:\/\/hubertpietka.bialystok.pl\/wp-content\/uploads\/2025\/07\/1000013487-1024x771.jpg\" alt=\"\" class=\"wp-image-9473\" srcset=\"https:\/\/hubertpietka.bialystok.pl\/wp-content\/uploads\/2025\/07\/1000013487-1024x771.jpg 1024w, https:\/\/hubertpietka.bialystok.pl\/wp-content\/uploads\/2025\/07\/1000013487-300x226.jpg 300w, https:\/\/hubertpietka.bialystok.pl\/wp-content\/uploads\/2025\/07\/1000013487-768x578.jpg 768w, https:\/\/hubertpietka.bialystok.pl\/wp-content\/uploads\/2025\/07\/1000013487-1536x1156.jpg 1536w, https:\/\/hubertpietka.bialystok.pl\/wp-content\/uploads\/2025\/07\/1000013487.jpg 1600w\" sizes=\"auto, (max-width: 1024px) 100vw, 1024px\" \/><\/a><\/figure>\n\n\n\n<p><em>Na zdj. Skromne kwiaty w symbolicznym wyrazie<br>Dla pani Joasi i wszelkich<br>Niewinnych ofiar szata\u0144stw bandyckich wsp\u00f3\u0142czesnych<br>Serce do serca<br>Teraz w \u017calu ale i trosce<br>O innych wyznawc\u00f3w Bo\u017cych warto\u015bci<br>Na przeciw tym totalnie ob\u0142udnym<br>Szata\u0144stwom zbrodniczym wszelkim tego bandyctwa<br>I tych kt\u00f3rzy si\u0119<br>Zgadzaj\u0105 z nimi akceptuj\u0105c<br>Ich k\u0142amstwa i zbrodnie<br>W totalnym kulcie jednoznacznym szatanowi<br>Jakkolwiek by to inaczej nazywali<br>Cho\u0107by prawami cz\u0142owieka prawa szatana<br>Tak dyktowane ku zniszczeniu<br>Wszelkich Bo\u017cych dzieci<br>I ich dobrych pi\u0119knych dzie\u0142<\/em><\/p>\n\n\n\n<p class=\"has-text-align-center\"><strong><em><a href=\"https:\/\/youtu.be\/b8gbdeGUnR0\">Grubson &amp; Narodowa Orkiestra D\u0119ta &#8211; Na szczycie <\/a><\/em><\/strong><\/p>\n\n\n\n<p><strong>RIP<\/strong> +<\/p>\n","protected":false},"excerpt":{"rendered":"<p>Z g\u0142\u0119bokim smutkiem przyj\u0105\u0142em wiadomo\u015b\u0107O \u015bmierci pani Joasi Ko\u0142aczkowskiejSzybko si\u0119 uwin\u0119li trzeba przyzna\u0107Z tym procederem szata\u0144sko bandyckimOd og\u0142oszenia jej choroby nibyNie potrafi\u0119 tego wyt\u0142umaczy\u0107Ale czuj\u0119&hellip; <\/p>\n","protected":false},"author":1,"featured_media":0,"parent":0,"menu_order":0,"comment_status":"closed","ping_status":"closed","template":"","meta":{"footnotes":""},"class_list":["post-9472","page","type-page","status-publish","hentry"],"_links":{"self":[{"href":"https:\/\/hubertpietka.bialystok.pl\/index.php?rest_route=\/wp\/v2\/pages\/9472","targetHints":{"allow":["GET"]}}],"collection":[{"href":"https:\/\/hubertpietka.bialystok.pl\/index.php?rest_route=\/wp\/v2\/pages"}],"about":[{"href":"https:\/\/hubertpietka.bialystok.pl\/index.php?rest_route=\/wp\/v2\/types\/page"}],"author":[{"embeddable":true,"href":"https:\/\/hubertpietka.bialystok.pl\/index.php?rest_route=\/wp\/v2\/users\/1"}],"replies":[{"embeddable":true,"href":"https:\/\/hubertpietka.bialystok.pl\/index.php?rest_route=%2Fwp%2Fv2%2Fcomments&post=9472"}],"version-history":[{"count":1,"href":"https:\/\/hubertpietka.bialystok.pl\/index.php?rest_route=\/wp\/v2\/pages\/9472\/revisions"}],"predecessor-version":[{"id":9474,"href":"https:\/\/hubertpietka.bialystok.pl\/index.php?rest_route=\/wp\/v2\/pages\/9472\/revisions\/9474"}],"wp:attachment":[{"href":"https:\/\/hubertpietka.bialystok.pl\/index.php?rest_route=%2Fwp%2Fv2%2Fmedia&parent=9472"}],"curies":[{"name":"wp","href":"https:\/\/api.w.org\/{rel}","templated":true}]}}