{"id":9476,"date":"2025-07-19T09:17:09","date_gmt":"2025-07-19T09:17:09","guid":{"rendered":"https:\/\/hubertpietka.bialystok.pl\/?page_id=9476"},"modified":"2025-07-19T09:17:09","modified_gmt":"2025-07-19T09:17:09","slug":"bestie-ale-woleliby-raczej-by-ich-nazywac-the-besciaki-ci-bandyci-obludni-i-wszelcy-im-w-zbrodniach-podobni","status":"publish","type":"page","link":"https:\/\/hubertpietka.bialystok.pl\/?page_id=9476","title":{"rendered":"*Bestie* \/ ale woleliby raczej &#8211; by ich nazywa\u0107 *the be\u015bciaki* \/ ci bandyci ob\u0142udni i wszelcy im w zbrodniach podobni"},"content":{"rendered":"\n<p>No zobacz jacy pokrzywdzeni<br>Szatan i jego bestie<br>\u017be si\u0119 prawd\u0119 nazywa<br>Nominalnie po imieniu<br>A ile ju\u017c zamordowali<br>Niewinnych istnie\u0144 ludzkich<br>A ile zamordowa\u0107 maj\u0105 jeszcze<br>Cho\u0107by z mojego kr\u0119gu<br>Te bestie bandyckie<br>I im w szata\u0144stwie zbrodniczym<br>K\u0142amliwym podobni wszelcy<br>Morderstwa pod\u0142ug k\u0142amstw s\u0105<br>Najwi\u0119kszymi zbrodniami przeciwko ludzko\u015bci<br>Ale oni by chcieli<br>By\u0107 nazywani zbawicielami jakimi\u015b ludzi<br>Przecie\u017c oni to ci lepsi<br>Maj\u0105 prawo decydowa\u0107<br>O \u017cyciu tych gorszych<br>Te bestie bandyckie<br>Anio\u0142kowie jak Stalin czy Hitler<br>I im s\u0142u\u017c\u0105cy<br>Te szata\u0144skie definitywnie bestie bandyckie<br>Ale oczywi\u015bcie \u017ce nie pasuje<br>Im prawda po imieniu nazywana<br>Bo to mo\u017ce przeszkadza\u0107 cho\u0107by<br>Im dalszym bestialstwom zbrodniczym<br>Ob\u0142udnym pod\u0142ym i perfidnym<br>Ob\u0142\u0119d oni uczynili<br>Oni i im podobni<br>W tym \u015bwiecie<br>\u017be niby zbrodnie s\u0105 usprawiedliwione<br>Wm\u00f3wili to ludziom<br>\u017be mo\u017cna pod\u0142ug k\u0142amstw genetycznych<br>Wszelkie bestialstwa zniewolenia zniszczenia \u015bmierci<br>Bestie i to chyba ca\u0142kowicie<br>I wszelcy post\u0119puj\u0105cy pod\u0142ug nich<br>Kim by nie byli<br>Te\u017c si\u0119 staj\u0105 takimi<br>Trzeba prawd\u0119 wprost powiedzie\u0107<br>Pod\u0142ug czystego i jasnego<br>Spojrzenia Bo\u017cego nie ob\u0142udy bandyckiej<br>Tych bestii i \u015bwiata tego<br>Kt\u00f3ry my\u015bl\u0105c \u017ce godz\u0105c si\u0119<br>Na bestialstwa zbrodnie i k\u0142amstwa<br>Tych bestii bandyckich cho\u0107by<br>\u017be jego to nie dotknie<br>Nie \u0142ud\u017acie si\u0119<br>Szatan i jego bestie<br>Nie zatrzymaj\u0105 si\u0119<br>Na zbrodniach na nas<br>I tylko tu<br>A mo\u017ce dzieje si\u0119<br>Tak przecie\u017c i ju\u017c jako\u015b<br>W tym \u015bwiecie i czy\u017c nie tak<br>Bestie bestie bestie powiedzia\u0142em<br>Ca\u0142kowicie pod\u0142ug szatana<br>I to jest pewna<br>W Bogu prawda<br>Kto ma sumienie jeszcze uwierzy<br>W s\u0142owa Bo\u017cej prawdy<\/p>\n\n\n\n<figure class=\"wp-block-gallery has-nested-images columns-default is-cropped wp-block-gallery-1 is-layout-flex wp-block-gallery-is-layout-flex\">\n<figure class=\"wp-block-image size-large\"><a href=\"https:\/\/hubertpietka.bialystok.pl\/wp-content\/uploads\/2025\/07\/1000014169.jpg\"><img loading=\"lazy\" decoding=\"async\" width=\"771\" height=\"1024\" data-id=\"9477\" src=\"https:\/\/hubertpietka.bialystok.pl\/wp-content\/uploads\/2025\/07\/1000014169-771x1024.jpg\" alt=\"\" class=\"wp-image-9477\" srcset=\"https:\/\/hubertpietka.bialystok.pl\/wp-content\/uploads\/2025\/07\/1000014169-771x1024.jpg 771w, https:\/\/hubertpietka.bialystok.pl\/wp-content\/uploads\/2025\/07\/1000014169-226x300.jpg 226w, https:\/\/hubertpietka.bialystok.pl\/wp-content\/uploads\/2025\/07\/1000014169-768x1021.jpg 768w, https:\/\/hubertpietka.bialystok.pl\/wp-content\/uploads\/2025\/07\/1000014169-1156x1536.jpg 1156w, https:\/\/hubertpietka.bialystok.pl\/wp-content\/uploads\/2025\/07\/1000014169.jpg 1204w\" sizes=\"auto, (max-width: 771px) 100vw, 771px\" \/><\/a><\/figure>\n<\/figure>\n\n\n\n<p><em>Na zdj. \u015aw. Micha\u0142 Archanio\u0142<br>Wspomagaj nas w walce<br>Ze wszelkimi bestiami<br>I tymi bandyckimi<br>I tymi pod\u0142ug nich<br>Kt\u00f3rzy spe\u0142niaj\u0105 ich szata\u0144skie zap\u0119dy<br>Kimkolwiek by nie byli<br>Zawodowi s\u0142u\u017cbowi prywatni jacykolwiek<br>Staj\u0105 si\u0119 te\u017c bestiami<br>Poprzez wsp\u00f3\u0142prac\u0119 ze zbrodniczym bestialstwem<br>Tych bandyt\u00f3w wobec niewinnych<br>Tak naprawd\u0119 tej szata\u0144skiej nienawi\u015bci<\/em><\/p>\n\n\n\n<p><em>*<strong>Bestie<\/strong>* powiedzia\u0142em po prostu<br>Cho\u0107 to wcale nie znaczy<br>\u017be ja *<strong>the be\u015bciak<\/strong>* jestem jaki\u015b<br>Lecz mimo te\u017c r\u00f3\u017cnych s\u0142abo\u015bci<br>Trzeba rozpoznawa\u0107 prawdy Bo\u017ce<br>I nazywa\u0107 dobro i z\u0142o<br>Zw\u0142aszcza to bestialskie<br>We wszelkich morderstwach zniewoleniach k\u0142amstwach<br>Bestie to bestie poprzez zbrodnie<br>I bynajmniej nie inaczej<br>Jezu ufam Tobie<\/em><\/p>\n\n\n\n<p><em>Ja pod\u0142ug Bo\u017cej prawdy<br>Jestem kim jestem<br>Kim mnie B\u00f3g uczyni\u0142<br>Nie ja sam siebie<br>Takim tu czyni\u0119<br>I pod\u0142ug zarz\u0105dze\u0144 Apokalipsy<br>Kto czyta niech zrozumie<br>Kto jest besti\u0105<br>I jego wszelkimi s\u0142ugami<br>A kto jest dzieckiem Bo\u017cym<br>Spe\u0142niaj\u0105cym Bo\u017ce rozporz\u0105dzenia i nakazy<br>Kto czyta niech rozumie<br>O ile ma jeszcze<br>Cho\u0107 troch\u0119 rozumu<br>By rozpozna\u0107 i odr\u00f3\u017cnia\u0107<br>Dzieci Bo\u017ce od dzieci diab\u0142a<br>Czyli w jego zbrodniach bestie w\u0142a\u015bnie<\/em><\/p>\n","protected":false},"excerpt":{"rendered":"<p>No zobacz jacy pokrzywdzeniSzatan i jego bestie\u017be si\u0119 prawd\u0119 nazywaNominalnie po imieniuA ile ju\u017c zamordowaliNiewinnych istnie\u0144 ludzkichA ile zamordowa\u0107 maj\u0105 jeszczeCho\u0107by z mojego kr\u0119guTe bestie&hellip; <\/p>\n","protected":false},"author":1,"featured_media":0,"parent":0,"menu_order":0,"comment_status":"closed","ping_status":"closed","template":"","meta":{"footnotes":""},"class_list":["post-9476","page","type-page","status-publish","hentry"],"_links":{"self":[{"href":"https:\/\/hubertpietka.bialystok.pl\/index.php?rest_route=\/wp\/v2\/pages\/9476","targetHints":{"allow":["GET"]}}],"collection":[{"href":"https:\/\/hubertpietka.bialystok.pl\/index.php?rest_route=\/wp\/v2\/pages"}],"about":[{"href":"https:\/\/hubertpietka.bialystok.pl\/index.php?rest_route=\/wp\/v2\/types\/page"}],"author":[{"embeddable":true,"href":"https:\/\/hubertpietka.bialystok.pl\/index.php?rest_route=\/wp\/v2\/users\/1"}],"replies":[{"embeddable":true,"href":"https:\/\/hubertpietka.bialystok.pl\/index.php?rest_route=%2Fwp%2Fv2%2Fcomments&post=9476"}],"version-history":[{"count":1,"href":"https:\/\/hubertpietka.bialystok.pl\/index.php?rest_route=\/wp\/v2\/pages\/9476\/revisions"}],"predecessor-version":[{"id":9478,"href":"https:\/\/hubertpietka.bialystok.pl\/index.php?rest_route=\/wp\/v2\/pages\/9476\/revisions\/9478"}],"wp:attachment":[{"href":"https:\/\/hubertpietka.bialystok.pl\/index.php?rest_route=%2Fwp%2Fv2%2Fmedia&parent=9476"}],"curies":[{"name":"wp","href":"https:\/\/api.w.org\/{rel}","templated":true}]}}