{"id":9488,"date":"2025-07-22T12:45:40","date_gmt":"2025-07-22T12:45:40","guid":{"rendered":"https:\/\/hubertpietka.bialystok.pl\/?page_id=9488"},"modified":"2025-07-22T12:45:40","modified_gmt":"2025-07-22T12:45:40","slug":"nieformalny-cyrograf-z-szatanem-sluzba-wszelkim-klamstwom-bandyckim-zbrodniczym","status":"publish","type":"page","link":"https:\/\/hubertpietka.bialystok.pl\/?page_id=9488","title":{"rendered":"Nieformalny cyrograf z szatanem \/ s\u0142u\u017cba wszelkim k\u0142amstwom bandyckim zbrodniczym"},"content":{"rendered":"\n<p>Biedni s\u0105 tak naprawd\u0119 oni<br>Ci wszyscy kt\u00f3rzy zaprzedali si\u0119<br>By s\u0142u\u017cy\u0107 temu bandyctwu<br>We wszelkim z\u0142u<br>Tak naprawd\u0119 na sznureczku s\u0105<br>Oni za bandyckimi zbrodniani<br>Na sznureczku jednocze\u015bnie za szatanem<br>Bo kto s\u0142u\u017cy z\u0142u zbrodniom<br>Ten jemu s\u0142u\u017cy<br>Czy chce czy nie<br>A oni ci bandyci<br>Jak szatan jak dasz palec<br>To chc\u0105 te\u017c tw\u0105 dusz\u0119<br>By s\u0142u\u017cy\u0142a bandyckiemu z\u0142u<br>W wszystkim i na ich<br>Ka\u017cde zawo\u0142anie<\/p>\n\n\n\n<p>Biedni czy prywatni czy zawodowi<br>S\u0142u\u017cbowo zaprzedani bandyckim zbrodniczym k\u0142amstwom<br>Z\u0142o nigdy nie jest neutralne<br>Zawsze te\u017c wp\u0142ywa na tego<br>Kto je czyni szczeg\u00f3lnie gdy<br>S\u0142u\u017cy k\u0142amstwom i zbrodniom jednocze\u015bnie<br>Cho\u0107by ta podwija<br>Nie ma odpoczynku od tych<br>Zbrodni bandyckich jak si\u0119 zaprzeda\u0142o<br>Z\u0142u bandyckiemu<br>Podobnie te bandyckie misie czy inni<br>S\u0142u\u017calcy bandyccy cho\u0107by w zniewoleniu<br>A niestety jak si\u0119 wybiera<br>Z\u0142o i zbrodnie bandyckie<br>Niewa\u017cne czy prywatnie czy s\u0142u\u017cbowo<br>To jednocze\u015bnie neguje si\u0119<br>Warto\u015bci Bo\u017ce kt\u00f3re si\u0119 zawsze<br>Zbrodniom bandyckim i szatanowi<br>Z natury nawet sprzeciwiaj\u0105<br>Dobro jako kontrasygnata z\u0142a<br>Wyst\u0119puje w \u015bwiecie Bo\u017cym zawsze<\/p>\n\n\n\n<p>I nie wa\u017cne jak s\u0142u\u017c\u0105<br>Szatanowi i z\u0142u bandyckiemu<br>Sprzeciwiaj\u0105c si\u0119 tym samym Bogu<br>I warto\u015bciom z Niego<br>Czy w \u015bmierci czy w<br>Zniewoleniu w wojnach jakichkolwiek<br>Czy w gwa\u0142cie czy zniszczeniu<br>To wszystko jest w jednym<br>Bandyckim worku wszelkich k\u0142amstw zbrodni<br>I wobec zreszt\u0105 kogokolwiek<br>Nie tylko nas niewinnych<br>Tak naprawd\u0119 tej nienawi\u015bci zdegenerowanej<br>Bo my tylko tym zawinili\u015bmy<br>\u017be z natury bycia<br>Dzie\u0107mi Bo\u017cymi naturalnie niejako<br>Negujemy zbrodnie bandyckie wszelakie<br>I si\u0119 stajemy wyrzutem sumienia<br>Dla wszystkich kt\u00f3rzy wsp\u00f3\u0142pracuj\u0105 kolaboruj\u0105<br>Ze z\u0142em zbrodniczym bandyckim<\/p>\n\n\n\n<p>Ach biedni bo s\u0142u\u017c\u0105c tym<br>Bandytom i ich zbrodniom<br>Podpisali niejako cyrograf z szatanem<br>Poprzez si\u0119 z\u0142u zbrodniczemu zaprzedanie<br>Kimkolwiek by nie byli<br>W spo\u0142ecze\u0144stwie ludzi<br>I jakiejkolwiek by nie mieli<br>W \u017cyciu roli<br>A ci kt\u00f3rzy dodatkowo wykorzystuj\u0105<br>Przemoc jak\u0105kolwiek tak\u017ce s\u0142u\u017cbowo<br>Ku celom zbrodniczym bandyctwa<br>Ci paradoksalnie b\u0119d\u0105 mieli<br>Przed Bogiem odpowiedzialno\u015b\u0107 wi\u0119ksz\u0105<br>Bo si\u0119 wpisuj\u0105 w z\u0142a wszelkie struktury<br>Zreszt\u0105 ka\u017cdy zaanga\u017cowany ideologicznie<br>Bo nie mo\u017ce by\u0107 inaczej<br>Tak tylko sobie mo\u017cna t\u0142umaczy\u0107<br>Niby zgod\u0119 w\u0142asn\u0105 na z\u0142o<br>Przed Bogiem odpowiedzialn\u0105<br>Nawet je\u015bli w Niego<br>Nie wierz\u0105 a nawet wtedy<br>I tym bardziej<br>&#8222;Bo czy\u017c nie s\u0142yszeli<br>Nie by\u0142o g\u0142oszone&#8221;<br>Jak m\u00f3wi S\u0142owo Bo\u017ce<br>Ale oni przez uwik\u0142anie<br>W z\u0142u zbrodniczym neguj\u0105<br>I sprzeciwiaj\u0105 si\u0119 prawom Bo\u017cym<\/p>\n\n\n\n<figure class=\"wp-block-gallery has-nested-images columns-default is-cropped wp-block-gallery-1 is-layout-flex wp-block-gallery-is-layout-flex\">\n<figure class=\"wp-block-image size-large\"><a href=\"https:\/\/hubertpietka.bialystok.pl\/wp-content\/uploads\/2025\/07\/1000014584.jpg\"><img loading=\"lazy\" decoding=\"async\" width=\"771\" height=\"1024\" data-id=\"9489\" src=\"https:\/\/hubertpietka.bialystok.pl\/wp-content\/uploads\/2025\/07\/1000014584-771x1024.jpg\" alt=\"\" class=\"wp-image-9489\" srcset=\"https:\/\/hubertpietka.bialystok.pl\/wp-content\/uploads\/2025\/07\/1000014584-771x1024.jpg 771w, https:\/\/hubertpietka.bialystok.pl\/wp-content\/uploads\/2025\/07\/1000014584-226x300.jpg 226w, https:\/\/hubertpietka.bialystok.pl\/wp-content\/uploads\/2025\/07\/1000014584-768x1021.jpg 768w, https:\/\/hubertpietka.bialystok.pl\/wp-content\/uploads\/2025\/07\/1000014584-1156x1536.jpg 1156w, https:\/\/hubertpietka.bialystok.pl\/wp-content\/uploads\/2025\/07\/1000014584.jpg 1204w\" sizes=\"auto, (max-width: 771px) 100vw, 771px\" \/><\/a><\/figure>\n<\/figure>\n\n\n\n<p><em>Na zdj. \u015aw. Micha\u0142 Archanio\u0142<br>Prowad\u017a Panie do walki<br>Z tym z\u0142em wszelakim<br>Zawsze te\u017c ob\u0142udnie zaaran\u017cowanym k\u0142amstwami<br>Bo k\u0142amstwa id\u0105 w parze<br>Ze zbrodniami u tego bandyctwa<br>I wszelkim uwik\u0142anym w procedury<br>Bandyckie i szata\u0144skie zar\u00f3wno<br>Prowad\u017a Panie Bo\u017ce dzieci wszelkie<br>Jezu ufam Tobie<br>Wbrew bandyckiej ob\u0142udzie i ich<br>Zbrodniom wszelakim<br>Do kt\u00f3rych innych ludzi<br>Wykorzystuj\u0105 najch\u0119tniej oni zreszt\u0105<\/em><\/p>\n","protected":false},"excerpt":{"rendered":"<p>Biedni s\u0105 tak naprawd\u0119 oniCi wszyscy kt\u00f3rzy zaprzedali si\u0119By s\u0142u\u017cy\u0107 temu bandyctwuWe wszelkim z\u0142uTak naprawd\u0119 na sznureczku s\u0105Oni za bandyckimi zbrodnianiNa sznureczku jednocze\u015bnie za szatanemBo&hellip; <\/p>\n","protected":false},"author":1,"featured_media":0,"parent":0,"menu_order":0,"comment_status":"closed","ping_status":"closed","template":"","meta":{"footnotes":""},"class_list":["post-9488","page","type-page","status-publish","hentry"],"_links":{"self":[{"href":"https:\/\/hubertpietka.bialystok.pl\/index.php?rest_route=\/wp\/v2\/pages\/9488","targetHints":{"allow":["GET"]}}],"collection":[{"href":"https:\/\/hubertpietka.bialystok.pl\/index.php?rest_route=\/wp\/v2\/pages"}],"about":[{"href":"https:\/\/hubertpietka.bialystok.pl\/index.php?rest_route=\/wp\/v2\/types\/page"}],"author":[{"embeddable":true,"href":"https:\/\/hubertpietka.bialystok.pl\/index.php?rest_route=\/wp\/v2\/users\/1"}],"replies":[{"embeddable":true,"href":"https:\/\/hubertpietka.bialystok.pl\/index.php?rest_route=%2Fwp%2Fv2%2Fcomments&post=9488"}],"version-history":[{"count":1,"href":"https:\/\/hubertpietka.bialystok.pl\/index.php?rest_route=\/wp\/v2\/pages\/9488\/revisions"}],"predecessor-version":[{"id":9490,"href":"https:\/\/hubertpietka.bialystok.pl\/index.php?rest_route=\/wp\/v2\/pages\/9488\/revisions\/9490"}],"wp:attachment":[{"href":"https:\/\/hubertpietka.bialystok.pl\/index.php?rest_route=%2Fwp%2Fv2%2Fmedia&parent=9488"}],"curies":[{"name":"wp","href":"https:\/\/api.w.org\/{rel}","templated":true}]}}