{"id":9493,"date":"2025-07-23T08:57:09","date_gmt":"2025-07-23T08:57:09","guid":{"rendered":"https:\/\/hubertpietka.bialystok.pl\/?page_id=9493"},"modified":"2025-07-23T08:57:09","modified_gmt":"2025-07-23T08:57:09","slug":"nowy-wspanialy-swiat-dla-elit-tylko-czy-ty-w-nim-tez-bedziesz-i-czy-chcialbys-zyc-w-takim-swiecie","status":"publish","type":"page","link":"https:\/\/hubertpietka.bialystok.pl\/?page_id=9493","title":{"rendered":"Nowy wspania\u0142y \u015bwiat \/ dla elit &#8211; tylko czy ty w nim te\u017c b\u0119dziesz \/ i czy chcia\u0142by\u015b \u017cy\u0107 w takim \u015bwiecie"},"content":{"rendered":"\n<p>Czy wiecie kochani \u017ce pandemia<br>Z 2020 roku zosta\u0142a zaplanowana<br>Ju\u017c 10 lat wcze\u015bniej<br>Przez bardzo wp\u0142ywow\u0105 Fundacj\u0119 Rock-iera<br>Czy wiecie \u017ce kolejne pandemie<br>Te\u017c s\u0105 przewidziane<br>I paszporty szczepionkowe mo\u017ce chipy<br>Po to by wprowadzi\u0107 powszechny<br>Zamordyzm by wszystkich podporz\u0105dkowa\u0107 w\u0142adzy<br>Zreszt\u0105 i wszelk\u0105 inwigilacj\u0105<br>Na wszystkich polach \u017cycia te\u017c<br>Czy wiecie \u017ce zaplanowane by\u0142o<br>Rozpowszechnianie homoseksualizmu gender LGBT<br>Czy wiecie \u017ce to si\u0119<br>Wpisuje w nurt tzw.<br>Powszechnego amoralnego psucia ludzi<br>By nimi \u0142atwiej sterowa\u0107<br>By ich podporz\u0105dkowa\u0107 ca\u0142kowicie<br>W mediach i w ca\u0142ym<br>Spo\u0142ecznym nurcie<br>A m\u0142odzie\u017c to \u0142yka\u0107 ma<br>Jak \u015bwie\u017ce bu\u0142eczki i tak<br>Si\u0119 niestety dzieje<br>A wiecie co ma by\u0107<br>Te\u017c dalej wed\u0142ug tych plan\u00f3w<br>Promocja chorego ekologizmu ideologicznego<br>To te\u017c ju\u017c si\u0119 dzieje<br>R\u00f3\u017cne wojny i wiecie co<br>Ma by\u0107 jeszcze promowane<br>Teraz nie uwierzycie ale jak<br>Zobaczcie to si\u0119 przekonacie<br>Ma by\u0107 promowana pedofilia i<br>No w\u0142a\u015bnie i kanibalizm nekrofilia serio sic<br>A jak to si\u0119 ma i sta\u0107<br>Mo\u017ce przez wojny gdzie ludzie<br>B\u0119d\u0105 przyci\u015bni\u0119ci do muru \u017cycia<br>A mo\u017ce inaczej<br>Tak ma by\u0107 jednak<br>Wed\u0142ug tych plan\u00f3w kt\u00f3re<br>Ju\u017c s\u0105 realizowane<br>A wiecie \u017ce z ok.<br>5 miliard\u00f3w ludzi ma zosta\u0107<br>Ok. 500 milion\u00f3w<br>Popatrzcie na rodziny znajomych<br>Z ich grupy 10<br>Ma zosta\u0107 1 i<br>Nie wiadomo wcale czy ty<br>Akurat nim b\u0119dziesz<br>A aborcj\u0105 eutanazj\u0105 czy\u017c<br>Nie wpisuj\u0105 si\u0119 w to<br>Od do\u015b\u0107 ju\u017c dawna<br>A bestialskie barbarzy\u0144stwa wobec<br>Niewinnych wsp\u00f3\u0142czesnych m\u0119czennik\u00f3w<br>Czy\u017c to nie jest czasem<br>To samo \u017ar\u00f3d\u0142o<br>Zbrodni na ludzko\u015bci eksterminacji niewinnych<br>Tych kt\u00f3rzy nie pasuj\u0105<br>Pod\u0142ug tych szata\u0144skich plan\u00f3w<br>I chrze\u015bcija\u0144stwo ma by\u0107 prze\u015bladowane<br>A katolicyzm najbardziej oczywi\u015bcie<br>Czy\u017c tak si\u0119 ju\u017c i<br>Powoli nie dzieje<br>Ma by\u0107 deprecjonowany poni\u017cany wy\u015bmiewany<br>Bo przecie\u017c ma powsta\u0107 jedna<br>Globalistyczna religia chyba szatana<br>W kt\u00f3rej wp\u0142ywowi tych bestialstw<br>Mo\u017ce maj\u0105 by\u0107 prze\u0142o\u017conymi<br>Czy wiecie jak wam si\u0119<br>Podoba perspektywa taka<br>&#8222;Jeden z dziesi\u0119ciu&#8221;<br>Wcale nie wiadomo czy ty<br>Nim akurat b\u0119dziesz<br>Ludzie przejrzyjcie otw\u00f3rzcie oczy<br>To wszystko by\u0142o zaplanowane<br>Przez szatana i tych kt\u00f3rzy<br>Mu s\u0142u\u017c\u0105 w zbrodniach k\u0142amliwych<br>To wszystko ju\u017c si\u0119 dzieje<br>A nawet jest zaawansowane<br>By przeprowadzi\u0107 t\u0105 rewolucj\u0119<br>Jak j\u0105 nazywaj\u0105<br>A tak naprawd\u0119 eksterminacj\u0119<br>Dziewi\u0119ciu dziesi\u0105tych ludzko\u015bci<br>A pozosta\u0142ych zdegenerowa\u0107 i podporz\u0105dkowa\u0107 ca\u0142kowicie<br>Kto m\u0105dry ten zrozumie<br>Co oni tu szykuj\u0105<br>Co si\u0119 sta\u0142o<br>I co dzieje si\u0119 ju\u017c<\/p>\n\n\n\n<p>A jak my si\u0119<br>Do tego mamy<br>Zabi\u0107 \u017con\u0119 bliskich by<br>Ten proceder zbrodniczy ju\u017c<br>Nie mia\u0142 \u017cadnych przeszk\u00f3d<br>Dlatego si\u0119 na to<br>Nigdy nie zgodz\u0119<br>Bo zostanie prze\u0142amany ostatni op\u00f3r<br>Ostatnia brama do zbrodni wszelakich<br>Pod\u0142ug tych k\u0142amstw zaplanowanych<br>Kt\u00f3re maj\u0105 sta\u0107 si\u0119 faktem<br>Dlatego mnie te\u017c tak \u015bcigaj\u0105<br>Ze strony ka\u017cdej<br>Bo ja jestem te\u017c przeszkodz\u0105<br>W tych nienawistnych planach zbrodniczych<br>Dobrze by\u0142oby mnie podporz\u0105dkowa\u0107<br>Albo odpowiednio uciszy\u0107 zrobi\u0107 ze mnie ro\u015blink\u0119 cho\u0107by <br>I to bandyctwo<br>I im podobni wszelcy<br>To realizuj\u0105 w pe\u0142ni<br>Wykonawcy \u015bwiatowych zbrodni<br>Pod\u0142ug szatana<br>Jak ich nie nazywa\u0107 bestiami<br>I tak na marginesie<br>Ile r\u00f3\u017cnych form spo\u0142ecznych<br>Jest zaanga\u017cowanych w spe\u0142nianie<br>Tego strasznego potwornego planu szatana<br>Tak\u017ce na najwy\u017cszych szczeblach<br>I w r\u00f3\u017cnych strukturach<br>Trzeba powiedzie\u0107 t\u0105 prawd\u0119<br>Bo to si\u0119 wi\u0105\u017ce<br>Z prawdziw\u0105 odpowiedzialno\u015bci\u0105<br>Za losy \u015bwiata i ludzi<br>Jezu ufam Tobie prowad\u017a<\/p>\n\n\n\n<figure class=\"wp-block-gallery has-nested-images columns-default is-cropped wp-block-gallery-1 is-layout-flex wp-block-gallery-is-layout-flex\">\n<figure class=\"wp-block-image size-large\"><a href=\"https:\/\/hubertpietka.bialystok.pl\/wp-content\/uploads\/2025\/07\/1000014725.jpg\"><img loading=\"lazy\" decoding=\"async\" width=\"771\" height=\"1024\" data-id=\"9494\" src=\"https:\/\/hubertpietka.bialystok.pl\/wp-content\/uploads\/2025\/07\/1000014725-771x1024.jpg\" alt=\"\" class=\"wp-image-9494\" srcset=\"https:\/\/hubertpietka.bialystok.pl\/wp-content\/uploads\/2025\/07\/1000014725-771x1024.jpg 771w, https:\/\/hubertpietka.bialystok.pl\/wp-content\/uploads\/2025\/07\/1000014725-226x300.jpg 226w, https:\/\/hubertpietka.bialystok.pl\/wp-content\/uploads\/2025\/07\/1000014725-768x1021.jpg 768w, https:\/\/hubertpietka.bialystok.pl\/wp-content\/uploads\/2025\/07\/1000014725-1156x1536.jpg 1156w, https:\/\/hubertpietka.bialystok.pl\/wp-content\/uploads\/2025\/07\/1000014725.jpg 1204w\" sizes=\"auto, (max-width: 771px) 100vw, 771px\" \/><\/a><\/figure>\n<\/figure>\n\n\n\n<p><em>Na zdj. Naj\u015bwi\u0119tsze Serce Jezusa<br>Tylko w Bogu i pod\u0142ug<br>Bo\u017cych warto\u015bci mo\u017cna si\u0119 obroni\u0107<br>Przed tym co chc\u0105 nam<br>Serwowa\u0107 co ju\u017c serwuj\u0105<br>I wprost i skrycie<br>R\u00f3\u017cne \u015bwiatowe niby elity<br>Chyba w zbrodniach i k\u0142amstwach<br>Tych szata\u0144skich<br>A za tym te\u017c wszystkich<br>Stoi ogromna kasa oczywi\u015bcie<br>Jezu ufam Tobie<br>I niech spojrz\u0105 dzieci m\u0142odzie\u017c<br>Kt\u00f3re od lat najm\u0142odszych<br>Si\u0119 indoktrynuje ideologicznie psuje<br>Na wszelkie sposoby moralnie<br>By by\u0142y bezwolnymi realizatorami<br>Tych nienawistnych plan\u00f3w wobec ludzko\u015bci<br>Sp\u00f3jrzcie zreszt\u0105 wszyscy<br>I fakty sobie po\u0142\u0105czcie<br>A B\u00f3g oby was o\u015bwieci\u0142<br>I wskaza\u0142 drog\u0119 przeciwwagi<br>Dla tych szata\u0144skich wszelakich<br>K\u0142amstw ob\u0142udnie pod\u0142ych i zbrodni<br>Do tego ob\u0142\u0119du kt\u00f3ry ju\u017c<br>Funduj\u0105 w tym \u015bwiecie<br>Ci r\u00f3\u017cni chochsztaplerzy nowego \u015bwiata<br>Niby nowej wiedzy o cz\u0142owieku<br>Pod\u0142ug mistyfikacji fa\u0142szu wszelkich diabelstw<\/em><\/p>\n\n\n\n<p>( <strong><em><a href=\"https:\/\/youtu.be\/LCCiwPEdEpg\">Ozzy Osbourne &#8211; Dreamer<\/a><\/em><\/strong> )<\/p>\n\n\n\n<p class=\"has-text-align-center\"><strong><em><a href=\"https:\/\/youtu.be\/9tjdswqGGVg\">The last of the Mohicans &#8211; Promentory \/ Main theme<\/a><\/em><\/strong><\/p>\n\n\n\n<p class=\"has-text-align-right\"><strong><em><a href=\"https:\/\/youtu.be\/F3WIHtOmkBg\">Metallica &#8211; Until it sleeps<\/a><\/em><\/strong><\/p>\n","protected":false},"excerpt":{"rendered":"<p>Czy wiecie kochani \u017ce pandemiaZ 2020 roku zosta\u0142a zaplanowanaJu\u017c 10 lat wcze\u015bniejPrzez bardzo wp\u0142ywow\u0105 Fundacj\u0119 Rock-ieraCzy wiecie \u017ce kolejne pandemieTe\u017c s\u0105 przewidzianeI paszporty szczepionkowe mo\u017ce&hellip; <\/p>\n","protected":false},"author":1,"featured_media":0,"parent":0,"menu_order":0,"comment_status":"closed","ping_status":"closed","template":"","meta":{"footnotes":""},"class_list":["post-9493","page","type-page","status-publish","hentry"],"_links":{"self":[{"href":"https:\/\/hubertpietka.bialystok.pl\/index.php?rest_route=\/wp\/v2\/pages\/9493","targetHints":{"allow":["GET"]}}],"collection":[{"href":"https:\/\/hubertpietka.bialystok.pl\/index.php?rest_route=\/wp\/v2\/pages"}],"about":[{"href":"https:\/\/hubertpietka.bialystok.pl\/index.php?rest_route=\/wp\/v2\/types\/page"}],"author":[{"embeddable":true,"href":"https:\/\/hubertpietka.bialystok.pl\/index.php?rest_route=\/wp\/v2\/users\/1"}],"replies":[{"embeddable":true,"href":"https:\/\/hubertpietka.bialystok.pl\/index.php?rest_route=%2Fwp%2Fv2%2Fcomments&post=9493"}],"version-history":[{"count":1,"href":"https:\/\/hubertpietka.bialystok.pl\/index.php?rest_route=\/wp\/v2\/pages\/9493\/revisions"}],"predecessor-version":[{"id":9495,"href":"https:\/\/hubertpietka.bialystok.pl\/index.php?rest_route=\/wp\/v2\/pages\/9493\/revisions\/9495"}],"wp:attachment":[{"href":"https:\/\/hubertpietka.bialystok.pl\/index.php?rest_route=%2Fwp%2Fv2%2Fmedia&parent=9493"}],"curies":[{"name":"wp","href":"https:\/\/api.w.org\/{rel}","templated":true}]}}