{"id":9498,"date":"2025-07-24T10:17:07","date_gmt":"2025-07-24T10:17:07","guid":{"rendered":"https:\/\/hubertpietka.bialystok.pl\/?page_id=9498"},"modified":"2025-07-24T10:17:07","modified_gmt":"2025-07-24T10:17:07","slug":"rysy-obludy-najwyzszej-a-na-szkle-witrazy-ryski-takie-male-powtorzenie-na-przekor-lewackiemu-przeciwko-mowieniu","status":"publish","type":"page","link":"https:\/\/hubertpietka.bialystok.pl\/?page_id=9498","title":{"rendered":"Rysy ob\u0142udy najwy\u017cszej \/ a na szkle witra\u017cy ryski takie ma\u0142e &#8211; powt\u00f3rzenie \/ na przek\u00f3r lewackiemu przeciwko m\u00f3wieniu"},"content":{"rendered":"\n<p>Biedni ci wszyscy<br>Kt\u00f3rzy s\u0142u\u017c\u0105 zbrodniom bandyckim<br>By zabi\u0107 \u017con\u0119 chc\u0105<br>Mnie zniewoli\u0107 niby wybieg taki<br>By ci mogli dope\u0142ni\u0107 swe<br>Szata\u0144skie bestialstwa<br>Biedni tacy judasze kt\u00f3rzy<br>S\u0142u\u017c\u0105 kainom tym zreszt\u0105<br>Niby przypadkiem bandyckim<br>Gdzie wed\u0142ug tez lajdackich<br>Ustawione jest wszystko<br>Byleby osi\u0105gni\u0119ty zosta\u0142 efekt<br>Po\u017c\u0105da\u0144 szata\u0144skich tego bandyctwa<\/p>\n\n\n\n<p>I prawd\u0119 powiedziawszy nie wiem<br>Kto jest bardziej \u0142ajdacki<br>Ci bandyci wprost ze swymi<br>Wszelkimi d\u0105\u017ceniami zbrodniczymi<br>Czy mo\u017ce ci niby swoi<br>Kt\u00f3rzy wychodz\u0105 na przeciw<br>Zbrodniom bandyckim by ci mogli<br>Je realizowa\u0107 spokojnie<br>I to w dw\u00f3jnas\u00f3b nawet<br>M\u0119\u017ca zniewoli\u0107 i zabi\u0107 \u017con\u0119<br>I z innymi po bandycku<br>Po szata\u0144sku po \u0142ajdacku bestialsko<br>Zrobi\u0107 tzw. porz\u0105dek k\u0142amstw bandycki<br>Realizuj\u0105c wszelkie zbrodnie podle niewymownie<br>I nie wa\u017cne<br>Prywatni s\u0142u\u017cbowi czy \u0142ajdacy zawodowi<br>Przecie\u017c judasze s\u0105 niby swoi<br>A tak naprawd\u0119 lewaccy<br>Ca\u0142kowicie podporz\u0105dkowani bandyckim k\u0142amstwom<br>Fa\u0142szom i manipulacjom<br>Wsp\u00f3\u0142graj\u0105cy z ich antywarto\u015bciami szata\u0144skimi<br>I nie wa\u017cne jak to<br>Jest osi\u0105gane szanta\u017cem przekupstwem<br>Czy zwyk\u0142\u0105 s\u0142u\u017calcz\u0105 lojalno\u015bci\u0105 wobec<br>Tak naprawd\u0119 \u0142ajdackich zbrodni<br>W systemie wsp\u00f3\u0142wyznawc\u00f3w cywilizacji \u015bmierci<br>I to przeciwko r\u00f3\u017cnym niewinnym<br>Nie nam tylko<\/p>\n\n\n\n<p><em>Dzi\u015b \u015bw. *<strong>Gleba<\/strong>* i *<strong>Borysa<\/strong>*<br>Trzeba mnie *<strong>zglebi\u0107<\/strong>*<br>Jest na mnie co\u015b przecie\u017c<br>*<strong>Bo rysa<\/strong>* zawsze si\u0119 znajdzie jaka\u015b przecie\u017c<br>Bo tych kt\u00f3rzy zbrodnie pope\u0142niaj\u0105<br>Lub pope\u0142nia\u0107 chc\u0105 do tego zmierzaj\u0105 partykularnie<br>Nazywam \u0142ajdakami<br>A bydlak\u00f3w kt\u00f3rzy chc\u0105<br>Pod\u0142ug bandyt\u00f3w pope\u0142nia\u0107 z\u0142o<br>Nazywam te\u017c analogicznie<br>A tych kt\u00f3rzy znajduj\u0105 satysfakcj\u0119<br>W zbrodniach nazywam bestiami<br>Jakby tak nie by\u0142o w\u0142a\u015bnie<br>\u017be chora satysfakcja ze zbrodni<br>Przynale\u017cy w\u0142a\u015bnie nominalnie bestiom<br>Gorszym ni\u017c zwierz\u0119ta<br>Bo te nie zabijaj\u0105<br>Dla jakiej\u015b chorej przyjemno\u015bci nigdy<br>Wi\u0119c bestie czy nie bestie<br>\u0141ajdacy czy nie bydlacy szata\u0144scy<br>Czy mo\u017ce tylko przest\u0119pcy zwykli<br>Najgorsi bo wobec prawa Bo\u017cego<br>Czyli na zasadzie odwrotno\u015bci<br>Ca\u0142kowicie w\u0142a\u015bnie szata\u0144scy<\/em><\/p>\n\n\n\n<figure class=\"wp-block-gallery has-nested-images columns-default is-cropped wp-block-gallery-1 is-layout-flex wp-block-gallery-is-layout-flex\">\n<figure class=\"wp-block-image size-large\"><a href=\"https:\/\/hubertpietka.bialystok.pl\/wp-content\/uploads\/2025\/07\/1000014914-scaled.jpg\"><img loading=\"lazy\" decoding=\"async\" width=\"1024\" height=\"771\" data-id=\"9499\" src=\"https:\/\/hubertpietka.bialystok.pl\/wp-content\/uploads\/2025\/07\/1000014914-1024x771.jpg\" alt=\"\" class=\"wp-image-9499\" srcset=\"https:\/\/hubertpietka.bialystok.pl\/wp-content\/uploads\/2025\/07\/1000014914-1024x771.jpg 1024w, https:\/\/hubertpietka.bialystok.pl\/wp-content\/uploads\/2025\/07\/1000014914-300x226.jpg 300w, https:\/\/hubertpietka.bialystok.pl\/wp-content\/uploads\/2025\/07\/1000014914-768x578.jpg 768w, https:\/\/hubertpietka.bialystok.pl\/wp-content\/uploads\/2025\/07\/1000014914-1536x1157.jpg 1536w, https:\/\/hubertpietka.bialystok.pl\/wp-content\/uploads\/2025\/07\/1000014914-2048x1542.jpg 2048w\" sizes=\"auto, (max-width: 1024px) 100vw, 1024px\" \/><\/a><\/figure>\n<\/figure>\n\n\n\n<p><strong>Na zdj. Witra\u017c franciszka\u0144ski<br>Gdzie stworzenie w harmonii<br>S\u0142u\u017cy Bogu a nie<br>K\u0142amstwom szata\u0144skim i zbrodniom<br>S\u0142u\u017cy \u017cyciu i mi\u0142o\u015bci<br>A oni dostrzegaj\u0105 tu<br>Rysy na szkle<br>Nie widz\u0105 barw kolor\u00f3w nieba<br>Lecz rysy r\u00f3\u017cne \u0142ajdacy<br>Jakby sami byli doskonali<br>Chyba wed\u0142ug poj\u0119\u0107 ideologicznych lewactwa<br>Tacy zawsze o sobie mniemanie<br>Przecie\u017c maj\u0105 \u015bwietne<br>Bo ja nazywam prawd\u0119<br>Pod\u0142ug nominat\u00f3w Bo\u017cych warto\u015bci<br>A powinienem przecie\u017c przyklasn\u0105\u0107<br>Bandyckim k\u0142amstwom i zbrodniom<br>Wtedy by\u0142bym mo\u017ce spoko<br>Przez chwil\u0119 bo i tak by<br>Chcieli mnie zabi\u0107 jak zwykle<br>Ale ja nie mog\u0119 zaprzeczy\u0107<br>Bo\u017cym warto\u015bciom w celach szata\u0144skich<br>By\u0142bym podobnie jak oni bydlakiem<br>Wierno\u015b\u0107 dziecka Bo\u017cego ma przecie\u017c<br>Sw\u0105 odpowiedzialno\u015b\u0107 i preferencje<br>Zmierzaj\u0105ce do obrony warto\u015bci Bo\u017cych<br>Zawsze i wsz\u0119dzie<br>Na przek\u00f3r tej ca\u0142ej ob\u0142udzie<br>Bandyckiej i lewak\u00f3w tego \u015bwiata<br>I tej przemocy ca\u0142ej<br>Kt\u00f3ra idzie z nimi wszystkimi<br>W bandyckiej parze<\/strong><\/p>\n\n\n\n<p class=\"has-text-align-right\">( <strong><em><a href=\"https:\/\/youtu.be\/zBQ5K4iUiLA\">Lombard &#8211; Taniec pingwina na szkle <\/a><\/em><\/strong> )<\/p>\n\n\n\n<p><strong><em><a href=\"https:\/\/youtu.be\/0gWoreMj9q4\">Bajm &#8211; Dziesi\u0119\u0107 Przykaza\u0144 <\/a><\/em><\/strong><\/p>\n","protected":false},"excerpt":{"rendered":"<p>Biedni ci wszyscyKt\u00f3rzy s\u0142u\u017c\u0105 zbrodniom bandyckimBy zabi\u0107 \u017con\u0119 chc\u0105Mnie zniewoli\u0107 niby wybieg takiBy ci mogli dope\u0142ni\u0107 sweSzata\u0144skie bestialstwaBiedni tacy judasze kt\u00f3rzyS\u0142u\u017c\u0105 kainom tym zreszt\u0105Niby przypadkiem&hellip; <\/p>\n","protected":false},"author":1,"featured_media":0,"parent":0,"menu_order":0,"comment_status":"closed","ping_status":"closed","template":"","meta":{"footnotes":""},"class_list":["post-9498","page","type-page","status-publish","hentry"],"_links":{"self":[{"href":"https:\/\/hubertpietka.bialystok.pl\/index.php?rest_route=\/wp\/v2\/pages\/9498","targetHints":{"allow":["GET"]}}],"collection":[{"href":"https:\/\/hubertpietka.bialystok.pl\/index.php?rest_route=\/wp\/v2\/pages"}],"about":[{"href":"https:\/\/hubertpietka.bialystok.pl\/index.php?rest_route=\/wp\/v2\/types\/page"}],"author":[{"embeddable":true,"href":"https:\/\/hubertpietka.bialystok.pl\/index.php?rest_route=\/wp\/v2\/users\/1"}],"replies":[{"embeddable":true,"href":"https:\/\/hubertpietka.bialystok.pl\/index.php?rest_route=%2Fwp%2Fv2%2Fcomments&post=9498"}],"version-history":[{"count":1,"href":"https:\/\/hubertpietka.bialystok.pl\/index.php?rest_route=\/wp\/v2\/pages\/9498\/revisions"}],"predecessor-version":[{"id":9500,"href":"https:\/\/hubertpietka.bialystok.pl\/index.php?rest_route=\/wp\/v2\/pages\/9498\/revisions\/9500"}],"wp:attachment":[{"href":"https:\/\/hubertpietka.bialystok.pl\/index.php?rest_route=%2Fwp%2Fv2%2Fmedia&parent=9498"}],"curies":[{"name":"wp","href":"https:\/\/api.w.org\/{rel}","templated":true}]}}