{"id":9503,"date":"2025-07-25T08:00:08","date_gmt":"2025-07-25T08:00:08","guid":{"rendered":"https:\/\/hubertpietka.bialystok.pl\/?page_id=9503"},"modified":"2025-07-25T08:00:08","modified_gmt":"2025-07-25T08:00:08","slug":"gwiazdy-amoralne-zaciemniaja-niestety-w-zgodzie-z-szatanstwem-bandyckim-dla-tego-swiata-plan-bozy","status":"publish","type":"page","link":"https:\/\/hubertpietka.bialystok.pl\/?page_id=9503","title":{"rendered":"Gwiazdy amoralne zaciemniaj\u0105 niestety \/ w zgodzie z szata\u0144stwem bandyckim &#8211; dla tego \u015bwiata plan Bo\u017cy"},"content":{"rendered":"\n<p><strong>1.<\/strong><br>Ja swoje a oni<br>One te\u017c swoje<br>Chyba was poje\u2026cha\u0142o<br>\u017be ja zast\u0105pi\u0119 pe\u0142n\u0105 tre\u015b\u0107<br>Sakramentu ma\u0142\u017ce\u0144stwa<br>Jakim\u015b plastikowym substytutem<br>\u017badna E. \u017cadna P. itp<br>Je\u015bli ju\u017c to \u0142\u0105cznie EP<br>Tylko i wy\u0142\u0105cznie Ena Pi<br>Nie b\u0119dzie substytut\u00f3w sztucznych<br>Nie b\u0119dzie protez<br>Bo nie b\u0119dzie nic<br>I niech si\u0119 ode mnie<br>W ko\u0144cu odpieprz\u0105 te gwiazdy<br>Dla samych siebie chyba najwi\u0119ksze<br>R\u00f3\u017cne te i jakiekolwiek zreszt\u0105<\/p>\n\n\n\n<p><strong>2.<\/strong><br>Ja se nie wyobra\u017cam osobi\u015bcie<br>\u017bebym dyba\u0142 na czyj\u0105\u015b \u017con\u0119<br>Za \u017cycia jej m\u0119\u017ca<br>Ale jako\u015b nie przeszkadza to<br>Tak w\u0142a\u015bnie gwiazdom tym r\u00f3\u017cnym<br>B\u00f3g powiedzia\u0142 nie po\u017c\u0105daj wsp\u00f3\u0142ma\u0142\u017conka<br>Bli\u017aniego swego ale przecie\u017c<br>Gwiazd r\u00f3\u017cnych to nie dotyczy<br>One przecie\u017c chc\u0105 mi niby<br>Wyrz\u0105dzi\u0107 \u0142ask\u0119 tym \u017ce chc\u0105<br>By\u0107 ze mn\u0105 a jako\u015b<br>Nie dostrzegaj\u0105 \u017ce tym<br>Wychodz\u0105 na przeciw zbrodniom bandyckim<br>Paradoksalnie bo si\u0119 na nie<br>Zgadzaj\u0105 a nawet je potwierdzaj\u0105<br>Bo przecie\u017c one b\u0119d\u0105 lepsze<br>Nie widz\u0105 te\u017c tego gwiazdy<br>\u017be pog\u0142\u0119biaj\u0105 w tym \u015bwiecie<br>Antykultur\u0119 tymczasowi\u015bci \u017ce przecie\u017c<br>Ka\u017cdego mo\u017cna zast\u0105pi\u0107<br>Ma\u0142\u017conka sakramentalnego tak\u017ce a jak\u017ce<br>Rozwody \u017cycie na kocia \u0142ap\u0119<br>Itp nie widz\u0105 jako\u015b<br>\u017be temu wychodz\u0105 na przeciw<br>Te gwiazdy r\u00f3\u017cne<br>I niech gdzie\u015b se wsadz\u0105<br>T\u0105 niby \u0142ask\u0119<br>\u017be chc\u0105 by\u0107 ze mn\u0105<br>Kosztem \u017cycia mojej \u017cony<br>A tych gwiazd to wszystko<br>Nie dotyczy bo one przecie\u017c<br>S\u0105 gwiazdami tylko nie widz\u0105<br>Tego jako\u015b \u017ce plan Bo\u017cy<br>Zaciemniaj\u0105 dla tego \u015bwiata<br>Tym wszelkim nieuporz\u0105dkowaniem moralnym<br>\u017beby tego mocniej nie nazwa\u0107<\/p>\n\n\n\n<figure class=\"wp-block-gallery has-nested-images columns-default is-cropped wp-block-gallery-1 is-layout-flex wp-block-gallery-is-layout-flex\">\n<figure class=\"wp-block-image size-large\"><a href=\"https:\/\/hubertpietka.bialystok.pl\/wp-content\/uploads\/2025\/07\/1000015225.jpg\"><img loading=\"lazy\" decoding=\"async\" width=\"771\" height=\"1024\" data-id=\"9504\" src=\"https:\/\/hubertpietka.bialystok.pl\/wp-content\/uploads\/2025\/07\/1000015225-771x1024.jpg\" alt=\"\" class=\"wp-image-9504\" srcset=\"https:\/\/hubertpietka.bialystok.pl\/wp-content\/uploads\/2025\/07\/1000015225-771x1024.jpg 771w, https:\/\/hubertpietka.bialystok.pl\/wp-content\/uploads\/2025\/07\/1000015225-226x300.jpg 226w, https:\/\/hubertpietka.bialystok.pl\/wp-content\/uploads\/2025\/07\/1000015225-768x1021.jpg 768w, https:\/\/hubertpietka.bialystok.pl\/wp-content\/uploads\/2025\/07\/1000015225-1156x1536.jpg 1156w, https:\/\/hubertpietka.bialystok.pl\/wp-content\/uploads\/2025\/07\/1000015225.jpg 1204w\" sizes=\"auto, (max-width: 771px) 100vw, 771px\" \/><\/a><\/figure>\n<\/figure>\n\n\n\n<p><em>Na zdj. Maryja i A czyli Alfa<br>Jest tylko jedna \u017cona sakramentalna<br>A inne to po prostu<br>S\u0105 inne \u017cadne tam kandydatki<br>Nie b\u0119dzie \u017cony innej<br>I z pedziami czy dzidziami<br>Te\u017c niech nie wymy\u015blaj\u0105<br>W kluczu amoralno\u015bci wszelkiej<br>Tym bardziej \u017ce wychodz\u0105<br>Na przeciw pog\u0142\u0119biania antywarto\u015bci<br>W tym \u015bwiecie<br>W zgodzie zreszt\u0105 z k\u0142amstwami<br>I zbrodniami bandyckimi<br>Dajcie nam spok\u00f3j si\u0119 odczepcie<br>Nie zaciemniajcie Bo\u017cych struktur warto\u015bci<br>W tym \u015bwiecie<br>W zgodzie z szata\u0144stwem bandyckim<br>Te\u017c i niestety<br>\u017bona jest i b\u0119dzie jedna<br>Albo nic nie b\u0119dzie<br>Kropka koniec powiedzia\u0142em<br>Tak nam dopom\u00f3\u017c Panie<br>Ave Maria w kluczu wy\u0142\u0105cznym<br>Drzwi otwartych do spraw Bo\u017cych<br>Wierno\u015bci i czysto\u015bci<br>Nie antywarto\u015bci amoralno\u015bci wszelkiej \u015bwiatowej<br>Jezu ufam Tobie<\/em><\/p>\n","protected":false},"excerpt":{"rendered":"<p>1.Ja swoje a oniOne te\u017c swojeChyba was poje\u2026cha\u0142o\u017be ja zast\u0105pi\u0119 pe\u0142n\u0105 tre\u015b\u0107Sakramentu ma\u0142\u017ce\u0144stwaJakim\u015b plastikowym substytutem\u017badna E. \u017cadna P. itpJe\u015bli ju\u017c to \u0142\u0105cznie EPTylko i wy\u0142\u0105cznie&hellip; <\/p>\n","protected":false},"author":1,"featured_media":0,"parent":0,"menu_order":0,"comment_status":"closed","ping_status":"closed","template":"","meta":{"footnotes":""},"class_list":["post-9503","page","type-page","status-publish","hentry"],"_links":{"self":[{"href":"https:\/\/hubertpietka.bialystok.pl\/index.php?rest_route=\/wp\/v2\/pages\/9503","targetHints":{"allow":["GET"]}}],"collection":[{"href":"https:\/\/hubertpietka.bialystok.pl\/index.php?rest_route=\/wp\/v2\/pages"}],"about":[{"href":"https:\/\/hubertpietka.bialystok.pl\/index.php?rest_route=\/wp\/v2\/types\/page"}],"author":[{"embeddable":true,"href":"https:\/\/hubertpietka.bialystok.pl\/index.php?rest_route=\/wp\/v2\/users\/1"}],"replies":[{"embeddable":true,"href":"https:\/\/hubertpietka.bialystok.pl\/index.php?rest_route=%2Fwp%2Fv2%2Fcomments&post=9503"}],"version-history":[{"count":1,"href":"https:\/\/hubertpietka.bialystok.pl\/index.php?rest_route=\/wp\/v2\/pages\/9503\/revisions"}],"predecessor-version":[{"id":9505,"href":"https:\/\/hubertpietka.bialystok.pl\/index.php?rest_route=\/wp\/v2\/pages\/9503\/revisions\/9505"}],"wp:attachment":[{"href":"https:\/\/hubertpietka.bialystok.pl\/index.php?rest_route=%2Fwp%2Fv2%2Fmedia&parent=9503"}],"curies":[{"name":"wp","href":"https:\/\/api.w.org\/{rel}","templated":true}]}}