{"id":9511,"date":"2025-07-27T14:25:20","date_gmt":"2025-07-27T14:25:20","guid":{"rendered":"https:\/\/hubertpietka.bialystok.pl\/?page_id=9511"},"modified":"2025-07-27T14:25:20","modified_gmt":"2025-07-27T14:25:20","slug":"ci-lepsi-a-plebs-pospolity-w-nowym-wspanialym-swiecie-komunistycznym","status":"publish","type":"page","link":"https:\/\/hubertpietka.bialystok.pl\/?page_id=9511","title":{"rendered":"Ci lepsi \/ a plebs pospolity &#8211; w nowym wspania\u0142ym \u015bwiecie komunistycznym"},"content":{"rendered":"\n<p>Ci kt\u00f3rzy odrzutowcami lataj\u0105<br>Maj\u0105 prawo uwa\u017caj\u0105<br>Zabiera\u0107 samochody prostaczkom<br>Pozbawia\u0107 ich mo\u017cliwo\u015bci transportu komunikacji<br>Z miejsca na miejsce<br>I pomi\u0119dzy sob\u0105 tak\u017ce<\/p>\n\n\n\n<p>Ci kt\u00f3rzy w pa\u0142acach mieszkaj\u0105<br>Maj\u0105 prawo uwa\u017caj\u0105<br>Pozbawia\u0107 zwyk\u0142ych komunalist\u00f3w ich mieszka\u0144 i dom\u00f3w szaraczk\u00f3w<\/p>\n\n\n\n<p>Ci kt\u00f3rzy si\u0119 za bog\u00f3w<br>Chyba uwa\u017caj\u0105 maj\u0105 prawo<br>Wed\u0142ug zwyk\u0142ej zasady pychy<br>Decydowa\u0107 o czyim\u015b \u017cyciu<br>Uwa\u017caj\u0105c \u017ce ich jest lepsze<\/p>\n\n\n\n<p>Ci kt\u00f3rzy du\u017co wszystkiego maj\u0105<br>Uwa\u017caj\u0105 \u017ce mog\u0105 zabiera\u0107 tym s\u0142abszym<br>Chyba prawie wszystko<br>Bo im zawsze za ma\u0142o<br>S\u0105 wysokich lot\u00f3w przecie\u017c<br>A tamto wszystko to plebs bez znaczenia<\/p>\n\n\n\n<p>Kt\u00f3ry trzeba tak jednocze\u015bnie uciszy\u0107<br>By nie pojawia\u0142y si\u0119 g\u0142osy<br>Jakie\u015b przeciwne wobec jedynie s\u0142usznych<br>Zamordyzm na wszelkich poziomach \u017cycia<br>Pod\u0142ug doktryny komunistycznej zabra\u0107 wszystko<br>B\u0119d\u0105 r\u00f3wni tak\u017ce w braku<br>Mo\u017cliwo\u015bci tak zwanych g\u0142os\u00f3w osobnych<br>Jak baran\u00f3w si\u0119 ich poprowadzi<br>Na stracenie z zawi\u0105zanymi oczami<br>I jeszcze b\u0119d\u0105 to chwali\u0107<\/p>\n\n\n\n<p>Ci kt\u00f3rzy przemoc maj\u0105 uwa\u017caj\u0105<br>\u017be mog\u0105 ni\u0105 dysponowa\u0107 dowolnie<br>Pod\u0142ug zap\u0119d\u00f3w w\u0142adzy uciszania nieprawomy\u015blnych<br>Niepodporz\u0105dkowuj\u0105cych si\u0119 jedynie s\u0142usznej<br>Poprawno\u015bci politycznej we wszelkich -izmach<br>Takich trzeba wytraci\u0107 uwi\u0119zi\u0107 ewentualnie<br>Kt\u00f3rzy nie pozwol\u0105 si\u0119<br>Zdegenerowa\u0107 moralnie na wszelkie sposoby<br>I uciszy si\u0119 religie prawowierne<br>Bo one niestety ucz\u0105<br>Post\u0119powa\u0107 pod\u0142ug sumienia i my\u015ble\u0107 niezale\u017cnie<br>Pod\u0142ug warto\u015bci Bo\u017cych<\/p>\n\n\n\n<p>Czy\u017c nie taki scenariusz \u015bwiata<br>Dla plebsu tych wszystkich ma\u0142ych<br>Kt\u00f3rym politycznie do elity<br>Awansowa\u0107 si\u0119 nie uda\u0142o<br>Na zasadzie raczej bardzo takiej<br>\u017be rekiny ma\u0142e rybki zjadaj\u0105<br>A to twoja przecie\u017c wina<br>\u017be nie sta\u0142e\u015b si\u0119 rekinem<br>Wi\u0119c poniesiesz za to konsekwencje<br>I jakby\u015b by\u0142 rekinem<br>To przecie\u017c ju\u017c ma\u0142\u0105 rybk\u0105<br>By\u015b nie by\u0142<\/p>\n\n\n\n<p>Taki scenariusz \u015bwiata prosty<br>\u015awiat ma by\u0107 przecie\u017c<br>Dla tych lepszych<br>I wiele r\u00f3\u017cnych rozwi\u0105za\u0144 przecie\u017c<br>Na ka\u017cdej arenie \u017cycia<br>Ma s\u0142u\u017cy\u0107 w\u0142a\u015bnie tym wyznacznikom<br>A przecie\u017c te\u017c nawet \u0142awica<br>Ma\u0142ych rybek nie pokona rekina<br>O tym pr\u00f3buj\u0105 lud przekona\u0107<\/p>\n\n\n\n<p>I jeszcze wojny wywo\u0142uj\u0105<br>Ci kt\u00f3rzy maj\u0105 bunkry<br>Ich konsekwencje nie maj\u0105 spotyka\u0107<br>Takich przecie\u017c<br>To tak jeszcze na marginesie<\/p>\n\n\n\n<figure class=\"wp-block-gallery has-nested-images columns-default is-cropped wp-block-gallery-1 is-layout-flex wp-block-gallery-is-layout-flex\">\n<figure class=\"wp-block-image size-large\"><a href=\"https:\/\/hubertpietka.bialystok.pl\/wp-content\/uploads\/2025\/07\/1000015655.jpg\"><img loading=\"lazy\" decoding=\"async\" width=\"771\" height=\"1024\" data-id=\"9512\" src=\"https:\/\/hubertpietka.bialystok.pl\/wp-content\/uploads\/2025\/07\/1000015655-771x1024.jpg\" alt=\"\" class=\"wp-image-9512\" srcset=\"https:\/\/hubertpietka.bialystok.pl\/wp-content\/uploads\/2025\/07\/1000015655-771x1024.jpg 771w, https:\/\/hubertpietka.bialystok.pl\/wp-content\/uploads\/2025\/07\/1000015655-226x300.jpg 226w, https:\/\/hubertpietka.bialystok.pl\/wp-content\/uploads\/2025\/07\/1000015655-768x1021.jpg 768w, https:\/\/hubertpietka.bialystok.pl\/wp-content\/uploads\/2025\/07\/1000015655-1156x1536.jpg 1156w, https:\/\/hubertpietka.bialystok.pl\/wp-content\/uploads\/2025\/07\/1000015655.jpg 1204w\" sizes=\"auto, (max-width: 771px) 100vw, 771px\" \/><\/a><\/figure>\n<\/figure>\n\n\n\n<p><em>Na zdj. Jezu ufam Tobie<br>Niech ludzie lepiej obudz\u0105<br>W sobie sumienie i \u015bwiadomo\u015b\u0107<br>Je\u015bli nie chc\u0105 kiedy\u015b<br>Obudzi\u0107 si\u0119 w takim \u015bwiecie<br>Bo do tego przecie\u017c zmierzaj\u0105<br>Te elity samozwa\u0144cze<br>Bo nie pod\u0142ug warto\u015bci Bo\u017cych<br>Kt\u00f3re innym chc\u0105 fundowa\u0107 piek\u0142o<br>Albo m\u00f3wi\u0105c inaczej raj komunistyczny<br>W kt\u00f3rym nikt nie b\u0119dzie<br>Mia\u0142 niczego i wszyscy b\u0119d\u0105 r\u00f3wni &#8222;goli i weseli&#8221;<br>Czytaj st\u0142amszeni znieprawieni i zdegenerowani<br>R\u00f3\u017cnymi cho\u0107by ideologizmami<br>Nie zdolni do reakcji jakiejkolwiek<br>Tak\u017ce przez zastraszenie i l\u0119k<br>Na z\u0142o w \u015bwiecie<br>I nie maj\u0105cy te\u017c \u015brodk\u00f3w<br>Ku temu obud\u017acie si\u0119<br>P\u00f3ki jeszcze za p\u00f3\u017ano<br>Na reakcj\u0119 w\u0142a\u015bciwe nie jest<\/em><\/p>\n\n\n\n<p>( <strong><em><a href=\"https:\/\/youtu.be\/5JitBC3qda4\">Ich Troje &#8211; Ci wielcy <\/a><\/em><\/strong> )<\/p>\n\n\n\n<p class=\"has-text-align-center\">&#8211; \/ &#8211;<\/p>\n\n\n\n<p class=\"has-text-align-right\"><strong><em><a href=\"https:\/\/youtu.be\/alu2yRpcak0\">Ich Troje &#8211; Prawo<\/a><\/em><\/strong><\/p>\n","protected":false},"excerpt":{"rendered":"<p>Ci kt\u00f3rzy odrzutowcami lataj\u0105Maj\u0105 prawo uwa\u017caj\u0105Zabiera\u0107 samochody prostaczkomPozbawia\u0107 ich mo\u017cliwo\u015bci transportu komunikacjiZ miejsca na miejsceI pomi\u0119dzy sob\u0105 tak\u017ce Ci kt\u00f3rzy w pa\u0142acach mieszkaj\u0105Maj\u0105 prawo uwa\u017caj\u0105Pozbawia\u0107&hellip; <\/p>\n","protected":false},"author":1,"featured_media":0,"parent":0,"menu_order":0,"comment_status":"closed","ping_status":"closed","template":"","meta":{"footnotes":""},"class_list":["post-9511","page","type-page","status-publish","hentry"],"_links":{"self":[{"href":"https:\/\/hubertpietka.bialystok.pl\/index.php?rest_route=\/wp\/v2\/pages\/9511","targetHints":{"allow":["GET"]}}],"collection":[{"href":"https:\/\/hubertpietka.bialystok.pl\/index.php?rest_route=\/wp\/v2\/pages"}],"about":[{"href":"https:\/\/hubertpietka.bialystok.pl\/index.php?rest_route=\/wp\/v2\/types\/page"}],"author":[{"embeddable":true,"href":"https:\/\/hubertpietka.bialystok.pl\/index.php?rest_route=\/wp\/v2\/users\/1"}],"replies":[{"embeddable":true,"href":"https:\/\/hubertpietka.bialystok.pl\/index.php?rest_route=%2Fwp%2Fv2%2Fcomments&post=9511"}],"version-history":[{"count":1,"href":"https:\/\/hubertpietka.bialystok.pl\/index.php?rest_route=\/wp\/v2\/pages\/9511\/revisions"}],"predecessor-version":[{"id":9513,"href":"https:\/\/hubertpietka.bialystok.pl\/index.php?rest_route=\/wp\/v2\/pages\/9511\/revisions\/9513"}],"wp:attachment":[{"href":"https:\/\/hubertpietka.bialystok.pl\/index.php?rest_route=%2Fwp%2Fv2%2Fmedia&parent=9511"}],"curies":[{"name":"wp","href":"https:\/\/api.w.org\/{rel}","templated":true}]}}