{"id":9517,"date":"2025-07-29T07:30:11","date_gmt":"2025-07-29T07:30:11","guid":{"rendered":"https:\/\/hubertpietka.bialystok.pl\/?page_id=9517"},"modified":"2025-07-29T07:30:11","modified_gmt":"2025-07-29T07:30:11","slug":"bestie-po-prostu-w-dazeniu-obludnym-do-wszelkich-zbrodni","status":"publish","type":"page","link":"https:\/\/hubertpietka.bialystok.pl\/?page_id=9517","title":{"rendered":"Bestie po prostu \/ w d\u0105\u017ceniu ob\u0142udnym &#8211; do wszelkich zbrodni"},"content":{"rendered":"\n<p>Skoro m\u00f3wi S\u0142owo Bo\u017ce<br>&#8222;Bogami jeste\u015bcie&#8221; co przywo\u0142a\u0142 Jezus<br>W Janowej Ewangelii<br>A S\u0142owa Bo\u017cego nie mo\u017cna<br>Podwa\u017ca\u0107 bo to s\u0142owa Boga<br>Chyba \u017ce ma si\u0119 ewidentnie<br>K\u0142amliwie z\u0142e intencje<br>I w tym kontek\u015bcie<br>S\u0142u\u017c\u0105cych Bogu nazywa si\u0119<br>Odpowiednio dzie\u0107mi Bo\u017cymi s\u0142ugami Boga<br>Czy po prostu \u015bwi\u0119tymi i b\u0142ogos\u0142awionymi<br>To analogicznie<br>Jak od Boga nazywa si\u0119<br>Post\u0119puj\u0105cych pod\u0142ug Niego w prawdzie<br>Tak szatana i jemu s\u0142u\u017c\u0105cych<br>W z\u0142u nazywa si\u0119 odpowiednio<br>Analogicznie tak\u017ce<\/p>\n\n\n\n<p>Skoro szatana nazywa si\u0119 besti\u0105<br>Diab\u0142em bydlakiem potworem i \u0142ajdakiem<br>To analogicznie tak mo\u017cna<br>Te\u017c nazywa\u0107 mu s\u0142u\u017c\u0105cych<br>W k\u0142amstwach ob\u0142udnych i zbrodniach<br>Na prostej zasadzie tzw. odpowiednio\u015bci<br>Wiadomo \u017ce i on i<br>Ci bandyci i im s\u0142u\u017c\u0105cy<br>W z\u0142u pod\u0142ym wszelkich zbrodni<br>Woleliby si\u0119 nazywa\u0107 zbawicielami<br>I panami \u015bwiata podobnie zreszt\u0105<br>Jak si\u0119 te\u017c przedstawia szatan<br>A on jest po prostu<br>&#8222;Ojcem k\u0142amstw i zbrodni<br>I nie ma w nim \u017cadnej prawdy&#8221;<br>I adekwatnie mu w tym<br>Odpowiednio s\u0142u\u017c\u0105cy<br>I mo\u017cna ich tak nazywa\u0107<br>Pod\u0142ug prostej zasady przyczynowo-skutkowej<br>Kto komu s\u0142u\u017cy takim si\u0119<br>Te\u017c i staje<br>A skoro bestialscy w zbrodniach<br>To bestie podobnie skoro \u0142ajdacz\u0105<br>Po szata\u0144sku wszelkimi ob\u0142udnymi k\u0142amstwami<br>To \u0142ajdaki i skoro byleby<br>Tylko ku z\u0142u<br>Nie tylko dla nas zreszt\u0105<br>Skoro w tym zbydlaczeli<br>Pozbawiaj\u0105c si\u0119 godno\u015bci ludzkiej<br>Przynale\u017cnej dzieciom Bo\u017cym w dobru<br>To bydlaki te\u017c nominalnie<br>Wi\u0119c o co chodzi<br>Kto ma cho\u0107 troch\u0119 tzw.<br>Logiki zdrowej na zasadzie<br>Prostej dedukcji przyzna\u0107 to musi<br>I kto si\u0119 nie znieprawi\u0142<br>W tej amoralno\u015bci ideologicznej materialnej<br>Kt\u00f3ra dobro nazywa z\u0142em<br>A k\u0142amstwa prawd\u0105<\/p>\n\n\n\n<figure class=\"wp-block-gallery has-nested-images columns-default is-cropped wp-block-gallery-1 is-layout-flex wp-block-gallery-is-layout-flex\">\n<figure class=\"wp-block-image size-large\"><a href=\"https:\/\/hubertpietka.bialystok.pl\/wp-content\/uploads\/2025\/07\/1000015895.jpg\"><img loading=\"lazy\" decoding=\"async\" width=\"601\" height=\"798\" data-id=\"9518\" src=\"https:\/\/hubertpietka.bialystok.pl\/wp-content\/uploads\/2025\/07\/1000015895.jpg\" alt=\"\" class=\"wp-image-9518\" srcset=\"https:\/\/hubertpietka.bialystok.pl\/wp-content\/uploads\/2025\/07\/1000015895.jpg 601w, https:\/\/hubertpietka.bialystok.pl\/wp-content\/uploads\/2025\/07\/1000015895-226x300.jpg 226w\" sizes=\"auto, (max-width: 601px) 100vw, 601px\" \/><\/a><\/figure>\n<\/figure>\n\n\n\n<p><em>Na zdj. Maryja i pryzmat Ko\u015bcio\u0142a<br>W ni\u0105 niejako wpisany szklany<br>W niej si\u0119 odnawia\u0107<br>Drog\u0105 Bo\u017cej prawdy<br>Szatan pr\u00f3buje zafa\u0142szowa\u0107 zaciemni\u0107 wszystko<br>I te wszelkie bestie zbrodnicze<br>Kt\u00f3re mu s\u0142u\u017c\u0105<br>W k\u0142amstwach \u0142ajdackich zbrodniach bydlaczych<br>Lecz trzeba odnawia\u0107 si\u0119<br>W Bogu zawsze<br>By widzie\u0107 jasno i<br>Nie da\u0107 sobie wm\u00f3wi\u0107<br>Nowej nomenklatury ideologii fa\u0142szywych<br>Kt\u00f3re przekr\u0119caj\u0105c odwieczne prawa moralne<br>Jak to robi\u0105 ci bandyci<br>I im podobni w z\u0142u<br>Chc\u0105 kara\u0107 zbrodniami nowymi oczywi\u015bcie<br>Tych kt\u00f3rzy pod\u0142ug praw Bo\u017cych<br>Nazywaj\u0105 to czym jest<br>W istocie to wszystko<br>Niby nienawi\u015bci mowa tak to<br>Nazywa\u0107 chc\u0105 i po co<br>Po to by m\u00f3c pope\u0142nia\u0107<br>Dalej i nieustannie swe zbrodnie<br>W\u0142a\u015bnie nienawistnie bestialstko ob\u0142udnie z\u0142owrogo<br>Ta kategoria ma s\u0142u\u017cy\u0107 zbrodniom<\/em><\/p>\n\n\n\n<p>&lt;<\/p>\n\n\n\n<p class=\"has-text-align-left\"><strong><em><a href=\"https:\/\/youtu.be\/sfurC4_dXzM\">Tej historii bieg (&#8222;Pi\u0119kna i bestia&#8221;) &#8211; Hania Stach i Zbigniew Wodecki <\/a><\/em><\/strong><\/p>\n\n\n\n<p class=\"has-text-align-center\">\/<\/p>\n\n\n\n<p class=\"has-text-align-right\"><strong><em><a href=\"https:\/\/youtu.be\/9X_ViIPA-Gc\">Meat Loaf &#8211; I&#8217;d do anything for love (but I wan&#8217;t to that)<\/a><\/em><\/strong><\/p>\n\n\n\n<p>( <strong><em><a href=\"https:\/\/youtu.be\/ZPt1rAnLaI0\">Bestie &#8211; Grubson <\/a><\/em><\/strong> )<\/p>\n\n\n\n<p class=\"has-text-align-right\">><\/p>\n","protected":false},"excerpt":{"rendered":"<p>Skoro m\u00f3wi S\u0142owo Bo\u017ce&#8222;Bogami jeste\u015bcie&#8221; co przywo\u0142a\u0142 JezusW Janowej EwangeliiA S\u0142owa Bo\u017cego nie mo\u017cnaPodwa\u017ca\u0107 bo to s\u0142owa BogaChyba \u017ce ma si\u0119 ewidentnieK\u0142amliwie z\u0142e intencjeI w&hellip; <\/p>\n","protected":false},"author":1,"featured_media":0,"parent":0,"menu_order":0,"comment_status":"closed","ping_status":"closed","template":"","meta":{"footnotes":""},"class_list":["post-9517","page","type-page","status-publish","hentry"],"_links":{"self":[{"href":"https:\/\/hubertpietka.bialystok.pl\/index.php?rest_route=\/wp\/v2\/pages\/9517","targetHints":{"allow":["GET"]}}],"collection":[{"href":"https:\/\/hubertpietka.bialystok.pl\/index.php?rest_route=\/wp\/v2\/pages"}],"about":[{"href":"https:\/\/hubertpietka.bialystok.pl\/index.php?rest_route=\/wp\/v2\/types\/page"}],"author":[{"embeddable":true,"href":"https:\/\/hubertpietka.bialystok.pl\/index.php?rest_route=\/wp\/v2\/users\/1"}],"replies":[{"embeddable":true,"href":"https:\/\/hubertpietka.bialystok.pl\/index.php?rest_route=%2Fwp%2Fv2%2Fcomments&post=9517"}],"version-history":[{"count":1,"href":"https:\/\/hubertpietka.bialystok.pl\/index.php?rest_route=\/wp\/v2\/pages\/9517\/revisions"}],"predecessor-version":[{"id":9519,"href":"https:\/\/hubertpietka.bialystok.pl\/index.php?rest_route=\/wp\/v2\/pages\/9517\/revisions\/9519"}],"wp:attachment":[{"href":"https:\/\/hubertpietka.bialystok.pl\/index.php?rest_route=%2Fwp%2Fv2%2Fmedia&parent=9517"}],"curies":[{"name":"wp","href":"https:\/\/api.w.org\/{rel}","templated":true}]}}