{"id":9521,"date":"2025-07-30T08:15:08","date_gmt":"2025-07-30T08:15:08","guid":{"rendered":"https:\/\/hubertpietka.bialystok.pl\/?page_id=9521"},"modified":"2025-07-30T08:15:08","modified_gmt":"2025-07-30T08:15:08","slug":"walka-szatana-i-jego-slug-we-wszelkim-klamliwym-zbrodniczym-zlu-przeciwko-bozym-dzieciom-i-wszelkiemu-bozemu-stworzeniu-danemu-na-sluzbe-czlowiekowi","status":"publish","type":"page","link":"https:\/\/hubertpietka.bialystok.pl\/?page_id=9521","title":{"rendered":"Walka szatana i jego s\u0142ug &#8211; we wszelkim k\u0142amliwym zbrodniczym z\u0142u \/ przeciwko Bo\u017cym dzieciom i wszelkiemu Bo\u017cemu stworzeniu &#8211; danemu na s\u0142u\u017cb\u0119 cz\u0142owiekowi"},"content":{"rendered":"\n<p>Ca\u0142e stworzenie jednoczy si\u0119<br>W walce z szatanem<br>I jego w z\u0142u s\u0142ugami<\/p>\n\n\n\n<p>Najpierw maj\u0105 zgin\u0105\u0107 ptaki<br>Wedle staro\u017cytnej przepowiedni<br>Bo one nam s\u0142u\u017c\u0105<br>Ostrzegaj\u0105 nas przed szata\u0144stwem bandyckim<br>Wszelkim w r\u00f3\u017cnych aspektach<br>Jak \u015bw. Franciszka<br>A ptaki i zwierz\u0119ta<br>S\u0105 przecie\u017c pos\u0142uszne Bogu<br>I s\u0142u\u017c\u0105 dzieciom Bo\u017cym<br>Dla szata\u0144skiego bandyctwa s\u0105 przeszkod\u0105<br>W ich zbrodniach<br>Jakby ptaki i zwierz\u0119ta<br>Mo\u017cna by\u0142o czym\u015b przymusi\u0107<br>By s\u0142u\u017cy\u0142y dzieciom Bo\u017cym<br>Po szata\u0144sku po bandycku<br>Mo\u017cna je co najwy\u017cej przydusi\u0107 niekt\u00f3re<br>I zdeterminowa\u0107 by s\u0142u\u017cy\u0142y zbrodniom<br>Mo\u017cna powiedzie\u0107 \u017ce oni<br>Nienawidz\u0105 stworze\u0144 Bo\u017cych<br>Bo te s\u0142u\u017c\u0105 Boga s\u0142ugom<br>Ptaki nas ostrzegaj\u0105<br>Przed wszelkim szata\u0144stwem bandyckim<br>Dlatego po szata\u0144sku<br>S\u0105 do likwidacji usuni\u0119cia najpierw<\/p>\n\n\n\n<p>Podobnie te zwierz\u0119ta domowe<br>Kt\u00f3re nas te\u017c chroni\u0105<br>Przed szata\u0144stwem bandyckim<br>I im podobnymi wszelkimi<br>W d\u0105\u017ceniach do zbrodni bestialskich<br>S\u0105 te\u017c na li\u015bcie czarnej<br>Szatana i bandyckiego bestialstwa<br>Bo nam s\u0142u\u017c\u0105<br>I nas chroni\u0105 skutecznie<br>Podobnie jak ptaki<br>Jakby mo\u017cna je by\u0142o<br>Do tego przymusi\u0107<br>Dlatego zwierz\u0119ta domowe s\u0105 pod\u0142ug<br>Szata\u0144skiego bandyctwa zawsze do likwidacji<br>Te kt\u00f3re zreszt\u0105 s\u0142u\u017c\u0105<br>Wszelkim dzieciom Bo\u017cym<br>W obronie przed szata\u0144stwem bandyckim<\/p>\n\n\n\n<p>Zreszt\u0105 wszelkie stworzenia Bo\u017ce<br>Naturalnie si\u0119 staj\u0105<br>Te kt\u00f3re s\u0142u\u017c\u0105 dzieciom Bo\u017cym<br>Staj\u0105 si\u0119 przeciwnikami wszelkiego szata\u0144stwa<br>Bandyckiego i im podobnych<br>W k\u0142amstwach i zbrodniach<br>Kt\u00f3rzy si\u0119 zaprzedali by<br>S\u0142u\u017cy\u0107 temu w\u0142a\u015bnie i szatanowi<br>Na mocy paktu ze z\u0142em<br>Te stworzenia domowe<br>Dane przez Boga jako pomoc<br>Cz\u0142owiekowi dzieciom Bo\u017cym<\/p>\n\n\n\n<p>Ale wojenki s\u0142ug z\u0142a szatana<br>Na tym si\u0119 nie ko\u0144cz\u0105<br>Zwierz\u0119ta hodowlane tak\u017ce s\u0105 przeszkod\u0105<br>Bo z nich po\u017cywienie jest<br>Umocniaj\u0105ce kondycj\u0119 ludzk\u0105<br>Dlatego i one s\u0105<br>Dla szata\u0144skich s\u0142ug z\u0142a przeszkod\u0105<br>Najlepiej \u017ceby dzieci Bo\u017ce<br>Jad\u0142y samo *<strong>g\u00f3wno<\/strong>* cho\u0107by *<strong>GMO<\/strong>*<br>Nie naturalne produkty odzwierz\u0119ce<br>Kt\u00f3re wzmacniaj\u0105 witalno\u015b\u0107 dzieci Bo\u017cych<\/p>\n\n\n\n<p>Wszystkie stworzenie Bo\u017ce kt\u00f3re s\u0142u\u017cy<br>Dobru dzieci Bo\u017cych<br>Jest dla tego szata\u0144skiego bandyctwa<br>Przeszkod\u0105 w ich k\u0142amliwych zbrodniach<br>Tak\u017ce te zwierz\u0119ta bezdomne koty<br>Kt\u00f3re s\u0142u\u017c\u0105 cz\u0142owiekowi<br>Oczyszczaj\u0105c otoczenie z r\u00f3\u017cnych szkodnik\u00f3w<br>Te te\u017c trzeba zniszczy\u0107<br>By z\u0142o mog\u0142o si\u0119 rozplenia\u0107<br>Przeciwko cz\u0142owiekowi przeciwko dzieciom Bo\u017cym<\/p>\n\n\n\n<p>W tym samym nurcie<br>Ci wszyscy kt\u00f3rzy nie s\u0142u\u017c\u0105<br>\u0141ajdactwu szata\u0144skiemu bandytom ich bestialstwom<br>Cho\u0107by przeciwko tym dzieciom Bo\u017cym<br>Kt\u00f3rymi jeste\u015bmy my nasi bliscy<br>S\u0105 do usuni\u0119cia i eksterminacji<br>Jak to chyba czyni\u0105<br>Ju\u017c i od do\u015b\u0107 dawna<br>Przez ten proceder bestialski mordowania<br>Niewinnych ludzkich istnie\u0144<br>Kt\u00f3re nie chc\u0105 si\u0119 zaprzeda\u0107<br>Na s\u0142u\u017cb\u0119 z\u0142u bandyckiemu szatanowi<br>Bo to idzie w parze<br>Dlatego takich wszystkich trzeba eksterminowa\u0107<br>Co nie przeszkadza te\u017c \u0142ajdakom<br>Si\u0119 bogaci\u0107 na tym<br>Nak\u0142adaj\u0105c haracze ogromne<br>Niby za \u017cycie dzieci Bo\u017cych<br>Co im zreszt\u0105 te\u017c<br>Nie przeszkadza by czyni\u0107 swe<br>Zbrodnie szata\u0144skie inaczej<\/p>\n\n\n\n<p>Tak\u017ce tak wygl\u0105da mniej wi\u0119cej<br>Walka szatana i jego s\u0142ug<br>Bandyt\u00f3w i im podobnych w zbrodniach<br>Przeciwko dzieciom Bo\u017cym<br>Czego my jeste\u015bmy akurat wyrazem<br>Bo w nas jak w szklanym pryzmacie<br>To wszystko si\u0119 unaocznia<br>Byleby tylko nas zniszczy\u0107<br>Razem czy osobnym bliskich nasze<br>I wszelkie dzieci Bo\u017ce<br>Kt\u00f3re si\u0119 nie zaprzeda\u0142y \u0142ajdacko<br>S\u0142u\u017cy\u0107 bandyckim zbrodniom i k\u0142amstwom<br>Tak wygl\u0105da szata\u0144ska rozgrywka<br>Mniej czy wi\u0119cej ta bandycka<br>I wszelkich wsp\u00f3\u0142pracuj\u0105cych z nimi<br>W walce z dzie\u0107mi Bo\u017cymi<br>I ca\u0142ym Bo\u017cym stworzeniem<br>Kt\u00f3rego si\u0119 nie da zdeterminowa\u0107<br>By s\u0142u\u017cy\u0142o bandytom i szatanowi<\/p>\n\n\n\n<figure class=\"wp-block-image size-large\"><a href=\"https:\/\/hubertpietka.bialystok.pl\/wp-content\/uploads\/2025\/07\/1000015992.jpg\"><img loading=\"lazy\" decoding=\"async\" width=\"1024\" height=\"771\" src=\"https:\/\/hubertpietka.bialystok.pl\/wp-content\/uploads\/2025\/07\/1000015992-1024x771.jpg\" alt=\"\" class=\"wp-image-9522\" srcset=\"https:\/\/hubertpietka.bialystok.pl\/wp-content\/uploads\/2025\/07\/1000015992-1024x771.jpg 1024w, https:\/\/hubertpietka.bialystok.pl\/wp-content\/uploads\/2025\/07\/1000015992-300x226.jpg 300w, https:\/\/hubertpietka.bialystok.pl\/wp-content\/uploads\/2025\/07\/1000015992-768x578.jpg 768w, https:\/\/hubertpietka.bialystok.pl\/wp-content\/uploads\/2025\/07\/1000015992-1536x1156.jpg 1536w, https:\/\/hubertpietka.bialystok.pl\/wp-content\/uploads\/2025\/07\/1000015992.jpg 1600w\" sizes=\"auto, (max-width: 1024px) 100vw, 1024px\" \/><\/a><\/figure>\n\n\n\n<p><em>Na zdj. B\u00f3g Stworzyciel \u015awiata<br>Na to patrzy i to dopuszcza po to<br>By mog\u0142y si\u0119 dookre\u015bli\u0107 intencje<br>Ludzkie i tego \u015bwiata<br>W opowiedzeniu si\u0119 za dobrem<br>Stworzenia Bo\u017cego i dzieci Bo\u017cych<br>I przeciwko z\u0142u bestialskiemu wszelkiemu<br>Tych bandyt\u00f3w i im podobnych<br>R\u00f3\u017cnych gdziekolwiek i jakichkolwiek<br>Lub pod\u0142ug nich w z\u0142u<br>Zbrodni i k\u0142amstw przeciwko<br>Dzieciom Bo\u017cym i stworzeniu<br>S\u0142u\u017c\u0105cemu Bogu i im<br>Dookre\u015bli\u0107 si\u0119 maj\u0105 \u015bwiata intencja<br>W s\u0142u\u017cbie z\u0142u lub dobru<br>W wybieraniu k\u0142amstw czy prawdy<br>I wszystkiego co te\u017c<br>W konsekwencji idzie za tym<br>Wsp\u00f3\u0142pracy z ob\u0142ud\u0105 szata\u0144sk\u0105 bandyck\u0105<br>W zniszczeniu \u015bwiata<br>Czy wsp\u00f3\u0142pracy z Bogiem<br>I tymi kt\u00f3rzy mu s\u0142u\u017c\u0105<br>Co te\u017c potwierdzaj\u0105 te stworzenia r\u00f3\u017cne Bo\u017ce<br>One s\u0105 przecie\u017c Bo\u017cym znakiem ty te\u017c<br>Dlatego s\u0105 te\u017c tak bardzo<br>Jak my i dzieci Bo\u017ce<br>Tak przez szatana i wszelkie<br>Jego s\u0142ugi w z\u0142u<br>Bandyckim i jakimkolwiek tak znienawidzone<br>Bo szatan k\u0142amliw\u0105 alternatyw\u0119 roztacza<br>\u017be mo\u017cna z\u0142o i zbrodnie<br>\u017be mo\u017cna \u017cy\u0107 bez<br>Tych wszelkich stworze\u0144 Bo\u017cych<br>Nie je\u015b\u0107 mi\u0119sa produkt\u00f3w odzwierz\u0119cych<br>I cho\u0107by ale w czasie kryzysu wojny<br>Kanibalizm pewnie b\u0119dzie mo\u017cna<br>Nie widzicie tego<br>Co oni czyni\u0105 i do czego te\u017c<br>Zmierzaj\u0105 szatan i s\u0142udzy jego<br>Wszelacy ci bandyccy i inni<br>W d\u0105\u017ceniach bestialskich ku zbrodniom<br>Jezu ufam Tobie<br>\u015awiat mo\u017ce przetrwa\u0107 tylko<br>I przezwyci\u0119\u017cy\u0107 to z\u0142o straszne<br>Wspieraj\u0105c dzieci Bo\u017ce<br>I s\u0142u\u017c\u0105c stworzeniu<br>Przez Boga na s\u0142u\u017cb\u0119 cz\u0142owiekowi<br>Ku jemu dobru uczynionemu<br>Jezu ufam Tobie<br>W tej walce dzieci Bo\u017cych<br>I ca\u0142ego stworzenia z szatanem<br>I tymi kt\u00f3rzy mu s\u0142u\u017c\u0105<br>W zbrodniach i k\u0142amstwach wszelkich<br>Przeciwko Bo\u017cej domenie<\/em><\/p>\n\n\n\n<p><strong><em><a href=\"https:\/\/youtu.be\/84h7IgaHFyg\">Niepoj\u0119ty, niezmierzony &#8211; Good God<\/a><\/em><\/strong><\/p>\n\n\n\n<p>&lt;<\/p>\n\n\n\n<p class=\"has-text-align-center\"><strong><em><a href=\"https:\/\/youtu.be\/LVLenCI-R8Q\">Taki jeste\u015b Ty (Way Maker) &#8211; NOF Worship \/ Micha\u0142 Kr\u00f3l <\/a><\/em><\/strong><\/p>\n\n\n\n<p class=\"has-text-align-right\">><\/p>\n\n\n\n<p class=\"has-text-align-right\"><strong><em><a href=\"https:\/\/youtu.be\/sOR7JMGEgTI\">Antonina Krzyszto\u0144 &#8211; Kiedy przyjdzie dzie\u0144<\/a><\/em><\/strong> <\/p>\n","protected":false},"excerpt":{"rendered":"<p>Ca\u0142e stworzenie jednoczy si\u0119W walce z szatanemI jego w z\u0142u s\u0142ugami Najpierw maj\u0105 zgin\u0105\u0107 ptakiWedle staro\u017cytnej przepowiedniBo one nam s\u0142u\u017c\u0105Ostrzegaj\u0105 nas przed szata\u0144stwem bandyckimWszelkim w&hellip; <\/p>\n","protected":false},"author":1,"featured_media":0,"parent":0,"menu_order":0,"comment_status":"closed","ping_status":"closed","template":"","meta":{"footnotes":""},"class_list":["post-9521","page","type-page","status-publish","hentry"],"_links":{"self":[{"href":"https:\/\/hubertpietka.bialystok.pl\/index.php?rest_route=\/wp\/v2\/pages\/9521","targetHints":{"allow":["GET"]}}],"collection":[{"href":"https:\/\/hubertpietka.bialystok.pl\/index.php?rest_route=\/wp\/v2\/pages"}],"about":[{"href":"https:\/\/hubertpietka.bialystok.pl\/index.php?rest_route=\/wp\/v2\/types\/page"}],"author":[{"embeddable":true,"href":"https:\/\/hubertpietka.bialystok.pl\/index.php?rest_route=\/wp\/v2\/users\/1"}],"replies":[{"embeddable":true,"href":"https:\/\/hubertpietka.bialystok.pl\/index.php?rest_route=%2Fwp%2Fv2%2Fcomments&post=9521"}],"version-history":[{"count":1,"href":"https:\/\/hubertpietka.bialystok.pl\/index.php?rest_route=\/wp\/v2\/pages\/9521\/revisions"}],"predecessor-version":[{"id":9523,"href":"https:\/\/hubertpietka.bialystok.pl\/index.php?rest_route=\/wp\/v2\/pages\/9521\/revisions\/9523"}],"wp:attachment":[{"href":"https:\/\/hubertpietka.bialystok.pl\/index.php?rest_route=%2Fwp%2Fv2%2Fmedia&parent=9521"}],"curies":[{"name":"wp","href":"https:\/\/api.w.org\/{rel}","templated":true}]}}