{"id":9525,"date":"2025-08-01T08:53:45","date_gmt":"2025-08-01T08:53:45","guid":{"rendered":"https:\/\/hubertpietka.bialystok.pl\/?page_id=9525"},"modified":"2025-08-01T08:53:45","modified_gmt":"2025-08-01T08:53:45","slug":"bestialstwa-rozne-oblicza-zbrodni-wobec-niewinnych-ludzkich-istnien-sa-obecne-i-dzisiaj","status":"publish","type":"page","link":"https:\/\/hubertpietka.bialystok.pl\/?page_id=9525","title":{"rendered":"Bestialstwa r\u00f3\u017cne oblicza &#8211; zbrodni wobec niewinnych ludzkich istnie\u0144 \/ s\u0105 obecne i dzisiaj"},"content":{"rendered":"\n<p class=\"has-text-align-right\"><em>Bestialstwa r\u00f3\u017cne wymiary<br>Maj\u0105 zawsze jedno \u017ar\u00f3d\u0142o<br>W szatanie przeciwniku Bo\u017cych warto\u015bci<br>Jakkolwiek by to przek\u0142amywali ob\u0142udnie<\/em><\/p>\n\n\n\n<p><strong>1. Bestialstwo wobec &#8211; nas naszego naszych<\/strong><br>Bestie po prostu<br>Wszystko sobie szata\u0144sko ukartowali<br>Zabi\u0107 mi \u017con\u0119<br>Zlikwidowa\u0107 psa obro\u0144c\u0119 po to<br>By mnie usadzi\u0107<br>My\u015bl\u0105 \u0142ajdaki \u017ce unikn\u0105<br>Bo\u017cej sprawiedliwo\u015bci jak ze mnie<br>Uczyni\u0105 ro\u015blink\u0119 po to chc\u0105<br>Mnie zniewoli\u0107 tak naprawd\u0119<br>Przez jakichkolwiek \u0142ajdak\u00f3w s\u0142u\u017cbowych prywatnych<br>Pod jakimkolwiek zreszt\u0105 pozorem<br>Nominalnie i po prostu bestie<br>Byleby tylko zrealizowa\u0107 swe plany<br>Pod\u0142ug po\u017c\u0105da\u0144 zbrodniczych wszelakich<br>Bestie bo jak nie<br>To uderza\u0107 w nasze samochody<br>Chocia\u017c czy w nasze miejsca<br>Byleby tylko z\u0142o szata\u0144skie<br>Jak\u017ce\u017c to nie bestie<br>Lub chocia\u017c w naszych<br>Jak nie w nas i nasze<br>Byleby tylko z\u0142o szata\u0144skie<br>A mo\u017cna i wszystko razem<br>Bestie calkowite bo pod\u0142ug szatana<br>Jego ob\u0142udy pod\u0142ej te zbrodnie<br>Bestie prawie takie jak on<br>W tym wszystkim co w\u0142a\u015bnie<br>Jest pod\u0142ug niego bestii najwi\u0119kszej<br>Ani mi Ani<br>Z nami naszymi naszym<br>I niech spadaj\u0105 wszelcy \u0142ajdacy<\/p>\n\n\n\n<p><strong>2. Bestialstwo &#8211; w historii nie tak dalekiej i w \u015bwiecie wsp\u00f3\u0142czesnym<\/strong><br>A teraz dzisiaj rocznica<br>Wybuchu Powstania Warszawskiego &#8217;44<br>W czasie drugiej apokalipsy<br>Czy\u017c bestialstwem nie by\u0142o<br>Wymordowanie przez hitlerowskich Niemc\u00f3w<br>Tyle niewinnych istnie\u0144 ludzkich<br>M\u0119\u017cczyzn starszych kobiet dzieci<br>W odwecie za zryw narodowo\u015bciowy<br>Przeciwko faszystowskiej niewoli<br>I zr\u00f3wnanie z ziemi\u0105<br>Tego miasta ca\u0142kowite go zburzenie<br>A patrz\u0105c z innej strony<br>W tym temacie<br>Czy\u017c bestialstwem nie by\u0142a<br>Postawa Rosji sowieckiej<br>Kt\u00f3ra z polecenia Stalina<br>Sta\u0142a ca\u0142\u0105 armi\u0105<br>Po drugiej stronie Wis\u0142y<br>Patrz\u0105c oboj\u0119tnie a\u017c wykrwawi si\u0119<br>Ca\u0142kowicie miasto walcz\u0105ce<br>Besti\u0105 by\u0142 Hitler<br>Bior\u0105c pod uwag\u0119 tak\u017ce<br>Zorganizowany holocaust w obozach niemieckich<br>Ale besti\u0105 by\u0142 tak\u017ce Stalin<br>Ju\u017c nawet nie wspominaj\u0105c<br>S\u0142awetnych sowieckich \u0142agr\u00f3w<br>Kt\u00f3re poch\u0142on\u0119\u0142y por\u00f3wnywalna ilo\u015b\u0107<br>Niewinnych ludzkich istnie\u0144<br>Jak faszyzm<br>Bestiami byli na zasadzie holocaustu<br>Zorganizowanego mordowania i systemowego<br>I na zasadzie tego \u017ce<br>Oni jak szatan si\u0119 stali<br>Przeciwnikami porz\u0105dku moralnego \u015bwiata<br>Pod\u0142ug warto\u015bci Bo\u017cych<br>A szatan znaczy w\u0142a\u015bnie przeciwnik<br>A czy\u017c oboj\u0119tne patrzenie<br>Na \u015bmier\u0107 Warszawy w powstaniu<br>Nie potwierdza z innej strony<br>Bestialstwa Stalina i Rosji sowieckiej<br>Bo wiedzieli \u017ce je\u015bli miasto<br>Si\u0119 obroni wywalczy sobie niezale\u017cno\u015b\u0107<br>I Rosja sowiecka nie b\u0119dzie<br>Mog\u0142a go zagarn\u0105\u0107 tak \u0142atwo<br>W sw\u0105 stref\u0119 podporz\u0105dkowania komunistycznego<br>A dzisiaj ten holocaust<br>Niewinnych ludzkich istnie\u0144 wsp\u00f3\u0142czesny<br>Czy\u017c nie jest on bestialstwem<br>Ktokolwiek za tym stoi<br>I z jakiegokolwiek to jest<br>Zreszt\u0105 powodu jak znam \u017cycie<br>To zapewne jak hitlerowcy<br>Pod\u0142ug rasizmu albo sowieci komunizmu<br>Jest to uwa\u017canie si\u0119<br>Za lepszych od innych<br>W obrazie kompulsywnej pychy<br>Zreszt\u0105 co za r\u00f3\u017cnica<br>Jakie jest holokaustu \u017ar\u00f3d\u0142o<br>Jest to dzie\u0142o szatana<br>I wszelkich bestii<br>Kt\u00f3re przez to potwierdzaj\u0105 w\u0142a\u015bnie<br>\u017be si\u0119 przeciwnikami Boga staj\u0105<br>Bo B\u00f3g powiedzia\u0142 najpierw jednoznacznie<br>Nie zabijaj i jakkolwiek ob\u0142udnie<br>By przek\u0142amywali to jaka\u015b niby<br>Konieczno\u015bci\u0105 \u017cyciow\u0105 chyba pod\u0142ug szatana<br>Bo ta najwi\u0119ksza bestie<br>Podobnie jak tamte i wsp\u00f3\u0142czesne<br>Znajduje chor\u0105 rado\u015b\u0107 czy satysfakcj\u0119<br>Z eksterminacji niewinnych dzieci Bo\u017cych<br>A jeszcze dzisiaj s\u0142ysza\u0142em<br>O ataku rakietowym na Kij\u00f3w<br>Gdzie zgin\u0119\u0142o ju\u017c tylu<br>I dzisiaj zabici i ranni<br>Czy\u017c to nie jest bestialstwo<br>Uderzanie wojenne w niewinnych cywil\u00f3w<br>W odwecie za obron\u0119 Ukrainy<br>\u017be o Rosji agresji<br>W tym temacie<br>Ju\u017c i nie wspomn\u0119 nawet<br>Kto tu jest katem szata\u0144skim<br>A kto jest ofiar\u0105<br>I si\u0119 tylko broni<\/p>\n\n\n\n<figure class=\"wp-block-gallery has-nested-images columns-default is-cropped wp-block-gallery-1 is-layout-flex wp-block-gallery-is-layout-flex\">\n<figure class=\"wp-block-image size-large\"><a href=\"https:\/\/hubertpietka.bialystok.pl\/wp-content\/uploads\/2025\/08\/1000016585.jpg\"><img loading=\"lazy\" decoding=\"async\" width=\"771\" height=\"1024\" data-id=\"9526\" src=\"https:\/\/hubertpietka.bialystok.pl\/wp-content\/uploads\/2025\/08\/1000016585-771x1024.jpg\" alt=\"\" class=\"wp-image-9526\" srcset=\"https:\/\/hubertpietka.bialystok.pl\/wp-content\/uploads\/2025\/08\/1000016585-771x1024.jpg 771w, https:\/\/hubertpietka.bialystok.pl\/wp-content\/uploads\/2025\/08\/1000016585-226x300.jpg 226w, https:\/\/hubertpietka.bialystok.pl\/wp-content\/uploads\/2025\/08\/1000016585-768x1020.jpg 768w, https:\/\/hubertpietka.bialystok.pl\/wp-content\/uploads\/2025\/08\/1000016585-1157x1536.jpg 1157w, https:\/\/hubertpietka.bialystok.pl\/wp-content\/uploads\/2025\/08\/1000016585.jpg 1536w\" sizes=\"auto, (max-width: 771px) 100vw, 771px\" \/><\/a><\/figure>\n<\/figure>\n\n\n\n<p><em>Na zdj. Jezu ufam Tobie<br>R\u00f3\u017cne s\u0105 oblicza bestialstwa<br>Kt\u00f3re maj\u0105 jedno w szatanie<br>Czyli w przeciwniku warto\u015bci Bo\u017cych<br>Swe \u017ar\u00f3d\u0142o jakikolwiek zreszt\u0105<br>By\u0142by tego pow\u00f3d czy pretekst<br>Nigdy nie mo\u017cna niczego rozgrywa\u0107<br>Kosztem niewinnych ludzkich istnie\u0144<br>To zawsze jest szata\u0144ska droga<br>A post\u0119powanie takie nominalnie bestialstwem<br>Wed\u0142ug paradygmatu wsp\u00f3\u0142pracy w zbrodniach<br>I k\u0142amstwach ob\u0142udnych szata\u0144skich<br>Tak by\u0142o kiedy\u015b<br>I te same mechanizmy s\u0105 dzisiaj<br>U tych kt\u00f3rzy przejawiaj\u0105 bestialstwo<br>W lekcewa\u017ceniu czyjego\u015b niewinnego \u017cycia<br>Jakkolwiek by to bestie r\u00f3\u017cne<br>Rozgrywa\u0142y i ci kt\u00f3rzy<br>Im s\u0142u\u017c\u0105 pod\u0142ug szatana r\u00f3wnie\u017c<\/em><\/p>\n\n\n\n<p class=\"has-text-align-center\">\/<\/p>\n\n\n\n<p class=\"has-text-align-right\">( <strong><em><a href=\"https:\/\/youtu.be\/7LzOX0WI4kw\">Dezerter &#8211; Szepty i krzyki <\/a><\/em><\/strong>)<\/p>\n","protected":false},"excerpt":{"rendered":"<p>Bestialstwa r\u00f3\u017cne wymiaryMaj\u0105 zawsze jedno \u017ar\u00f3d\u0142oW szatanie przeciwniku Bo\u017cych warto\u015bciJakkolwiek by to przek\u0142amywali ob\u0142udnie 1. Bestialstwo wobec &#8211; nas naszego naszychBestie po prostuWszystko sobie szata\u0144sko&hellip; <\/p>\n","protected":false},"author":1,"featured_media":0,"parent":0,"menu_order":0,"comment_status":"closed","ping_status":"closed","template":"","meta":{"footnotes":""},"class_list":["post-9525","page","type-page","status-publish","hentry"],"_links":{"self":[{"href":"https:\/\/hubertpietka.bialystok.pl\/index.php?rest_route=\/wp\/v2\/pages\/9525","targetHints":{"allow":["GET"]}}],"collection":[{"href":"https:\/\/hubertpietka.bialystok.pl\/index.php?rest_route=\/wp\/v2\/pages"}],"about":[{"href":"https:\/\/hubertpietka.bialystok.pl\/index.php?rest_route=\/wp\/v2\/types\/page"}],"author":[{"embeddable":true,"href":"https:\/\/hubertpietka.bialystok.pl\/index.php?rest_route=\/wp\/v2\/users\/1"}],"replies":[{"embeddable":true,"href":"https:\/\/hubertpietka.bialystok.pl\/index.php?rest_route=%2Fwp%2Fv2%2Fcomments&post=9525"}],"version-history":[{"count":1,"href":"https:\/\/hubertpietka.bialystok.pl\/index.php?rest_route=\/wp\/v2\/pages\/9525\/revisions"}],"predecessor-version":[{"id":9527,"href":"https:\/\/hubertpietka.bialystok.pl\/index.php?rest_route=\/wp\/v2\/pages\/9525\/revisions\/9527"}],"wp:attachment":[{"href":"https:\/\/hubertpietka.bialystok.pl\/index.php?rest_route=%2Fwp%2Fv2%2Fmedia&parent=9525"}],"curies":[{"name":"wp","href":"https:\/\/api.w.org\/{rel}","templated":true}]}}