{"id":9529,"date":"2025-08-03T07:45:01","date_gmt":"2025-08-03T07:45:01","guid":{"rendered":"https:\/\/hubertpietka.bialystok.pl\/?page_id=9529"},"modified":"2025-08-03T07:45:01","modified_gmt":"2025-08-03T07:45:01","slug":"lajdackie-pozory-tworza-bestialskie-potwory-podlug-obludy-podlej-ku-zbrodniom","status":"publish","type":"page","link":"https:\/\/hubertpietka.bialystok.pl\/?page_id=9529","title":{"rendered":"\u0141ajdackie pozory \/ tworz\u0105 bestialskie potwory &#8211; pod\u0142ug ob\u0142udy pod\u0142ej ku zbrodniom"},"content":{"rendered":"\n<p><a href=\"https:\/\/youtu.be\/KM0JOhJiKNk\"><strong><em>Grzegorz Wilk &#8211; Elegia o ch\u0142opcu polskim<\/em><\/strong><\/a><\/p>\n\n\n\n<p>1.<br>Tak naprawd\u0119 ci \u0142ajdacy<br>Te bestie bandyckie te bydlaki<br>Z pe\u0142n\u0105 odpowiedzialno\u015bci\u0105 to m\u00f3wi\u0119<br>\u0141\u0105czno\u015bci nominat\u00f3w z kompendium tre\u015bci<br>Zabiliby mnie ju\u017c dawno<br>Zupe\u0142nie bez pardonu<br>Tylko si\u0119 boj\u0105 \u015bwiata opini<br>Dlatego to pr\u00f3buj\u0105 robi\u0107 skrycie<br>Na r\u00f3\u017cne sposoby<br>Pr\u00f3buj\u0105 mnie te\u017c niszczy\u0107<br>Niejako po trochu po cz\u0119\u015bci<br>Chc\u0105c zabi\u0107 mi najpierw \u017con\u0119<br>I te zwierz\u0119ta i bliskich<br>I wszystkich nam \u017cyczliwych<br>I uderza\u0107 przy okazji<br>W nasze prace<br>W nasze miejsca samochody<br>We wszystko co mamy<br>Zabiliby mnie dawno bez pardonu<br>Bo oni przecie\u017c nie wierz\u0105<br>W sprawy Bo\u017ce<br>\u0141atwiej im wierzy\u0107 we wszelkie<br>K\u0142amstwa szata\u0144skie i pod\u0142ug tego<br>Post\u0119powa\u0107 ob\u0142udnie w d\u0105\u017ceniu<br>Do wszelkich zbrodni<br>Jak z likwidacj\u0105 zreszt\u0105 bestialsk\u0105<br>Tylu niewinnych ludzkich istnie\u0144<br>Jakby Bogu wierzyli to by<br>Nie post\u0119powali w d\u0105\u017ceniach<br>Do eskalacji zbrodni i przemocy<br>Pycha szata\u0144ska to wszystko sprawia<\/p>\n\n\n\n<p>I wobec tego szukaj\u0105 pretekst\u00f3w<br>By mnie zniewoli\u0107 czy nas<br>Tak naprawd\u0119 to jest pierwsze<br>Potem sobie tylko znajduj\u0105<br>R\u00f3\u017cne menty pod\u0142e wykonawc\u00f3w<br>Swych ob\u0142udnych zamiar\u00f3w<br>Tak tam z t\u0105 podwij\u0105<br>\u017be niby my jacy\u015b<br>Nie tacy s\u0105siedzi<br>Pomijam ju\u017c to nawet<br>\u017be temu bydlakiem zale\u017cy sk\u0105din\u0105d<br>Na bandyckich napa\u015bciach<br>Bo wie \u017ce ja wiem<br>O jego procederach z\u0142a<br>Nieustannych od wielu lat<br>U nas i wobec nas<br>Na tej rod\u00f3wce znowu<br>\u017be psy szczekaj\u0105 o \u0142ajdacy<br>Przecie\u017c psy szczekaj\u0105<br>Od \u015bwiata pocz\u0105tku chyba<br>To te\u017c tylko pretekst<br>By pozbawi\u0107 nas tego miejsca<br>By m\u00f3c nas napada\u0107<br>Tak\u017ce ci s\u0142u\u017cbowi czy zawodowi<br>W tym przypadku czy innym<br>Gdziekolwiek zreszt\u0105 na drodze jad\u0105c<br>Czy te\u017c inaczej<br>Oni spe\u0142niaj\u0105 s\u0142u\u017cbowo \u0142ajdactwa<br>Kt\u00f3re kto\u015b wy\u017cej na nich<br>Odpowiednio wymaga gdziekolwiek to si\u0119ga<br>I zreszt\u0105 wszyscy ponios\u0105 odpowiedzialno\u015b\u0107<br>Bo te zbrodnie zniewolenia napa\u015bci<br>Wobec niewinnych w\u0142a\u015bnie<br>Pod pozorami wymy\u015blonymi urojonymi<br>Odpowiednio spreparowanymi byleby tylko<br>\u0141ajdactwa bandyckie ku zniewoleniu<br>Ci wszyscy sprzedawczyki nawet je\u015bli<br>Tylko potencjalni bo pr\u00f3buj\u0105 sobie<br>Spok\u00f3j zapewni\u0107 czyim\u015b kosztem<br>W obliczu szanta\u017c\u00f3w bandyckich<br>Ci wszyscy jako\u015b nie bior\u0105<br>Tego pod uwag\u0119 \u017ce to<br>S\u0105 te\u017c sprawy Bo\u017ce<br>Z darem tym nam danym<br>Bo \u0142atwiej \u0142ajdakom wszelakim<br>Wierzy\u0107 w k\u0142amstwa szata\u0144skie bandyt\u00f3w<br>By\u0107 ich zbrodni poplecznikiem<br>Byleby nie do siebie samych<br>Czy te\u017c swojego jakiego\u015b<br>Ni\u017c przyzna\u0107 s\u0142uszno\u015b\u0107 niewinnym<br>Bestialstw bandyckich pod\u0142ug Boga najbardziej<br>Chroni\u0105 swoje ty\u0142ki<br>Jak to i tak b\u0119dzie<br>Na nic a nie wierz\u0105<br>Bo w nich Bo\u017cej prawdy<br>Te\u017c nie ma zmanipulowani wszelk\u0105<br>Ob\u0142ud\u0105 szatana i tych bandyt\u00f3w<br>Takie dictum<\/p>\n\n\n\n<p class=\"has-text-align-center\">( <strong><em><a href=\"https:\/\/youtu.be\/Gn-Xmflb3sQ\">M. Buraczewska-\u015awi\u0105tek &#8211; (Nie)modlitwa do powsta\u0144ca warszawskiego <\/a><\/em><\/strong> )<\/p>\n\n\n\n<p>2.<br>(Tak naprawd\u0119 to chodzi tu o to<br>\u017be lubi\u0105 si\u0119 niekt\u00f3rzy<br>Zas\u0142ugiwa\u0107 bandytom po prostu<br>A \u017ce \u0142ajdacko sprzedawczykowo<br>Judaszowo czy kainowo to c\u00f3\u017c<br>Najwa\u017cniejsze przecie\u017c \u017ceby sobie<br>Wyrobi\u0107 pozycj\u0119 dobr\u0105 wyj\u015bciow\u0105<br>A \u017ce bandyci najbardziej<br>\u0141ajdactwa bestialstwa lubi\u0105 przecie\u017c<br>Zw\u0142aszcza wobec nas naszego naszych<br>To i sprawa jest prosta<br>A przy okazji bandycka mamona<br>Czytaj nagroda za \u0142ajdactwa<br>Poza spokojem od nich<br>Te\u017c przecie\u017c wskazana<br>W tych niepewnych czasach<br>Materializm jest przecie\u017c mocn\u0105 spraw\u0105<br>Tak ta podwija tutaj<br>Tylko \u017ce on jest ju\u017c<br>Te\u017c niejako pod przymusem<br>Za daleko zaszed\u0142<br>W swoich pod\u0142ug bandyt\u00f3w \u0142ajdactwach<br>I cofn\u0105\u0107 ju\u017c si\u0119 on nie mo\u017ce<br>Zbyt du\u017co zainwestowali \u015brodk\u00f3w bandyci<br>W nim wi\u0119c kolejna sprawa<br>Napa\u015b\u0107 rzecz oczywista<br>Tak samo tam na rod\u00f3wce<br>Tej naszej no zobacz jacy<br>Niby zdziwieni \u017ce psy szczekaj\u0105<br>To trzeba przecie\u017c tak poujada\u0107<br>\u017beby nas stamt\u0105d wywali\u0107<br>Najlepiej z hukiem \u0142ajdackim<br>\u017be przecie\u017c niby wszystko zawsze<br>Jest nasz\u0105 win\u0105<br>A tak naprawd\u0119 partykularnie<br>Tam te\u017c r\u00f3\u017cni \u0142ajdacy<br>Chc\u0105 si\u0119 lub musz\u0105<br>Zas\u0142ugiwa\u0107 tym bandytom<br>Bo oni dzia\u0142aj\u0105 nie tylko<br>Przekupstwem ale i szanta\u017cem<br>A \u017ce to bestie<br>To \u0142atwiej przecie\u017c po\u015bwi\u0119ci\u0107 kogo\u015b<br>Ni\u017c swoje i siebie<br>Tak samo na tych wsiach<br>Wed\u0142ug tej samej \u0142ajdackiej zasady<br>Byleby tylko bestie bandyckie<br>By\u0142y zadowolone to przecie\u017c mo\u017cna<br>Po\u015bwi\u0119ci\u0107 niewinnych tej nienawi\u015bci bandyckiej<br>A \u017ce B\u00f3g to troch\u0119<br>Jednak inaczej widzi<br>To c\u00f3\u017c zawsze mo\u017cna powiedzie\u0107<br>\u017be si\u0119 w to cho\u0107by nie wierzy<br>Czy si\u0119 nie wie<br>B\u00f3g jednak zadzia\u0142a w\u0142a\u015bnie dlatego<br>\u017be udaj\u0105 \u0142ajdactwa niby przypadkowo<br>Ci r\u00f3\u017cni bydlacy bydlaczki<br>Tu tam i siam<br>Dlatego w\u0142a\u015bnie bo to<br>Nie jest nic innego<br>Ni\u017c ob\u0142uda najgorsza<br>Bo prowadz\u0105ca do zbrodni<br>Na nie si\u0119 zgadzaj\u0105ca<br>I je aprobuj\u0105c\u0105<br>A nawet wychodz\u0105ca im k\u0142amliwie<br>Na przeciw bo \u0142ajdacy my\u015bl\u0105<br>\u017be w\u0142asne dupy ochroni\u0105 sorry<br>Jak \u015bwiat ca\u0142y w ogniu<br>Po prostu sp\u0142onie<br>Debile i g\u0142upcy<br>Bo chyba nie mo\u017cna<br>Tego inaczej nazwa\u0107<br>Skoro pok\u0142adaj\u0105 nadziej\u0119<br>W zbrodniach bandyckich i k\u0142amstwach<br>A nie w Bo\u017cych sprawach<\/p>\n\n\n\n<p>Podobnie dzia\u0142aj\u0105 te\u017c troch\u0119 zreszt\u0105<br>Inni bandyccy s\u0142u\u017calcy<br>Uni\u017ceni w bandyckich k\u0142amstwach<br>I chc\u0105cy si\u0119 papra\u0107<br>We wszelkich ich zbrodniach<br>Te bandyckie mi\u015bki i inni<br>Bandyccy s\u0142u\u017cbi\u015bci czy tam jacy<br>Ochraniaczyki z\u0142a totalno\u015bci bandyt\u00f3w)<\/p>\n\n\n\n<p class=\"has-text-align-center\"><strong><em><a href=\"https:\/\/youtu.be\/5fU2W1M9NHA\">Storm of Soul &#8211; Wilk bez stada <\/a><\/em><\/strong><\/p>\n\n\n\n<figure class=\"wp-block-gallery has-nested-images columns-default is-cropped wp-block-gallery-1 is-layout-flex wp-block-gallery-is-layout-flex\">\n<figure class=\"wp-block-image size-large\"><a href=\"https:\/\/hubertpietka.bialystok.pl\/wp-content\/uploads\/2025\/08\/1000017026.jpg\"><img loading=\"lazy\" decoding=\"async\" width=\"1024\" height=\"771\" data-id=\"9530\" src=\"https:\/\/hubertpietka.bialystok.pl\/wp-content\/uploads\/2025\/08\/1000017026-1024x771.jpg\" alt=\"\" class=\"wp-image-9530\" srcset=\"https:\/\/hubertpietka.bialystok.pl\/wp-content\/uploads\/2025\/08\/1000017026-1024x771.jpg 1024w, https:\/\/hubertpietka.bialystok.pl\/wp-content\/uploads\/2025\/08\/1000017026-300x226.jpg 300w, https:\/\/hubertpietka.bialystok.pl\/wp-content\/uploads\/2025\/08\/1000017026-768x578.jpg 768w, https:\/\/hubertpietka.bialystok.pl\/wp-content\/uploads\/2025\/08\/1000017026-1536x1157.jpg 1536w, https:\/\/hubertpietka.bialystok.pl\/wp-content\/uploads\/2025\/08\/1000017026.jpg 1599w\" sizes=\"auto, (max-width: 1024px) 100vw, 1024px\" \/><\/a><\/figure>\n<\/figure>\n\n\n\n<p><em>Na zdj. Mi a\u017c tak bardzo<br>Na \u017cyciu nie zale\u017cy<br>Bardziej to robi\u0119 dla was<br>Paradoksalnie dla tych wszystkich te\u017c<br>Kt\u00f3rzy neguj\u0105 Bo\u017ce sprawy<br>Wystawiaj\u0105c siebie i \u015bwiat<br>Na niebezpiecze\u0144stwo ca\u0142kowitego wszystkiego zniszczenia<br>Bo Bogu nie przeszkadza<br>Zrobi\u0107 co On ma zrobi\u0107<br>Czy si\u0119 w niego wierzy<br>Czy mo\u017ce przeciwnie<br>I czy si\u0119 Go neguje<br>On jest wi\u0119kszy ni\u017c wszystko<br>Na przek\u00f3r k\u0142amstwom \u0142ajdackim bandyt\u00f3w<br>Dlatego nieustannie tu tworz\u0119<br>A mo\u017ce kto\u015b przejrzy<br>Na oczy kto\u015b te\u017c jeszcze<br>\u017be ci wszyscy igraj\u0105<br>Z \u017cyciem tego ca\u0142ego \u015bwiata<br>T\u0105 szata\u0144sk\u0105 bandyck\u0105 ob\u0142udn\u0105 igraszk\u0105<br>Szatanowi te\u017c zale\u017cy na \u015bwiata<br>Tego zniszczeniu st\u0105d to wszystko<br>A jednak sztuka jest sztuk\u0105<br>Lecz pomimo metafizycznej warstwy<br>Powinna te\u017c nie\u015b\u0107 prawd\u0119<br>I paradoksalnie sztuk\u0105 mo\u017ce by\u0107<br>Co\u015b pozornie nic niewarte<br>Zw\u0142aszcza gdy ods\u0142ania Bo\u017ce prawdy<br>Jak cho\u0107by to dzie\u0142o<br>Naszego pieska S\u0142awika<br>Odpowiednio przeformowanego kapelusza s\u0142omianego<br>A przedstawionego w odpowiednim \u015bwietle<br>Jak posta\u0107 jaka\u015b mo\u017ce maska<br>Kogo sami dopowiedzcie sobie<br>Bo sztuka prawdziwa te\u017c zak\u0142ada<br>Zawsze r\u00f3\u017cne mo\u017cliwo\u015bci interpretacji<br>Byleby zgodne z Bo\u017cym<br>Funkcjonowaniem rzeczywisto\u015bci ludzkiej<br>Sztuka jako akt tak\u017ce<br>Wsp\u00f3\u0142pracy z Bo\u017cym dzie\u0142em<br>Kreacja pod\u0142ug Bo\u017cych warto\u015bci<br>I pies to mo\u017ce zrobi\u0107<br>Przypadkiem czy nie przypadkiem<br>W przeciwie\u0144stwie jednak<br>Do tych wszystkich niby artyst\u00f3w<br>Kt\u00f3rzy antywarto\u015bci promuj\u0105<br>Z diab\u0142em wtedy<br>Nie z kreacj\u0105 Bo\u017c\u0105 wsp\u00f3\u0142pracuj\u0105<\/em><\/p>\n\n\n\n<p class=\"has-text-align-right\"><strong><em><a href=\"https:\/\/youtu.be\/3rSfE43nEl4\">*S-ana-h* &amp; Krzysztof Zalewski &#8211; Eviva L&#8217;arte<\/a><\/em><\/strong><\/p>\n","protected":false},"excerpt":{"rendered":"<p>Grzegorz Wilk &#8211; Elegia o ch\u0142opcu polskim 1.Tak naprawd\u0119 ci \u0142ajdacyTe bestie bandyckie te bydlakiZ pe\u0142n\u0105 odpowiedzialno\u015bci\u0105 to m\u00f3wi\u0119\u0141\u0105czno\u015bci nominat\u00f3w z kompendium tre\u015bciZabiliby mnie ju\u017c&hellip; <\/p>\n","protected":false},"author":1,"featured_media":0,"parent":0,"menu_order":0,"comment_status":"closed","ping_status":"closed","template":"","meta":{"footnotes":""},"class_list":["post-9529","page","type-page","status-publish","hentry"],"_links":{"self":[{"href":"https:\/\/hubertpietka.bialystok.pl\/index.php?rest_route=\/wp\/v2\/pages\/9529","targetHints":{"allow":["GET"]}}],"collection":[{"href":"https:\/\/hubertpietka.bialystok.pl\/index.php?rest_route=\/wp\/v2\/pages"}],"about":[{"href":"https:\/\/hubertpietka.bialystok.pl\/index.php?rest_route=\/wp\/v2\/types\/page"}],"author":[{"embeddable":true,"href":"https:\/\/hubertpietka.bialystok.pl\/index.php?rest_route=\/wp\/v2\/users\/1"}],"replies":[{"embeddable":true,"href":"https:\/\/hubertpietka.bialystok.pl\/index.php?rest_route=%2Fwp%2Fv2%2Fcomments&post=9529"}],"version-history":[{"count":1,"href":"https:\/\/hubertpietka.bialystok.pl\/index.php?rest_route=\/wp\/v2\/pages\/9529\/revisions"}],"predecessor-version":[{"id":9531,"href":"https:\/\/hubertpietka.bialystok.pl\/index.php?rest_route=\/wp\/v2\/pages\/9529\/revisions\/9531"}],"wp:attachment":[{"href":"https:\/\/hubertpietka.bialystok.pl\/index.php?rest_route=%2Fwp%2Fv2%2Fmedia&parent=9529"}],"curies":[{"name":"wp","href":"https:\/\/api.w.org\/{rel}","templated":true}]}}