{"id":9533,"date":"2025-08-03T21:48:32","date_gmt":"2025-08-03T21:48:32","guid":{"rendered":"https:\/\/hubertpietka.bialystok.pl\/?page_id=9533"},"modified":"2025-08-03T21:48:32","modified_gmt":"2025-08-03T21:48:32","slug":"polacy-spicie-na-zlocie","status":"publish","type":"page","link":"https:\/\/hubertpietka.bialystok.pl\/?page_id=9533","title":{"rendered":"Polacy \/ \u015bpicie na z\u0142ocie"},"content":{"rendered":"\n<p>Czyli tu jest pies pogrzebany<br>Czyli tu jest ukryty diabe\u0142<br>Jak to si\u0119 m\u00f3wi<\/p>\n\n\n\n<p>Czy wiecie Polacy<br>\u017be \u017cyjecie niejako na z\u0142ocie<br>\u017be zasoby naturalne Polski<br>Ukryte w ziemi odpowiadaj\u0105 zasobom<br>Najbogatszego kraju na \u015bwiecie<br>Pod tym wzgl\u0119dem Arabii Saudyjskiej<br>\u017be Polska ma ogromne z\u0142o\u017ca<br>Nie tylko w\u0119gla ale i<br>Gazu ropy naftowej i<br>Innych wszelkich metali szlachetnych<br>Wysoko cenionych w gospodarkach \u015bwiatowych<br>Czy Polacy wiecie \u017ce to<br>Nas czyni nominalnie najbogatszym<br>Na \u015bwiecie krajem<br>Je\u015bli chodzi o przydzia\u0142 tego<br>Na Polaka jednego i nawet<br>Bior\u0105c pod uwag\u0119 polsk\u0105 emigracj\u0119<\/p>\n\n\n\n<p>I tu hit chyba b\u0119dzie<br>Wiadomo to w \u015bwiecie<br>Przed wybuchem II wojny \u015bwiatowej<br>To ju\u017c wiecie dlaczego Hitler<br>Napad\u0142 najpierw na Polsk\u0119<br>I tak mu zale\u017ca\u0142o<br>Na eksterminacji narodu polskiego<br>Podobnie Rosji sowieckiej na podziale<br>Polski i jej potencjalnych zasob\u00f3w<br>Wiecie ju\u017c czemu Polska dosta\u0142a<br>Si\u0119 pod sowieck\u0105 stref\u0119 wp\u0142yw\u00f3w<br>Od razu po wojnie<br>Wiecie czemu sowieci stali<br>Po drugiej stronie Wis\u0142y patrz\u0105c<br>A\u017c dogoreje i si\u0119 wykrwawi<br>Walcz\u0105ca Warszawa<br>Teraz to rozumiecie<\/p>\n\n\n\n<p>Najlepsze jest to \u017ce chyba<br>Ca\u0142y \u015bwiat to wie<br>A przynajmniej s\u0105siedzi nasi<br>Ale nie wiedz\u0105 o tym<br>Najbardziej zainteresowani czyli Polacy<br>A teraz zastan\u00f3wcie si\u0119 dobrze<br>Czy przy polityce postsowieckiej Rosji<br>Gro\u017aba wojny z Polsk\u0105<br>Nie jest z tego powodu<br>Polityki grabie\u017cczej tego naje\u017ad\u017acy<br>A wsp\u00f3\u0142czesna eksterminacja naszego narodu<br>Czy\u017c nie ma czasem<br>Przygotowa\u0107 gruntu do rzeczy takich<br>Tak\u017ce bior\u0105c pod uwag\u0119 UE<br>Zakazuj\u0105 nam czerpa\u0107 z naszych<br>Zasob\u00f3w naturalnych cho\u0107by w\u0119gla<br>Bo wiedz\u0105 jakie jest tu<br>U nas bogactwo tego<br>A sami za zachodni\u0105 granic\u0105<br>Otwieraj\u0105 takie kopalnie<\/p>\n\n\n\n<p>I dalej importujemy rop\u0119 gaz<br>Podczas gdy to my mogliby\u015bmy<br>By\u0107 potentatem w tym<br>Nak\u0142adaj\u0105 na nas podatek klimatyczny<br>Po to mo\u017ce w\u0142a\u015bnie<br>By zniech\u0119ci\u0107 do korzystania<br>Z naturalnego bogactwa Polski<br>Bo oni tam na wschodzie i zachodzie<br>Dobrze wiedz\u0105 \u017ce wtedy Polska<br>Sta\u0142a by si\u0119 potentatem<br>Na \u015bwiat ca\u0142y<\/p>\n\n\n\n<p>Czy\u017c to nie s\u0105 czasem<br>Nie oszukujcie si\u0119 celowe dzia\u0142ania<br>By Polsk\u0119 os\u0142abi\u0107 po to<br>By w przysz\u0142o\u015bci j\u0105 ograbi\u0107<br>A przynajmniej uniemo\u017cliwi\u0107 jej<br>Korzystanie z tych przebogatych r\u00f3\u017cnych<br>Zasob\u00f3w mineralnych cenionych w \u015bwiecie<br>A co robi rz\u0105d<br>Czy\u017c on czasem si\u0119 temu<br>Tej polityce zeszmelcowania kraju<br>Nie podda\u0142 jako\u015b<br>Pod wp\u0142ywem czego szanta\u017cu przekupstwa<br>Bo to sprawa troch\u0119 dziwna<br>A nie zdziwicie si\u0119 te\u017c<br>Troch\u0119 czasem jak zaraz og\u0142osz\u0105<br>\u017be w Polsce nie ma<br>\u017badnych zasob\u00f3w \u0142atwiej b\u0119dzie wtedy<br>J\u0105 ograbia\u0107 z r\u00f3\u017cnych stron<br>Albo \u017ce to z powodu jakiego\u015b innego<\/p>\n\n\n\n<p>A wy czy nie widzicie<br>Tej psychozy kt\u00f3ra ma dotyka\u0107<br>Nasz kraj po to by<br>Go podporz\u0105dkowa\u0107 wp\u0142ywom obcym<br>Kt\u00f3re maj\u0105 czerpa\u0107 z jego<br>Tak niesamowicie wielkich zasob\u00f3w<br>Potencja\u0142u ogromnego bogactwa Polski mieszka\u0144c\u00f3w<br>A czy\u017c ta polityka imigrancka<br>Te\u017c nie ma czasem<br>Tu Polski os\u0142abia\u0107<br>By Polacy utracili swe<br>Naturalne si\u0142y w obronie kraju<br>Co\u015b mi si\u0119 wydaje<br>\u017be tu co\u015b znowu<br>Jest bardzo ukartowane<br>A to mo\u017ce by\u0107 gw\u00f3\u017ad\u017a<br>Tego wszystkiego m\u00f3wi\u0105c jeszcze inaczej<br>Czyli pow\u00f3d i cel<br>I tylko si\u0119 wymy\u015bla<br>R\u00f3\u017cne pozory preteksty<br>Byleby tylko m\u00f3c skonsumowa\u0107<br>Te naturalne Polak\u00f3w zasoby<\/p>\n\n\n\n<p>Pora\u017cony jestem i jest co\u015b<br>W tej zasadzie<br>\u017be gdy nie wiadomo<br>O co chodzi to wtedy<br>Chodzi w\u0142a\u015bnie o kas\u0119<br>Kt\u00f3r\u0105 s\u0105 tutaj naturalne przeogromne<br>Zasoby naturalne bogactwo ich Poski<br>I czy\u017c nie po to<br>Si\u0119 tworzy chaos<br>W tym kraju migracyjny<br>Czy tam zreszt\u0105 i jaki<br>I eksterminuje bestialsko Polak\u00f3w<br>Bo na to wygl\u0105da<br>\u017be to jest w\u0142a\u015bnie zasada<br>Wszelkich k\u0142amstw wobec Polski<br>I zbrodni na Polakach<\/p>\n\n\n\n<figure class=\"wp-block-gallery has-nested-images columns-default is-cropped wp-block-gallery-1 is-layout-flex wp-block-gallery-is-layout-flex\">\n<figure class=\"wp-block-image size-large\"><a href=\"https:\/\/hubertpietka.bialystok.pl\/wp-content\/uploads\/2025\/08\/1000017108.jpg\"><img loading=\"lazy\" decoding=\"async\" width=\"1024\" height=\"771\" data-id=\"9534\" src=\"https:\/\/hubertpietka.bialystok.pl\/wp-content\/uploads\/2025\/08\/1000017108-1024x771.jpg\" alt=\"\" class=\"wp-image-9534\" srcset=\"https:\/\/hubertpietka.bialystok.pl\/wp-content\/uploads\/2025\/08\/1000017108-1024x771.jpg 1024w, https:\/\/hubertpietka.bialystok.pl\/wp-content\/uploads\/2025\/08\/1000017108-300x226.jpg 300w, https:\/\/hubertpietka.bialystok.pl\/wp-content\/uploads\/2025\/08\/1000017108-768x578.jpg 768w, https:\/\/hubertpietka.bialystok.pl\/wp-content\/uploads\/2025\/08\/1000017108-1536x1156.jpg 1536w, https:\/\/hubertpietka.bialystok.pl\/wp-content\/uploads\/2025\/08\/1000017108.jpg 1600w\" sizes=\"auto, (max-width: 1024px) 100vw, 1024px\" \/><\/a><\/figure>\n<\/figure>\n\n\n\n<p><em>Na zdj. Naturalne zasoby Polski mo\u017cna sobie<br>Wyobrazi\u0107 troszk\u0119 poprzez obraz siostry<br>Polska ma wszelki potencja\u0142<br>By by\u0107 najbogatszym krajem<br>Ale ma by\u0107 rozkradana sprzedawana<br>Poddawana r\u00f3\u017cnym podzia\u0142om i chaosowi<br>A mo\u017ce i jakiej\u015b wojnie<br>A mo\u017ce by\u0107 przecie\u017c Samowystarczalna<br>A to bardzo przeszkadza<br>R\u00f3\u017cnym zazdrosnym i ze wschodu<br>I z zachodu o ten<br>Niesamowity potencja\u0142 Polski<br>Na kt\u00f3rym mo\u017cna zbija\u0107 fortun\u0119<\/em><\/p>\n\n\n\n<p>\/<\/p>\n\n\n\n<p class=\"has-text-align-center\">( <em><a href=\"https:\/\/youtu.be\/7aJokQyUCxE\"><strong>Czarne z\u0142oto<\/strong> &#8211; M\u00f3wi\u0105 o mnie w mie\u015bcie \/ feat. Tede, Gano, Fokus, Abradad, Gutek<\/a><\/em> )<\/p>\n","protected":false},"excerpt":{"rendered":"<p>Czyli tu jest pies pogrzebanyCzyli tu jest ukryty diabe\u0142Jak to si\u0119 m\u00f3wi Czy wiecie Polacy\u017be \u017cyjecie niejako na z\u0142ocie\u017be zasoby naturalne PolskiUkryte w ziemi odpowiadaj\u0105&hellip; <\/p>\n","protected":false},"author":1,"featured_media":0,"parent":0,"menu_order":0,"comment_status":"closed","ping_status":"closed","template":"","meta":{"footnotes":""},"class_list":["post-9533","page","type-page","status-publish","hentry"],"_links":{"self":[{"href":"https:\/\/hubertpietka.bialystok.pl\/index.php?rest_route=\/wp\/v2\/pages\/9533","targetHints":{"allow":["GET"]}}],"collection":[{"href":"https:\/\/hubertpietka.bialystok.pl\/index.php?rest_route=\/wp\/v2\/pages"}],"about":[{"href":"https:\/\/hubertpietka.bialystok.pl\/index.php?rest_route=\/wp\/v2\/types\/page"}],"author":[{"embeddable":true,"href":"https:\/\/hubertpietka.bialystok.pl\/index.php?rest_route=\/wp\/v2\/users\/1"}],"replies":[{"embeddable":true,"href":"https:\/\/hubertpietka.bialystok.pl\/index.php?rest_route=%2Fwp%2Fv2%2Fcomments&post=9533"}],"version-history":[{"count":1,"href":"https:\/\/hubertpietka.bialystok.pl\/index.php?rest_route=\/wp\/v2\/pages\/9533\/revisions"}],"predecessor-version":[{"id":9535,"href":"https:\/\/hubertpietka.bialystok.pl\/index.php?rest_route=\/wp\/v2\/pages\/9533\/revisions\/9535"}],"wp:attachment":[{"href":"https:\/\/hubertpietka.bialystok.pl\/index.php?rest_route=%2Fwp%2Fv2%2Fmedia&parent=9533"}],"curies":[{"name":"wp","href":"https:\/\/api.w.org\/{rel}","templated":true}]}}