{"id":9538,"date":"2025-08-06T09:57:26","date_gmt":"2025-08-06T09:57:26","guid":{"rendered":"https:\/\/hubertpietka.bialystok.pl\/?page_id=9538"},"modified":"2025-08-06T09:57:26","modified_gmt":"2025-08-06T09:57:26","slug":"bestiom-morderczym-w-zbrodniach-zafiksowanym-trzeba-powiedziec-basta-i-tej-obludzie-podlej-calej","status":"publish","type":"page","link":"https:\/\/hubertpietka.bialystok.pl\/?page_id=9538","title":{"rendered":"*Bestiom* morderczym w zbrodniach zafiksowanym \/ trzeba powiedzie\u0107 *basta* &#8211; i tej ob\u0142udzie pod\u0142ej ca\u0142ej"},"content":{"rendered":"\n<p>1.<br>Z nikim nie b\u0119d\u0119 wsp\u00f3\u0142pracowa\u0142<br>Kto wsp\u00f3\u0142pracuje z tym<br>Szata\u0144skim bestialsko bandyctwem<br>W sprawie \u015bmierci mojej \u017cony<br>Nawet z w\u0142asn\u0105 rodzina<br>Kt\u00f3ra nawet je\u015bli<br>W tak zwanej dobrej intencji<br>Chce mnie niby uchroni\u0107<br>A wspopracuje tak naprawd\u0119<br>Z tym \u0142ajdactwem bestialskim<br>Godz\u0105c si\u0119 na jej \u015bmier\u0107<br>Nieetyczne metody nie s\u0105 drog\u0105<br>Do cel\u00f3w zbrodniczych<br>Ani zgoda na nie<br>\u017be bo ja niby<br>Jestem nie\u015bwiadomy nie umiem<br>Zadba\u0107 o swoje itp<br>A wykorzystuje si\u0119 tu<br>Moj\u0105 zwyk\u0142\u0105 lojalno\u015b\u0107 rodzinn\u0105<br>Niech rodzina lepiej tego<br>Ju\u017c nie robi<br>Je\u015bli nie chce utraci\u0107 kontaktu<br>Ze mn\u0105 jakiegokolwiek<\/p>\n\n\n\n<p>A mo\u017ce zaraz b\u0119dzie<br>\u017be jestem nieodpowiedzialny<br>Poza tym \u017ce nie\u015bwiadomy itp<br>Byleby tylko wsp\u00f3\u0142praca z bandyctwem<br>W \u0142ajdactwu zabicia \u017cony<br>By\u0142a jak trzeba<br>I przy okazji w mnie<br>Odpowiednim uziemieniu<\/p>\n\n\n\n<p>I nie b\u0119d\u0119 z \u017cadn\u0105<br>Pindzi\u0105 kt\u00f3ra jest gwiazd\u0105<br>Dla siebie samej bo<br>Nie dla mnie<br>Z \u017cadnym a fuj pedziem<br>Nie b\u0119dzie dzidzi\u00f3w tu \u017cadnych<br>Z matk\u0105 te\u017c nie b\u0119d\u0119<br>Tyle mam do powiedzenia<br>W tej sprawie<br>Wbrew ob\u0142udzie bandyckiej wszelkiej \u0142ajdackiej<br>Ich k\u0142amstwom w d\u0105\u017ceniach<br>Do zbrodni na \u017conie<br>Na nas naszym i naszych<br>Nieustannie ob\u0142udnie podle bestialsko \u0142ajdacko<br>Powiedzia\u0142em i tak b\u0119dzie<\/p>\n\n\n\n<p>2.<br>I powiem tak nawet je\u015bli<br>Stan\u0105\u0142by przeciwko mnie ca\u0142y<br>Ten \u015bwiat jak wida\u0107<br>Znieprawiony ju\u017c raczej dobrze<br>Nawet je\u015bli by i rodzina<br>To ja i tak si\u0119 nie cofn\u0119<br>W tej kwestii zabicia \u017cony<br>Przez to \u0142ajdackie bandyctwo<br>Na takiej zasadzie \u017ce bestialstwu<br>Zbrodniczemu i k\u0142amliwemu trzeba da\u0107<br>Definitywn\u0105 tam\u0119 by zatrzyma\u0107<br>Te zbrodnie szata\u0144skie nawet je\u015bli<br>To mo\u017cna zrobi\u0107<br>Tylko w taki spos\u00f3b<br>I jakkolwiek by ci \u0142ajdacy<br>Chcieli jej z\u0142o uczyni\u0107<br>Jakkolwiek i przez kogokolwiek<br>J\u0105 zabi\u0107 zniszczy\u0107 zniewoli\u0107 j\u0105<br>To nie ma znaczenie<br>Jak chc\u0105 to zrobi\u0107<br>Te bestie r\u00f3\u017cne<br>Ja pod\u0142ug Boga m\u00f3wi\u0119 to<br>Z ca\u0142\u0105 moc\u0105 odpowiem w\u0142a\u015bciwie<br>Nawet je\u015bli wbrew \u015bwiatu rodzinie<br>Nawet je\u015bli kosztem w\u0142asnego \u017cycia<br>Mog\u0119 tylko zatrzyma\u0107 te zbrodnie<br>Bandyckie bestialskie ob\u0142udne perfidne pod\u0142e<\/p>\n\n\n\n<p>I zobaczcie jeszcze jacy \u0142ajdacy<br>Do tego \u017ceby<br>W ka\u017cdej chwili walczy\u0107<br>Z tymi \u0142ajdakami tak\u017ce o<br>Podpor\u0119 chleba nieustanny trud pracy<br>To nie jestem nie\u015bwiadomy szalony<br>Tacy podli \u0142ajdacy<br>Ale jak im pasuje<br>Mnie zniewoli\u0107 to ju\u017c tak<br>Dlatego trzeba zniszczy\u0107 nam prac\u0119<br>Z\u0142ama\u0107 biblijn\u0105 podpor\u0119 chleba<br>Tacy podli \u0142ajdacy<br>Przecie\u017c w to uderzaj\u0105 nieustannie<br>W ka\u017cdej chwili walcz\u0119<br>Z tym ob\u0142udnym \u0142ajdackim bestialstwem<br>Podobnie i nasze miejsca<br>Te zwierz\u0119ta bliskich nasze samochody<br>Gdy te bestie uderzaj\u0105<br>W to nieustannie i<br>Na wszelkie mo\u017cliwe sposoby<br>Przez takich czy innych<br>Prywatnych czy s\u0142u\u017cbowych sp\u00f3jnych<br>Z nimi w \u0142ajdactwie bandyckim<br>Na to nie jestem niepoczytalny<br>O bestialscy bandyccy \u0142ajdacy<br>A poza tym ka\u017cdy pow\u00f3d<br>Dla tych bestii bandyckich<br>Jest na zasadzie odwrotnej<br>Do prawdy i pod\u0142ug ob\u0142udy<br>Dobry by mnie napada\u0107 prowokowa\u0107<br>Przez takich czy innych zniewoli\u0107<br>Zawodowych prywatnych czy s\u0142u\u017cbowych<br>O \u0142ajdacy w bestialstwie podli<br>Do pot\u0119gi entej oni wszyscy<br>Tyle powiem tym bestiom<br>I im podobnym wszelkim<br>Kt\u00f3rzy pod\u0142ug k\u0142amstw i zbrodni<br>My\u015bl\u0105 \u017ce mo\u017cna ten \u015bwiat<br>Uk\u0142ada\u0107 i mnie w tym bydl\u0119ctwie<br>Jako\u015b podporz\u0105dkowa\u0107<br>Nigdy si\u0119 na to<br>Nie zgodz\u0119 na bestialstwa zbrodni<br>I k\u0142amstwa ob\u0142udnie \u0142ajdackie wszelkie<br>Wol\u0119 ju\u017c zgin\u0105\u0107 raczej<br>Wtedy b\u0119dzie pod\u0142ug Boga sirswuedliwie<br>Z tym ca\u0142ym \u015bwiatem<br>Kt\u00f3ry si\u0119 zgadza na wszelkie<br>Zbrodnie bestialskie i szata\u0144skie k\u0142amstwa<br>Tego bandyctwa pod\u0142ego bez miar<br>I wszelkich im w tym<br>\u0141ajdactwie zbrodniczym i k\u0142amliwym bliskim<br>Jak zgin\u0119 to zgin\u0119<br>To i ten \u015bwiat zginie<br>I b\u0119dzie Bo\u017ca sprawiedliwa odp\u0142ata<br>Za szata\u0144stwa \u0142ajdactwa bestialstwa pod\u0142e<br>Niezmierzone chyba w swej ob\u0142udzie<\/p>\n\n\n\n<figure class=\"wp-block-gallery has-nested-images columns-default is-cropped wp-block-gallery-1 is-layout-flex wp-block-gallery-is-layout-flex\">\n<figure class=\"wp-block-image size-large\"><a href=\"https:\/\/hubertpietka.bialystok.pl\/wp-content\/uploads\/2025\/08\/1000017610.jpg\"><img loading=\"lazy\" decoding=\"async\" width=\"1024\" height=\"771\" data-id=\"9539\" src=\"https:\/\/hubertpietka.bialystok.pl\/wp-content\/uploads\/2025\/08\/1000017610-1024x771.jpg\" alt=\"\" class=\"wp-image-9539\" srcset=\"https:\/\/hubertpietka.bialystok.pl\/wp-content\/uploads\/2025\/08\/1000017610-1024x771.jpg 1024w, https:\/\/hubertpietka.bialystok.pl\/wp-content\/uploads\/2025\/08\/1000017610-300x226.jpg 300w, https:\/\/hubertpietka.bialystok.pl\/wp-content\/uploads\/2025\/08\/1000017610-768x578.jpg 768w, https:\/\/hubertpietka.bialystok.pl\/wp-content\/uploads\/2025\/08\/1000017610-1536x1156.jpg 1536w, https:\/\/hubertpietka.bialystok.pl\/wp-content\/uploads\/2025\/08\/1000017610.jpg 1600w\" sizes=\"auto, (max-width: 1024px) 100vw, 1024px\" \/><\/a><\/figure>\n<\/figure>\n\n\n\n<p><em>Na zdj. Pola *<strong>grun-waldzkie<\/strong>*<br>*<strong>Zielona \u015bciana<\/strong>* tama z nadziei<br>Zatrzymania wszelkich zbrodni<br>Na naszym przyk\u0142adzie albo wytrzyma<br>Albo b\u0119dzie zmia\u017cd\u017cona przez<br>Szata\u0144stwa wszelkie ob\u0142udnego bandyctwa<br>Ale jak ona upadnie<br>To i ten \u015bwiat<br>B\u00f3g zmia\u017cd\u017cy pod\u0142ug jego zgody<br>Na t\u0105 ob\u0142ud\u0119 pod\u0142\u0105 bandyck\u0105<br>D\u0105\u017cenia do wszelkich zbrodni szata\u0144skich<br>Poprzez jakiekolwiek bestialstwa<br>Na nas mnie i \u017conie<br>Na naszym i naszych<br>Albo ona wytrzyma<br>Ta zielona tama nadziei<br>Na \u015bwiat lepszy bardziej moralny<br>Albo padnie ale nie \u0142ud\u017acie si\u0119 zbytnio<br>Wtedy \u0142ajdactwo bestialskie i szata\u0144skie<br>Zaleje ten \u015bwiat i go<br>Zatopi zbrodniami wszelkimi i k\u0142amstwami<br>Tymi w\u0142a\u015bnie na kt\u00f3re<br>Si\u0119 godzi jako\u015b ten \u015bwiat<br>A wystarczy wspiera\u0107 nas naszych<br>By wszystko nie zapad\u0142a si\u0119<br>W otch\u0142ani z\u0142a szata\u0144skiego<br>A czego wyrazicielami<br>Przez swe zbrodnie i k\u0142amstwa<br>S\u0105 ci bandyccy \u0142ajdacy<br>I im podobni wszelacy<br>Kt\u00f3rzy my\u015bl\u0105 \u017ce przez ob\u0142ud\u0119<br>Mo\u017cna przeprowadza\u0107 plany bestialskie bandyctwa<br>I \u017ce Boga mo\u017cna oszuka\u0107<br>Przez przeinaczanie Bo\u017cych prawd warto\u015bci<br>Nigdy si\u0119 do niczego dobrego<br>Nie dojdzie w tym \u015bwiecie<br>Przez akceptacj\u0119 k\u0142amstw ob\u0142udnych zbrodni<br>Oszuka\u0107 chc\u0105 Boga o \u0142ajdacy<br>Bandyccy podli i im podobni<br>Wybiegiem by mnie zniewoli\u0107<br>I najlepiej uczyni\u0107 ro\u015blink\u0105<br>Jakby B\u00f3g by\u0142 debilny<br>W z\u0142u tak jak oni<br>S\u0105 zreszt\u0105 w tym za\u015blepieniu<br>Zbrodniami i k\u0142amstwami wszelkimi ob\u0142udnymi<br>Bo nie chc\u0105 dostrzec<br>Prawdy Bo\u017cej cho\u0107by w szacunku<br>Do ka\u017cdego ludzkiego \u017cycia<br>A przeprowadzaj\u0105 swe bestialstwa<br>Nieustannie dalej i ci\u0105gle<br>Chyba ku \u015bwiata tego ko\u0144ca<\/em><\/p>\n\n\n\n<p><strong><em><a href=\"https:\/\/youtu.be\/0F7Ro5sSXzI\">Urszula Sipi\u0144ska &#8211; Twoim \u015bladem <\/a><\/em><\/strong><\/p>\n","protected":false},"excerpt":{"rendered":"<p>1.Z nikim nie b\u0119d\u0119 wsp\u00f3\u0142pracowa\u0142Kto wsp\u00f3\u0142pracuje z tymSzata\u0144skim bestialsko bandyctwemW sprawie \u015bmierci mojej \u017conyNawet z w\u0142asn\u0105 rodzinaKt\u00f3ra nawet je\u015bliW tak zwanej dobrej intencjiChce mnie niby&hellip; <\/p>\n","protected":false},"author":1,"featured_media":0,"parent":0,"menu_order":0,"comment_status":"closed","ping_status":"closed","template":"","meta":{"footnotes":""},"class_list":["post-9538","page","type-page","status-publish","hentry"],"_links":{"self":[{"href":"https:\/\/hubertpietka.bialystok.pl\/index.php?rest_route=\/wp\/v2\/pages\/9538","targetHints":{"allow":["GET"]}}],"collection":[{"href":"https:\/\/hubertpietka.bialystok.pl\/index.php?rest_route=\/wp\/v2\/pages"}],"about":[{"href":"https:\/\/hubertpietka.bialystok.pl\/index.php?rest_route=\/wp\/v2\/types\/page"}],"author":[{"embeddable":true,"href":"https:\/\/hubertpietka.bialystok.pl\/index.php?rest_route=\/wp\/v2\/users\/1"}],"replies":[{"embeddable":true,"href":"https:\/\/hubertpietka.bialystok.pl\/index.php?rest_route=%2Fwp%2Fv2%2Fcomments&post=9538"}],"version-history":[{"count":1,"href":"https:\/\/hubertpietka.bialystok.pl\/index.php?rest_route=\/wp\/v2\/pages\/9538\/revisions"}],"predecessor-version":[{"id":9540,"href":"https:\/\/hubertpietka.bialystok.pl\/index.php?rest_route=\/wp\/v2\/pages\/9538\/revisions\/9540"}],"wp:attachment":[{"href":"https:\/\/hubertpietka.bialystok.pl\/index.php?rest_route=%2Fwp%2Fv2%2Fmedia&parent=9538"}],"curies":[{"name":"wp","href":"https:\/\/api.w.org\/{rel}","templated":true}]}}