{"id":9542,"date":"2025-08-08T06:52:06","date_gmt":"2025-08-08T06:52:06","guid":{"rendered":"https:\/\/hubertpietka.bialystok.pl\/?page_id=9542"},"modified":"2025-08-08T06:52:06","modified_gmt":"2025-08-08T06:52:06","slug":"gdybym-byl-klamca-jak-oni-to-bym-sie-zgodzil-na-wszelkie-szatanskie-zbrodnie-i-sprzeniewierzenie-sie-bozym-wartosciom","status":"publish","type":"page","link":"https:\/\/hubertpietka.bialystok.pl\/?page_id=9542","title":{"rendered":"Gdybym by\u0142 k\u0142amc\u0105 jak oni \/ to bym si\u0119 zgodzi\u0142 &#8211; na wszelkie szata\u0144skie zbrodnie \/ i sprzeniewierzenie si\u0119 Bo\u017cym warto\u015bciom"},"content":{"rendered":"\n<p>\u017be za mocno o nich<br>Ja m\u00f3wi\u0119 o tych bestiach<br>No przecie\u017c powinienem m\u00f3wi\u0107<br>Tak zapewne a fe<br>Takie te ch\u0142opcy niedobre niegrzeczne<br>Gdybym by\u0142 gejem<br>To mo\u017ce bym tak m\u00f3wi\u0142<br>S\u0142owami mocy Bo\u017cej pozbawionymi<\/p>\n\n\n\n<p>I gdybym by\u0142 maminsynkiem zdziecinnia\u0142ym<br>To bym lecia\u0142 na skarg\u0119<br>Do mamy taty siostry brata itd.<br>Ale poniewa\u017c m\u0119\u017cem jestem<br>&#8222;Wyzby\u0142em si\u0119 tego co dziecinne&#8221;<br>I co ponajwy\u017cej do<br>Matki Bo\u017cej m\u00f3wi\u0119 wspieraj<br>W tej walce \u015bmiertelnej<br>O nasze ma\u0142\u017ce\u0144stwo naszych bliskich<br>I to co mamy<\/p>\n\n\n\n<p>A gdybym by\u0142 \u015bwiatowy<br>Jak przecie\u017c jest wielu<br>Nie rozumia\u0142 warto\u015bci sakramentu ma\u0142\u017ce\u0144stwa<br>I istotno\u015bci wszelkich spraw Bo\u017cych<br>Z\u0142o\u017cy\u0142 bym t\u0105 \u017con\u0119<br>W ho\u0142dzie szatanowi nieprawo\u015bci \u015bwiatowej<br>Ideologii tymczasowo\u015bci przecie\u017c inna<br>A jak\u017ce by\u0107 mo\u017ce<br>Czy ideologii materializmu praktycznego<br>Co tam sobie zabijacie<br>Bylebym mia\u0142 bogactwo i kas\u0119<br>Ale poniewa\u017c m\u0119\u017cem Bo\u017cym jestem<br>Pod\u0142ug nominalnego przyznawania<br>Kwestiom Bo\u017cym priorytetu<br>To walcz\u0119 do ko\u0144ca<br>O to ma\u0142\u017ce\u0144stwo<br>Kt\u00f3re zreszt\u0105 jest wyrazem<br>Tego co m\u00f3wi\u0142a MB Fatimskia<br>\u017be ostateczny b\u00f3j mi\u0119dzy<br>Dzie\u0107mi szatana a dzie\u0107mi Bo\u017cymi<br>Rozegra si\u0119 o to ma\u0142\u017ce\u0144stwo<br>O t\u0105 rodzin\u0119<br>I \u015bwiadomy tej odpowiedzialno\u015bci<br>Chc\u0119 j\u0105 wype\u0142ni\u0107 do ko\u0144ca<br>Wbrew wszelkim k\u0142amstwom szata\u0144skiej ob\u0142udy<\/p>\n\n\n\n<p>\u017be mo\u017cna pozwala\u0107 zabija\u0107<br>\u017be mo\u017ce by\u0107 jaka\u015b inna<br>Gdybym tak jak oni<br>Prawd\u0119 k\u0142amstwem nazywa\u0142<br>I na odwr\u00f3t &#8222;by\u0142bym<br>Podobnie jak oni k\u0142amc\u0105<br>Pod\u0142ug szatana w kt\u00f3rym<br>Nie ma \u017cadnej prawdy<br>Bo on jest ojcem k\u0142amstw<br>I jest zab\u00f3jc\u0105&#8221;<br>I tak post\u0119puj\u0105 wszelcy<br>Pod\u0142ug niego w k\u0142amstwach zbrodniach<br>By\u0142bym te\u017c relatywist\u0105 miganym<br>A nie przyznawa\u0142bym nienaruszaln\u0105 wa\u017cno\u015b\u0107<br>Wszelkim Bo\u017cym warto\u015bciom<\/p>\n\n\n\n<figure class=\"wp-block-gallery has-nested-images columns-default is-cropped wp-block-gallery-1 is-layout-flex wp-block-gallery-is-layout-flex\">\n<figure class=\"wp-block-image size-large\"><a href=\"https:\/\/hubertpietka.bialystok.pl\/wp-content\/uploads\/2025\/08\/1000018006.jpg\"><img loading=\"lazy\" decoding=\"async\" width=\"771\" height=\"1024\" data-id=\"9543\" src=\"https:\/\/hubertpietka.bialystok.pl\/wp-content\/uploads\/2025\/08\/1000018006-771x1024.jpg\" alt=\"\" class=\"wp-image-9543\" srcset=\"https:\/\/hubertpietka.bialystok.pl\/wp-content\/uploads\/2025\/08\/1000018006-771x1024.jpg 771w, https:\/\/hubertpietka.bialystok.pl\/wp-content\/uploads\/2025\/08\/1000018006-226x300.jpg 226w, https:\/\/hubertpietka.bialystok.pl\/wp-content\/uploads\/2025\/08\/1000018006-768x1021.jpg 768w, https:\/\/hubertpietka.bialystok.pl\/wp-content\/uploads\/2025\/08\/1000018006-1156x1536.jpg 1156w, https:\/\/hubertpietka.bialystok.pl\/wp-content\/uploads\/2025\/08\/1000018006.jpg 1204w\" sizes=\"auto, (max-width: 771px) 100vw, 771px\" \/><\/a><\/figure>\n<\/figure>\n\n\n\n<p><em>Na zdj. Pola i *<strong>Zambr\u00f3w<\/strong>*<br>A on swoje ci\u0105gle *<strong>zn\u00f3w<\/strong>*<br>I bardzo dobrze<br>Inaczej jak wielu<br>W tym \u015bwiecie sprzeniewierzy\u0142bym si\u0119<br>Bo\u017cym warto\u015bciom wierno\u015bci czysto\u015bci itp<br>Ufam \u017ce z Bo\u017c\u0105 pomoc\u0105 przetrwamy<br>Te wszelkie napa\u015bci szatana<br>I wszelkich pod\u0142ug niego<br>W ob\u0142udzie koniecznej bezwarunkowo<br>\u017be niby w imi\u0119 zbrodni<br>Mo\u017ce by\u0107 jakie\u015b lepsze dobro<br>Mam te\u017c swego dzia\u0142ania pole<br>My mamy wszelkie w prawdzie<br>Dzieci Bo\u017ce a ty wspieraj<br>Nas Panie we wszystkim<br>W walce z tym co zak\u0142amane jest<br>Z celem zbrodniczym<br>O niby czyjej\u015b lepszo\u015bci<br>By decydowa\u0107 o sprawach<br>\u017bycia i \u015bmierci<br>I w tym co oczywiste<br>W kultywowaniu i obronie<br>Wszelkich warto\u015bci Bo\u017cych<br>Jezu ufam Tobie wspieraj Maryjo<\/em><\/p>\n\n\n\n<p><strong><em><a href=\"https:\/\/youtu.be\/WFC0jxKZApQ\">T.Love &#8211; Hau hau<\/a><\/em><\/strong><\/p>\n\n\n\n<p class=\"has-text-align-center\"><strong><em><a href=\"https:\/\/youtu.be\/fRqFzYs8jCg\">T.Love &#8211; Ponura \u017cniwiarka <\/a><\/em><\/strong><\/p>\n\n\n\n<p class=\"has-text-align-right\"><strong><em><a href=\"https:\/\/youtu.be\/XnMYMo0VgFU\">T.Love &#8211; Ja ciebie kocham <\/a><\/em><\/strong><\/p>\n","protected":false},"excerpt":{"rendered":"<p>\u017be za mocno o nichJa m\u00f3wi\u0119 o tych bestiachNo przecie\u017c powinienem m\u00f3wi\u0107Tak zapewne a feTakie te ch\u0142opcy niedobre niegrzeczneGdybym by\u0142 gejemTo mo\u017ce bym tak m\u00f3wi\u0142S\u0142owami&hellip; <\/p>\n","protected":false},"author":1,"featured_media":0,"parent":0,"menu_order":0,"comment_status":"closed","ping_status":"closed","template":"","meta":{"footnotes":""},"class_list":["post-9542","page","type-page","status-publish","hentry"],"_links":{"self":[{"href":"https:\/\/hubertpietka.bialystok.pl\/index.php?rest_route=\/wp\/v2\/pages\/9542","targetHints":{"allow":["GET"]}}],"collection":[{"href":"https:\/\/hubertpietka.bialystok.pl\/index.php?rest_route=\/wp\/v2\/pages"}],"about":[{"href":"https:\/\/hubertpietka.bialystok.pl\/index.php?rest_route=\/wp\/v2\/types\/page"}],"author":[{"embeddable":true,"href":"https:\/\/hubertpietka.bialystok.pl\/index.php?rest_route=\/wp\/v2\/users\/1"}],"replies":[{"embeddable":true,"href":"https:\/\/hubertpietka.bialystok.pl\/index.php?rest_route=%2Fwp%2Fv2%2Fcomments&post=9542"}],"version-history":[{"count":1,"href":"https:\/\/hubertpietka.bialystok.pl\/index.php?rest_route=\/wp\/v2\/pages\/9542\/revisions"}],"predecessor-version":[{"id":9544,"href":"https:\/\/hubertpietka.bialystok.pl\/index.php?rest_route=\/wp\/v2\/pages\/9542\/revisions\/9544"}],"wp:attachment":[{"href":"https:\/\/hubertpietka.bialystok.pl\/index.php?rest_route=%2Fwp%2Fv2%2Fmedia&parent=9542"}],"curies":[{"name":"wp","href":"https:\/\/api.w.org\/{rel}","templated":true}]}}