{"id":9554,"date":"2025-08-12T14:08:08","date_gmt":"2025-08-12T14:08:08","guid":{"rendered":"https:\/\/hubertpietka.bialystok.pl\/?page_id=9554"},"modified":"2025-08-12T20:52:44","modified_gmt":"2025-08-12T20:52:44","slug":"uniesienia-milosne-a-obludnicy-rozni","status":"publish","type":"page","link":"https:\/\/hubertpietka.bialystok.pl\/?page_id=9554","title":{"rendered":"Uniesienia mi\u0142osne \/ a ob\u0142udnicy r\u00f3\u017cni"},"content":{"rendered":"\n<p>S\u0105 takie chwile<br>Gdy mnie ogarnia mi\u0142o\u015b\u0107 zwyk\u0142a<br>Do ca\u0142ego \u015bwiata<br>Na spos\u00f3b wdzi\u0119czno\u015bci Bogu<br>Za ca\u0142e stworzenie Bo\u017ce<br>W takich chwilach<br>Nie naiwnych bynajmniej<br>Bo ma si\u0119 \u015bwiadomo\u015b\u0107 ca\u0142ego<br>Z\u0142a w \u015bwiecie i ludzi wielu zepsucia<br>Mo\u017cna powiedzie\u0107 niejako<br>\u017be kocham nawet tych bandyt\u00f3w<br>I innych pod\u0142ug nich ob\u0142udnik\u00f3w<br>Ale nie na g\u0142upi spos\u00f3b<br>\u017byczy\u0142bym im \u017ceby si\u0119 nawr\u00f3cili<br>Z bestialstwa szata\u0144skiego z\u0142a przemocy<br>I wszelkich k\u0142amstw pod\u0142ych<br>Bo inaczej ich czeka<br>R\u00f3wnia pochy\u0142a do piek\u0142a<br>A przecie\u017c to \u017cyczenia najpi\u0119kniejsze<br>Bo nie o co\u015b dora\u017anego<br>Chwilowego tu chodzi w\u0142a\u015bnie<br>O co\u015b najwa\u017cniejszego przysz\u0142o\u015b\u0107 wieczn\u0105<\/p>\n\n\n\n<p>I jeszcze wspomnie\u0107 tu chcia\u0142bym<br>\u017be nie mam nic<br>Do tej m\u0142odzie\u017cy kt\u00f3ra pr\u00f3buje<br>\u017by\u0107 i wybiera\u0107 \u015bwiadomie<br>Jest te\u017c pi\u0119kna m\u0142odzie\u017c<br>A wiem te\u017c \u017ce<br>To nie jest \u0142atwy czas<br>Bo ju\u017c wtedy matrix ideologiczny<br>Gdy ja by\u0142em m\u0142ody<br>Zagarnia\u0142 w swym ob\u0142\u0119dzie iluzji<br>\u015awiat ca\u0142y a co dopiero<br>Teraz kiedy nat\u0142ok k\u0142amstw ideologicznych<br>Ze wszystkich stron si\u0119 wciska<br>I pr\u00f3buje niszczy\u0107 m\u0142odo\u015b\u0107 dzieci\u0144stwo<\/p>\n\n\n\n<figure class=\"wp-block-gallery has-nested-images columns-default is-cropped wp-block-gallery-1 is-layout-flex wp-block-gallery-is-layout-flex\">\n<figure class=\"wp-block-image size-large\"><a href=\"https:\/\/hubertpietka.bialystok.pl\/wp-content\/uploads\/2025\/08\/1000018732-scaled.jpg\"><img loading=\"lazy\" decoding=\"async\" width=\"1024\" height=\"771\" data-id=\"9555\" src=\"https:\/\/hubertpietka.bialystok.pl\/wp-content\/uploads\/2025\/08\/1000018732-1024x771.jpg\" alt=\"\" class=\"wp-image-9555\" srcset=\"https:\/\/hubertpietka.bialystok.pl\/wp-content\/uploads\/2025\/08\/1000018732-1024x771.jpg 1024w, https:\/\/hubertpietka.bialystok.pl\/wp-content\/uploads\/2025\/08\/1000018732-300x226.jpg 300w, https:\/\/hubertpietka.bialystok.pl\/wp-content\/uploads\/2025\/08\/1000018732-768x578.jpg 768w, https:\/\/hubertpietka.bialystok.pl\/wp-content\/uploads\/2025\/08\/1000018732-1536x1157.jpg 1536w, https:\/\/hubertpietka.bialystok.pl\/wp-content\/uploads\/2025\/08\/1000018732-2048x1542.jpg 2048w\" sizes=\"auto, (max-width: 1024px) 100vw, 1024px\" \/><\/a><\/figure>\n<\/figure>\n\n\n\n<p><em>Na zdj. Lecz takie chwile niestety<br>Mijaj\u0105 szybko ulotne chwile uniesie\u0144<br>Jak cho\u0107by widz\u0119 takich ob\u0142udnik\u00f3w<br>Jak ci na zdj\u0119ciu<br>No zobacz tu\u017c za siatk\u0105<br>Tej naszej rod\u00f3wki<br>A wiadomo przecie\u017c \u017ce<br>Jest to na m\u0142yn<br>Innych ob\u0142udnik\u00f3w kt\u00f3rym tak bardzo<br>No zobacz przeszkadza ps\u00f3w tych<br>Oczywi\u015bcie naszych szczekanie<br>Bo to o nie chodzi tu konkretnie<br>I o pretekst dla tych ob\u0142udnik\u00f3w bandyckich<br>By m\u00f3c nas st\u0105d wysiuda\u0107<br>Albo chocia\u017c jako\u015b inaczej zaszkodzi\u0107<br>Tak\u017ce jedni ob\u0142udnicy mo\u017cna powiedzie\u0107<br>Bezpo\u015bredni frontowi s\u0142u\u017c\u0105 innym ob\u0142udnikom<br>\u017beby ci spe\u0142nili po\u017c\u0105dania ob\u0142udnie<br>\u0141ajdackie tych bandyt\u00f3w<br>I tak ko\u0142o ob\u0142udy pod\u0142ej<br>Si\u0119 zamyka niejako tu<br>To jest tylko taki przyk\u0142ad<br>Kt\u00f3rych na ob\u0142udzie sfingowano<br>Wobec nas bardzo du\u017co<br>I oczywi\u015bcie r\u00f3wnie ob\u0142udne<br>S\u0142u\u017cby bandyckie r\u00f3\u017cne b\u0119d\u0105 wiedzie\u0107<br>Jak zareagowa\u0107 w takich<br>I innych ob\u0142udnych przypadkach<br>Przecie\u017c my mamy by\u0107 oddani<br>Bandyckiej ob\u0142udzie na po\u017carcie \u0142ajdackie<br>Tak cho\u0107by z chorymi nagrywaniami<br>Tych r\u00f3\u017cnych \u0142ajdak\u00f3w te\u017c<br>Z sytuacjami r\u00f3\u017cnymi z samochodami<br>Z t\u0105 podwij\u0105 bydlack\u0105<br>Tam z tym ta\u0142atajstwem<br>Itp itd mo\u017cna wymienia\u0107 wiele<br>A wszystko bestialskim tak trzeba<br>To nazwa\u0107 tym niby przypadkiem<br>Cho\u0107by ci \u0142ajdacy kt\u00f3rzy<br>No zobacz jakie sobie<br>Wybrali wdzi\u0119czne miejsce<br>I im jako\u015b szczekanie ps\u00f3w<br>Oczywi\u015bcie nie przeszkadza<br>Se b\u0119d\u0105 siedzie\u0107 \u017ce hej<br>Ale za to oczywi\u015bcie przeszkadza<br>Innym \u0142ajdackim ob\u0142udnikom kt\u00f3re<br>To przekazuj\u0105c gdzie trzeba<br>Spreparuj\u0105 bandycki wyrok na nas<br>R\u00f3\u017cnych r\u00f3wnie ob\u0142udnych spo\u0142ecznych s\u0142u\u017cb<br>O ob\u0142udo niby przypadkowa cudna<br>Wszystko mo\u017cna przez ni\u0105 osi\u0105gn\u0105\u0107<br>Ka\u017cde szata\u0144stwo pod\u0142ug po\u017c\u0105da\u0144 \u0142ajdackich<br>Tego bandyctwa i im podobnych<\/em><\/p>\n\n\n\n<p><strong>I wracaj\u0105c do mi\u0142o\u015bci<br>Nie tylko do chwil uniesie\u0144<br>Mi\u0142o\u015b\u0107 ma sw\u00f3j porz\u0105dek<br>Jedyny w Bogu<br>Najpierw najwa\u017cniejsza pod\u0142ug sakramentu ma\u0142\u017ce\u0144stwa<br>Kt\u00f3rej tak nienawidzi diabe\u0142<br>I wszelcy jego s\u0142udzy<br>Potem rodzina bliscy przyjaciele znajomi<br>Wreszcie nar\u00f3d ca\u0142y<br>I wszyscy ludzie dobrej woli<br>A porz\u0105dek mi\u0142o\u015bci na te\u017c<br>Swoje wytyczne ochrony najpierw<br>Tego co najbli\u017cej<br>I potem tak\u017ce tego co<br>Stopniowo troch\u0119 dalej<br>A co do z\u0142ych<br>Ob\u0142udnik\u00f3w wszelakich tych bandyt\u00f3w \u0142ajdackich<br>I wszelakich w bestialstwie z\u0142a<br>Pod\u0142ug nich w akceptacji cho\u0107by<br>Zbrodni i k\u0142amstw porz\u0105dek mi\u0142o\u015bci<br>To wyznacza w\u0142a\u015bnie<br>\u017beby im \u017cyczy\u0107 by si\u0119<br>Nawr\u00f3cili z wszelkich ob\u0142udnych \u0142ajdactw<br>Z po\u017c\u0105da\u0144 zbrodni i k\u0142amstw<br>Bo inaczej piek\u0142o ich poch\u0142onie<br>I to nie b\u0119dzie poezja<br>To b\u0119dzie bardzo prozaiczne<br>Jako substytut Bo\u017cej sprawiedliwo\u015bci<br>Kt\u00f3ra w parze idzie<br>Obok Bo\u017cego mi\u0142osierdzia dla tych<br>Kt\u00f3rzy zechc\u0105 skorzysta\u0107 z \u017cycia<br>W pokorze wobec \u0142aski Bo\u017cej<\/strong><\/p>\n\n\n\n<p class=\"has-text-align-right\"><em>Uwaga: nie dla dzieci\u00f3w!<\/em><\/p>\n\n\n\n<p class=\"has-text-align-right\"><strong><em><a href=\"https:\/\/youtu.be\/WFC0jxKZApQ?feature=shared\">T.Love &#8211; Hau! Hau!<\/a><\/em><\/strong><\/p>\n\n\n\n<p class=\"has-text-align-center\">\/<\/p>\n\n\n\n<p><strong><em><a href=\"https:\/\/youtu.be\/D8n04fBZZx4\">T.Love &#8211; Ziemia obiecana<\/a><\/em><\/strong> <\/p>\n","protected":false},"excerpt":{"rendered":"<p>S\u0105 takie chwileGdy mnie ogarnia mi\u0142o\u015b\u0107 zwyk\u0142aDo ca\u0142ego \u015bwiataNa spos\u00f3b wdzi\u0119czno\u015bci BoguZa ca\u0142e stworzenie Bo\u017ceW takich chwilachNie naiwnych bynajmniejBo ma si\u0119 \u015bwiadomo\u015b\u0107 ca\u0142egoZ\u0142a w \u015bwiecie&hellip; <\/p>\n","protected":false},"author":1,"featured_media":0,"parent":0,"menu_order":0,"comment_status":"closed","ping_status":"closed","template":"","meta":{"footnotes":""},"class_list":["post-9554","page","type-page","status-publish","hentry"],"_links":{"self":[{"href":"https:\/\/hubertpietka.bialystok.pl\/index.php?rest_route=\/wp\/v2\/pages\/9554","targetHints":{"allow":["GET"]}}],"collection":[{"href":"https:\/\/hubertpietka.bialystok.pl\/index.php?rest_route=\/wp\/v2\/pages"}],"about":[{"href":"https:\/\/hubertpietka.bialystok.pl\/index.php?rest_route=\/wp\/v2\/types\/page"}],"author":[{"embeddable":true,"href":"https:\/\/hubertpietka.bialystok.pl\/index.php?rest_route=\/wp\/v2\/users\/1"}],"replies":[{"embeddable":true,"href":"https:\/\/hubertpietka.bialystok.pl\/index.php?rest_route=%2Fwp%2Fv2%2Fcomments&post=9554"}],"version-history":[{"count":3,"href":"https:\/\/hubertpietka.bialystok.pl\/index.php?rest_route=\/wp\/v2\/pages\/9554\/revisions"}],"predecessor-version":[{"id":9563,"href":"https:\/\/hubertpietka.bialystok.pl\/index.php?rest_route=\/wp\/v2\/pages\/9554\/revisions\/9563"}],"wp:attachment":[{"href":"https:\/\/hubertpietka.bialystok.pl\/index.php?rest_route=%2Fwp%2Fv2%2Fmedia&parent=9554"}],"curies":[{"name":"wp","href":"https:\/\/api.w.org\/{rel}","templated":true}]}}