{"id":9558,"date":"2025-08-12T18:27:04","date_gmt":"2025-08-12T18:27:04","guid":{"rendered":"https:\/\/hubertpietka.bialystok.pl\/?page_id=9558"},"modified":"2025-08-12T21:04:03","modified_gmt":"2025-08-12T21:04:03","slug":"byleby-tylko-spelniac-pozadania-bandyckie-to-nic-ze-lajdacko-obludnie","status":"publish","type":"page","link":"https:\/\/hubertpietka.bialystok.pl\/?page_id=9558","title":{"rendered":"Byleby tylko spe\u0142nia\u0107 po\u017c\u0105dania bandyckie \/ to nic \u017ce \u0142ajdacko ob\u0142udnie"},"content":{"rendered":"\n<p>Wspaniali rodzice nie inaczej<br>Tylko \u0142ajdackim niby przypadkiem<br>Najlepiej puszcza\u0107 przodem luzem dzieci<br>Prosto na k\u0142y pieskie cho\u0107by<br>Tacy wspaniali rodzice<br>I ta podwija i inni<br>Cho\u0107by od tego autystyka<br>Z s\u0105siedniego bloku<br>A dzieci mo\u017ce ubezpieczone<br>B\u0119d\u0105 mieli spok\u00f3j wspaniali rodzice<br>Tacy zm\u0119czeni \u017cyciem<br>I kaska mo\u017ce te\u017c b\u0119dzie<br>Si\u0119 odpowiednio zgadza\u0107<br>Taki rodzajowy obrazek<br>W zwi\u0105zku z s\u0105siedzkimi obyczajami<br>A wspaniali rodzice kochaj\u0105 przecie\u017c<br>Swoje dzieci ale jak trzeba<br>Je po\u015bwi\u0119ci\u0107 dla ob\u0142udy bandyckiej<br>To nie ma rady trzeba<br>Przykaz czy zalecenie bandyckie<br>To nie takie tam<br>Nie ma to tamto<br>A \u017ce cel wy\u017cszy zbrodniczy<br>Pod\u0142ug \u0142ajdackiej ob\u0142udy bandyckiej<br>To tu pewnie nie ma<br>\u017badnego dylematu dla ob\u0142udnik\u00f3w probandyckich<br>Pewnie \u017ce na razie nic<br>Si\u0119 takiego nie sta\u0142o<br>Bo w Bogu si\u0119 to<br>Niestety dla ob\u0142udnik\u00f3w przewidzie\u0107 uda\u0142o<\/p>\n\n\n\n<figure class=\"wp-block-gallery has-nested-images columns-default is-cropped wp-block-gallery-1 is-layout-flex wp-block-gallery-is-layout-flex\">\n<figure class=\"wp-block-image size-large\"><a href=\"https:\/\/hubertpietka.bialystok.pl\/wp-content\/uploads\/2025\/08\/1000018785-scaled.jpg\"><img loading=\"lazy\" decoding=\"async\" width=\"771\" height=\"1024\" data-id=\"9559\" src=\"https:\/\/hubertpietka.bialystok.pl\/wp-content\/uploads\/2025\/08\/1000018785-771x1024.jpg\" alt=\"\" class=\"wp-image-9559\" srcset=\"https:\/\/hubertpietka.bialystok.pl\/wp-content\/uploads\/2025\/08\/1000018785-771x1024.jpg 771w, https:\/\/hubertpietka.bialystok.pl\/wp-content\/uploads\/2025\/08\/1000018785-226x300.jpg 226w, https:\/\/hubertpietka.bialystok.pl\/wp-content\/uploads\/2025\/08\/1000018785-768x1020.jpg 768w, https:\/\/hubertpietka.bialystok.pl\/wp-content\/uploads\/2025\/08\/1000018785-1157x1536.jpg 1157w, https:\/\/hubertpietka.bialystok.pl\/wp-content\/uploads\/2025\/08\/1000018785-1542x2048.jpg 1542w, https:\/\/hubertpietka.bialystok.pl\/wp-content\/uploads\/2025\/08\/1000018785-scaled.jpg 1928w\" sizes=\"auto, (max-width: 771px) 100vw, 771px\" \/><\/a><\/figure>\n<\/figure>\n\n\n\n<p><em>Na zdj. Jutro Fatimskiej Pani te\u017c wspomnienie <br>Kochaj\u0105 swoje dzieci pewnie przecie\u017c<br>Tacy cho\u0107by rodzice ale uznanie<br>\u0141ajdackie bandyt\u00f3w zdecydowanie jest wa\u017cniejsze<br>Ni\u017c mi\u0142o\u015b\u0107 rodzicielska<br>A ta podwija taki mocny<br>Jest przecie\u017c jak z kolesiami<br>Ma napada\u0107 pisa\u0142em to<br>Wiele razy ale najlepiej przecie\u017c<br>Udawa\u0107 ob\u0142udnie \u017ce nikt<br>Nic nie wie i dlatego<br>\u0141ajdak ten bydlacki<br>Z bandyckimi plecami mo\u017ce sobie<br>Co chc\u0119 robi\u0107 cho\u0107by napada\u0107<br>Na niewinnych ludzi pod jakimtamkolwiek<br>I zreszt\u0105 ob\u0142udnym \u0142ajdackim pretekstem<br>Podobnie jak ci r\u00f3\u017cni ob\u0142udnicy<br>Tam na rod\u00f3wce<br>O czym pisa\u0142em wcze\u015bniej<br>Najlepiej udawa\u0107 ob\u0142udnie \u017ce si\u0119<br>Nic nie wie \u017ce przypadkiem<br>Byleby tylko spe\u0142nia\u0107 bestialstwa bandyckie<br>A te bandyckie misie<br>To maj\u0105 oczywi\u015bcie te\u017c<br>Przyj\u015b\u0107 w sukurs ob\u0142udzie bandyckiej<br>Czy tam zreszt\u0105 i jacy<br>Ob\u0142udni bandyccy s\u0142u\u017calcy<br>Bo oczywi\u015bcie efekt tych wszelkich<br>Napa\u015bci prowokacji ma by\u0107 ob\u0142udnie<br>Jedynie s\u0142uszny pod\u0142ug po\u017c\u0105da\u0144 bandyckich<\/em><\/p>\n\n\n\n<p><em>Dalej se mog\u0105 wszyscy przecie\u017c<br>Udawa\u0107 \u017ce niby nic<br>\u017be niby przypadkiem tak \u0142ajdackim<br>Byleby tylko spe\u0142nia\u0107 \u0142ajdactwa bydlackie<br>A mo\u017ce jednak w imi\u0119<br>Tych spreparowanych odpowiednio te\u017c<br>Takich chorych nagra\u0144 bandyckich<br>Niby naszych przest\u0119pstw<br>Byleby tylko spe\u0142ni\u0107 w ko\u0144cu<br>Po\u017c\u0105dania \u0142ajdackie bandyt\u00f3w<br>Na nas naszym i naszych<br>R\u00f3\u017cnych zbrodni przeprowadzanych k\u0142amliwie niby<br>Pod jakim\u015b s\u0142usznym pozorem<br>Byleby tylko da\u0107 upust<br>\u0141ajdactwu bandyckiemu pod\u0142emu bestialsko<br>W ka\u017cdym z tych wzgl\u0119d\u00f3w<br>I w wielu innych jeszcze<br>Zabi\u0107 zniszczy\u0107 zniewoli\u0107<br>To przecie\u017c cel tych wszystkich<br>\u0141ajdactw szata\u0144skich bestialskiego bandyctwa<br>I im w ob\u0142udzie d\u0105\u017cenia<br>Do zbrodni podobnych<\/em><\/p>\n\n\n\n<p><strong><em><a href=\"https:\/\/youtu.be\/OWMi0q5W-sQ?feature=shared\">T.Love &#8211; XYZ<\/a><\/em><\/strong><\/p>\n\n\n\n<p class=\"has-text-align-center\">-\/-<\/p>\n\n\n\n<p class=\"has-text-align-right\"><strong><em><a href=\"https:\/\/youtu.be\/dU1Xi17HJFA\">KN\u017b &#8211; Przy s\u0142owie <\/a><\/em><\/strong><\/p>\n","protected":false},"excerpt":{"rendered":"<p>Wspaniali rodzice nie inaczejTylko \u0142ajdackim niby przypadkiemNajlepiej puszcza\u0107 przodem luzem dzieciProsto na k\u0142y pieskie cho\u0107byTacy wspaniali rodziceI ta podwija i inniCho\u0107by od tego autystykaZ s\u0105siedniego&hellip; <\/p>\n","protected":false},"author":1,"featured_media":0,"parent":0,"menu_order":0,"comment_status":"closed","ping_status":"closed","template":"","meta":{"footnotes":""},"class_list":["post-9558","page","type-page","status-publish","hentry"],"_links":{"self":[{"href":"https:\/\/hubertpietka.bialystok.pl\/index.php?rest_route=\/wp\/v2\/pages\/9558","targetHints":{"allow":["GET"]}}],"collection":[{"href":"https:\/\/hubertpietka.bialystok.pl\/index.php?rest_route=\/wp\/v2\/pages"}],"about":[{"href":"https:\/\/hubertpietka.bialystok.pl\/index.php?rest_route=\/wp\/v2\/types\/page"}],"author":[{"embeddable":true,"href":"https:\/\/hubertpietka.bialystok.pl\/index.php?rest_route=\/wp\/v2\/users\/1"}],"replies":[{"embeddable":true,"href":"https:\/\/hubertpietka.bialystok.pl\/index.php?rest_route=%2Fwp%2Fv2%2Fcomments&post=9558"}],"version-history":[{"count":3,"href":"https:\/\/hubertpietka.bialystok.pl\/index.php?rest_route=\/wp\/v2\/pages\/9558\/revisions"}],"predecessor-version":[{"id":9565,"href":"https:\/\/hubertpietka.bialystok.pl\/index.php?rest_route=\/wp\/v2\/pages\/9558\/revisions\/9565"}],"wp:attachment":[{"href":"https:\/\/hubertpietka.bialystok.pl\/index.php?rest_route=%2Fwp%2Fv2%2Fmedia&parent=9558"}],"curies":[{"name":"wp","href":"https:\/\/api.w.org\/{rel}","templated":true}]}}