{"id":9566,"date":"2025-08-13T11:13:09","date_gmt":"2025-08-13T11:13:09","guid":{"rendered":"https:\/\/hubertpietka.bialystok.pl\/?page_id=9566"},"modified":"2025-08-13T11:13:09","modified_gmt":"2025-08-13T11:13:09","slug":"obluda-bandyctwa-tego-i-im-podobnych-wszelakich-w-dazeniach-klamliwych-zbrodniczych-wystawia-ten-swiat-na-karb-mocnej-sprawiedliwosci-bozej-zaplaty-za-wszelkie-podlosci-i-plugastwa","status":"publish","type":"page","link":"https:\/\/hubertpietka.bialystok.pl\/?page_id=9566","title":{"rendered":"Ob\u0142uda bandyctwa tego i im podobnych wszelakich &#8211; w d\u0105\u017ceniach k\u0142amliwych zbrodniczych \/ wystawia ten \u015bwiat na karb mocnej sprawiedliwo\u015bci Bo\u017cej &#8211; zap\u0142aty za wszelkie pod\u0142o\u015bci i plugastwa"},"content":{"rendered":"\n<p>Tylko moja \u017cona ma tak\u0105<br>Si\u0142\u0119 \u017ceby mnie pchn\u0105\u0107 gdzie\u015b<br>Gdzie wo\u0142ami by\u015b mnie i nie ruszy\u0142<br>Cho\u0107 nara\u017ca si\u0119 oczywi\u015bcie na<br>Z mojej strony nieprzyjemno\u015bci r\u00f3\u017cne<br>Ale ona ma \u015bwiadomo\u015b\u0107<br>Naszej wsp\u00f3lnej misji i B\u00f3g<br>J\u0105 posy\u0142a tam gdzie<br>Ja jako\u015b niedomagam<br>Ona i tylko ona<\/p>\n\n\n\n<p>I jeszcze s\u0142owo apropo<br>R\u00f3\u017cnych gwiazd czy to ja<br>Im si\u0119 pcham do \u0142\u00f3\u017cka<br>Nie robi tego nawet ta moja \u017cona<br>Bo mnie szanuje<br>Chocia\u017c ona akurat by mog\u0142a<\/p>\n\n\n\n<p>Dlatego te\u017c ona i tylko<br>\u017be ona wiedz\u0105 to te\u017c<br>\u0141ajdacy bandyccy \u017ce jej obecno\u015b\u0107<br>W moim \u017cyciu jest<br>Nie do przecenienia<br>Dlatego te\u017c tak ob\u0142udnie i bestialsko<br>Chc\u0105 w ni\u0105 uderza\u0107 nieustannie<br>Na wszelkie sposoby zreszt\u0105<br>Byleby tylko osi\u0105gn\u0105\u0107 swe r\u00f3\u017cne<br>Zbrodnicze cele ale co\u015b je\u015bli<br>Jej i nawet<br>Z nami naszymi i naszym<br>To zap\u0142aci za to<br>Nie tylko to bandyctwo<br>Ca\u0142y \u015bwiat za to zap\u0142aci<br>Wed\u0142ug sprawiedliwego wyroku Bo\u017cego<br>Zap\u0142aty za ob\u0142ud\u0119 niezmiern\u0105<br>I bestialstwa wszelkie<\/p>\n\n\n\n<p>I pewnie \u017ce tam maj\u0105<br>T\u0105 podwij\u0119 i innych bydlak\u00f3w<br>Tam znowu wykoleje\u0144c\u00f3w szemra\u0144c\u00f3w zajad\u0142ych<br>A tu to ta\u0142atajstwo chach\u0142ackie<br>Kt\u00f3re ma te\u017c \u0142ajdaczy\u0107 prostacko<br>I te\u017c wsz\u0119dzie zreszt\u0105<br>Bandyckie mi\u015bki czy inni s\u0142u\u017calcy<br>Ochraniaczyki totalno\u015bci z\u0142a szata\u0144skiego bandyt\u00f3w<br>Ufam \u017ce na nic<br>B\u0119dzie to wszystko<br>Ta ob\u0142uda wsz\u0119dzie mocno zakrojona<br>Szyta ewidentnie zreszt\u0105 na t\u0105<br>Miar\u0119 \u0142ajdacko bestialsk\u0105 bandyctwa tego<br>Byleby tylko zbrodniami i k\u0142amstwami<br>Uderza\u0107 w nas naszych nasze<\/p>\n\n\n\n<figure class=\"wp-block-gallery has-nested-images columns-default is-cropped wp-block-gallery-1 is-layout-flex wp-block-gallery-is-layout-flex\">\n<figure class=\"wp-block-image size-large\"><a href=\"https:\/\/hubertpietka.bialystok.pl\/wp-content\/uploads\/2025\/08\/1000018828.jpg\"><img loading=\"lazy\" decoding=\"async\" width=\"771\" height=\"1024\" data-id=\"9567\" src=\"https:\/\/hubertpietka.bialystok.pl\/wp-content\/uploads\/2025\/08\/1000018828-771x1024.jpg\" alt=\"\" class=\"wp-image-9567\" srcset=\"https:\/\/hubertpietka.bialystok.pl\/wp-content\/uploads\/2025\/08\/1000018828-771x1024.jpg 771w, https:\/\/hubertpietka.bialystok.pl\/wp-content\/uploads\/2025\/08\/1000018828-226x300.jpg 226w, https:\/\/hubertpietka.bialystok.pl\/wp-content\/uploads\/2025\/08\/1000018828-768x1020.jpg 768w, https:\/\/hubertpietka.bialystok.pl\/wp-content\/uploads\/2025\/08\/1000018828-1157x1536.jpg 1157w, https:\/\/hubertpietka.bialystok.pl\/wp-content\/uploads\/2025\/08\/1000018828.jpg 1536w\" sizes=\"auto, (max-width: 771px) 100vw, 771px\" \/><\/a><\/figure>\n<\/figure>\n\n\n\n<p><em>Na zdj. W ko\u015bciele fatimskiej Pani<br>Ta tr\u00f3jca mi\u0142osierdziowa<br>Bo mi\u0142osierdzie Bo\u017ce idzie<br>W parze z Bo\u017c\u0105 sprawiedliwo\u015bci\u0105<br>Nie \u0142ud\u017acie si\u0119<br>\u017be jest inaczej jak paplaj\u0105<br>Ob\u0142udnie ci bandyci i im<br>Podobni wszelacy w z\u0142u szata\u0144skim<br>Cho\u0107by te pacyny r\u00f3\u017cne<br>A za szczyt ob\u0142udy<br>Kt\u00f3ry si\u0119 objawia w tym<br>\u0141ajdackim bandyctwie i ich s\u0142u\u017calcach<br>Jedna mo\u017ce by\u0107 kara<br>Dla nich i tego \u015bwiata<br>Na miar\u0119 bezkresnej ob\u0142udy<br>Kt\u00f3r\u0105 ci si\u0119 nieustannie kieruj\u0105<br>I przeciwko nam naszemu naszym<br>Wykorzystuj\u0105 nieustannie<\/em><\/p>\n","protected":false},"excerpt":{"rendered":"<p>Tylko moja \u017cona ma tak\u0105Si\u0142\u0119 \u017ceby mnie pchn\u0105\u0107 gdzie\u015bGdzie wo\u0142ami by\u015b mnie i nie ruszy\u0142Cho\u0107 nara\u017ca si\u0119 oczywi\u015bcie naZ mojej strony nieprzyjemno\u015bci r\u00f3\u017cneAle ona ma&hellip; <\/p>\n","protected":false},"author":1,"featured_media":0,"parent":0,"menu_order":0,"comment_status":"closed","ping_status":"closed","template":"","meta":{"footnotes":""},"class_list":["post-9566","page","type-page","status-publish","hentry"],"_links":{"self":[{"href":"https:\/\/hubertpietka.bialystok.pl\/index.php?rest_route=\/wp\/v2\/pages\/9566","targetHints":{"allow":["GET"]}}],"collection":[{"href":"https:\/\/hubertpietka.bialystok.pl\/index.php?rest_route=\/wp\/v2\/pages"}],"about":[{"href":"https:\/\/hubertpietka.bialystok.pl\/index.php?rest_route=\/wp\/v2\/types\/page"}],"author":[{"embeddable":true,"href":"https:\/\/hubertpietka.bialystok.pl\/index.php?rest_route=\/wp\/v2\/users\/1"}],"replies":[{"embeddable":true,"href":"https:\/\/hubertpietka.bialystok.pl\/index.php?rest_route=%2Fwp%2Fv2%2Fcomments&post=9566"}],"version-history":[{"count":1,"href":"https:\/\/hubertpietka.bialystok.pl\/index.php?rest_route=\/wp\/v2\/pages\/9566\/revisions"}],"predecessor-version":[{"id":9568,"href":"https:\/\/hubertpietka.bialystok.pl\/index.php?rest_route=\/wp\/v2\/pages\/9566\/revisions\/9568"}],"wp:attachment":[{"href":"https:\/\/hubertpietka.bialystok.pl\/index.php?rest_route=%2Fwp%2Fv2%2Fmedia&parent=9566"}],"curies":[{"name":"wp","href":"https:\/\/api.w.org\/{rel}","templated":true}]}}