{"id":9574,"date":"2025-08-15T22:02:54","date_gmt":"2025-08-15T22:02:54","guid":{"rendered":"https:\/\/hubertpietka.bialystok.pl\/?page_id=9574"},"modified":"2025-08-15T22:02:54","modified_gmt":"2025-08-15T22:02:54","slug":"bestie-po-raz-pierwszy-po-raz-drugi-i-po-raz-trzeci-przybito-definitywnie","status":"publish","type":"page","link":"https:\/\/hubertpietka.bialystok.pl\/?page_id=9574","title":{"rendered":"Bestie &#8211; po raz pierwszy \/ po raz drugi \/ i po raz trzeci &#8211; przybito definitywnie"},"content":{"rendered":"\n<p>1.<br><em>Po raz pierwszy<br>Jak\u017ce\u017c to nie bestie<\/em><\/p>\n\n\n\n<p>Jak\u017ce\u017c to nie s\u0105 bestie<br>Skoro chc\u0105 mnie pozbawi\u0107 wszystkiego<br>Co kocham bezwarunkowo<br>Najpierw mojej \u017cony<br>Wszystko jedno w spos\u00f3b jaki<br>Przez jakich \u0142ajdak\u00f3w<br>Potem tych zwierz\u0105t miejsc naszych<br>Samochod\u00f3w pracy bliskich i wszystkiego<br>Jak\u017ce\u017c to nie s\u0105 bestie<br>Skoro byleby tylko totalno\u015bci z\u0142a<br>Wszelkich zbrodni zakorzenionych w k\u0142amstwach<br>Najgorszych bo ob\u0142udnych na nas<br>Jak\u017ce\u017c to nie bestie<br>Skoro przeciwko nam wszystko wszystkich<br>A jak tego broni\u0119<br>Co jest mi przynale\u017cne w Bogu<br>Jako po prostu cz\u0142owiekowi<br>To chc\u0105 mnie uziemi\u0107<br>Przez takich czy innych \u0142ajdak\u00f3w<br>Jak\u017ce\u017c to nie s\u0105 bestie<br>Skoro cz\u0142owiek w pe\u0142ni<br>Staje si\u0119 cz\u0142owiekiem w Bogu<br>Pod\u0142ug prawdziwego dobra to oni<br>Pod\u0142ug wszelkiego z\u0142a szata\u0144skiego<br>K\u0142amstw ob\u0142udnych i zbrodni<br>Staj\u0105 si\u0119 w\u0142a\u015bnie bestiami<br>Oni i im podobni<br>Wszelcy kt\u00f3rzy s\u0142u\u017c\u0105 z\u0142u<br>Na zasadzie takiej w\u0142a\u015bnie<br>Kto komu s\u0142u\u017cy takim si\u0119 te\u017c staje<br>S\u0142u\u017cba Bogu czyni dzie\u0107mi Bo\u017cymi<br>A s\u0142u\u017cba szatanowi i zbrodniom<br>K\u0142amliwym ob\u0142udnym totalnie do szatana<br>Na tej prostej zasadzie upodabnia<br>Dlatego staj\u0105 si\u0119 bestiami nominalnie<br>I to te\u017c odziedzicz\u0105<br>Oni wszyscy na czas wieczny<br>Je\u015bli si\u0119 nie nawr\u00f3c\u0105<br>Na s\u0142u\u017cb\u0119 dobru i prawdzie<br>I niewinno\u015bci wszelkiej czystej<br>Papraj\u0105 si\u0119 w z\u0142u nieustannie<br>I mo\u017ce co anio\u0142kami<br>Si\u0119 staj\u0105 tak ale tymi<br>Upad\u0142ymi szatanami przeciwstawiaj\u0105cymi si\u0119 Bogu<br>I jego wszelkim s\u0142ugom sprawom<br>Dlatego si\u0119 staj\u0105 w\u0142a\u015bnie bestiami<\/p>\n\n\n\n<p>2.<br><em>Po raz drugi<br>Bestie definitywnie<\/em><\/p>\n\n\n\n<p>A w czym to si\u0119 objawia<br>S\u0142awetny pluralizm bandyckich bestii<br>W tym \u017ce przecie\u017c ka\u017cdy<br>Mo\u017ce z\u0142o nam czyni\u0107<br>Nam naszemu i naszym<br>Wszyscy mog\u0105 by\u0107 r\u00f3wni<br>W tym w\u0142a\u015bnie \u0142ajdactwie wszelkim<br>I najlepiej \u017ceby wygl\u0105da\u0142o<br>\u017be niby nic oni<br>\u017be niby przypadkowo<br>Byleby tylko w tym wszyscy<br>Mog\u0105 by\u0107 r\u00f3wni w bestialstwach<br>Bandycko pod\u0142ug nas<br>Tu nawet mog\u0105 odpowiedni brylowa\u0107<br>Nawet dzieci m\u0142odzie\u017c czy niepe\u0142nosprawni<br>Zawodowi s\u0142u\u017cbowi czy prywatni<br>Ka\u017cdy mo\u017ce by\u0107 r\u00f3wny<br>W tych \u0142ajdactwach probandyckich<br>A nawet si\u0119 mo\u017ce<br>W nich niejako wykaza\u0107 wywy\u017cszy\u0107<br>Bestie bandyckie na pewno<br>To doceni\u0105 rzetelnie pod\u0142ug odpowiedniego<br>Efektu \u0142ajdackiego<br>Bo oczywi\u015bcie ten pluralizm<br>Bestii bandyckich nie dotyczy dobra<br>Wobec nas naszego i naszych<br>Na zasadzie odwrotnej<br>Pod\u0142ug tych bestii i szatana<br>Za to trzeba surowo kara\u0107<br>Za ka\u017cde wobec nas dobro<br>Nawet te na zasadzie przypadkowej<br>Oczywi\u015bcie licz\u0105 si\u0119 tu tylko<br>\u0141ajdackie niby przypadki jedynie s\u0142uszne<br>Pod\u0142ug tych bestii i szatana<br>Ku z\u0142u zbrodniom na nas<br>Bestie bo motywuj\u0105 ku z\u0142u<br>Dla niewinnych nienawi\u015bci bandyckiej ludzi<br>Nie ku dobru<br>Ku zbrodniom pod\u0142ug wszelkiej ob\u0142udy<br>Bandyckiej pod\u0142ej nie ku dobru<br>I pluralizm bandycki tych bestii<br>Polega te\u017c na tym<br>\u017be oni mog\u0105 mordowa\u0107<br>Tak naprawd\u0119 kogo chc\u0105<br>Kto w jakikolwiek spos\u00f3b podpadnie<br>Tym bestiom i szatanowi jednocze\u015bnie<br>Bo oni wszystko robi\u0105<br>W parze i \u0142\u0105czno\u015bci w\u0142a\u015bnie<br>Z nim ojcem k\u0142amstw zniszczenia<br>I zbrodni wszelkich<br>Tak w\u0142a\u015bnie te bestie bandyckie<br>I wszelacy pod\u0142ug nich<br>Jakkolwiek zreszt\u0105 to czyni\u0105<\/p>\n\n\n\n<p>3.<br><em>Bestie po raz trzeci<br>I to totalnie nawet<\/em><\/p>\n\n\n\n<p>Bo tak naprawd\u0119 to tym<br>Bandytom bestialskim wszystko i jedno<br>Kto b\u0119dzie spe\u0142nia\u0142 ich bestialstwa<br>Wobec nas naszych i naszego<br>I spos\u00f3b jest drugorz\u0119dny<br>Byleby tylko osi\u0105gn\u0105\u0107 efekt<br>Zbrodni bandyckich pod\u0142ug k\u0142amstw ichnich<br>Podobnie i szatanowi te\u017c to<br>Wszystko jedno kto si\u0119 sk\u0142oni<br>Ku niemu i tym bestiom<br>W zbrodniach i k\u0142amstwach ob\u0142udnych<br>We wszelkich pod\u0142o\u015bciach szata\u0144skiej perfidii<br>I oboj\u0119tne jest i dla<br>Szatana i tych bestii<br>Kto si\u0119 b\u0119dzie przez to<br>Smali\u0142 w piekle<br>Dla nich i dla niego<br>Przecie\u017c im wi\u0119cej tym lepiej<br>I to \u017ce stawiaj\u0105 \u0142ajdacy<br>Jacykolwiek zreszt\u0105 na szali<br>\u017bycie tego \u015bwiata<br>Co za r\u00f3\u017cnica dla bandyt\u00f3w<br>I szatana kto zrealizuje<br>Ich wsp\u00f3lne bestialstwa<br>Zawodowi s\u0142u\u017cbowi prywatni<br>Ta podwija wykoleje\u0144cy szemrani zajadli<br>Czy to chach\u0142ackie ta\u0142atajstwo<br>Misie bandyckie inni s\u0142u\u017calcy ochraniaczyki<br>Co za r\u00f3\u017cnica dla szatana<br>I tych bestii bandyckich<br>Kt\u00f3rzy z szatanem to wszystko<br>Ca\u0142kowicie kompatybilnie<br>I do tego te\u017c nak\u0142aniaj\u0105<br>Wszelkich \u0142ajdak\u00f3w by tak w\u0142a\u015bnie<br>Byli kompatybilni w ich zbrodniach<br>I wszelkiej ob\u0142udzie k\u0142amstwach<br>Z nimi tymi bandytami<br>I z szatanem<br>By sami stawali si\u0119 bestialscy<br>Pod\u0142ug po\u017c\u0105da\u0144 bandyctwa i szatana<\/p>\n\n\n\n<figure class=\"wp-block-gallery has-nested-images columns-default is-cropped wp-block-gallery-1 is-layout-flex wp-block-gallery-is-layout-flex\">\n<figure class=\"wp-block-image size-large\"><a href=\"https:\/\/hubertpietka.bialystok.pl\/wp-content\/uploads\/2025\/08\/1000019129-scaled.jpg\"><img loading=\"lazy\" decoding=\"async\" width=\"771\" height=\"1024\" data-id=\"9575\" src=\"https:\/\/hubertpietka.bialystok.pl\/wp-content\/uploads\/2025\/08\/1000019129-771x1024.jpg\" alt=\"\" class=\"wp-image-9575\" srcset=\"https:\/\/hubertpietka.bialystok.pl\/wp-content\/uploads\/2025\/08\/1000019129-771x1024.jpg 771w, https:\/\/hubertpietka.bialystok.pl\/wp-content\/uploads\/2025\/08\/1000019129-226x300.jpg 226w, https:\/\/hubertpietka.bialystok.pl\/wp-content\/uploads\/2025\/08\/1000019129-768x1020.jpg 768w, https:\/\/hubertpietka.bialystok.pl\/wp-content\/uploads\/2025\/08\/1000019129-1157x1536.jpg 1157w, https:\/\/hubertpietka.bialystok.pl\/wp-content\/uploads\/2025\/08\/1000019129-1542x2048.jpg 1542w, https:\/\/hubertpietka.bialystok.pl\/wp-content\/uploads\/2025\/08\/1000019129-scaled.jpg 1928w\" sizes=\"auto, (max-width: 771px) 100vw, 771px\" \/><\/a><\/figure>\n<\/figure>\n\n\n\n<p><strong>Na zdj. Matka Bo\u017ca Fatimska<br><em>Przybito<\/em> bestie bandyckie oni<br>I wszelcy do nich<br>I szatana si\u0119 jednocze\u015bnie upodabniaj\u0105cy<br>W k\u0142amstwach ob\u0142udnych i zbrodniach<br>Bestie &#8222;i stan\u0105\u0142 smok<br>I chcia\u0142 po\u017cre\u0107 jej dzieci&#8221;<br>S\u0142ugi Boga najwy\u017cszego<br>W dobru i prawdzie wszelkie<br>W tym celu wsp\u00f3\u0142pracuj\u0105<br>Bandyckie bestie z szatanem<br>I znieprawiaj\u0105 ten lud ca\u0142y<br>By sami jak oni<br>Si\u0119 stawali bestialscy<br>W ob\u0142udzie pod\u0142o\u015bci perfidii wszelakiej<br>&#8222;B\u0119d\u0105 walczy\u0107 z dzie\u0107mi Bo\u017cymi<br>Z t\u0105 rodzin\u0105 wszelcy<br>S\u0142udzy diabelscy&#8221; wszelkie bestie bandyckie<br>I do nich si\u0119 upodabniaj\u0105cy<br>Wszystko jedno tacy czy inni<br>S\u0142awetny pluralizm bandycki w \u0142ajdactwach<br>Dost\u0119pnych dla wszystkich wobec nas<br>Naszego i naszych tej rodziny<br>I ich bliskich<\/strong><\/p>\n\n\n\n<p><strong>Czy wy tego nie widzicie<br>Tych bestii i te\u017c innych<br>\u017be na waszych oczach<br>Spe\u0142ni\u0105 si\u0119 ta Bo\u017ca apokalipsa<br>Nie widzicie bo si\u0119 rozbestwili\u015bcie<br>I wolicie z\u0142o ni\u017c dobro<br>K\u0142amstwa ob\u0142udne szata\u0144skie i zbrodnie<br>Ni\u017c prawd\u0119 Bo\u017c\u0105<br>Kt\u00f3ra nie jest \u0142atwa<br>Bo za ni\u0105 id\u0105 konkretne<br>Wymogi moralne i kierowanie si\u0119<br>Bo\u017cymi warto\u015bciami nie egoizmem w\u0142asnym<br>\u0141atwiej jest przecie\u017c realizowa\u0107 wszelkie<br>Po\u017c\u0105dania szata\u0144skie i tych bandyt\u00f3w<br>Ni\u017c temu wszelkiemu \u0142ajdactwu bestialskiemu<br>Si\u0119 jako\u015b sprzeciwi\u0107<br>Bo to wymaga tak zwanych<br>Koszt\u00f3w w\u0142asnych co jest niepopularne<br>Dla wszelkich hedonistycznych egoist\u00f3w<br>Zadufanych w sobie w swoich<br>I w ich w\u0142asne dobra<br>Niby tylko im nale\u017cne<br>Jak by B\u00f3g nie stworzy\u0142<br>Wszystkich r\u00f3wnych w Nim<br>Jakby oni ci \u0142ajdacy wszelcy<br>Byli niby jacy\u015b lepsi<br>I te bestie i wszelcy<br>Si\u0119 rozbestwiaj\u0105cy w z\u0142u szata\u0144skim<br>W ich k\u0142amstwach i zbrodniach<br>Przybito bestialstwo bandyckie i<br>Pod\u0142ug niego i szatana<br>Te\u017c bestialstwo pospolite<br>Byleby tylko ku z\u0142u<br>Dla nas naszego i naszych<br>I wszelkich przeciwnik\u00f3w bestialstw bandyckich<br>Wszelkich niezale\u017cnych w Bogu<br>W my\u015bleniu pod\u0142ug warto\u015bci<br>Wszelkich kultywuj\u0105cych w prawdzie Boga<br>Nie szatana w jego zbrodniach<br>Pod\u0142ych k\u0142amliwych ob\u0142udnych<br>Jak to ca\u0142e bestialstwo bandyckie<\/strong><\/p>\n\n\n\n<p><strong>Jezu ufam Tobie<br>Cho\u0107by te bestie bandyckie<br>Ca\u0142y \u015bwiat nawet rozbestwi\u0142y<br>Ku z\u0142u dla nas<br>Naszego i naszych<br>I wszystkich nam przeciwko<br>Nawet je\u015bli zgin\u0119<br>Bo wiem gdzie b\u0119d\u0119<br>Na pewno nie tam<br>Gdzie te bestie i wszelacy<br>Wsp\u00f3\u0142pracuj\u0105cy z ich bestialstwem \u0142ajdacko<br>I cho\u0107 oni nie wierz\u0105<br>W Boga i piek\u0142o<br>Nie znaczy to wcale<br>\u017be ich to nie spotka<br>Pod\u0142ug Bo\u017cej elementarnej sprawiedliwo\u015bci zreszt\u0105<br>Bo to wszystko przeciwko niewinnym<br>To ca\u0142e wszelkie bandyckie bestialstwo<\/strong><\/p>\n","protected":false},"excerpt":{"rendered":"<p>1.Po raz pierwszyJak\u017ce\u017c to nie bestie Jak\u017ce\u017c to nie s\u0105 bestieSkoro chc\u0105 mnie pozbawi\u0107 wszystkiegoCo kocham bezwarunkowoNajpierw mojej \u017conyWszystko jedno w spos\u00f3b jakiPrzez jakich \u0142ajdak\u00f3wPotem&hellip; <\/p>\n","protected":false},"author":1,"featured_media":0,"parent":0,"menu_order":0,"comment_status":"closed","ping_status":"closed","template":"","meta":{"footnotes":""},"class_list":["post-9574","page","type-page","status-publish","hentry"],"_links":{"self":[{"href":"https:\/\/hubertpietka.bialystok.pl\/index.php?rest_route=\/wp\/v2\/pages\/9574","targetHints":{"allow":["GET"]}}],"collection":[{"href":"https:\/\/hubertpietka.bialystok.pl\/index.php?rest_route=\/wp\/v2\/pages"}],"about":[{"href":"https:\/\/hubertpietka.bialystok.pl\/index.php?rest_route=\/wp\/v2\/types\/page"}],"author":[{"embeddable":true,"href":"https:\/\/hubertpietka.bialystok.pl\/index.php?rest_route=\/wp\/v2\/users\/1"}],"replies":[{"embeddable":true,"href":"https:\/\/hubertpietka.bialystok.pl\/index.php?rest_route=%2Fwp%2Fv2%2Fcomments&post=9574"}],"version-history":[{"count":1,"href":"https:\/\/hubertpietka.bialystok.pl\/index.php?rest_route=\/wp\/v2\/pages\/9574\/revisions"}],"predecessor-version":[{"id":9576,"href":"https:\/\/hubertpietka.bialystok.pl\/index.php?rest_route=\/wp\/v2\/pages\/9574\/revisions\/9576"}],"wp:attachment":[{"href":"https:\/\/hubertpietka.bialystok.pl\/index.php?rest_route=%2Fwp%2Fv2%2Fmedia&parent=9574"}],"curies":[{"name":"wp","href":"https:\/\/api.w.org\/{rel}","templated":true}]}}