{"id":9578,"date":"2025-08-16T08:17:31","date_gmt":"2025-08-16T08:17:31","guid":{"rendered":"https:\/\/hubertpietka.bialystok.pl\/?page_id=9578"},"modified":"2025-08-16T08:17:31","modified_gmt":"2025-08-16T08:17:31","slug":"nasze-pieski-jako-intencjonalnosc-dla-nas-bozej-laski-wszelkiej","status":"publish","type":"page","link":"https:\/\/hubertpietka.bialystok.pl\/?page_id=9578","title":{"rendered":"Nasze pieski \/ jako intencjonalno\u015b\u0107 dla nas &#8211; Bo\u017cej \u0142aski wszelkiej"},"content":{"rendered":"\n<p>Kochany *<strong>S\u0142awiku<\/strong>*<br>Jak\u017ce *<strong>wys\u0142awi\u0119<\/strong>* piesku twe imi\u0119<br>Na przek\u00f3r z\u0142o\u015bci bandyckiej<br>I \u0142ajdak\u00f3w wszelkich<br>We swych r\u00f3\u017cnych wobec nas pocz\u0119ciach<br>Ty jeste\u015b nam *<strong>s\u0142awetn\u0105<\/strong>* obron\u0105<br>Przed tymi r\u00f3\u017cnymi bestialskimi napastnikami<br>Ty piesku kochany nasz *<strong>s\u0142awny<\/strong>*<\/p>\n\n\n\n<p>I co za pech<br>\u0141ajdacki i bandycki zar\u00f3wno<br>Bo jako\u015b nie sprawdza si\u0119<br>Teza bandycka ob\u0142udna i tych<br>Wszelkich \u0142ajdak\u00f3w r\u00f3\u017cnych z rod\u00f3wki<br>\u017be taki to z\u0142y pies<br>Bo na smyczy ju\u017c chodzi<br>Jak baranek nie przyr\u00f3wnuj\u0105c<br>Na tym s\u0142awnym \u0142a\u0144cuszku<br>Co za pech \u0142ajdacki bandycki<br>Nie rzuca si\u0119 na rowery hulajnogi<br>Samochody ludzi i nawet<br>W stosunku do piesk\u00f3w innych<br>Nie jest agresywny<br>Co za dramat \u0142ajdacki bandycki<br>\u017be si\u0119 ta ob\u0142udna bandycka<br>Teza tu nie potwierdza<\/p>\n\n\n\n<p>Dramat tej podwiji tu tak\u017ce<br>Tam na rod\u00f3wce innych \u0142ajdak\u00f3w<br>Dramat chach\u0142ackiego ta\u0142atajstwa tak\u017ce<br>Bo b\u0119dzie nas broni\u0142 dalej<br>Przed ka\u017cd\u0105 ob\u0142udn\u0105 agresj\u0105 napa\u015bci<br>Na naszym terytorium<br>Bo tak maj\u0105 \u0142ajdacy wszelacy<br>Psy obronne w\u0142a\u015bnie<br>I dlatego ci bandyci<br>I wszelcy \u0142ajdacy chc\u0105 go<br>Usun\u0105\u0107 zniszczy\u0107 zabi\u0107<br>Bo wiedz\u0105 \u017ce jest tak<br>I nie inaczej tak naprawd\u0119<\/p>\n\n\n\n<p><em>Dzi\u015b \u015bw. *<strong>Rocha<\/strong>* jest<br>Towarzyszem jego by\u0142 w\u0142a\u015bnie pies<br>Kiedy go odrzucili ludzie<br>W potrzebie pod\u0142ug nieprawo\u015bci w\u0142asnej<br>Kochany S\u0142awiku towarzysz nam zawsze<br>Tak\u017ce przy tej muzyce *<strong>rocku<\/strong>*<br>Kt\u00f3ry lubisz i ty<br>Jak i *<strong>Dumka<\/strong>* kochana nasza<br>Ona zawsze te\u017c jest<br>Nieroz\u0142\u0105czn\u0105 *<strong>dum\u0105<\/strong>* nasz\u0105 z nami<br>Hej pieski nasze kochane<br>Przy tej okazji za\u015bpiewam sobie<br>\u015apiewa\u0107 w sercu b\u0119d\u0119 zawsze<br>Dlatego te\u017c w\u0142a\u015bnie<br>\u017be s\u0105 pociech\u0105 nasz\u0105<br>Obron\u0105 wspania\u0142\u0105 przed napa\u015bciami bandyckimi<br>Tych wszelakich gdziekolwiek \u0142ajdak\u00f3w<br>Wasza rola w naszym \u017cyciu<br>Jest nie do po przecenienia<\/em><\/p>\n\n\n\n<p>(I jeszcze jedno s\u0142owo<br>W innym temacie<br>Tych gwiazd bandyckich r\u00f3\u017cnych<br>Kt\u00f3re maj\u0105 by\u0107 piecz\u0119ci\u0105<br>Na zbrodniach bandyckich wobec \u017cony<br>Niech si\u0119 odczepi\u0105 ode mnie<br>Od nas nie widz\u0105 gwiazdy tego<br>\u017be ich intencje pog\u0142\u0119biaj\u0105<br>Bestialskie tendencje tych bandyt\u00f3w<br>Na zbrodniach na nas<br>Niech lepiej zamilkn\u0105<br>Ze swymi niby dobrymi ch\u0119ciami<br>Kt\u00f3rymi jest piek\u0142o wed\u0142ug powiedzenia<br>Wybrukowane r\u00f3\u017cnymi obietnicami bez poparcia<br>Kt\u00f3re dodatkowo utwierdzaj\u0105 zbrodnie bandyckie<br>Niech spadaj\u0105 se \u015bwieci\u0107 gdzie indziej ni\u017c<br>W naszym w moim \u017cyciu<br>Czy tylko w naszym kontek\u015bcie<br>Kimkolwiek by nie by\u0142y<br>One maj\u0105 by\u0107 piecz\u0119ci\u0105<br>Na tych zbrodniach szata\u0144skich bandyt\u00f3w<br>Nic z tego nie b\u0119dzie<br>To tak na marginesie jeszcze)<\/p>\n\n\n\n<p><strong><em><a href=\"https:\/\/youtu.be\/KluzKnEapkA\">Wilki &#8211; Na zawsze i na wieczno\u015b\u0107 <\/a><\/em><\/strong><\/p>\n\n\n\n<figure class=\"wp-block-gallery has-nested-images columns-default is-cropped wp-block-gallery-1 is-layout-flex wp-block-gallery-is-layout-flex\">\n<figure class=\"wp-block-image size-large\"><a href=\"https:\/\/hubertpietka.bialystok.pl\/wp-content\/uploads\/2025\/08\/1000019196.jpg\"><img loading=\"lazy\" decoding=\"async\" width=\"1024\" height=\"827\" data-id=\"9579\" src=\"https:\/\/hubertpietka.bialystok.pl\/wp-content\/uploads\/2025\/08\/1000019196-1024x827.jpg\" alt=\"\" class=\"wp-image-9579\" srcset=\"https:\/\/hubertpietka.bialystok.pl\/wp-content\/uploads\/2025\/08\/1000019196-1024x827.jpg 1024w, https:\/\/hubertpietka.bialystok.pl\/wp-content\/uploads\/2025\/08\/1000019196-300x242.jpg 300w, https:\/\/hubertpietka.bialystok.pl\/wp-content\/uploads\/2025\/08\/1000019196-768x620.jpg 768w, https:\/\/hubertpietka.bialystok.pl\/wp-content\/uploads\/2025\/08\/1000019196-1536x1240.jpg 1536w, https:\/\/hubertpietka.bialystok.pl\/wp-content\/uploads\/2025\/08\/1000019196.jpg 1600w\" sizes=\"auto, (max-width: 1024px) 100vw, 1024px\" \/><\/a><\/figure>\n<\/figure>\n\n\n\n<figure class=\"wp-block-gallery has-nested-images columns-default is-cropped wp-block-gallery-2 is-layout-flex wp-block-gallery-is-layout-flex\">\n<figure class=\"wp-block-image size-large\"><a href=\"https:\/\/hubertpietka.bialystok.pl\/wp-content\/uploads\/2025\/08\/1000019189.jpg\"><img loading=\"lazy\" decoding=\"async\" width=\"1024\" height=\"576\" data-id=\"9580\" src=\"https:\/\/hubertpietka.bialystok.pl\/wp-content\/uploads\/2025\/08\/1000019189-1024x576.jpg\" alt=\"\" class=\"wp-image-9580\" srcset=\"https:\/\/hubertpietka.bialystok.pl\/wp-content\/uploads\/2025\/08\/1000019189-1024x576.jpg 1024w, https:\/\/hubertpietka.bialystok.pl\/wp-content\/uploads\/2025\/08\/1000019189-300x169.jpg 300w, https:\/\/hubertpietka.bialystok.pl\/wp-content\/uploads\/2025\/08\/1000019189-768x432.jpg 768w, https:\/\/hubertpietka.bialystok.pl\/wp-content\/uploads\/2025\/08\/1000019189-1536x864.jpg 1536w, https:\/\/hubertpietka.bialystok.pl\/wp-content\/uploads\/2025\/08\/1000019189.jpg 1920w\" sizes=\"auto, (max-width: 1024px) 100vw, 1024px\" \/><\/a><\/figure>\n<\/figure>\n\n\n\n<figure class=\"wp-block-gallery has-nested-images columns-default is-cropped wp-block-gallery-3 is-layout-flex wp-block-gallery-is-layout-flex\">\n<figure class=\"wp-block-image size-large\"><a href=\"https:\/\/hubertpietka.bialystok.pl\/wp-content\/uploads\/2025\/08\/1000019197.jpg\"><img loading=\"lazy\" decoding=\"async\" width=\"1024\" height=\"771\" data-id=\"9581\" src=\"https:\/\/hubertpietka.bialystok.pl\/wp-content\/uploads\/2025\/08\/1000019197-1024x771.jpg\" alt=\"\" class=\"wp-image-9581\" srcset=\"https:\/\/hubertpietka.bialystok.pl\/wp-content\/uploads\/2025\/08\/1000019197-1024x771.jpg 1024w, https:\/\/hubertpietka.bialystok.pl\/wp-content\/uploads\/2025\/08\/1000019197-300x226.jpg 300w, https:\/\/hubertpietka.bialystok.pl\/wp-content\/uploads\/2025\/08\/1000019197-768x578.jpg 768w, https:\/\/hubertpietka.bialystok.pl\/wp-content\/uploads\/2025\/08\/1000019197-1536x1157.jpg 1536w, https:\/\/hubertpietka.bialystok.pl\/wp-content\/uploads\/2025\/08\/1000019197.jpg 1599w\" sizes=\"auto, (max-width: 1024px) 100vw, 1024px\" \/><\/a><\/figure>\n<\/figure>\n\n\n\n<p><strong>Na zdj. Nasze kochane zwierz\u0105tka<br>I pieski i kotek<br>Bogu dzi\u0119kuj\u0119 za nie<br>W ka\u017cdej chwili swego \u017cycia<br>Nasze kochane zwierz\u0105tka<br>Bo one wbrew k\u0142amstwom bandyckim<br>I ich zbrodniom \u0142ajdak\u00f3w wszelakich<br>Zawsze s\u0105 zwornikami woli Bo\u017cej<br>W naszym \u017cyciu<br>Bo one tym \u017ce<br>Po prostu s\u0105 jakie s\u0105<br>Tym oddaj\u0105 ju\u017c chwa\u0142\u0119 Bogu<br>Jezu ufam Tobie<br>Rozradowa\u0142em si\u0119 teraz bardzo<br>W Duchu \u015awi\u0119tym z powodu<br>\u017bony i tych zwierz\u0105t<br>Tego co mamy na przek\u00f3r<br>Wszelkiej z\u0142o\u015bci diabelskiej tych bandyt\u00f3w<br>I wszelkich pod\u0142ug nich \u0142ajdak\u00f3w<br>Rozradowa\u0142em si\u0119 teraz w Panu<br>Rado\u015bci\u0105 wdzi\u0119czno\u015bci\u0105 i pokor\u0105 bardzo<br>Za to wszystko<br>Za nas naszych i nasze<br>Jezu ufam Tobie ave Maria<\/strong><\/p>\n\n\n\n<p class=\"has-text-align-center\"><strong><em><a href=\"https:\/\/youtu.be\/74NUFbnVQ88\">Artur Rojek &#8211; Kundel <\/a><\/em><\/strong><\/p>\n\n\n\n<p><em>(A pewnie \u017ce oni<br>Woleliby by ich nazywa\u0107 szlachetnymi<br>Cho\u0107by jak wielki cz\u0142owiek czyni<br>A nie bestiami czy \u0142ajdakami<br>Cho\u0107by pod\u0142ug przemocy kt\u00f3r\u0105 dysponuj\u0105<br>Ale to w\u0142a\u015bnie definiuje ich<br>\u0141ajdactwa i bestialstwa bo przeciwko<br>Tym niewinnym i innym<br>Wszelka przemoc bandycka i \u0142ajdacka<br>Kt\u00f3ra ma prowadzi\u0107 do zbrodni<br>Pod\u0142ug k\u0142amstw ob\u0142udnych szata\u0144skich wszelkich<br>I w ten spos\u00f3b<br>A szlachetnymi to ja raczej<br>Nazw\u0119 ich ofiary bestialstwa \u0142ajdactwa<br>Cho\u0107by wszelkie tego holokaustu wsp\u00f3\u0142czesnego<br>Na przek\u00f3r dialektyce ideologicznej bandyt\u00f3w<br>I to tak na marginesie<br>Tu jeszcze)<\/em><\/p>\n\n\n\n<p class=\"has-text-align-right\"><strong><em><a href=\"https:\/\/youtu.be\/c2IVvDKXKTQ\">T.Love &#8211; Trzy czwarte<\/a><\/em><\/strong><\/p>\n","protected":false},"excerpt":{"rendered":"<p>Kochany *S\u0142awiku*Jak\u017ce *wys\u0142awi\u0119* piesku twe imi\u0119Na przek\u00f3r z\u0142o\u015bci bandyckiejI \u0142ajdak\u00f3w wszelkichWe swych r\u00f3\u017cnych wobec nas pocz\u0119ciachTy jeste\u015b nam *s\u0142awetn\u0105* obron\u0105Przed tymi r\u00f3\u017cnymi bestialskimi napastnikamiTy piesku&hellip; <\/p>\n","protected":false},"author":1,"featured_media":0,"parent":0,"menu_order":0,"comment_status":"closed","ping_status":"closed","template":"","meta":{"footnotes":""},"class_list":["post-9578","page","type-page","status-publish","hentry"],"_links":{"self":[{"href":"https:\/\/hubertpietka.bialystok.pl\/index.php?rest_route=\/wp\/v2\/pages\/9578","targetHints":{"allow":["GET"]}}],"collection":[{"href":"https:\/\/hubertpietka.bialystok.pl\/index.php?rest_route=\/wp\/v2\/pages"}],"about":[{"href":"https:\/\/hubertpietka.bialystok.pl\/index.php?rest_route=\/wp\/v2\/types\/page"}],"author":[{"embeddable":true,"href":"https:\/\/hubertpietka.bialystok.pl\/index.php?rest_route=\/wp\/v2\/users\/1"}],"replies":[{"embeddable":true,"href":"https:\/\/hubertpietka.bialystok.pl\/index.php?rest_route=%2Fwp%2Fv2%2Fcomments&post=9578"}],"version-history":[{"count":1,"href":"https:\/\/hubertpietka.bialystok.pl\/index.php?rest_route=\/wp\/v2\/pages\/9578\/revisions"}],"predecessor-version":[{"id":9582,"href":"https:\/\/hubertpietka.bialystok.pl\/index.php?rest_route=\/wp\/v2\/pages\/9578\/revisions\/9582"}],"wp:attachment":[{"href":"https:\/\/hubertpietka.bialystok.pl\/index.php?rest_route=%2Fwp%2Fv2%2Fmedia&parent=9578"}],"curies":[{"name":"wp","href":"https:\/\/api.w.org\/{rel}","templated":true}]}}