{"id":9584,"date":"2025-08-17T09:34:02","date_gmt":"2025-08-17T09:34:02","guid":{"rendered":"https:\/\/hubertpietka.bialystok.pl\/?page_id=9584"},"modified":"2025-08-17T09:34:02","modified_gmt":"2025-08-17T09:34:02","slug":"najstraszniejsza-nedza-nie-materialna-jest-lecz-ta-duchowa-wlasnie-bo-ona-czyni-spustoszenie-swiata-i-wnetrza-czlowieka-antywartosciami-szatanskimi","status":"publish","type":"page","link":"https:\/\/hubertpietka.bialystok.pl\/?page_id=9584","title":{"rendered":"Najstraszniejsza n\u0119dza \/ nie materialna jest lecz ta duchowa w\u0142a\u015bnie \/ bo ona czyni spustoszenie \u015bwiata i wn\u0119trza cz\u0142owieka &#8211; antywarto\u015bciami szata\u0144skimi"},"content":{"rendered":"\n<p>C\u00f3\u017c za straszna tak naprawd\u0119<br>N\u0119dza bandycka \u0142ajdacka<br>Pa\u015b\u0107 si\u0119 na nieszcz\u0119\u015bciach czyich\u015b<br>C\u00f3\u017c za n\u0119dza piekielna<br>\u017by\u0107 tylko po to by<br>Komu\u015b szkodzi\u0107 z\u0142o czyni\u0107 r\u00f3\u017cne<br>C\u00f3\u017c za n\u0119dza bandycka straszna<\/p>\n\n\n\n<p>I za z\u0142o kt\u00f3re czyni\u0105<br>Obwinia\u0107 innych bo si\u0119 broni\u0105<br>Bo nie poddaj\u0105 si\u0119 wszelkiej<br>Przemocy bandyckiej<br>Jak z tym tu na tej wsi<br>Zabraniem dzisiaj pr\u0105du<\/p>\n\n\n\n<p>C\u00f3\u017c za \u0142ajdacka n\u0119dza bandycka<br>Antagonizowa\u0107 ludzi do nas<br>I do siebie nawzajem<br>Byleby tylko spe\u0142nia\u0107 wszelkie swe<br>Bestialskie po\u017c\u0105dania<br>Byleby tylko to wykorzysta\u0107<br>Przeciwko nam naszemu naszym<br>I innym dzieciom Bo\u017cym<br>C\u00f3\u017c za n\u0119dza bandycka straszna<\/p>\n\n\n\n<p>C\u00f3\u017c za n\u0119dza bestii dalej<br>Skoro ich celem g\u0142\u00f3wnym jest<br>Jak wida\u0107 zniewala\u0107 niszczy\u0107 zabija\u0107<br>C\u00f3\u017c za n\u0119dza \u0142ajdacka<br>Skoro ich g\u0142\u00f3wnym celem<br>Do kt\u00f3rego d\u0105\u017c\u0105 jest<br>Zabi\u0107 \u017con\u0119 bliskich m\u0119\u017ca zniewoli\u0107<br>C\u00f3\u017c za n\u0119dza straszna<br>\u017by\u0107 dla zbrodni<br>I w imi\u0119 z\u0142a<\/p>\n\n\n\n<p>C\u00f3\u017c za n\u0119dza<br>Stawia\u0107 alternatywy fa\u0142szywe<br>A tak naprawd\u0119 pos\u0142ugiwa\u0107 si\u0119<br>Tym \u0142ajdackim szanta\u017cem<br>\u017be albo my albo inni<br>I to pomimo tego nawet<br>\u017be B\u00f3g stawia zupe\u0142nie inn\u0105<br>Alternatyw\u0119 prawdziw\u0105 \u017ce je\u015bli my<br>To i wy i wszyscy<br>I \u015bwiat ca\u0142y<\/p>\n\n\n\n<p>C\u00f3\u017c za n\u0119dza wreszcie<br>Post\u0119powa\u0107 w imi\u0119 wszelkich<br>K\u0142amstw szata\u0144skich ku zbrodniom<br>Na przek\u00f3r Bo\u017cym sprawom<br>I warto\u015bciom Bo\u017cym wszelkim<\/p>\n\n\n\n<p>N\u0119dza straszna cho\u0107 mog\u0105 by\u0107<br>I materialnie najbogatsi<br>N\u0119dza straszna pustota duchowa<br>Wszelkim z\u0142em szata\u0144skim zaczerniona<br>N\u0119dza najstraszniejsza bo ducha n\u0119dza<br>Wystawiaj\u0105ca siebie i innych<br>Na pot\u0119pienie w piekle<br>Bo oni nie sami tylko<br>Z\u0142o chc\u0105 czyni\u0107 i czyni\u0105<br>Ale do tego wszelkich nieusystematyzowanych<br>W warto\u015bciach dobra sk\u0142aniaj\u0105 ci\u0105gn\u0105<\/p>\n\n\n\n<p>C\u00f3\u017c za n\u0119dza skoro<br>Byleby tylko jak nie<br>Oni sami to byleby ktokolwiek<br>Czyni\u0142 nam wszelkie z\u0142o szata\u0144skie<br>Kogokolwiek do tego predysponuj\u0105 \u0142ajdacko<br>Zawodowych prywatnych s\u0142u\u017cbowych<br>Pod\u0142ug antagonizm\u00f3w szanta\u017c\u00f3w kt\u00f3re wytwarzaj\u0105<br>Szata\u0144sko ci\u0105gle oni sami<br>I gdziekolwiek zreszt\u0105<br>N\u0119dza piekielna niejako<\/p>\n\n\n\n<p>I nie chc\u0105 niewinnym<br>Da\u0107 \u017cy\u0107 oni bo przecie\u017c<br>Przestrze\u0144 \u015bwiata niby do nich<br>Tylko ma nale\u017ce\u0107<br>I im podobnych niby lepszych<br>A tak naprawd\u0119 chyba<br>W k\u0142amstwach i zbrodniach li&#8217;tylko<br>Jak by \u015bwiat nie by\u0142<br>Dziedzictwem wszystkich Bo\u017cych dzieci<br>C\u00f3\u017c za n\u0119dza straszna<br>Zatraci\u0107 si\u0119 we wszelkim<br>Z\u0142u szata\u0144skim czyni\u0105cym z ludzi<br>Tak naprawd\u0119 bestie kt\u00f3re chc\u0105<br>Innym z\u0142o czyni\u0107 nieustannie<br>I na sposoby wszelkie<\/p>\n\n\n\n<p>C\u00f3\u017c za n\u0119dza straszna<br>\u017by\u0107 we wszystkim tym z\u0142u<br>Pod\u0142ug wyst\u0119pk\u00f3w szatana wszelkich<br>K\u0142amstw i ob\u0142udy i to<br>Z nim wsp\u00f3\u0142dzieli\u0107 we wszystkim<br>N\u0119dza potworna<br>To te\u017c z ludzi czyni\u0105cych<br>Dla innych potwor\u00f3w r\u00f3\u017cnych<br>Kt\u00f3rzy zapami\u0119tuj\u0105 si\u0119 w z\u0142u<br>Pod\u0142ug nienawi\u015bci z\u0142owrogo\u015bci<br>Do nas i wszelkich dzieci Bo\u017cych<\/p>\n\n\n\n<figure class=\"wp-block-gallery has-nested-images columns-default is-cropped wp-block-gallery-1 is-layout-flex wp-block-gallery-is-layout-flex\">\n<figure class=\"wp-block-image size-large\"><a href=\"https:\/\/hubertpietka.bialystok.pl\/wp-content\/uploads\/2025\/08\/1000019316.jpg\"><img loading=\"lazy\" decoding=\"async\" width=\"1024\" height=\"771\" data-id=\"9585\" src=\"https:\/\/hubertpietka.bialystok.pl\/wp-content\/uploads\/2025\/08\/1000019316-1024x771.jpg\" alt=\"\" class=\"wp-image-9585\" srcset=\"https:\/\/hubertpietka.bialystok.pl\/wp-content\/uploads\/2025\/08\/1000019316-1024x771.jpg 1024w, https:\/\/hubertpietka.bialystok.pl\/wp-content\/uploads\/2025\/08\/1000019316-300x226.jpg 300w, https:\/\/hubertpietka.bialystok.pl\/wp-content\/uploads\/2025\/08\/1000019316-768x578.jpg 768w, https:\/\/hubertpietka.bialystok.pl\/wp-content\/uploads\/2025\/08\/1000019316-1536x1156.jpg 1536w, https:\/\/hubertpietka.bialystok.pl\/wp-content\/uploads\/2025\/08\/1000019316.jpg 1600w\" sizes=\"auto, (max-width: 1024px) 100vw, 1024px\" \/><\/a><\/figure>\n<\/figure>\n\n\n\n<p><em>Na zdj. A przecie\u017c \u015bwiat jest<br>Taki pi\u0119kny i mo\u017ce by\u0107<br>Miejsce w nim dla wszystkich<br>Przecie\u017c zasad\u0105 tego \u015bwiata<br>Nie powinno by\u0107 z\u0142o bandyckie<br>Lecz wsp\u00f3\u0142dzielenie Bo\u017cych warto\u015bci<br>Nie powinno si\u0119 \u017cy\u0107<br>Dla z\u0142a lecz ku<br>Dobru prawdziwemu p\u0142yn\u0105cemu z przestrzegania<br>Bo\u017cych warto\u015bci i zasad<br>A nie w imi\u0119<br>K\u0142amstw szata\u0144skich i zbrodni wszelakich<br>Jak u tych bandyckich \u0142ajdak\u00f3w<br>C\u00f3\u017c za straszna n\u0119dza<br>Z\u0142u i z\u0142emu si\u0119<br>Na bestialsk\u0105 s\u0142u\u017cb\u0119 ca\u0142kowicie po\u015bwi\u0119ca\u0107<br>To te\u017c i odziedzicz\u0105<br>Szatan upomni si\u0119 o swoje dzieci<br>W imi\u0119 tej n\u0119dzy z\u0142oczynienia<br>I ob\u0142udy wszelkiej realizowanej wsz\u0119dzie<\/em><\/p>\n\n\n\n<p class=\"has-text-align-center\"><strong><em><a href=\"https:\/\/youtu.be\/0nPKMcmF2x8\">Stare Dobre Ma\u0142\u017ce\u0144stwo  &#8211; Dla wszystkich starczy miejsca<\/a><\/em><\/strong><\/p>\n","protected":false},"excerpt":{"rendered":"<p>C\u00f3\u017c za straszna tak naprawd\u0119N\u0119dza bandycka \u0142ajdackaPa\u015b\u0107 si\u0119 na nieszcz\u0119\u015bciach czyich\u015bC\u00f3\u017c za n\u0119dza piekielna\u017by\u0107 tylko po to byKomu\u015b szkodzi\u0107 z\u0142o czyni\u0107 r\u00f3\u017cneC\u00f3\u017c za n\u0119dza bandycka&hellip; <\/p>\n","protected":false},"author":1,"featured_media":0,"parent":0,"menu_order":0,"comment_status":"closed","ping_status":"closed","template":"","meta":{"footnotes":""},"class_list":["post-9584","page","type-page","status-publish","hentry"],"_links":{"self":[{"href":"https:\/\/hubertpietka.bialystok.pl\/index.php?rest_route=\/wp\/v2\/pages\/9584","targetHints":{"allow":["GET"]}}],"collection":[{"href":"https:\/\/hubertpietka.bialystok.pl\/index.php?rest_route=\/wp\/v2\/pages"}],"about":[{"href":"https:\/\/hubertpietka.bialystok.pl\/index.php?rest_route=\/wp\/v2\/types\/page"}],"author":[{"embeddable":true,"href":"https:\/\/hubertpietka.bialystok.pl\/index.php?rest_route=\/wp\/v2\/users\/1"}],"replies":[{"embeddable":true,"href":"https:\/\/hubertpietka.bialystok.pl\/index.php?rest_route=%2Fwp%2Fv2%2Fcomments&post=9584"}],"version-history":[{"count":1,"href":"https:\/\/hubertpietka.bialystok.pl\/index.php?rest_route=\/wp\/v2\/pages\/9584\/revisions"}],"predecessor-version":[{"id":9586,"href":"https:\/\/hubertpietka.bialystok.pl\/index.php?rest_route=\/wp\/v2\/pages\/9584\/revisions\/9586"}],"wp:attachment":[{"href":"https:\/\/hubertpietka.bialystok.pl\/index.php?rest_route=%2Fwp%2Fv2%2Fmedia&parent=9584"}],"curies":[{"name":"wp","href":"https:\/\/api.w.org\/{rel}","templated":true}]}}