{"id":9588,"date":"2025-08-21T23:30:06","date_gmt":"2025-08-21T23:30:06","guid":{"rendered":"https:\/\/hubertpietka.bialystok.pl\/?page_id=9588"},"modified":"2025-08-21T23:30:06","modified_gmt":"2025-08-21T23:30:06","slug":"do-obrony-przed-hipokryzja-bandycka-nie-dano-przeciez-prawa-a-nawet-do-jej-obludy-wszelkiej-nominalnie-nazywania","status":"publish","type":"page","link":"https:\/\/hubertpietka.bialystok.pl\/?page_id=9588","title":{"rendered":"Do obrony przed hipokryzj\u0105 bandyck\u0105 &#8211; nie dano przecie\u017c prawa \/ a nawet do jej &#8211; ob\u0142udy wszelkiej nominalnie nazywania"},"content":{"rendered":"\n<p>1.<br>Prawda jest taka<br>\u017be jak ci jeden taki<br>Czy drugi czy trzeci<br>Samozwa\u0144czy gwiazdor napsuje krwi<br>Na pocz\u0105tku grania czy potem<br>To grania ju\u017c nie ma<br>A czy\u017c to nie jest<br>Na r\u0119k\u0119 tym \u0142ajdackim bandytom<br>I to jest najlepsze<br>\u017be za czyj\u0105\u015b wielk\u0105 mord\u0119 tak zwan\u0105<br>Wobec kogo\u015b odpowiedniego przecie\u017c<br>Bo nie siebie i swoich<br>I zazwyczaj przy okazji<br>Te\u017c g\u00f3wno grania okre\u015blaj\u0105c pospolicie<br>I za moje si\u0119 odszczekni\u0119cia<br>To ja mam by\u0107 karany<br>Cho\u0107 ja nie prowokuje raczej<br>Tu i gdziekolwiek takich sytuacji<br>Chyba nigdy pierwszy<br>Tak si\u0119 staram przynajmniej<br>Widocznie nie mam o osobie<br>Tak wspania\u0142ego mniemania<br>Kt\u00f3re maj\u0105 te gwiazdy<br>I ci bandyci pod\u0142ug kt\u00f3rych<br>To wszystko tak czy inaczej<br>Maj\u0105 przecie\u017c o sobie wspania\u0142e<br>Widzimisi\u0119 i te\u017c o wszystkim<br>I oczywi\u015bcie zero obiektywizmu<br>Tak przy okazji<br>Byleby tylko by\u0142o wszystko<br>Na ten m\u0142yn \u0142ajdacki bandycki<br>Byleby pod\u0142ug tej pod\u0142ej hipokryzji<br>Kt\u00f3ra ma uderza\u0107 zawsze<br>Przecie\u017c jedynie s\u0142usznie<\/p>\n\n\n\n<p>A nerwy nam psu\u0107 mog\u0105<br>I dyba\u0107 na nas nienawistnie<br>Oczywi\u015bcie wszyscy i wsz\u0119dzie<br>I to niby z tej<br>Naszej winy<br>Tak mo\u017cna to przecie\u017c wszystko<br>Wobec nas naszego i naszych<br>Pod\u0142ug pod\u0142ej ob\u0142udy bandyckiej rozgrywa\u0107<br>Gdzie si\u0119 przenosi \u0142ajdacko akcenty<br>Z\u0142o nazywaj\u0105c czyim\u015b prawem<br>A sprawiedliw\u0105 obron\u0119 spraw\u0105 niew\u0142a\u015bciw\u0105<br>Bo niepo\u017c\u0105dan\u0105 przecie\u017c przez tych<br>\u0141ajdackich bandyt\u00f3w i im podobnych<br>W ob\u0142udnych d\u0105\u017ceniach do zbrodni<br>Na nas naszych i naszym<br>Pod\u0142ug \u015bmierci zniewolenia i zniszczenia<br>Ale i tak\u017ce \u0142ajdackiego przecie\u017c<br>Psucia komu\u015b nerw\u00f3w<br>Kt\u00f3re ma mie\u0107 poza tym<br>Efekt ob\u0142udnie po\u017c\u0105dany przez wszelkich<br>Bandyt\u00f3w szata\u0144skich i im podobnych<br>W \u0142ajdactwach niesko\u0144czonych<br>Kt\u00f3re nawet je\u015bli s\u0105 ma\u0142e<br>Sw\u00f3j efekt wi\u0119kszych \u0142ajdactw<br>Te\u017c maj\u0105 osi\u0105ga\u0107 po\u017c\u0105dany szata\u0144sko<br>To wszystko ma swoje prze\u0142o\u017cenia<br>We wszelkim z\u0142u szata\u0144skim perfidnie<br>Tak naprawd\u0119 dla nas naszego<br>I naszych ob\u0142uda ma mie\u0107 te\u017c przecie\u017c<br>Dalekosi\u0119gaj\u0105ce swe efekty mie\u0107 mo\u017ce<br>Przek\u0142adaj\u0105ce si\u0119 na sprawy r\u00f3\u017cne<br>I oczywi\u015bcie dzia\u0142ania te ob\u0142udne<br>Wszelkie s\u0105 uprawomocnione<br>Ale obrona przed nimi<br>Jest nieuprawniona wed\u0142ug si\u0119gaj\u0105cych<br>Daleko i finalnie te\u017c przecie\u017c<br>Efekt\u00f3w ka\u017cdej ob\u0142udy pod\u0142ej niezmiernie<br>Pod\u0142ug bandyckich hipokryt\u00f3w<br>I im podobnych przecie\u017c<br>Maj\u0105 oni prawo do ob\u0142udy<br>Do hipokryzji wszelkiej<br>Ale do obrony przed ni\u0105<br>I jej skutkami wszelkimi<br>Ju\u017c prawa nie maj\u0105<br>Tej ob\u0142udy niewinni tak naprawd\u0119<\/p>\n\n\n\n<p>2.<br>Ten hipokryta podwija bandycka<br>Ma \u0142ajdaczy\u0107 tutaj<br>Tam ci wykoleje\u0144cy szemra\u0144cy zajadli<br>Czy tam jacy bydlaccy<br>Prywatni s\u0142u\u017cbowi czy zawodowi<br>Pewnie oni wed\u0142ug ob\u0142udy bandyckiej<br>Szata\u0144skiej i pod\u0142ej chyba<br>W calu ka\u017cdym<br>Mog\u0105 \u0142ajdacko napada\u0107 prowokowa\u0107 zawsze<br>Maj\u0105 przecie\u017c prawo do ob\u0142udy<br>Tej wszelkiej \u0142ajdackiej zawsze<br>Ale ty zapewne prawa takiego<br>Nie masz do obrony<br>Przed t\u0105 ob\u0142ud\u0105 totaln\u0105 szata\u0144sk\u0105<br>Nigdy siebie swojego i swoich<br>U\u0142o\u017cyli sobie to wszystko cudnie<br>Pod\u0142ug szata\u0144skiej totalnie hipokryzji zreszt\u0105<br>Oni \u0142ajdaccy bandyci to wszystko<br>I im podobni te\u017c wszelcy<br>Nie ma przecie\u017c prawa samoobronny<br>Pod\u0142ug \u0142ajdackiej totalnie ob\u0142udy bandyckiej<br>Przed wszelkim szata\u0144stwem broni\u0107 si\u0119<br>Przecie\u017c nie wypada za bardzo<br>A ju\u017c tym bardziej<br>Nazywa\u0107 to pod\u0142ug prawdy odpowiednio<\/p>\n\n\n\n<figure class=\"wp-block-gallery has-nested-images columns-default is-cropped wp-block-gallery-1 is-layout-flex wp-block-gallery-is-layout-flex\">\n<figure class=\"wp-block-image size-large\"><a href=\"https:\/\/hubertpietka.bialystok.pl\/wp-content\/uploads\/2025\/08\/1000020293.jpg\"><img loading=\"lazy\" decoding=\"async\" width=\"1024\" height=\"771\" data-id=\"9589\" src=\"https:\/\/hubertpietka.bialystok.pl\/wp-content\/uploads\/2025\/08\/1000020293-1024x771.jpg\" alt=\"\" class=\"wp-image-9589\" srcset=\"https:\/\/hubertpietka.bialystok.pl\/wp-content\/uploads\/2025\/08\/1000020293-1024x771.jpg 1024w, https:\/\/hubertpietka.bialystok.pl\/wp-content\/uploads\/2025\/08\/1000020293-300x226.jpg 300w, https:\/\/hubertpietka.bialystok.pl\/wp-content\/uploads\/2025\/08\/1000020293-768x578.jpg 768w, https:\/\/hubertpietka.bialystok.pl\/wp-content\/uploads\/2025\/08\/1000020293-1536x1157.jpg 1536w, https:\/\/hubertpietka.bialystok.pl\/wp-content\/uploads\/2025\/08\/1000020293.jpg 2040w\" sizes=\"auto, (max-width: 1024px) 100vw, 1024px\" \/><\/a><\/figure>\n<\/figure>\n\n\n\n<p><em>Na zdj. Jutro Maryi Kr\u00f3lowej<br>Nie przewidziano pod\u0142ug scenariusza szata\u0144skiego<br>Przed bandyck\u0105 ob\u0142ud\u0105 i im<br>W tym podobnym \u017cadnej obrony<br>Przecie\u017c mamy by\u0107 wch\u0142oni\u0119ci pogr\u0105\u017ceni<br>W od-m\u0119tach ob\u0142udy szata\u0144skiej bandyt\u00f3w<br>A ju\u017c tym bardziej<br>Si\u0119 nie podoba szatanowi<br>I jego s\u0142ugom wszelkim<br>Nazywanie odpowiednio ob\u0142udy wszelkich odruch\u00f3w<br>Tej najpodlejszej z narz\u0119dzi z\u0142a<br>Hipokryzji ca\u0142ej poprzez kt\u00f3r\u0105 mo\u017cna<br>Przecie\u017c wszelkie zbrodnie wobec nas<br>Nie przewidziano przecie\u017c w scenariuszu<br>\u0141ajdackim wszelkim przed ob\u0142ud\u0105 obrony<br>A tym bardziej nawet zdecydowanie<br>Jej wszelkich poryw\u00f3w ob\u0142udnych nazywania<br>Nominalnie pod\u0142ug warto\u015bci zwyk\u0142ych<br>Odr\u00f3\u017cniania prawdy od fa\u0142szu<br>I pod\u0142ug prawdy Bo\u017cej<br>To zawsze nie pasuje tym<br>Kt\u00f3rzy kieruj\u0105 si\u0119 k\u0142amstwami szata\u0144skimi<br>Ku zbrodniom<br>A jednak Maryjo zwyci\u0119\u017caj<br>W niej jako naczyniu przeczystym<br>Naj\u0142atwiej jest rozr\u00f3\u017cnia\u0107 przejawy ob\u0142udy<br>Babdyckiej wszelkiej i im podobnych<br>A hipokryzja jako z\u0142o najwi\u0119ksze<br>Prowadz\u0105ce do zbrodni wszelkich<br>Ma swe przejawy bardzo mnogie<br>Co najlepiej wida\u0107 poprzez Maryj\u0119<br>W Bogu prowad\u017a oczyszczaj obro\u0144<br>Przed t\u0105 wszelk\u0105 hipokryzj\u0105 bandyck\u0105<\/em><\/p>\n\n\n\n<p><strong><em><a href=\"https:\/\/youtu.be\/F1rdMs4H4u4\">Stanis\u0142aw Soyka &#8211; Czas nas uczy pogody<\/a><\/em><\/strong><\/p>\n\n\n\n<p class=\"has-text-align-right\"><strong><em><a href=\"https:\/\/youtu.be\/bScawOZGOMY\">Stanis\u0142aw Soyka &#8211; S\u0105 na tym \u015bwiecie rzeczy <\/a><\/em><\/strong><\/p>\n\n\n\n<p class=\"has-text-align-center\"><strong><em><a href=\"https:\/\/youtu.be\/6oCMnXiLyYU\">Stanis\u0142aw Soyka &#8211; Tolerancja <\/a><\/em><\/strong><\/p>\n","protected":false},"excerpt":{"rendered":"<p>1.Prawda jest taka\u017be jak ci jeden takiCzy drugi czy trzeciSamozwa\u0144czy gwiazdor napsuje krwiNa pocz\u0105tku grania czy potemTo grania ju\u017c nie maA czy\u017c to nie jestNa&hellip; <\/p>\n","protected":false},"author":1,"featured_media":0,"parent":0,"menu_order":0,"comment_status":"closed","ping_status":"closed","template":"","meta":{"footnotes":""},"class_list":["post-9588","page","type-page","status-publish","hentry"],"_links":{"self":[{"href":"https:\/\/hubertpietka.bialystok.pl\/index.php?rest_route=\/wp\/v2\/pages\/9588","targetHints":{"allow":["GET"]}}],"collection":[{"href":"https:\/\/hubertpietka.bialystok.pl\/index.php?rest_route=\/wp\/v2\/pages"}],"about":[{"href":"https:\/\/hubertpietka.bialystok.pl\/index.php?rest_route=\/wp\/v2\/types\/page"}],"author":[{"embeddable":true,"href":"https:\/\/hubertpietka.bialystok.pl\/index.php?rest_route=\/wp\/v2\/users\/1"}],"replies":[{"embeddable":true,"href":"https:\/\/hubertpietka.bialystok.pl\/index.php?rest_route=%2Fwp%2Fv2%2Fcomments&post=9588"}],"version-history":[{"count":1,"href":"https:\/\/hubertpietka.bialystok.pl\/index.php?rest_route=\/wp\/v2\/pages\/9588\/revisions"}],"predecessor-version":[{"id":9590,"href":"https:\/\/hubertpietka.bialystok.pl\/index.php?rest_route=\/wp\/v2\/pages\/9588\/revisions\/9590"}],"wp:attachment":[{"href":"https:\/\/hubertpietka.bialystok.pl\/index.php?rest_route=%2Fwp%2Fv2%2Fmedia&parent=9588"}],"curies":[{"name":"wp","href":"https:\/\/api.w.org\/{rel}","templated":true}]}}