{"id":9592,"date":"2025-08-22T13:30:40","date_gmt":"2025-08-22T13:30:40","guid":{"rendered":"https:\/\/hubertpietka.bialystok.pl\/?page_id=9592"},"modified":"2025-08-22T13:30:40","modified_gmt":"2025-08-22T13:30:40","slug":"do-drogiego-staszka-soyki-ojca-i-brata-list-w-zaswiaty","status":"publish","type":"page","link":"https:\/\/hubertpietka.bialystok.pl\/?page_id=9592","title":{"rendered":"Do drogiego Staszka Soyki &#8211; ojca i brata \/ list w za\u015bwiaty"},"content":{"rendered":"\n<p>Kochany Staszku przybiera\u0142em si\u0119 aby<br>Napisa\u0107 do ciebie<br>Jak s\u00f3jka za morze<br>Przyr\u00f3wnuj\u0105c to troch\u0119<br>Ale ju\u017c chyba mo\u017ce to<br>Osi\u0105gn\u0105\u0107 sw\u00f3j w\u0142a\u015bciwy wyraz<\/p>\n\n\n\n<p><strong><em><a href=\"https:\/\/youtu.be\/zSJRXBWX03s\">Into my arms &#8211; Stanis\u0142aw Soyka &amp; Nick Cave<\/a><\/em><\/strong><\/p>\n\n\n\n<p class=\"has-text-align-right\"><strong><em><a href=\"https:\/\/youtu.be\/4X6CHAkxkcw\">Stanis\u0142aw Soyka &#8211; Live is crazy <\/a><\/em><\/strong><\/p>\n\n\n\n<p>Dzi\u0119kuj\u0119 ci Staszku drogi<br>Za subtelne opisywanie mi\u0142o\u015bci<br>Poprzez kt\u00f3re mog\u0119 odnale\u017a\u0107 wyraz<br>Te\u017c sw\u00f3j tej do \u017cony<\/p>\n\n\n\n<p><strong><em><a href=\"https:\/\/youtu.be\/fDRtfmIDS-U\">Stanis\u0142aw Soyka &#8211; Niech ca\u0142uj\u0105 ci\u0119 moje oczy<\/a><\/em><\/strong><\/p>\n\n\n\n<p class=\"has-text-align-center\"><strong><em><a href=\"https:\/\/youtu.be\/afSA1KabqBA\">Stanis\u0142aw Soyka &#8211; Kiedy jeste\u015b taka bliska<\/a><\/em><\/strong><\/p>\n\n\n\n<p class=\"has-text-align-right\"><strong><em><a href=\"https:\/\/youtu.be\/Pz9eWKQm6so\">Stanis\u0142aw Soyka &#8211; Odk\u0105d jeste\u015b<\/a><\/em><\/strong><\/p>\n\n\n\n<p>Dzi\u0119kuj\u0119 ci Staszku drogi<br>Za afirmacj\u0119 \u017cycia i \u015bwiata<br>W pokorze i poszukiwanie te\u017c<br>Prawdy Bo\u017cej wobec eskalacji k\u0142amstw <\/p>\n\n\n\n<p>Tw\u00f3j fenomen jako artysty<br>Na tym polega\u0142 te\u017c chyba<br>\u017be potrafi\u0142e\u015b uj\u0105\u0107 s\u0142\u00f3w frazy<br>W rymy wsp\u00f3\u0142brzmi\u0105ce z pie\u015bni\u0105<br>\u017be jak ptak frazowa\u0142e\u015b jazzem<br>Sw\u00f3j \u017cycia poemat wdzi\u0119czny<br>Dla ucha dojrza\u0142ego s\u0142uchacza<br>W zgodzie z g\u0142\u0119bszymi tre\u015bciami<\/p>\n\n\n\n<p>I nieocenione walory twej tw\u00f3rczo\u015bci<br>Sprawi\u0142y te\u017c \u017ce spotka\u0142y si\u0119<br>W pewnym momencie mego \u017cycia<br>Nasze drogi i mog\u0142em rozpozna\u0107<br>W tobie jednego z moich<br>Bardzo cennych ojc\u00f3w nauczycieli \u017cycia<br>Wra\u017cliwo\u015bci subtelno\u015bci wolnej my\u015bli<br>W przekazie warto\u015bci uniwersalnych wy\u017cszych<\/p>\n\n\n\n<p><strong><em><a href=\"https:\/\/youtu.be\/K62DctmQ0pQ\">Stanis\u0142aw Soyka &#8211; Nie ma drugiej takiej<\/a><\/em><\/strong><\/p>\n\n\n\n<p class=\"has-text-align-right\"><strong><em><a href=\"https:\/\/youtu.be\/NIVMt66ZIqs\">Stanis\u0142aw Soyka &#8211; \u017bycie to kr\u00f3tki sen<\/a><\/em><\/strong><\/p>\n\n\n\n<figure class=\"wp-block-gallery has-nested-images columns-default is-cropped wp-block-gallery-1 is-layout-flex wp-block-gallery-is-layout-flex\">\n<figure class=\"wp-block-image size-large\"><a href=\"https:\/\/hubertpietka.bialystok.pl\/wp-content\/uploads\/2025\/08\/1000020325.jpg\"><img loading=\"lazy\" decoding=\"async\" width=\"771\" height=\"1024\" data-id=\"9593\" src=\"https:\/\/hubertpietka.bialystok.pl\/wp-content\/uploads\/2025\/08\/1000020325-771x1024.jpg\" alt=\"\" class=\"wp-image-9593\" srcset=\"https:\/\/hubertpietka.bialystok.pl\/wp-content\/uploads\/2025\/08\/1000020325-771x1024.jpg 771w, https:\/\/hubertpietka.bialystok.pl\/wp-content\/uploads\/2025\/08\/1000020325-226x300.jpg 226w, https:\/\/hubertpietka.bialystok.pl\/wp-content\/uploads\/2025\/08\/1000020325-768x1020.jpg 768w, https:\/\/hubertpietka.bialystok.pl\/wp-content\/uploads\/2025\/08\/1000020325.jpg 851w\" sizes=\"auto, (max-width: 771px) 100vw, 771px\" \/><\/a><\/figure>\n<\/figure>\n\n\n\n<p><em>Na zdj. Wsp\u00f3lnota chrze\u015bcijan si\u0119 przejawia<br>We wsp\u00f3lnym wyznawaniu warto\u015bci Bo\u017cych<br>I nimi si\u0119 kierowaniu wsz\u0119dzie<br>I chocia\u017c odesz\u0142e\u015b w wieku<br>Dojrza\u0142ej tw\u00f3rczo\u015bci co nape\u0142nia mnie<br>Du\u017cym smutkiem ze wskazaniem niestety<br>Na bestialstwa jakie\u015b tego bandyctwa<br>To dzi\u0119kuj\u0119 ci tu<br>Za wszystko za twoj\u0105 tw\u00f3rczo\u015b\u0107<br>I za to \u017ce pokazywa\u0142a\u015b<br>Jak mo\u017cna by\u0107 ciep\u0142ym cz\u0142owiekiem<br>Dla innych bratem i ojcem<br>Staszku kochany po\u0142\u0105czony ju\u017c wiecznie<br>Z pie\u015bni\u0105 niebieskich ptak\u00f3w<br>Na niwie Bo\u017cej<br>Mocno w to wierz\u0119<br>Bo \u015bwiadectwo twego \u017cycia<br>Przemawia do mnie niepomiernie<br>Cho\u0107 zapewne jak w ka\u017cdym<br>Ludzkim \u017cyciu by\u0142y w nim<br>Blaski i cienie<br>Kt\u00f3re jednak hymn twojej tw\u00f3rczo\u015bci<br>Prostuje i przejawia to wszystko<br>Ku radosnej wieczno\u015bci w jasno\u015bci<br>A twoja nieoceniona tw\u00f3rczo\u015b\u0107<br>Mo\u017ce by\u0107 te\u017c autorytetem<br>W muzyce pod\u0142ug nieba tworzonej<br>W s\u0142owie melodii w wyrazie<\/em><\/p>\n\n\n\n<p><strong><em><a href=\"https:\/\/youtu.be\/eaXwRNIh_zk\">Stanis\u0142aw Soyka &#8211; Omnia nuda et aperta <\/a><\/em><\/strong><\/p>\n\n\n\n<p class=\"has-text-align-right\"><strong><em><a href=\"https:\/\/youtu.be\/IbRUEyFmnWc\">Stanis\u0142aw Soyka z bra\u0107mi Leszkiem i Ryszardem &#8211; Ballada o \u015bl\u0105skiej ziemi <\/a><\/em><\/strong><\/p>\n","protected":false},"excerpt":{"rendered":"<p>Kochany Staszku przybiera\u0142em si\u0119 abyNapisa\u0107 do ciebieJak s\u00f3jka za morzePrzyr\u00f3wnuj\u0105c to troch\u0119Ale ju\u017c chyba mo\u017ce toOsi\u0105gn\u0105\u0107 sw\u00f3j w\u0142a\u015bciwy wyraz Into my arms &#8211; Stanis\u0142aw Soyka&hellip; <\/p>\n","protected":false},"author":1,"featured_media":0,"parent":0,"menu_order":0,"comment_status":"closed","ping_status":"closed","template":"","meta":{"footnotes":""},"class_list":["post-9592","page","type-page","status-publish","hentry"],"_links":{"self":[{"href":"https:\/\/hubertpietka.bialystok.pl\/index.php?rest_route=\/wp\/v2\/pages\/9592","targetHints":{"allow":["GET"]}}],"collection":[{"href":"https:\/\/hubertpietka.bialystok.pl\/index.php?rest_route=\/wp\/v2\/pages"}],"about":[{"href":"https:\/\/hubertpietka.bialystok.pl\/index.php?rest_route=\/wp\/v2\/types\/page"}],"author":[{"embeddable":true,"href":"https:\/\/hubertpietka.bialystok.pl\/index.php?rest_route=\/wp\/v2\/users\/1"}],"replies":[{"embeddable":true,"href":"https:\/\/hubertpietka.bialystok.pl\/index.php?rest_route=%2Fwp%2Fv2%2Fcomments&post=9592"}],"version-history":[{"count":1,"href":"https:\/\/hubertpietka.bialystok.pl\/index.php?rest_route=\/wp\/v2\/pages\/9592\/revisions"}],"predecessor-version":[{"id":9594,"href":"https:\/\/hubertpietka.bialystok.pl\/index.php?rest_route=\/wp\/v2\/pages\/9592\/revisions\/9594"}],"wp:attachment":[{"href":"https:\/\/hubertpietka.bialystok.pl\/index.php?rest_route=%2Fwp%2Fv2%2Fmedia&parent=9592"}],"curies":[{"name":"wp","href":"https:\/\/api.w.org\/{rel}","templated":true}]}}